 {"id":314,"date":"2026-04-15T14:27:13","date_gmt":"2026-04-15T12:27:13","guid":{"rendered":"https:\/\/blogs.univ-tlse2.fr\/lvhb\/?page_id=314"},"modified":"2026-04-16T16:12:37","modified_gmt":"2026-04-16T14:12:37","slug":"vistonitze","status":"publish","type":"page","link":"https:\/\/blogs.univ-tlse2.fr\/lvhb\/vistonitze\/","title":{"rendered":"Vistonitz\u00e9"},"content":{"rendered":"\n<div class=\"wp-block-cover alignfull has-parallax\"><div class=\"wp-block-cover__image-background wp-image-315 size-large has-parallax\" style=\"background-position:50% 50%;background-image:url(https:\/\/blogs.univ-tlse2.fr\/lvhb\/files\/2026\/02\/VISTONITE_001-1024x739.jpg)\"><\/div><span aria-hidden=\"true\" class=\"wp-block-cover__background has-background-dim\" style=\"background-color:#797b76\"><\/span><div class=\"wp-block-cover__inner-container is-layout-constrained wp-block-cover-is-layout-constrained\">\n<p class=\"has-text-align-center has-large-font-size\"><\/p>\n\n\n\n<div class=\"wp-block-buttons is-content-justification-center is-layout-flex wp-container-core-buttons-is-layout-16018d1d wp-block-buttons-is-layout-flex\">\n<div class=\"wp-block-button\"><a class=\"wp-block-button__link wp-element-button\" href=\"https:\/\/blogs.univ-tlse2.fr\/lvhb\/\">Accueil<\/a><\/div>\n\n\n\n<div class=\"wp-block-button\"><a class=\"wp-block-button__link wp-element-button\" href=\"https:\/\/blogs.univ-tlse2.fr\/lvhb\/brno\/\">Brno<\/a><\/div>\n\n\n\n<div class=\"wp-block-button\"><a class=\"wp-block-button__link wp-element-button\" href=\"https:\/\/blogs.univ-tlse2.fr\/lvhb\/prague\/\">Prague<\/a><\/div>\n\n\n\n<div class=\"wp-block-button\"><a class=\"wp-block-button__link wp-element-button\" href=\"https:\/\/blogs.univ-tlse2.fr\/lvhb\/vistonitze\/\">Vistonitz\u00e9<\/a><\/div>\n<\/div>\n<\/div><\/div>\n\n\n\n<div style=\"height:100px\" aria-hidden=\"true\" class=\"wp-block-spacer\"><\/div>\n\n\n\n<div class=\"wp-block-media-text alignwide is-stacked-on-mobile\"><figure class=\"wp-block-media-text__media\"><img loading=\"lazy\" decoding=\"async\" width=\"1024\" height=\"675\" src=\"https:\/\/blogs.univ-tlse2.fr\/lvhb\/files\/2026\/02\/VISTONITZE_03bis-1024x675.jpg\" alt=\"\" class=\"wp-image-317 size-full\" srcset=\"https:\/\/blogs.univ-tlse2.fr\/lvhb\/files\/2026\/02\/VISTONITZE_03bis-1024x675.jpg 1024w, https:\/\/blogs.univ-tlse2.fr\/lvhb\/files\/2026\/02\/VISTONITZE_03bis-300x198.jpg 300w, https:\/\/blogs.univ-tlse2.fr\/lvhb\/files\/2026\/02\/VISTONITZE_03bis-768x506.jpg 768w, https:\/\/blogs.univ-tlse2.fr\/lvhb\/files\/2026\/02\/VISTONITZE_03bis-1536x1013.jpg 1536w, https:\/\/blogs.univ-tlse2.fr\/lvhb\/files\/2026\/02\/VISTONITZE_03bis-2048x1350.jpg 2048w, https:\/\/blogs.univ-tlse2.fr\/lvhb\/files\/2026\/02\/VISTONITZE_03bis-1568x1034.jpg 1568w\" sizes=\"auto, (max-width: 1024px) 100vw, 1024px\" \/><\/figure><div class=\"wp-block-media-text__content\">\n<p>A l&rsquo;occasion du Congr\u00e8s international d&rsquo;anthropologie et d&rsquo;arch\u00e9ologie pr\u00e9historique de 1924, organis\u00e9 \u00e0 Prague et \u00e0 Brno, Henri B\u00e9gou\u00ebn est invit\u00e9 \u00e0 se rendre sur diff\u00e9rents sites arch\u00e9ologiques dans la r\u00e9gion. C&rsquo;est ainsi qu&rsquo;il d\u00e9couvre le gisement de Predmost, et surtout celui de Vistonitz\u00e9.&nbsp;<br><\/p>\n<\/div><\/div>\n\n\n\n<div style=\"height:57px\" aria-hidden=\"true\" class=\"wp-block-spacer\"><\/div>\n\n\n\n<figure class=\"wp-block-pullquote\"><blockquote><p>Avec Capitan et Pittard nous m\u00eemes \u00e0 jour un bassin de Mammouth, sans nous douter que nous venions de donner le premier coup de pioche dans un extraordinaire ossuaire o\u00f9 les Mammouths par milliers avaient laiss\u00e9 leurs ossements.<\/p><cite>B\u00e9gou\u00ebn Henri, 1937, <em>Impressions de voyage en Tch\u00e9coslovaquie 1879 &#8211; 1932<\/em>, Toulouse, Imprimerie du Sud-Ouest, p.19.<br><\/cite><\/blockquote><\/figure>\n\n\n\n<div style=\"height:91px\" aria-hidden=\"true\" class=\"wp-block-spacer\"><\/div>\n\n\n<div class=\"wp-block-image is-style-rounded\">\n<figure class=\"aligncenter size-large\"><img loading=\"lazy\" decoding=\"async\" width=\"1024\" height=\"684\" src=\"https:\/\/blogs.univ-tlse2.fr\/lvhb\/files\/2026\/02\/VISTONITZE_02-1024x684.jpg\" alt=\"\" class=\"wp-image-316\" srcset=\"https:\/\/blogs.univ-tlse2.fr\/lvhb\/files\/2026\/02\/VISTONITZE_02-1024x684.jpg 1024w, https:\/\/blogs.univ-tlse2.fr\/lvhb\/files\/2026\/02\/VISTONITZE_02-300x200.jpg 300w, https:\/\/blogs.univ-tlse2.fr\/lvhb\/files\/2026\/02\/VISTONITZE_02-768x513.jpg 768w, https:\/\/blogs.univ-tlse2.fr\/lvhb\/files\/2026\/02\/VISTONITZE_02-1536x1027.jpg 1536w, https:\/\/blogs.univ-tlse2.fr\/lvhb\/files\/2026\/02\/VISTONITZE_02-2048x1369.jpg 2048w, https:\/\/blogs.univ-tlse2.fr\/lvhb\/files\/2026\/02\/VISTONITZE_02-1568x1048.jpg 1568w\" sizes=\"auto, (max-width: 1024px) 100vw, 1024px\" \/><figcaption class=\"wp-element-caption\">Au premier plan, zone du gisement de Vistonitz\u00e9, Tch\u00e9coslovaquie<\/figcaption><\/figure>\n<\/div>\n\n\n<div style=\"height:71px\" aria-hidden=\"true\" class=\"wp-block-spacer\"><\/div>\n\n\n<p><span style=\"font-weight: 400\">En effet, sa visite du site, document\u00e9e par diff\u00e9rentes photographies, lui fait forte impression. C&rsquo;est cette d\u00e9couverte qui motive ses prochaines visites car il prend soin par la suite de se tenir inform\u00e9 des progr\u00e8s men\u00e9s sur place, afin de les pr\u00e9senter en France. <\/span><\/p>\n\n\n<div style=\"height:49px\" aria-hidden=\"true\" class=\"wp-block-spacer\"><\/div>\n\n\n\n<div data-wp-context=\"{ &quot;autoclose&quot;: true, &quot;accordionItems&quot;: [] }\" data-wp-interactive=\"core\/accordion\" role=\"group\" class=\"wp-block-accordion alignwide is-layout-flow wp-block-accordion-is-layout-flow\">\n<div data-wp-class--is-open=\"state.isOpen\" data-wp-context=\"{ &quot;id&quot;: &quot;accordion-item-1&quot;, &quot;openByDefault&quot;: false }\" data-wp-init=\"callbacks.initAccordionItems\" data-wp-on-window--hashchange=\"callbacks.hashChange\" class=\"wp-block-accordion-item is-layout-flow wp-block-accordion-item-is-layout-flow\">\n<h4 class=\"wp-block-accordion-heading\"><button aria-expanded=\"false\" aria-controls=\"accordion-item-1-panel\" data-wp-bind--aria-expanded=\"state.isOpen\" data-wp-on--click=\"actions.toggle\" data-wp-on--keydown=\"actions.handleKeyDown\" id=\"accordion-item-1\" type=\"button\" class=\"wp-block-accordion-heading__toggle\"><span class=\"wp-block-accordion-heading__toggle-icon\" aria-hidden=\"true\">+<\/span><span class=\"wp-block-accordion-heading__toggle-title\">Sources<\/span><\/button><\/h4>\n\n\n\n<div inert aria-labelledby=\"accordion-item-1\" data-wp-bind--inert=\"!state.isOpen\" id=\"accordion-item-1-panel\" role=\"region\" class=\"wp-block-accordion-panel is-layout-flow wp-block-accordion-panel-is-layout-flow\">\n<ul class=\"wp-block-list\">\n<li>B\u00e9gou\u00ebn Henri, 1937, <em>Impressions de voyage en Tch\u00e9coslovaquie 1879 &#8211; 1932<\/em>, Toulouse, Imprimerie du Sud-Ouest.<\/li>\n<\/ul>\n<\/div>\n<\/div>\n<\/div>\n","protected":false},"excerpt":{"rendered":"<p>A l&rsquo;occasion du Congr\u00e8s international d&rsquo;anthropologie et d&rsquo;arch\u00e9ologie pr\u00e9historique de 1924, organis\u00e9 \u00e0 Prague et \u00e0 Brno, Henri B\u00e9gou\u00ebn est invit\u00e9 \u00e0 se rendre sur diff\u00e9rents sites arch\u00e9ologiques dans la r\u00e9gion. C&rsquo;est ainsi qu&rsquo;il d\u00e9couvre le gisement de Predmost, et surtout celui de Vistonitz\u00e9.&nbsp; Avec Capitan et Pittard nous m\u00eemes \u00e0 jour un bassin de&hellip; <a class=\"more-link\" href=\"https:\/\/blogs.univ-tlse2.fr\/lvhb\/vistonitze\/\">Poursuivre la lecture <span class=\"screen-reader-text\">Vistonitz\u00e9<\/span><\/a><\/p>\n","protected":false},"author":1522,"featured_media":0,"parent":0,"menu_order":2,"comment_status":"closed","ping_status":"closed","template":"","meta":{"footnotes":""},"class_list":["post-314","page","type-page","status-publish","hentry","entry"],"_links":{"self":[{"href":"https:\/\/blogs.univ-tlse2.fr\/lvhb\/wp-json\/wp\/v2\/pages\/314","targetHints":{"allow":["GET"]}}],"collection":[{"href":"https:\/\/blogs.univ-tlse2.fr\/lvhb\/wp-json\/wp\/v2\/pages"}],"about":[{"href":"https:\/\/blogs.univ-tlse2.fr\/lvhb\/wp-json\/wp\/v2\/types\/page"}],"author":[{"embeddable":true,"href":"https:\/\/blogs.univ-tlse2.fr\/lvhb\/wp-json\/wp\/v2\/users\/1522"}],"replies":[{"embeddable":true,"href":"https:\/\/blogs.univ-tlse2.fr\/lvhb\/wp-json\/wp\/v2\/comments?post=314"}],"version-history":[{"count":16,"href":"https:\/\/blogs.univ-tlse2.fr\/lvhb\/wp-json\/wp\/v2\/pages\/314\/revisions"}],"predecessor-version":[{"id":759,"href":"https:\/\/blogs.univ-tlse2.fr\/lvhb\/wp-json\/wp\/v2\/pages\/314\/revisions\/759"}],"wp:attachment":[{"href":"https:\/\/blogs.univ-tlse2.fr\/lvhb\/wp-json\/wp\/v2\/media?parent=314"}],"curies":[{"name":"wp","href":"https:\/\/api.w.org\/{rel}","templated":true}]}}