 {"id":464,"date":"2026-04-15T14:26:51","date_gmt":"2026-04-15T12:26:51","guid":{"rendered":"https:\/\/blogs.univ-tlse2.fr\/lvhb\/?page_id=464"},"modified":"2026-04-16T17:42:51","modified_gmt":"2026-04-16T15:42:51","slug":"tallin","status":"publish","type":"page","link":"https:\/\/blogs.univ-tlse2.fr\/lvhb\/tallin\/","title":{"rendered":"Tallin"},"content":{"rendered":"\n<div class=\"wp-block-cover alignfull has-parallax\"><div class=\"wp-block-cover__image-background wp-image-465 size-large has-parallax\" style=\"background-position:50% 50%;background-image:url(https:\/\/blogs.univ-tlse2.fr\/lvhb\/files\/2026\/03\/TALLIN_10-1024x580.jpg)\"><\/div><span aria-hidden=\"true\" class=\"wp-block-cover__background has-background-dim-0 has-background-dim\" style=\"background-color:#656565\"><\/span><div class=\"wp-block-cover__inner-container is-layout-constrained wp-block-cover-is-layout-constrained\">\n<div class=\"wp-block-buttons is-content-justification-center is-layout-flex wp-container-core-buttons-is-layout-16018d1d wp-block-buttons-is-layout-flex\">\n<div class=\"wp-block-button\"><a class=\"wp-block-button__link wp-element-button\" href=\"https:\/\/blogs.univ-tlse2.fr\/lvhb\/\">Accueil<\/a><\/div>\n\n\n\n<div class=\"wp-block-button\"><a class=\"wp-block-button__link wp-element-button\" href=\"https:\/\/blogs.univ-tlse2.fr\/lvhb\/mer-baltique\/\">Mer Baltique<\/a><\/div>\n\n\n\n<div class=\"wp-block-button\"><a class=\"wp-block-button__link wp-element-button\" href=\"https:\/\/blogs.univ-tlse2.fr\/lvhb\/estonie\/\">Estonie<\/a><\/div>\n\n\n\n<div class=\"wp-block-button\"><a class=\"wp-block-button__link wp-element-button\" href=\"https:\/\/blogs.univ-tlse2.fr\/lvhb\/finlande\/\">Finlande<\/a><\/div>\n\n\n\n<div class=\"wp-block-button\"><a class=\"wp-block-button__link wp-element-button\" href=\"https:\/\/blogs.univ-tlse2.fr\/lvhb\/lettonie\/\">Lettonie<\/a><\/div>\n\n\n\n<div class=\"wp-block-button\"><a class=\"wp-block-button__link wp-element-button\" href=\"https:\/\/blogs.univ-tlse2.fr\/lvhb\/lituanie\/\">Lituanie<\/a><\/div>\n<\/div>\n\n\n\n<div class=\"wp-block-buttons is-horizontal is-content-justification-center is-layout-flex wp-container-core-buttons-is-layout-499968f5 wp-block-buttons-is-layout-flex\">\n<div class=\"wp-block-button\"><a class=\"wp-block-button__link wp-element-button\" href=\"https:\/\/blogs.univ-tlse2.fr\/lvhb\/tallin\/\">Tallin<\/a><\/div>\n\n\n\n<div class=\"wp-block-button\"><a class=\"wp-block-button__link wp-element-button\" href=\"https:\/\/blogs.univ-tlse2.fr\/lvhb\/tartu\/\">Tartu<\/a><\/div>\n<\/div>\n<\/div><\/div>\n\n\n\n<div style=\"height:142px\" aria-hidden=\"true\" class=\"wp-block-spacer\"><\/div>\n\n\n\n<div class=\"wp-block-columns alignwide is-layout-flex wp-container-core-columns-is-layout-9d6595d7 wp-block-columns-is-layout-flex\">\n<div class=\"wp-block-column is-layout-flow wp-block-column-is-layout-flow\">\n<div style=\"height:206px\" aria-hidden=\"true\" class=\"wp-block-spacer\"><\/div>\n\n\n\n<p>Au cours de son s\u00e9jour, Henri B\u00e9gou\u00ebn recueille des photographies, ainsi que des croquis de la ville.<\/p>\n\n\n\n<div style=\"height:32px\" aria-hidden=\"true\" class=\"wp-block-spacer\"><\/div>\n\n\n\n<div style=\"height:0px\" aria-hidden=\"true\" class=\"wp-block-spacer\"><\/div>\n\n\n\n<figure class=\"wp-block-image size-large is-style-default\"><img loading=\"lazy\" decoding=\"async\" width=\"1024\" height=\"630\" src=\"https:\/\/blogs.univ-tlse2.fr\/lvhb\/files\/2026\/04\/TALLIN_07-1-1024x630.jpg\" alt=\"\" class=\"wp-image-569\" style=\"aspect-ratio:1.625481531837752\" srcset=\"https:\/\/blogs.univ-tlse2.fr\/lvhb\/files\/2026\/04\/TALLIN_07-1-1024x630.jpg 1024w, https:\/\/blogs.univ-tlse2.fr\/lvhb\/files\/2026\/04\/TALLIN_07-1-300x185.jpg 300w, https:\/\/blogs.univ-tlse2.fr\/lvhb\/files\/2026\/04\/TALLIN_07-1-768x472.jpg 768w, https:\/\/blogs.univ-tlse2.fr\/lvhb\/files\/2026\/04\/TALLIN_07-1-1536x945.jpg 1536w, https:\/\/blogs.univ-tlse2.fr\/lvhb\/files\/2026\/04\/TALLIN_07-1-1568x964.jpg 1568w, https:\/\/blogs.univ-tlse2.fr\/lvhb\/files\/2026\/04\/TALLIN_07-1.jpg 1959w\" sizes=\"auto, (max-width: 1024px) 100vw, 1024px\" \/><figcaption class=\"wp-element-caption\">La ville haute (Tallin, Estonie)<\/figcaption><\/figure>\n\n\n\n<div style=\"height:14px\" aria-hidden=\"true\" class=\"wp-block-spacer\"><\/div>\n\n\n\n<figure class=\"wp-block-image size-large is-resized\"><img loading=\"lazy\" decoding=\"async\" width=\"1024\" height=\"608\" src=\"https:\/\/blogs.univ-tlse2.fr\/lvhb\/files\/2026\/04\/TALLIN_11-1024x608.jpg\" alt=\"\" class=\"wp-image-570\" style=\"aspect-ratio:1.684256867809345;width:184px;height:auto\" srcset=\"https:\/\/blogs.univ-tlse2.fr\/lvhb\/files\/2026\/04\/TALLIN_11-1024x608.jpg 1024w, https:\/\/blogs.univ-tlse2.fr\/lvhb\/files\/2026\/04\/TALLIN_11-300x178.jpg 300w, https:\/\/blogs.univ-tlse2.fr\/lvhb\/files\/2026\/04\/TALLIN_11-768x456.jpg 768w, https:\/\/blogs.univ-tlse2.fr\/lvhb\/files\/2026\/04\/TALLIN_11-1536x912.jpg 1536w, https:\/\/blogs.univ-tlse2.fr\/lvhb\/files\/2026\/04\/TALLIN_11-1568x931.jpg 1568w, https:\/\/blogs.univ-tlse2.fr\/lvhb\/files\/2026\/04\/TALLIN_11.jpg 1992w\" sizes=\"auto, (max-width: 1024px) 100vw, 1024px\" \/><figcaption class=\"wp-element-caption\">Vue g\u00e9n\u00e9rale (Tallin, Estonie)<\/figcaption><\/figure>\n\n\n\n<div style=\"height:33px\" aria-hidden=\"true\" class=\"wp-block-spacer\"><\/div>\n\n\n\n<figure class=\"wp-block-image size-large is-resized is-style-twentytwentyone-image-frame\"><img loading=\"lazy\" decoding=\"async\" width=\"1024\" height=\"630\" src=\"https:\/\/blogs.univ-tlse2.fr\/lvhb\/files\/2026\/04\/TALLIN_04-1024x630.jpg\" alt=\"\" class=\"wp-image-564\" style=\"aspect-ratio:1.625481531837752;width:349px;height:auto\" srcset=\"https:\/\/blogs.univ-tlse2.fr\/lvhb\/files\/2026\/04\/TALLIN_04-1024x630.jpg 1024w, https:\/\/blogs.univ-tlse2.fr\/lvhb\/files\/2026\/04\/TALLIN_04-300x185.jpg 300w, https:\/\/blogs.univ-tlse2.fr\/lvhb\/files\/2026\/04\/TALLIN_04-768x473.jpg 768w, https:\/\/blogs.univ-tlse2.fr\/lvhb\/files\/2026\/04\/TALLIN_04-1536x946.jpg 1536w, https:\/\/blogs.univ-tlse2.fr\/lvhb\/files\/2026\/04\/TALLIN_04-1568x965.jpg 1568w, https:\/\/blogs.univ-tlse2.fr\/lvhb\/files\/2026\/04\/TALLIN_04.jpg 2024w\" sizes=\"auto, (max-width: 1024px) 100vw, 1024px\" \/><figcaption class=\"wp-element-caption\">Croquis de la Place du Vieux march\u00e9, Tallin (Estonie)<\/figcaption><\/figure>\n\n\n\n<div style=\"height:100px\" aria-hidden=\"true\" class=\"wp-block-spacer\"><\/div>\n<\/div>\n\n\n\n<div class=\"wp-block-column is-layout-flow wp-block-column-is-layout-flow\">\n<div style=\"height:8px\" aria-hidden=\"true\" class=\"wp-block-spacer\"><\/div>\n\n\n\n<div class=\"wp-block-group is-nowrap is-layout-flex wp-container-core-group-is-layout-ad2f72ca wp-block-group-is-layout-flex\"><div class=\"wp-block-image\">\n<figure class=\"aligncenter size-large\"><img loading=\"lazy\" decoding=\"async\" width=\"1024\" height=\"637\" src=\"https:\/\/blogs.univ-tlse2.fr\/lvhb\/files\/2026\/04\/TALLIN_01-1024x637.jpg\" alt=\"\" class=\"wp-image-565\" srcset=\"https:\/\/blogs.univ-tlse2.fr\/lvhb\/files\/2026\/04\/TALLIN_01-1024x637.jpg 1024w, https:\/\/blogs.univ-tlse2.fr\/lvhb\/files\/2026\/04\/TALLIN_01-300x187.jpg 300w, https:\/\/blogs.univ-tlse2.fr\/lvhb\/files\/2026\/04\/TALLIN_01-768x478.jpg 768w, https:\/\/blogs.univ-tlse2.fr\/lvhb\/files\/2026\/04\/TALLIN_01-1536x956.jpg 1536w, https:\/\/blogs.univ-tlse2.fr\/lvhb\/files\/2026\/04\/TALLIN_01-1568x976.jpg 1568w, https:\/\/blogs.univ-tlse2.fr\/lvhb\/files\/2026\/04\/TALLIN_01.jpg 2004w\" sizes=\"auto, (max-width: 1024px) 100vw, 1024px\" \/><figcaption class=\"wp-element-caption\">Tallin, Ville haute (Estonie)<\/figcaption><\/figure>\n<\/div><\/div>\n\n\n\n<div style=\"height:26px\" aria-hidden=\"true\" class=\"wp-block-spacer\"><\/div>\n\n\n\n<div style=\"height:0px\" aria-hidden=\"true\" class=\"wp-block-spacer\"><\/div>\n\n\n\n<figure class=\"wp-block-image size-large\"><img loading=\"lazy\" decoding=\"async\" width=\"1024\" height=\"572\" src=\"https:\/\/blogs.univ-tlse2.fr\/lvhb\/files\/2026\/04\/TALLIN_03-1024x572.jpg\" alt=\"\" class=\"wp-image-573\" srcset=\"https:\/\/blogs.univ-tlse2.fr\/lvhb\/files\/2026\/04\/TALLIN_03-1024x572.jpg 1024w, https:\/\/blogs.univ-tlse2.fr\/lvhb\/files\/2026\/04\/TALLIN_03-300x168.jpg 300w, https:\/\/blogs.univ-tlse2.fr\/lvhb\/files\/2026\/04\/TALLIN_03-768x429.jpg 768w, https:\/\/blogs.univ-tlse2.fr\/lvhb\/files\/2026\/04\/TALLIN_03-1536x858.jpg 1536w, https:\/\/blogs.univ-tlse2.fr\/lvhb\/files\/2026\/04\/TALLIN_03-2048x1144.jpg 2048w, https:\/\/blogs.univ-tlse2.fr\/lvhb\/files\/2026\/04\/TALLIN_03-1568x876.jpg 1568w\" sizes=\"auto, (max-width: 1024px) 100vw, 1024px\" \/><figcaption class=\"wp-element-caption\">Vieux remparts et rues derri\u00e8re les vieux remparts (Tallin, Estonie)<\/figcaption><\/figure>\n\n\n\n<div style=\"height:8px\" aria-hidden=\"true\" class=\"wp-block-spacer\"><\/div>\n\n\n\n<div style=\"height:0px\" aria-hidden=\"true\" class=\"wp-block-spacer\"><\/div>\n\n\n\n<figure class=\"wp-block-image size-large\"><img loading=\"lazy\" decoding=\"async\" width=\"1024\" height=\"541\" src=\"https:\/\/blogs.univ-tlse2.fr\/lvhb\/files\/2026\/04\/TALLIN_06-1024x541.jpg\" alt=\"\" class=\"wp-image-572\" style=\"aspect-ratio:1.8928688793953337\" srcset=\"https:\/\/blogs.univ-tlse2.fr\/lvhb\/files\/2026\/04\/TALLIN_06-1024x541.jpg 1024w, https:\/\/blogs.univ-tlse2.fr\/lvhb\/files\/2026\/04\/TALLIN_06-300x159.jpg 300w, https:\/\/blogs.univ-tlse2.fr\/lvhb\/files\/2026\/04\/TALLIN_06-768x406.jpg 768w, https:\/\/blogs.univ-tlse2.fr\/lvhb\/files\/2026\/04\/TALLIN_06-1536x812.jpg 1536w, https:\/\/blogs.univ-tlse2.fr\/lvhb\/files\/2026\/04\/TALLIN_06-1568x829.jpg 1568w, https:\/\/blogs.univ-tlse2.fr\/lvhb\/files\/2026\/04\/TALLIN_06.jpg 1927w\" sizes=\"auto, (max-width: 1024px) 100vw, 1024px\" \/><figcaption class=\"wp-element-caption\">F\u00eate de gymnastique \u00e0 Tallin (Estonie)<\/figcaption><\/figure>\n\n\n\n<div style=\"height:2px\" aria-hidden=\"true\" class=\"wp-block-spacer\"><\/div>\n\n\n\n<figure class=\"wp-block-image size-large is-resized is-style-default\"><img loading=\"lazy\" decoding=\"async\" width=\"1024\" height=\"667\" src=\"https:\/\/blogs.univ-tlse2.fr\/lvhb\/files\/2026\/04\/TALLIN_12-1024x667.jpg\" alt=\"\" class=\"wp-image-571\" style=\"aspect-ratio:1.5352958194705628;width:235px;height:auto\" srcset=\"https:\/\/blogs.univ-tlse2.fr\/lvhb\/files\/2026\/04\/TALLIN_12-1024x667.jpg 1024w, https:\/\/blogs.univ-tlse2.fr\/lvhb\/files\/2026\/04\/TALLIN_12-300x196.jpg 300w, https:\/\/blogs.univ-tlse2.fr\/lvhb\/files\/2026\/04\/TALLIN_12-768x501.jpg 768w, https:\/\/blogs.univ-tlse2.fr\/lvhb\/files\/2026\/04\/TALLIN_12-1536x1001.jpg 1536w, https:\/\/blogs.univ-tlse2.fr\/lvhb\/files\/2026\/04\/TALLIN_12-2048x1335.jpg 2048w, https:\/\/blogs.univ-tlse2.fr\/lvhb\/files\/2026\/04\/TALLIN_12-1568x1022.jpg 1568w\" sizes=\"auto, (max-width: 1024px) 100vw, 1024px\" \/><figcaption class=\"wp-element-caption\">Vue g\u00e9n\u00e9rale (Tallin, Estonie)<\/figcaption><\/figure>\n<\/div>\n\n\n\n<div class=\"wp-block-column is-layout-flow wp-block-column-is-layout-flow\">\n<div style=\"height:0px\" aria-hidden=\"true\" class=\"wp-block-spacer\"><\/div>\n\n\n\n<figure class=\"wp-block-image size-large is-resized is-style-twentytwentyone-image-frame\"><img loading=\"lazy\" decoding=\"async\" width=\"720\" height=\"1024\" src=\"https:\/\/blogs.univ-tlse2.fr\/lvhb\/files\/2026\/04\/TALLIN_02-720x1024.jpg\" alt=\"\" class=\"wp-image-563\" style=\"aspect-ratio:0.7031219368751225;width:262px;height:auto\" srcset=\"https:\/\/blogs.univ-tlse2.fr\/lvhb\/files\/2026\/04\/TALLIN_02-720x1024.jpg 720w, https:\/\/blogs.univ-tlse2.fr\/lvhb\/files\/2026\/04\/TALLIN_02-211x300.jpg 211w, https:\/\/blogs.univ-tlse2.fr\/lvhb\/files\/2026\/04\/TALLIN_02-768x1092.jpg 768w, https:\/\/blogs.univ-tlse2.fr\/lvhb\/files\/2026\/04\/TALLIN_02-1081x1536.jpg 1081w, https:\/\/blogs.univ-tlse2.fr\/lvhb\/files\/2026\/04\/TALLIN_02.jpg 1217w\" sizes=\"auto, (max-width: 720px) 100vw, 720px\" \/><figcaption class=\"wp-element-caption\">Croquis de l&rsquo;H\u00f4tel de ville, Tallin (Estonie)<\/figcaption><\/figure>\n\n\n\n<div style=\"height:30px\" aria-hidden=\"true\" class=\"wp-block-spacer\"><\/div>\n\n\n\n<figure class=\"wp-block-image size-large is-resized is-style-rounded\"><img loading=\"lazy\" decoding=\"async\" width=\"751\" height=\"1024\" src=\"https:\/\/blogs.univ-tlse2.fr\/lvhb\/files\/2026\/04\/TALLIN_13-751x1024.jpg\" alt=\"\" class=\"wp-image-567\" style=\"aspect-ratio:0.7333861568346794;width:309px;height:auto\" srcset=\"https:\/\/blogs.univ-tlse2.fr\/lvhb\/files\/2026\/04\/TALLIN_13-751x1024.jpg 751w, https:\/\/blogs.univ-tlse2.fr\/lvhb\/files\/2026\/04\/TALLIN_13-220x300.jpg 220w, https:\/\/blogs.univ-tlse2.fr\/lvhb\/files\/2026\/04\/TALLIN_13-768x1048.jpg 768w, https:\/\/blogs.univ-tlse2.fr\/lvhb\/files\/2026\/04\/TALLIN_13-1126x1536.jpg 1126w, https:\/\/blogs.univ-tlse2.fr\/lvhb\/files\/2026\/04\/TALLIN_13-1501x2048.jpg 1501w, https:\/\/blogs.univ-tlse2.fr\/lvhb\/files\/2026\/04\/TALLIN_13-1568x2139.jpg 1568w, https:\/\/blogs.univ-tlse2.fr\/lvhb\/files\/2026\/04\/TALLIN_13.jpg 1650w\" sizes=\"auto, (max-width: 751px) 100vw, 751px\" \/><figcaption class=\"wp-element-caption\">Vieilles rues (Tallin, Estonie)<\/figcaption><\/figure>\n\n\n\n<div style=\"height:55px\" aria-hidden=\"true\" class=\"wp-block-spacer\"><\/div>\n\n\n\n<figure class=\"wp-block-image size-large is-resized is-style-twentytwentyone-image-frame\"><img loading=\"lazy\" decoding=\"async\" width=\"1024\" height=\"669\" src=\"https:\/\/blogs.univ-tlse2.fr\/lvhb\/files\/2026\/04\/TALLIN_08-1024x669.jpg\" alt=\"\" class=\"wp-image-566\" style=\"aspect-ratio:1.530619865571322;width:284px;height:auto\" srcset=\"https:\/\/blogs.univ-tlse2.fr\/lvhb\/files\/2026\/04\/TALLIN_08-1024x669.jpg 1024w, https:\/\/blogs.univ-tlse2.fr\/lvhb\/files\/2026\/04\/TALLIN_08-300x196.jpg 300w, https:\/\/blogs.univ-tlse2.fr\/lvhb\/files\/2026\/04\/TALLIN_08-768x502.jpg 768w, https:\/\/blogs.univ-tlse2.fr\/lvhb\/files\/2026\/04\/TALLIN_08-1536x1004.jpg 1536w, https:\/\/blogs.univ-tlse2.fr\/lvhb\/files\/2026\/04\/TALLIN_08-1568x1025.jpg 1568w, https:\/\/blogs.univ-tlse2.fr\/lvhb\/files\/2026\/04\/TALLIN_08.jpg 1942w\" sizes=\"auto, (max-width: 1024px) 100vw, 1024px\" \/><figcaption class=\"wp-element-caption\">Croquis de la vieille ville de Tallin (Estonie)<\/figcaption><\/figure>\n<\/div>\n<\/div>\n\n\n\n<div style=\"height:0px\" aria-hidden=\"true\" class=\"wp-block-spacer\"><\/div>\n\n\n\n<p>Sa collection comporte \u00e9galement de nombreuses vues a\u00e9riennes de Tallin.<\/p>\n\n\n\n<div style=\"height:7px\" aria-hidden=\"true\" class=\"wp-block-spacer\"><\/div>\n\n\n\n<figure class=\"wp-block-gallery alignfull has-nested-images columns-default is-cropped wp-block-gallery-1 is-layout-flex wp-block-gallery-is-layout-flex\">\n<figure class=\"wp-block-image size-large\"><img loading=\"lazy\" decoding=\"async\" width=\"1024\" height=\"580\" data-id=\"575\" src=\"https:\/\/blogs.univ-tlse2.fr\/lvhb\/files\/2026\/04\/TALLIN_10-1024x580.jpg\" alt=\"\" class=\"wp-image-575\" srcset=\"https:\/\/blogs.univ-tlse2.fr\/lvhb\/files\/2026\/04\/TALLIN_10-1024x580.jpg 1024w, https:\/\/blogs.univ-tlse2.fr\/lvhb\/files\/2026\/04\/TALLIN_10-300x170.jpg 300w, https:\/\/blogs.univ-tlse2.fr\/lvhb\/files\/2026\/04\/TALLIN_10-768x435.jpg 768w, https:\/\/blogs.univ-tlse2.fr\/lvhb\/files\/2026\/04\/TALLIN_10-1536x870.jpg 1536w, https:\/\/blogs.univ-tlse2.fr\/lvhb\/files\/2026\/04\/TALLIN_10-1568x888.jpg 1568w, https:\/\/blogs.univ-tlse2.fr\/lvhb\/files\/2026\/04\/TALLIN_10.jpg 1717w\" sizes=\"auto, (max-width: 1024px) 100vw, 1024px\" \/><figcaption class=\"wp-element-caption\">Vue g\u00e9n\u00e9rale de Tallin (Estonie)<\/figcaption><\/figure>\n\n\n\n<figure class=\"wp-block-image size-large\"><img loading=\"lazy\" decoding=\"async\" width=\"1024\" height=\"622\" data-id=\"576\" src=\"https:\/\/blogs.univ-tlse2.fr\/lvhb\/files\/2026\/04\/TALLIN_09-1024x622.jpg\" alt=\"\" class=\"wp-image-576\" srcset=\"https:\/\/blogs.univ-tlse2.fr\/lvhb\/files\/2026\/04\/TALLIN_09-1024x622.jpg 1024w, https:\/\/blogs.univ-tlse2.fr\/lvhb\/files\/2026\/04\/TALLIN_09-300x182.jpg 300w, https:\/\/blogs.univ-tlse2.fr\/lvhb\/files\/2026\/04\/TALLIN_09-768x467.jpg 768w, https:\/\/blogs.univ-tlse2.fr\/lvhb\/files\/2026\/04\/TALLIN_09-1536x933.jpg 1536w, https:\/\/blogs.univ-tlse2.fr\/lvhb\/files\/2026\/04\/TALLIN_09-1568x953.jpg 1568w, https:\/\/blogs.univ-tlse2.fr\/lvhb\/files\/2026\/04\/TALLIN_09.jpg 1909w\" sizes=\"auto, (max-width: 1024px) 100vw, 1024px\" \/><figcaption class=\"wp-element-caption\">Le Port (Tallin, Estonie)<\/figcaption><\/figure>\n\n\n\n<figure class=\"wp-block-image size-large\"><img loading=\"lazy\" decoding=\"async\" width=\"1024\" height=\"629\" data-id=\"574\" src=\"https:\/\/blogs.univ-tlse2.fr\/lvhb\/files\/2026\/04\/TALLIN_05-1024x629.jpg\" alt=\"\" class=\"wp-image-574\" srcset=\"https:\/\/blogs.univ-tlse2.fr\/lvhb\/files\/2026\/04\/TALLIN_05-1024x629.jpg 1024w, https:\/\/blogs.univ-tlse2.fr\/lvhb\/files\/2026\/04\/TALLIN_05-300x184.jpg 300w, https:\/\/blogs.univ-tlse2.fr\/lvhb\/files\/2026\/04\/TALLIN_05-768x472.jpg 768w, https:\/\/blogs.univ-tlse2.fr\/lvhb\/files\/2026\/04\/TALLIN_05-1536x943.jpg 1536w, https:\/\/blogs.univ-tlse2.fr\/lvhb\/files\/2026\/04\/TALLIN_05-1568x963.jpg 1568w, https:\/\/blogs.univ-tlse2.fr\/lvhb\/files\/2026\/04\/TALLIN_05.jpg 1713w\" sizes=\"auto, (max-width: 1024px) 100vw, 1024px\" \/><figcaption class=\"wp-element-caption\">Le nouveau stade \u00e0 Tallin (Estonie) <\/figcaption><\/figure>\n<\/figure>\n\n\n\n<div style=\"height:119px\" aria-hidden=\"true\" class=\"wp-block-spacer\"><\/div>\n\n\n\n<div data-wp-context=\"{ &quot;autoclose&quot;: true, &quot;accordionItems&quot;: [] }\" data-wp-interactive=\"core\/accordion\" role=\"group\" class=\"wp-block-accordion alignwide is-layout-flow wp-block-accordion-is-layout-flow\">\n<div data-wp-class--is-open=\"state.isOpen\" data-wp-context=\"{ &quot;id&quot;: &quot;accordion-item-2&quot;, &quot;openByDefault&quot;: false }\" data-wp-init=\"callbacks.initAccordionItems\" data-wp-on-window--hashchange=\"callbacks.hashChange\" class=\"wp-block-accordion-item is-layout-flow wp-block-accordion-item-is-layout-flow\">\n<h4 class=\"wp-block-accordion-heading\"><button aria-expanded=\"false\" aria-controls=\"accordion-item-2-panel\" data-wp-bind--aria-expanded=\"state.isOpen\" data-wp-on--click=\"actions.toggle\" data-wp-on--keydown=\"actions.handleKeyDown\" id=\"accordion-item-2\" type=\"button\" class=\"wp-block-accordion-heading__toggle\"><span class=\"wp-block-accordion-heading__toggle-icon\" aria-hidden=\"true\">+<\/span><span class=\"wp-block-accordion-heading__toggle-title\">Cr\u00e9dits<\/span><\/button><\/h4>\n\n\n\n<div inert aria-labelledby=\"accordion-item-2\" data-wp-bind--inert=\"!state.isOpen\" id=\"accordion-item-2-panel\" role=\"region\" class=\"wp-block-accordion-panel is-layout-flow wp-block-accordion-panel-is-layout-flow\">\n<p>Mentions l\u00e9gales<\/p>\n\n\n\n<p>Contact<\/p>\n<\/div>\n<\/div>\n<\/div>\n","protected":false},"excerpt":{"rendered":"<p>Au cours de son s\u00e9jour, Henri B\u00e9gou\u00ebn recueille des photographies, ainsi que des croquis de la ville. Sa collection comporte \u00e9galement de nombreuses vues a\u00e9riennes de Tallin.<\/p>\n","protected":false},"author":1522,"featured_media":0,"parent":0,"menu_order":2,"comment_status":"closed","ping_status":"closed","template":"","meta":{"footnotes":""},"class_list":["post-464","page","type-page","status-publish","hentry","entry"],"_links":{"self":[{"href":"https:\/\/blogs.univ-tlse2.fr\/lvhb\/wp-json\/wp\/v2\/pages\/464","targetHints":{"allow":["GET"]}}],"collection":[{"href":"https:\/\/blogs.univ-tlse2.fr\/lvhb\/wp-json\/wp\/v2\/pages"}],"about":[{"href":"https:\/\/blogs.univ-tlse2.fr\/lvhb\/wp-json\/wp\/v2\/types\/page"}],"author":[{"embeddable":true,"href":"https:\/\/blogs.univ-tlse2.fr\/lvhb\/wp-json\/wp\/v2\/users\/1522"}],"replies":[{"embeddable":true,"href":"https:\/\/blogs.univ-tlse2.fr\/lvhb\/wp-json\/wp\/v2\/comments?post=464"}],"version-history":[{"count":7,"href":"https:\/\/blogs.univ-tlse2.fr\/lvhb\/wp-json\/wp\/v2\/pages\/464\/revisions"}],"predecessor-version":[{"id":799,"href":"https:\/\/blogs.univ-tlse2.fr\/lvhb\/wp-json\/wp\/v2\/pages\/464\/revisions\/799"}],"wp:attachment":[{"href":"https:\/\/blogs.univ-tlse2.fr\/lvhb\/wp-json\/wp\/v2\/media?parent=464"}],"curies":[{"name":"wp","href":"https:\/\/api.w.org\/{rel}","templated":true}]}}