 {"id":499,"date":"2026-04-15T14:26:51","date_gmt":"2026-04-15T12:26:51","guid":{"rendered":"https:\/\/blogs.univ-tlse2.fr\/lvhb\/?page_id=499"},"modified":"2026-04-16T17:43:33","modified_gmt":"2026-04-16T15:43:33","slug":"riga","status":"publish","type":"page","link":"https:\/\/blogs.univ-tlse2.fr\/lvhb\/riga\/","title":{"rendered":"Riga"},"content":{"rendered":"\n<div class=\"wp-block-cover alignfull has-parallax\"><div class=\"wp-block-cover__image-background wp-image-500 size-large has-parallax\" style=\"background-position:50% 50%;background-image:url(https:\/\/blogs.univ-tlse2.fr\/lvhb\/files\/2026\/03\/RIGA_02-1024x696.jpg)\"><\/div><span aria-hidden=\"true\" class=\"wp-block-cover__background has-background-dim-0 has-background-dim\" style=\"background-color:#7b7b7b\"><\/span><div class=\"wp-block-cover__inner-container is-layout-constrained wp-block-cover-is-layout-constrained\">\n<div class=\"wp-block-buttons is-horizontal is-content-justification-center is-layout-flex wp-container-core-buttons-is-layout-499968f5 wp-block-buttons-is-layout-flex\">\n<div class=\"wp-block-button\"><a class=\"wp-block-button__link wp-element-button\" href=\"https:\/\/blogs.univ-tlse2.fr\/lvhb\/\">Accueil<\/a><\/div>\n\n\n\n<div class=\"wp-block-button\"><a class=\"wp-block-button__link wp-element-button\" href=\"https:\/\/blogs.univ-tlse2.fr\/lvhb\/mer-baltique\/\">Mer Baltique<\/a><\/div>\n\n\n\n<div class=\"wp-block-button\"><a class=\"wp-block-button__link wp-element-button\" href=\"https:\/\/blogs.univ-tlse2.fr\/lvhb\/estonie\/\">Estonie<\/a><\/div>\n\n\n\n<div class=\"wp-block-button\"><a class=\"wp-block-button__link wp-element-button\" href=\"https:\/\/blogs.univ-tlse2.fr\/lvhb\/finlande\/\">Finlande<\/a><\/div>\n\n\n\n<div class=\"wp-block-button\"><a class=\"wp-block-button__link wp-element-button\" href=\"https:\/\/blogs.univ-tlse2.fr\/lvhb\/lettonie\/\">Lettonie<\/a><\/div>\n\n\n\n<div class=\"wp-block-button\"><a class=\"wp-block-button__link wp-element-button\" href=\"https:\/\/blogs.univ-tlse2.fr\/lvhb\/lituanie\/\">Lituanie<\/a><\/div>\n<\/div>\n\n\n\n<div style=\"height:10px\" aria-hidden=\"true\" class=\"wp-block-spacer\"><\/div>\n\n\n\n<div class=\"wp-block-buttons is-horizontal is-content-justification-center is-layout-flex wp-container-core-buttons-is-layout-499968f5 wp-block-buttons-is-layout-flex\">\n<div class=\"wp-block-button\"><a class=\"wp-block-button__link wp-element-button\" href=\"https:\/\/blogs.univ-tlse2.fr\/lvhb\/mitau-jelgava\/\">Mitau-Jelgava<\/a><\/div>\n\n\n\n<div class=\"wp-block-button\"><a class=\"wp-block-button__link wp-element-button\" href=\"https:\/\/blogs.univ-tlse2.fr\/lvhb\/riga\/\">Riga<\/a><\/div>\n<\/div>\n<\/div><\/div>\n\n\n\n<div style=\"height:100px\" aria-hidden=\"true\" class=\"wp-block-spacer\"><\/div>\n\n\n\n<div class=\"wp-block-columns alignwide is-layout-flex wp-container-core-columns-is-layout-9d6595d7 wp-block-columns-is-layout-flex\">\n<div class=\"wp-block-column is-vertically-aligned-bottom is-layout-flow wp-block-column-is-layout-flow\">\n<p>Du mois de mars au mois de mai 1928, le professeur Henri B\u00e9gou\u00ebn r\u00e9alise des conf\u00e9rences dans la r\u00e9gion, notamment \u00e0 Tartu et \u00e0 Riga. Puis, il est invit\u00e9 au congr\u00e8s d&rsquo;arch\u00e9ologie baltique de Riga en ao\u00fbt 1930.<\/p>\n\n\n\n<div style=\"height:100px\" aria-hidden=\"true\" class=\"wp-block-spacer\"><\/div>\n\n\n\n<figure class=\"wp-block-image size-large is-resized\"><img loading=\"lazy\" decoding=\"async\" width=\"1024\" height=\"696\" src=\"https:\/\/blogs.univ-tlse2.fr\/lvhb\/files\/2026\/03\/RIGA_02-1-1024x696.jpg\" alt=\"\" class=\"wp-image-507\" style=\"width:507px;height:auto\" srcset=\"https:\/\/blogs.univ-tlse2.fr\/lvhb\/files\/2026\/03\/RIGA_02-1-1024x696.jpg 1024w, https:\/\/blogs.univ-tlse2.fr\/lvhb\/files\/2026\/03\/RIGA_02-1-300x204.jpg 300w, https:\/\/blogs.univ-tlse2.fr\/lvhb\/files\/2026\/03\/RIGA_02-1-768x522.jpg 768w, https:\/\/blogs.univ-tlse2.fr\/lvhb\/files\/2026\/03\/RIGA_02-1-1536x1044.jpg 1536w, https:\/\/blogs.univ-tlse2.fr\/lvhb\/files\/2026\/03\/RIGA_02-1-1568x1066.jpg 1568w, https:\/\/blogs.univ-tlse2.fr\/lvhb\/files\/2026\/03\/RIGA_02-1.jpg 1951w\" sizes=\"auto, (max-width: 1024px) 100vw, 1024px\" \/><figcaption class=\"wp-element-caption\">Mus\u00e9e national des Arts en Lettonie<\/figcaption><\/figure>\n<\/div>\n\n\n\n<div class=\"wp-block-column is-layout-flow wp-block-column-is-layout-flow\">\n<figure class=\"wp-block-image size-large is-resized\"><img loading=\"lazy\" decoding=\"async\" width=\"623\" height=\"1024\" src=\"https:\/\/blogs.univ-tlse2.fr\/lvhb\/files\/2026\/03\/RIGA_01-623x1024.jpg\" alt=\"\" class=\"wp-image-506\" style=\"aspect-ratio:0.6084035743709995;width:405px;height:auto\" srcset=\"https:\/\/blogs.univ-tlse2.fr\/lvhb\/files\/2026\/03\/RIGA_01-623x1024.jpg 623w, https:\/\/blogs.univ-tlse2.fr\/lvhb\/files\/2026\/03\/RIGA_01-183x300.jpg 183w, https:\/\/blogs.univ-tlse2.fr\/lvhb\/files\/2026\/03\/RIGA_01-768x1262.jpg 768w, https:\/\/blogs.univ-tlse2.fr\/lvhb\/files\/2026\/03\/RIGA_01-934x1536.jpg 934w, https:\/\/blogs.univ-tlse2.fr\/lvhb\/files\/2026\/03\/RIGA_01.jpg 1002w\" sizes=\"auto, (max-width: 623px) 100vw, 623px\" \/><figcaption class=\"wp-element-caption\">Cath\u00e9drale du D\u00f4me (Riga)<\/figcaption><\/figure>\n<\/div>\n<\/div>\n\n\n\n<div style=\"height:100px\" aria-hidden=\"true\" class=\"wp-block-spacer\"><\/div>\n\n\n\n<div data-wp-context=\"{ &quot;autoclose&quot;: true, &quot;accordionItems&quot;: [] }\" data-wp-interactive=\"core\/accordion\" role=\"group\" class=\"wp-block-accordion alignwide is-layout-flow wp-block-accordion-is-layout-flow\">\n<div data-wp-class--is-open=\"state.isOpen\" data-wp-context=\"{ &quot;id&quot;: &quot;accordion-item-1&quot;, &quot;openByDefault&quot;: false }\" data-wp-init=\"callbacks.initAccordionItems\" data-wp-on-window--hashchange=\"callbacks.hashChange\" class=\"wp-block-accordion-item is-layout-flow wp-block-accordion-item-is-layout-flow\">\n<h4 class=\"wp-block-accordion-heading\"><button aria-expanded=\"false\" aria-controls=\"accordion-item-1-panel\" data-wp-bind--aria-expanded=\"state.isOpen\" data-wp-on--click=\"actions.toggle\" data-wp-on--keydown=\"actions.handleKeyDown\" id=\"accordion-item-1\" type=\"button\" class=\"wp-block-accordion-heading__toggle\"><span class=\"wp-block-accordion-heading__toggle-icon\" aria-hidden=\"true\">+<\/span><span class=\"wp-block-accordion-heading__toggle-title\">Sources<\/span><\/button><\/h4>\n\n\n\n<div inert aria-labelledby=\"accordion-item-1\" data-wp-bind--inert=\"!state.isOpen\" id=\"accordion-item-1-panel\" role=\"region\" class=\"wp-block-accordion-panel is-layout-flow wp-block-accordion-panel-is-layout-flow\">\n<ul class=\"wp-block-list\">\n<li>Boursiac L-G., <em>Titres, distinctions et travaux scientifiques du Professeur Comte H. BEGOU\u00cbN<\/em>, 1938.<\/li>\n<\/ul>\n<\/div>\n<\/div>\n<\/div>\n","protected":false},"excerpt":{"rendered":"<p>Du mois de mars au mois de mai 1928, le professeur Henri B\u00e9gou\u00ebn r\u00e9alise des conf\u00e9rences dans la r\u00e9gion, notamment \u00e0 Tartu et \u00e0 Riga. Puis, il est invit\u00e9 au congr\u00e8s d&rsquo;arch\u00e9ologie baltique de Riga en ao\u00fbt 1930.<\/p>\n","protected":false},"author":1522,"featured_media":0,"parent":0,"menu_order":2,"comment_status":"closed","ping_status":"closed","template":"","meta":{"footnotes":""},"class_list":["post-499","page","type-page","status-publish","hentry","entry"],"_links":{"self":[{"href":"https:\/\/blogs.univ-tlse2.fr\/lvhb\/wp-json\/wp\/v2\/pages\/499","targetHints":{"allow":["GET"]}}],"collection":[{"href":"https:\/\/blogs.univ-tlse2.fr\/lvhb\/wp-json\/wp\/v2\/pages"}],"about":[{"href":"https:\/\/blogs.univ-tlse2.fr\/lvhb\/wp-json\/wp\/v2\/types\/page"}],"author":[{"embeddable":true,"href":"https:\/\/blogs.univ-tlse2.fr\/lvhb\/wp-json\/wp\/v2\/users\/1522"}],"replies":[{"embeddable":true,"href":"https:\/\/blogs.univ-tlse2.fr\/lvhb\/wp-json\/wp\/v2\/comments?post=499"}],"version-history":[{"count":12,"href":"https:\/\/blogs.univ-tlse2.fr\/lvhb\/wp-json\/wp\/v2\/pages\/499\/revisions"}],"predecessor-version":[{"id":801,"href":"https:\/\/blogs.univ-tlse2.fr\/lvhb\/wp-json\/wp\/v2\/pages\/499\/revisions\/801"}],"wp:attachment":[{"href":"https:\/\/blogs.univ-tlse2.fr\/lvhb\/wp-json\/wp\/v2\/media?parent=499"}],"curies":[{"name":"wp","href":"https:\/\/api.w.org\/{rel}","templated":true}]}}