 {"id":553,"date":"2026-04-15T14:26:51","date_gmt":"2026-04-15T12:26:51","guid":{"rendered":"https:\/\/blogs.univ-tlse2.fr\/lvhb\/?page_id=553"},"modified":"2026-04-16T17:28:05","modified_gmt":"2026-04-16T15:28:05","slug":"helsinki-helsingfors","status":"publish","type":"page","link":"https:\/\/blogs.univ-tlse2.fr\/lvhb\/helsinki-helsingfors\/","title":{"rendered":"Helsinki &#8211; Helsingfors"},"content":{"rendered":"\n<div class=\"wp-block-cover alignfull is-light has-parallax\"><div class=\"wp-block-cover__image-background wp-image-554 size-large has-parallax\" style=\"background-position:50% 50%;background-image:url(https:\/\/blogs.univ-tlse2.fr\/lvhb\/files\/2026\/04\/HELSINKI_08bis-1024x481.jpg)\"><\/div><span aria-hidden=\"true\" class=\"wp-block-cover__background has-background-dim-0 has-background-dim\" style=\"background-color:#8e8d86\"><\/span><div class=\"wp-block-cover__inner-container is-layout-constrained wp-block-cover-is-layout-constrained\">\n<p class=\"has-text-align-center has-large-font-size\"><\/p>\n\n\n\n<div class=\"wp-block-buttons is-content-justification-center is-layout-flex wp-container-core-buttons-is-layout-16018d1d wp-block-buttons-is-layout-flex\">\n<div class=\"wp-block-button\"><a class=\"wp-block-button__link wp-element-button\" href=\"https:\/\/blogs.univ-tlse2.fr\/lvhb\/\">Accueil<\/a><\/div>\n\n\n\n<div class=\"wp-block-button\"><a class=\"wp-block-button__link wp-element-button\" href=\"https:\/\/blogs.univ-tlse2.fr\/lvhb\/mer-baltique\/\">Mer Baltique<\/a><\/div>\n\n\n\n<div class=\"wp-block-button\"><a class=\"wp-block-button__link wp-element-button\" href=\"https:\/\/blogs.univ-tlse2.fr\/lvhb\/estonie\/\">Estonie<\/a><\/div>\n\n\n\n<div class=\"wp-block-button\"><a class=\"wp-block-button__link wp-element-button\" href=\"https:\/\/blogs.univ-tlse2.fr\/lvhb\/finlande\/\">Finlande<\/a><\/div>\n\n\n\n<div class=\"wp-block-button\"><a class=\"wp-block-button__link wp-element-button\" href=\"https:\/\/blogs.univ-tlse2.fr\/lvhb\/lettonie\/\">Lettonie<\/a><\/div>\n\n\n\n<div class=\"wp-block-button\"><a class=\"wp-block-button__link wp-element-button\" href=\"https:\/\/blogs.univ-tlse2.fr\/lvhb\/lituanie\/\">Lituanie<\/a><\/div>\n<\/div>\n<\/div><\/div>\n\n\n\n<div style=\"height:132px\" aria-hidden=\"true\" class=\"wp-block-spacer\"><\/div>\n\n\n\n<p>Les photographies du comte Henri B\u00e9gou\u00ebn permettent de dresser un petit panorama de la ville et de ses monuments.<\/p>\n\n\n\n<div style=\"height:58px\" aria-hidden=\"true\" class=\"wp-block-spacer\"><\/div>\n\n\n\n<figure class=\"wp-block-gallery alignfull has-nested-images columns-default is-cropped wp-block-gallery-1 is-layout-flex wp-block-gallery-is-layout-flex\">\n<figure class=\"wp-block-image size-full\"><img loading=\"lazy\" decoding=\"async\" width=\"2560\" height=\"1897\" data-id=\"555\" src=\"https:\/\/blogs.univ-tlse2.fr\/lvhb\/files\/2026\/04\/FINLANDE_03bis-scaled.jpg\" alt=\"\" class=\"wp-image-555\" srcset=\"https:\/\/blogs.univ-tlse2.fr\/lvhb\/files\/2026\/04\/FINLANDE_03bis-scaled.jpg 2560w, https:\/\/blogs.univ-tlse2.fr\/lvhb\/files\/2026\/04\/FINLANDE_03bis-300x222.jpg 300w, https:\/\/blogs.univ-tlse2.fr\/lvhb\/files\/2026\/04\/FINLANDE_03bis-1024x759.jpg 1024w, https:\/\/blogs.univ-tlse2.fr\/lvhb\/files\/2026\/04\/FINLANDE_03bis-768x569.jpg 768w, https:\/\/blogs.univ-tlse2.fr\/lvhb\/files\/2026\/04\/FINLANDE_03bis-1536x1138.jpg 1536w, https:\/\/blogs.univ-tlse2.fr\/lvhb\/files\/2026\/04\/FINLANDE_03bis-2048x1518.jpg 2048w, https:\/\/blogs.univ-tlse2.fr\/lvhb\/files\/2026\/04\/FINLANDE_03bis-1568x1162.jpg 1568w\" sizes=\"auto, (max-width: 2560px) 100vw, 2560px\" \/><figcaption class=\"wp-element-caption\">Le Mus\u00e9e d&rsquo;Helsinki<\/figcaption><\/figure>\n\n\n\n<figure class=\"wp-block-image size-full\"><img loading=\"lazy\" decoding=\"async\" width=\"2463\" height=\"1682\" data-id=\"557\" src=\"https:\/\/blogs.univ-tlse2.fr\/lvhb\/files\/2026\/04\/HELSINKI_02.jpg\" alt=\"\" class=\"wp-image-557\" srcset=\"https:\/\/blogs.univ-tlse2.fr\/lvhb\/files\/2026\/04\/HELSINKI_02.jpg 2463w, https:\/\/blogs.univ-tlse2.fr\/lvhb\/files\/2026\/04\/HELSINKI_02-300x205.jpg 300w, https:\/\/blogs.univ-tlse2.fr\/lvhb\/files\/2026\/04\/HELSINKI_02-1024x699.jpg 1024w, https:\/\/blogs.univ-tlse2.fr\/lvhb\/files\/2026\/04\/HELSINKI_02-768x524.jpg 768w, https:\/\/blogs.univ-tlse2.fr\/lvhb\/files\/2026\/04\/HELSINKI_02-1536x1049.jpg 1536w, https:\/\/blogs.univ-tlse2.fr\/lvhb\/files\/2026\/04\/HELSINKI_02-2048x1399.jpg 2048w, https:\/\/blogs.univ-tlse2.fr\/lvhb\/files\/2026\/04\/HELSINKI_02-1568x1071.jpg 1568w\" sizes=\"auto, (max-width: 2463px) 100vw, 2463px\" \/><figcaption class=\"wp-element-caption\">La maternit\u00e9 d&rsquo;Helsinki<\/figcaption><\/figure>\n\n\n\n<figure class=\"wp-block-image size-large\"><img loading=\"lazy\" decoding=\"async\" width=\"1024\" height=\"636\" data-id=\"556\" src=\"https:\/\/blogs.univ-tlse2.fr\/lvhb\/files\/2026\/04\/HELSINKI_01-1024x636.jpg\" alt=\"\" class=\"wp-image-556\" srcset=\"https:\/\/blogs.univ-tlse2.fr\/lvhb\/files\/2026\/04\/HELSINKI_01-1024x636.jpg 1024w, https:\/\/blogs.univ-tlse2.fr\/lvhb\/files\/2026\/04\/HELSINKI_01-300x186.jpg 300w, https:\/\/blogs.univ-tlse2.fr\/lvhb\/files\/2026\/04\/HELSINKI_01-768x477.jpg 768w, https:\/\/blogs.univ-tlse2.fr\/lvhb\/files\/2026\/04\/HELSINKI_01-1536x954.jpg 1536w, https:\/\/blogs.univ-tlse2.fr\/lvhb\/files\/2026\/04\/HELSINKI_01-2048x1272.jpg 2048w, https:\/\/blogs.univ-tlse2.fr\/lvhb\/files\/2026\/04\/HELSINKI_01-1568x974.jpg 1568w\" sizes=\"auto, (max-width: 1024px) 100vw, 1024px\" \/><figcaption class=\"wp-element-caption\">Le S\u00e9nat (Helsinki) <\/figcaption><\/figure>\n\n\n\n<figure class=\"wp-block-image size-large\"><img loading=\"lazy\" decoding=\"async\" width=\"1024\" height=\"660\" data-id=\"559\" src=\"https:\/\/blogs.univ-tlse2.fr\/lvhb\/files\/2026\/04\/HELSINKI_05-1024x660.jpg\" alt=\"\" class=\"wp-image-559\" srcset=\"https:\/\/blogs.univ-tlse2.fr\/lvhb\/files\/2026\/04\/HELSINKI_05-1024x660.jpg 1024w, https:\/\/blogs.univ-tlse2.fr\/lvhb\/files\/2026\/04\/HELSINKI_05-300x193.jpg 300w, https:\/\/blogs.univ-tlse2.fr\/lvhb\/files\/2026\/04\/HELSINKI_05-768x495.jpg 768w, https:\/\/blogs.univ-tlse2.fr\/lvhb\/files\/2026\/04\/HELSINKI_05-1536x990.jpg 1536w, https:\/\/blogs.univ-tlse2.fr\/lvhb\/files\/2026\/04\/HELSINKI_05-2048x1320.jpg 2048w, https:\/\/blogs.univ-tlse2.fr\/lvhb\/files\/2026\/04\/HELSINKI_05-1568x1011.jpg 1568w\" sizes=\"auto, (max-width: 1024px) 100vw, 1024px\" \/><figcaption class=\"wp-element-caption\">Vue a\u00e9rienne (Helsinki)<\/figcaption><\/figure>\n\n\n\n<figure class=\"wp-block-image size-large\"><img loading=\"lazy\" decoding=\"async\" width=\"1024\" height=\"609\" data-id=\"560\" src=\"https:\/\/blogs.univ-tlse2.fr\/lvhb\/files\/2026\/04\/HELSINKI_07bis-1024x609.jpg\" alt=\"\" class=\"wp-image-560\" srcset=\"https:\/\/blogs.univ-tlse2.fr\/lvhb\/files\/2026\/04\/HELSINKI_07bis-1024x609.jpg 1024w, https:\/\/blogs.univ-tlse2.fr\/lvhb\/files\/2026\/04\/HELSINKI_07bis-300x179.jpg 300w, https:\/\/blogs.univ-tlse2.fr\/lvhb\/files\/2026\/04\/HELSINKI_07bis-768x457.jpg 768w, https:\/\/blogs.univ-tlse2.fr\/lvhb\/files\/2026\/04\/HELSINKI_07bis-1536x914.jpg 1536w, https:\/\/blogs.univ-tlse2.fr\/lvhb\/files\/2026\/04\/HELSINKI_07bis-2048x1219.jpg 2048w, https:\/\/blogs.univ-tlse2.fr\/lvhb\/files\/2026\/04\/HELSINKI_07bis-1568x933.jpg 1568w\" sizes=\"auto, (max-width: 1024px) 100vw, 1024px\" \/><figcaption class=\"wp-element-caption\">Vue g\u00e9n\u00e9rale (Helsinki) <\/figcaption><\/figure>\n\n\n\n<figure class=\"wp-block-image size-large\"><img loading=\"lazy\" decoding=\"async\" width=\"1024\" height=\"631\" data-id=\"558\" src=\"https:\/\/blogs.univ-tlse2.fr\/lvhb\/files\/2026\/04\/HELSINKI_11bis-1024x631.jpg\" alt=\"\" class=\"wp-image-558\" srcset=\"https:\/\/blogs.univ-tlse2.fr\/lvhb\/files\/2026\/04\/HELSINKI_11bis-1024x631.jpg 1024w, https:\/\/blogs.univ-tlse2.fr\/lvhb\/files\/2026\/04\/HELSINKI_11bis-300x185.jpg 300w, https:\/\/blogs.univ-tlse2.fr\/lvhb\/files\/2026\/04\/HELSINKI_11bis-768x473.jpg 768w, https:\/\/blogs.univ-tlse2.fr\/lvhb\/files\/2026\/04\/HELSINKI_11bis-1536x947.jpg 1536w, https:\/\/blogs.univ-tlse2.fr\/lvhb\/files\/2026\/04\/HELSINKI_11bis-2048x1262.jpg 2048w, https:\/\/blogs.univ-tlse2.fr\/lvhb\/files\/2026\/04\/HELSINKI_11bis-1568x967.jpg 1568w\" sizes=\"auto, (max-width: 1024px) 100vw, 1024px\" \/><figcaption class=\"wp-element-caption\">Le S\u00e9nat (Helsinki)<\/figcaption><\/figure>\n<\/figure>\n\n\n\n<div style=\"height:134px\" aria-hidden=\"true\" class=\"wp-block-spacer\"><\/div>\n\n\n\n<div class=\"wp-block-columns alignwide are-vertically-aligned-center is-layout-flex wp-container-core-columns-is-layout-9d6595d7 wp-block-columns-is-layout-flex\">\n<div class=\"wp-block-column is-vertically-aligned-center is-layout-flow wp-block-column-is-layout-flow\">\n<p>C&rsquo;est en tant qu&rsquo;arch\u00e9ologue qu&rsquo;il se rend dans les environs d&rsquo;Helsinki en 1932 pour visiter un site de blocs erratiques (m\u00e9galithes).<\/p>\n<\/div>\n\n\n\n<div class=\"wp-block-column is-vertically-aligned-center is-layout-flow wp-block-column-is-layout-flow\">\n<figure class=\"wp-block-image size-large\"><img loading=\"lazy\" decoding=\"async\" width=\"1024\" height=\"609\" src=\"https:\/\/blogs.univ-tlse2.fr\/lvhb\/files\/2026\/04\/FINLANDE_01_1932bis-1024x609.jpg\" alt=\"\" class=\"wp-image-561\" srcset=\"https:\/\/blogs.univ-tlse2.fr\/lvhb\/files\/2026\/04\/FINLANDE_01_1932bis-1024x609.jpg 1024w, https:\/\/blogs.univ-tlse2.fr\/lvhb\/files\/2026\/04\/FINLANDE_01_1932bis-300x179.jpg 300w, https:\/\/blogs.univ-tlse2.fr\/lvhb\/files\/2026\/04\/FINLANDE_01_1932bis-768x457.jpg 768w, https:\/\/blogs.univ-tlse2.fr\/lvhb\/files\/2026\/04\/FINLANDE_01_1932bis-1536x914.jpg 1536w, https:\/\/blogs.univ-tlse2.fr\/lvhb\/files\/2026\/04\/FINLANDE_01_1932bis-2048x1219.jpg 2048w, https:\/\/blogs.univ-tlse2.fr\/lvhb\/files\/2026\/04\/FINLANDE_01_1932bis-1568x933.jpg 1568w\" sizes=\"auto, (max-width: 1024px) 100vw, 1024px\" \/><figcaption class=\"wp-element-caption\">Blocs erratiques dans les environs d&rsquo;Helsinki, Finlande (1932)<\/figcaption><\/figure>\n<\/div>\n<\/div>\n\n\n\n<div style=\"height:100px\" aria-hidden=\"true\" class=\"wp-block-spacer\"><\/div>\n","protected":false},"excerpt":{"rendered":"<p>Les photographies du comte Henri B\u00e9gou\u00ebn permettent de dresser un petit panorama de la ville et de ses monuments. C&rsquo;est en tant qu&rsquo;arch\u00e9ologue qu&rsquo;il se rend dans les environs d&rsquo;Helsinki en 1932 pour visiter un site de blocs erratiques (m\u00e9galithes).<\/p>\n","protected":false},"author":1522,"featured_media":0,"parent":0,"menu_order":2,"comment_status":"closed","ping_status":"closed","template":"","meta":{"footnotes":""},"class_list":["post-553","page","type-page","status-publish","hentry","entry"],"_links":{"self":[{"href":"https:\/\/blogs.univ-tlse2.fr\/lvhb\/wp-json\/wp\/v2\/pages\/553","targetHints":{"allow":["GET"]}}],"collection":[{"href":"https:\/\/blogs.univ-tlse2.fr\/lvhb\/wp-json\/wp\/v2\/pages"}],"about":[{"href":"https:\/\/blogs.univ-tlse2.fr\/lvhb\/wp-json\/wp\/v2\/types\/page"}],"author":[{"embeddable":true,"href":"https:\/\/blogs.univ-tlse2.fr\/lvhb\/wp-json\/wp\/v2\/users\/1522"}],"replies":[{"embeddable":true,"href":"https:\/\/blogs.univ-tlse2.fr\/lvhb\/wp-json\/wp\/v2\/comments?post=553"}],"version-history":[{"count":7,"href":"https:\/\/blogs.univ-tlse2.fr\/lvhb\/wp-json\/wp\/v2\/pages\/553\/revisions"}],"predecessor-version":[{"id":791,"href":"https:\/\/blogs.univ-tlse2.fr\/lvhb\/wp-json\/wp\/v2\/pages\/553\/revisions\/791"}],"wp:attachment":[{"href":"https:\/\/blogs.univ-tlse2.fr\/lvhb\/wp-json\/wp\/v2\/media?parent=553"}],"curies":[{"name":"wp","href":"https:\/\/api.w.org\/{rel}","templated":true}]}}