 {"id":12,"date":"2014-04-25T12:46:18","date_gmt":"2014-04-25T11:46:18","guid":{"rendered":"https:\/\/blogs.univ-tlse2.fr\/madrid\/?page_id=12"},"modified":"2014-06-25T12:20:50","modified_gmt":"2014-06-25T11:20:50","slug":"enseignements","status":"publish","type":"page","link":"https:\/\/blogs.univ-tlse2.fr\/madrid\/enseignements\/","title":{"rendered":"Enseignements"},"content":{"rendered":"<p style=\"text-align: justify\">Le Centre d\u2019Etudes Universitaires de Madrid s\u2019adresse aux \u00e9tudiants d\u00e9j\u00e0 titulaires des deux premi\u00e8res ann\u00e9es d\u2019Espagnol L.L.C.E. et L.E.A. d\u2019une Universit\u00e9 fran\u00e7aise.<\/p>\n<p style=\"text-align: justify\">Les cours sont dispens\u00e9s dans les locaux de l\u2019Institut Fran\u00e7ais de Madrid, o\u00f9 les \u00e9tudiants peuvent suivre une :<br \/>\nTroisi\u00e8me ann\u00e9e de\u00a0<a href=\"http:\/\/w3.espagnol.univ-tlse2.fr\/licence.html\" target=\"_blank\">Licence<\/a>\u00a0L.L.C.E. d\u2019Espagnol<\/p>\n<p style=\"text-align: justify\">Troisi\u00e8me ann\u00e9e de\u00a0<a href=\"http:\/\/lea.univ-tlse2.fr\/accueil-lea\/formation\/licence\/formation-licence-lea-141653.kjsp?RH=1323336551540\" target=\"_blank\">L.E.A.\u00a0<\/a>(Espagnol\/Anglais)<br \/>\nLes cours sont assur\u00e9s par des professeurs du D\u00e9partement d\u2019Espagnol de l\u2019Universit\u00e9 de Toulouse-Jean Jaur\u00e8s des enseignants de l\u2019Institut Fran\u00e7ais, du Lyc\u00e9e Fran\u00e7ais de Madrid, des professeurs des Universit\u00e9s madril\u00e8nes et des professionnels.<\/p>\n<p style=\"text-align: justify\">Pour tous les cursus, le programme des \u00e9tudes est celui de l\u2019Universit\u00e9 de Toulouse-Jean Jaur\u00e8s et le dipl\u00f4me qui sanctionne les \u00e9tudes est le m\u00eame qu\u2019\u00e0 Toulouse.<\/p>\n<p style=\"text-align: justify\">Les \u00e9tudiants profitent ainsi d\u2019une exp\u00e9rience \u00e0 l\u2019\u00e9tranger sans aucun probl\u00e8me d\u2019\u00e9quivalence et sans perdre les avantages d\u2019un \u00e9tudiant en France (S\u00e9curit\u00e9 Sociale, mutuelles, bourses, etc\u2026). Au terme de leur s\u00e9jour, les \u00e9tudiants du CEUM auront donc la double formation th\u00e9orique et pratique, propre au cursus. Ils auront ainsi pu profiter d\u2019une exp\u00e9rience \u00e0 l\u2019\u00e9tranger sans perdre aucun des avantages d\u2019un \u00e9tudiant en France.<\/p>\n<p style=\"text-align: justify\">Quelles que soient les \u00e9tudes suivies, les \u00e9tudiants inscrits au C.E.U.M. b\u00e9n\u00e9ficient \u00e0 l\u2019IFM des services et avantages suivants :<\/p>\n<p style=\"text-align: justify\">&#8211; effectifs r\u00e9duits ;<br \/>\n&#8211; acc\u00e8s gratuit \u00e0 la M\u00e9diath\u00e8que de l\u2019Institut Fran\u00e7ais de Madrid qui dispose d\u2019un fond de 40000 documents;<br \/>\n&#8211; acc\u00e8s wifi gratuit ;<br \/>\n&#8211; service de pr\u00eat de livres gr\u00e2ce au fonds propre du Centre (litt\u00e9rature, linguistique, histoire et civilisation, histoire de l\u2019art, droit, \u00e9conomie, statistiques, commerce international);<br \/>\n&#8211; une convention sign\u00e9e entre l\u2019Institut Fran\u00e7ais de Madrid et l\u2019Universit\u00e9 de Toulouse-Jean Jaur\u00e8s permet \u00e0 deux \u00e9tudiants\u00a0de dispenser des heures de\u00a0<a href=\"https:\/\/blogs.univ-tlse2.fr\/madrid\/files\/2014\/04\/Moniteur-IFM.pdf\">monitorat<\/a>\u00a0(cours r\u00e9mun\u00e9r\u00e9s).<\/p>\n<p style=\"text-align: justify\">\nLes \u00e9tudiants sont inscrits en contr\u00f4le continu et donc soumis aux m\u00eames modalit\u00e9s d\u2019\u00e9valuation que les \u00e9tudiants de Toulouse. Les examens de la premi\u00e8re session se d\u00e9roulent donc \u00e0 Madrid ; la deuxi\u00e8me session a lieu \u00e0 Toulouse.<\/p>\n<p style=\"text-align: justify\">L\u2019assistance aux cours est obligatoire.<\/p>\n","protected":false},"excerpt":{"rendered":"<p>Le Centre d\u2019Etudes Universitaires de Madrid s\u2019adresse aux \u00e9tudiants d\u00e9j\u00e0 titulaires des deux premi\u00e8res ann\u00e9es d\u2019Espagnol L.L.C.E. et L.E.A. d\u2019une Universit\u00e9 fran\u00e7aise. Les cours sont dispens\u00e9s dans les locaux de l\u2019Institut Fran\u00e7ais de Madrid, o\u00f9 les \u00e9tudiants peuvent suivre une : Troisi\u00e8me ann\u00e9e de\u00a0Licence\u00a0L.L.C.E. d\u2019Espagnol Troisi\u00e8me ann\u00e9e de\u00a0L.E.A.\u00a0(Espagnol\/Anglais) Les cours sont assur\u00e9s par des professeurs &hellip; <a href=\"https:\/\/blogs.univ-tlse2.fr\/madrid\/enseignements\/\" class=\"more-link\">Continuer la lecture de <span class=\"screen-reader-text\">Enseignements<\/span> <span class=\"meta-nav\">&rarr;<\/span><\/a><\/p>\n","protected":false},"author":10,"featured_media":0,"parent":0,"menu_order":0,"comment_status":"closed","ping_status":"closed","template":"","meta":{"footnotes":""},"class_list":["post-12","page","type-page","status-publish","hentry"],"_links":{"self":[{"href":"https:\/\/blogs.univ-tlse2.fr\/madrid\/wp-json\/wp\/v2\/pages\/12","targetHints":{"allow":["GET"]}}],"collection":[{"href":"https:\/\/blogs.univ-tlse2.fr\/madrid\/wp-json\/wp\/v2\/pages"}],"about":[{"href":"https:\/\/blogs.univ-tlse2.fr\/madrid\/wp-json\/wp\/v2\/types\/page"}],"author":[{"embeddable":true,"href":"https:\/\/blogs.univ-tlse2.fr\/madrid\/wp-json\/wp\/v2\/users\/10"}],"replies":[{"embeddable":true,"href":"https:\/\/blogs.univ-tlse2.fr\/madrid\/wp-json\/wp\/v2\/comments?post=12"}],"version-history":[{"count":5,"href":"https:\/\/blogs.univ-tlse2.fr\/madrid\/wp-json\/wp\/v2\/pages\/12\/revisions"}],"predecessor-version":[{"id":332,"href":"https:\/\/blogs.univ-tlse2.fr\/madrid\/wp-json\/wp\/v2\/pages\/12\/revisions\/332"}],"wp:attachment":[{"href":"https:\/\/blogs.univ-tlse2.fr\/madrid\/wp-json\/wp\/v2\/media?parent=12"}],"curies":[{"name":"wp","href":"https:\/\/api.w.org\/{rel}","templated":true}]}}