 {"id":14,"date":"2014-04-25T12:47:33","date_gmt":"2014-04-25T11:47:33","guid":{"rendered":"https:\/\/blogs.univ-tlse2.fr\/madrid\/?page_id=14"},"modified":"2015-12-18T08:39:14","modified_gmt":"2015-12-18T07:39:14","slug":"l3-espagnol","status":"publish","type":"page","link":"https:\/\/blogs.univ-tlse2.fr\/madrid\/enseignements\/l3-espagnol\/","title":{"rendered":"Licence 3 L.L.C.E. d\u2019Espagnol"},"content":{"rendered":"<p>Ce sont les \u00e9tudes classiques d\u2019Espagnol, plus particuli\u00e8rement r\u00e9serv\u00e9es aux \u00e9tudiants qui veulent se diriger vers l\u2019enseignement et la recherche.<\/p>\n<p>Le Centre d\u2019\u00c9tudes Universitaires de Madrid propose toutes les unit\u00e9s d\u2019enseignement obligatoires pour l\u2019obtention de la licence ainsi qu\u2019un certain nombre d\u2019enseignements optionnels. Pour toutes les unit\u00e9s d\u2019enseignement, le CEUM suit les programmes de la licence \u00e0 Toulouse.<\/p>\n<p>&nbsp;<\/p>\n","protected":false},"excerpt":{"rendered":"<p>Ce sont les \u00e9tudes classiques d\u2019Espagnol, plus particuli\u00e8rement r\u00e9serv\u00e9es aux \u00e9tudiants qui veulent se diriger vers l\u2019enseignement et la recherche. Le Centre d\u2019\u00c9tudes Universitaires de Madrid propose toutes les unit\u00e9s d\u2019enseignement obligatoires pour l\u2019obtention de la licence ainsi qu\u2019un certain nombre d\u2019enseignements optionnels. Pour toutes les unit\u00e9s d\u2019enseignement, le CEUM suit les programmes de la &hellip; <a href=\"https:\/\/blogs.univ-tlse2.fr\/madrid\/enseignements\/l3-espagnol\/\" class=\"more-link\">Continuer la lecture de <span class=\"screen-reader-text\">Licence 3 L.L.C.E. d\u2019Espagnol<\/span> <span class=\"meta-nav\">&rarr;<\/span><\/a><\/p>\n","protected":false},"author":10,"featured_media":0,"parent":12,"menu_order":0,"comment_status":"closed","ping_status":"closed","template":"","meta":{"footnotes":""},"class_list":["post-14","page","type-page","status-publish","hentry"],"_links":{"self":[{"href":"https:\/\/blogs.univ-tlse2.fr\/madrid\/wp-json\/wp\/v2\/pages\/14","targetHints":{"allow":["GET"]}}],"collection":[{"href":"https:\/\/blogs.univ-tlse2.fr\/madrid\/wp-json\/wp\/v2\/pages"}],"about":[{"href":"https:\/\/blogs.univ-tlse2.fr\/madrid\/wp-json\/wp\/v2\/types\/page"}],"author":[{"embeddable":true,"href":"https:\/\/blogs.univ-tlse2.fr\/madrid\/wp-json\/wp\/v2\/users\/10"}],"replies":[{"embeddable":true,"href":"https:\/\/blogs.univ-tlse2.fr\/madrid\/wp-json\/wp\/v2\/comments?post=14"}],"version-history":[{"count":3,"href":"https:\/\/blogs.univ-tlse2.fr\/madrid\/wp-json\/wp\/v2\/pages\/14\/revisions"}],"predecessor-version":[{"id":490,"href":"https:\/\/blogs.univ-tlse2.fr\/madrid\/wp-json\/wp\/v2\/pages\/14\/revisions\/490"}],"up":[{"embeddable":true,"href":"https:\/\/blogs.univ-tlse2.fr\/madrid\/wp-json\/wp\/v2\/pages\/12"}],"wp:attachment":[{"href":"https:\/\/blogs.univ-tlse2.fr\/madrid\/wp-json\/wp\/v2\/media?parent=14"}],"curies":[{"name":"wp","href":"https:\/\/api.w.org\/{rel}","templated":true}]}}