 {"id":16,"date":"2014-04-25T12:49:24","date_gmt":"2014-04-25T11:49:24","guid":{"rendered":"https:\/\/blogs.univ-tlse2.fr\/madrid\/?page_id=16"},"modified":"2014-06-13T14:39:23","modified_gmt":"2014-06-13T13:39:23","slug":"lea-3","status":"publish","type":"page","link":"https:\/\/blogs.univ-tlse2.fr\/madrid\/enseignements\/lea-3\/","title":{"rendered":"L.E.A. 3 Espagnol\u2013Anglais"},"content":{"rendered":"<p style=\"text-align: justify\">Les places en troisi\u00e8me ann\u00e9e de LEA \u00e0 Madrid sont limit\u00e9es \u00e0 20. Un classement des pr\u00e9inscrits est effectu\u00e9 d\u00e8s la publication des r\u00e9sultats en juin, en fonction des r\u00e9sultats obtenus dans les deux premi\u00e8res ann\u00e9es de Licence. Les \u00e9tudiants retenus doivent confirmer leur inscription sous huitaine. Une liste d\u00e9finitive est publi\u00e9e d\u00e9but juillet.<\/p>\n<p style=\"text-align: justify\">Le Centre d\u2019Etudes Universitaires de Madrid propose toutes les unit\u00e9s d\u2019enseignement obligatoires pour l\u2019obtention de la\u00a0<a href=\"http:\/\/lea.univ-tlse2.fr\/medias\/fichier\/maquette-generale-licence-lea_1324403952777.pdf\" target=\"_blank\">licence L.E.A.<\/a>\u00a0(Espagnol\u2013Anglais) parcours Commerce International.<\/p>\n<p style=\"text-align: justify\">Pour toutes les unit\u00e9s d\u2019enseignement le CEUM suit les programmes de la licence \u00e0 Toulouse, mais les mati\u00e8res d\u2019application sont enseign\u00e9es en Espagnol.<\/p>\n<p style=\"text-align: justify\">Le stage en entreprise, n\u00e9cessaire pour l\u2019obtention de la licence peut, pour les \u00e9tudiants qui le d\u00e9sirent, avoir lieu en Espagne, dans des entreprises ou des institutions situ\u00e9es \u00e0 Madrid ou en province, ainsi que dans des filiales d\u2019entreprises \u00e9trang\u00e8res, notamment fran\u00e7aises.<\/p>\n<p style=\"text-align: justify\">Pour les \u00e9tudiants LEA de Madrid, les\u00a0<a href=\"http:\/\/lea.univ-tlse2.fr\/accueil-lea\/stages-et-missions\/les-stages-dans-la-formation-lea-141657.kjsp?RH=1323336674417&amp;RF=1323336674417\" target=\"_blank\">dates<\/a>\u00a0de stage et de remise du rapport sont les m\u00eames que pour les \u00e9tudiants toulousains.<\/p>\n","protected":false},"excerpt":{"rendered":"<p>Les places en troisi\u00e8me ann\u00e9e de LEA \u00e0 Madrid sont limit\u00e9es \u00e0 20. Un classement des pr\u00e9inscrits est effectu\u00e9 d\u00e8s la publication des r\u00e9sultats en juin, en fonction des r\u00e9sultats obtenus dans les deux premi\u00e8res ann\u00e9es de Licence. Les \u00e9tudiants retenus doivent confirmer leur inscription sous huitaine. Une liste d\u00e9finitive est publi\u00e9e d\u00e9but juillet. Le &hellip; <a href=\"https:\/\/blogs.univ-tlse2.fr\/madrid\/enseignements\/lea-3\/\" class=\"more-link\">Continuer la lecture de <span class=\"screen-reader-text\">L.E.A. 3 Espagnol\u2013Anglais<\/span> <span class=\"meta-nav\">&rarr;<\/span><\/a><\/p>\n","protected":false},"author":10,"featured_media":0,"parent":12,"menu_order":0,"comment_status":"closed","ping_status":"closed","template":"","meta":{"footnotes":""},"class_list":["post-16","page","type-page","status-publish","hentry"],"_links":{"self":[{"href":"https:\/\/blogs.univ-tlse2.fr\/madrid\/wp-json\/wp\/v2\/pages\/16","targetHints":{"allow":["GET"]}}],"collection":[{"href":"https:\/\/blogs.univ-tlse2.fr\/madrid\/wp-json\/wp\/v2\/pages"}],"about":[{"href":"https:\/\/blogs.univ-tlse2.fr\/madrid\/wp-json\/wp\/v2\/types\/page"}],"author":[{"embeddable":true,"href":"https:\/\/blogs.univ-tlse2.fr\/madrid\/wp-json\/wp\/v2\/users\/10"}],"replies":[{"embeddable":true,"href":"https:\/\/blogs.univ-tlse2.fr\/madrid\/wp-json\/wp\/v2\/comments?post=16"}],"version-history":[{"count":4,"href":"https:\/\/blogs.univ-tlse2.fr\/madrid\/wp-json\/wp\/v2\/pages\/16\/revisions"}],"predecessor-version":[{"id":267,"href":"https:\/\/blogs.univ-tlse2.fr\/madrid\/wp-json\/wp\/v2\/pages\/16\/revisions\/267"}],"up":[{"embeddable":true,"href":"https:\/\/blogs.univ-tlse2.fr\/madrid\/wp-json\/wp\/v2\/pages\/12"}],"wp:attachment":[{"href":"https:\/\/blogs.univ-tlse2.fr\/madrid\/wp-json\/wp\/v2\/media?parent=16"}],"curies":[{"name":"wp","href":"https:\/\/api.w.org\/{rel}","templated":true}]}}