 {"id":20,"date":"2014-04-25T12:54:01","date_gmt":"2014-04-25T11:54:01","guid":{"rendered":"https:\/\/blogs.univ-tlse2.fr\/madrid\/?page_id=20"},"modified":"2016-04-26T13:17:07","modified_gmt":"2016-04-26T12:17:07","slug":"bourses","status":"publish","type":"page","link":"https:\/\/blogs.univ-tlse2.fr\/madrid\/bourses\/","title":{"rendered":"Bourses"},"content":{"rendered":"<p>Les \u00e9tudiants boursiers du CROUS peuvent b\u00e9n\u00e9ficier d\u2019une\u00a0<a href=\"http:\/\/www.midipyrenees.fr\/Midi-Pyrenees-Horizons\" target=\"_blank\">bourse de mobilit\u00e9<\/a>\u00a0au CEUM. Ils peuvent demander l\u2019aide du Conseil R\u00e9gional Midi-Pyr\u00e9n\u00e9es. Par contre, ils ne peuvent pas b\u00e9n\u00e9ficier d&rsquo;une bourse Erasmus.<\/p>\n<p>Pour les\u00a0<a href=\"http:\/\/www.univ-tlse2.fr\/accueil\/international\/partir-a-l-etranger\/bourses-regionales-de-stage-a-l-etranger-49309.kjsp?RH=UTM\" target=\"_blank\">bourses de Stage<\/a>, vous trouverez sur le lien suivant, les crit\u00e8res de s\u00e9lection et les dossiers \u00e0 t\u00e9l\u00e9charger pour faire une demande.<\/p>\n<hr \/>\n<p style=\"text-align: center\"><strong> Modalit\u00e9s de paiement bourses d&rsquo;\u00e9tudes, stages, ch\u00e8ques &#8211; r\u00e9gion midi-pyrenn\u00e9es<\/strong><\/p>\n<p style=\"text-align: center\"><a href=\"https:\/\/blogs.univ-tlse2.fr\/madrid\/files\/2014\/04\/MODALITES-ATTESTATION-DE-BOURSE-DETUDES.jpg\" rel=\"attachment wp-att-524\"><img loading=\"lazy\" decoding=\"async\" class=\"alignnone size-medium wp-image-524\" src=\"https:\/\/blogs.univ-tlse2.fr\/madrid\/files\/2014\/04\/MODALITES-ATTESTATION-DE-BOURSE-DETUDES-212x300.jpg\" alt=\"MODALITES ATTESTATION DE BOURSE D'ETUDES\" width=\"212\" height=\"300\" srcset=\"https:\/\/blogs.univ-tlse2.fr\/madrid\/files\/2014\/04\/MODALITES-ATTESTATION-DE-BOURSE-DETUDES-212x300.jpg 212w, https:\/\/blogs.univ-tlse2.fr\/madrid\/files\/2014\/04\/MODALITES-ATTESTATION-DE-BOURSE-DETUDES-768x1086.jpg 768w, https:\/\/blogs.univ-tlse2.fr\/madrid\/files\/2014\/04\/MODALITES-ATTESTATION-DE-BOURSE-DETUDES-724x1024.jpg 724w, https:\/\/blogs.univ-tlse2.fr\/madrid\/files\/2014\/04\/MODALITES-ATTESTATION-DE-BOURSE-DETUDES-300x424.jpg 300w, https:\/\/blogs.univ-tlse2.fr\/madrid\/files\/2014\/04\/MODALITES-ATTESTATION-DE-BOURSE-DETUDES.jpg 1240w\" sizes=\"auto, (max-width: 212px) 100vw, 212px\" \/><\/a><\/p>\n<p style=\"text-align: center\"><a href=\"https:\/\/blogs.univ-tlse2.fr\/madrid\/files\/2014\/04\/MODALITES-ATTESTATION-DE-BOURSE-DETUDES.pdf\" target=\"_blank\" rel=\"\">T\u00e9l\u00e9charger \u00ab\u00a0MODALITES ATTESTATION DE BOURSE D&rsquo;ETUDES\u00a0\u00bb au format PDF<\/a><\/p>\n","protected":false},"excerpt":{"rendered":"<p>Les \u00e9tudiants boursiers du CROUS peuvent b\u00e9n\u00e9ficier d\u2019une\u00a0bourse de mobilit\u00e9\u00a0au CEUM. Ils peuvent demander l\u2019aide du Conseil R\u00e9gional Midi-Pyr\u00e9n\u00e9es. Par contre, ils ne peuvent pas b\u00e9n\u00e9ficier d&rsquo;une bourse Erasmus. Pour les\u00a0bourses de Stage, vous trouverez sur le lien suivant, les crit\u00e8res de s\u00e9lection et les dossiers \u00e0 t\u00e9l\u00e9charger pour faire une demande. Modalit\u00e9s de paiement &hellip; <a href=\"https:\/\/blogs.univ-tlse2.fr\/madrid\/bourses\/\" class=\"more-link\">Continuer la lecture de <span class=\"screen-reader-text\">Bourses<\/span> <span class=\"meta-nav\">&rarr;<\/span><\/a><\/p>\n","protected":false},"author":10,"featured_media":0,"parent":0,"menu_order":0,"comment_status":"closed","ping_status":"closed","template":"","meta":{"footnotes":""},"class_list":["post-20","page","type-page","status-publish","hentry"],"_links":{"self":[{"href":"https:\/\/blogs.univ-tlse2.fr\/madrid\/wp-json\/wp\/v2\/pages\/20","targetHints":{"allow":["GET"]}}],"collection":[{"href":"https:\/\/blogs.univ-tlse2.fr\/madrid\/wp-json\/wp\/v2\/pages"}],"about":[{"href":"https:\/\/blogs.univ-tlse2.fr\/madrid\/wp-json\/wp\/v2\/types\/page"}],"author":[{"embeddable":true,"href":"https:\/\/blogs.univ-tlse2.fr\/madrid\/wp-json\/wp\/v2\/users\/10"}],"replies":[{"embeddable":true,"href":"https:\/\/blogs.univ-tlse2.fr\/madrid\/wp-json\/wp\/v2\/comments?post=20"}],"version-history":[{"count":7,"href":"https:\/\/blogs.univ-tlse2.fr\/madrid\/wp-json\/wp\/v2\/pages\/20\/revisions"}],"predecessor-version":[{"id":527,"href":"https:\/\/blogs.univ-tlse2.fr\/madrid\/wp-json\/wp\/v2\/pages\/20\/revisions\/527"}],"wp:attachment":[{"href":"https:\/\/blogs.univ-tlse2.fr\/madrid\/wp-json\/wp\/v2\/media?parent=20"}],"curies":[{"name":"wp","href":"https:\/\/api.w.org\/{rel}","templated":true}]}}