 {"id":24,"date":"2014-04-25T12:56:47","date_gmt":"2014-04-25T11:56:47","guid":{"rendered":"https:\/\/blogs.univ-tlse2.fr\/madrid\/?page_id=24"},"modified":"2014-05-30T13:43:44","modified_gmt":"2014-05-30T12:43:44","slug":"logement","status":"publish","type":"page","link":"https:\/\/blogs.univ-tlse2.fr\/madrid\/madrid\/logement\/","title":{"rendered":"Logement"},"content":{"rendered":"<p>La recherche d\u2019un logement est \u00e0 la charge des \u00e9tudiants.<\/p>\n<p>Les loyers varient entre 300 et 400 euros, en fonction du quartier mais \u00e9galement des services compris dans le loyer. Pensez toujours \u00e0 demander si les charges sont inclues dans le loyer et \u00e0 bien demander ce qu\u2019elles repr\u00e9sentent (chauffage, eau, \u00e9lectricit\u00e9, gaz, Internet\u2026).<\/p>\n<p>Les \u00e9tudiants du C.E.U.M. visitent en moyenne entre 10 et 20 appartements ou chambres avant de trouver.<\/p>\n<p>En g\u00e9n\u00e9ral il n\u2019y a pas de contrat, vous devrez laisser un mois de loyer en guise de caution puis r\u00e9gler le loyer tous les mois directement au propri\u00e9taire.<\/p>\n<p>Les chambres sont, dans la plupart de cas meubl\u00e9es, mais s\u2019il vous manque quelque chose (un bureau, une lampe, des casseroles) n\u2019h\u00e9sitez pas \u00e0 le demander au propri\u00e9taire.<\/p>\n<p>La meilleure solution, outre les avantages du point de vue \u00e9conomique, est de partager un appartement avec des \u00e9tudiants espagnols.<\/p>\n<p>Ne vous fiez pas trop des photos publi\u00e9es dans les diff\u00e9rents sites qui sont parfois trompeuses. Visitez les appartements avant de prendre un engagement.<\/p>\n<p>La plupart des \u00e9tudiants ont trouv\u00e9 dans les sites suivants :<\/p>\n<ul>\n<li><a href=\"http:\/\/www.idealista.com\/\" target=\"_blank\">www.idealista.com<\/a><\/li>\n<li><a href=\"http:\/\/www.easypiso.com\/\" target=\"_blank\">www.easypiso.com<\/a><\/li>\n<li><a href=\"http:\/\/www.loquo.com\/\" target=\"_blank\">www.loquo.com<\/a><\/li>\n<li><a href=\"http:\/\/www.pisocompartido.com\/\" target=\"_blank\">www.pisocompartido.com<\/a><\/li>\n<li><a href=\"http:\/\/www.pisoparaestudiantes.com\/\" target=\"_blank\">www.pisoparaestudiantes.com<\/a><\/li>\n<li><a href=\"http:\/\/www.emes.es\/\" target=\"_blank\">www.emes.es<\/a><\/li>\n<\/ul>\n<p>&nbsp;<\/p>\n<p>Vous pouvez \u00e9galement trouver des petites annonces dans le tableau d\u2019affichage de l\u2019Institut Fran\u00e7ais de Madrid.<\/p>\n","protected":false},"excerpt":{"rendered":"<p>La recherche d\u2019un logement est \u00e0 la charge des \u00e9tudiants. Les loyers varient entre 300 et 400 euros, en fonction du quartier mais \u00e9galement des services compris dans le loyer. Pensez toujours \u00e0 demander si les charges sont inclues dans le loyer et \u00e0 bien demander ce qu\u2019elles repr\u00e9sentent (chauffage, eau, \u00e9lectricit\u00e9, gaz, Internet\u2026). Les &hellip; <a href=\"https:\/\/blogs.univ-tlse2.fr\/madrid\/madrid\/logement\/\" class=\"more-link\">Continuer la lecture de <span class=\"screen-reader-text\">Logement<\/span> <span class=\"meta-nav\">&rarr;<\/span><\/a><\/p>\n","protected":false},"author":10,"featured_media":0,"parent":22,"menu_order":0,"comment_status":"closed","ping_status":"closed","template":"","meta":{"footnotes":""},"class_list":["post-24","page","type-page","status-publish","hentry"],"_links":{"self":[{"href":"https:\/\/blogs.univ-tlse2.fr\/madrid\/wp-json\/wp\/v2\/pages\/24","targetHints":{"allow":["GET"]}}],"collection":[{"href":"https:\/\/blogs.univ-tlse2.fr\/madrid\/wp-json\/wp\/v2\/pages"}],"about":[{"href":"https:\/\/blogs.univ-tlse2.fr\/madrid\/wp-json\/wp\/v2\/types\/page"}],"author":[{"embeddable":true,"href":"https:\/\/blogs.univ-tlse2.fr\/madrid\/wp-json\/wp\/v2\/users\/10"}],"replies":[{"embeddable":true,"href":"https:\/\/blogs.univ-tlse2.fr\/madrid\/wp-json\/wp\/v2\/comments?post=24"}],"version-history":[{"count":4,"href":"https:\/\/blogs.univ-tlse2.fr\/madrid\/wp-json\/wp\/v2\/pages\/24\/revisions"}],"predecessor-version":[{"id":233,"href":"https:\/\/blogs.univ-tlse2.fr\/madrid\/wp-json\/wp\/v2\/pages\/24\/revisions\/233"}],"up":[{"embeddable":true,"href":"https:\/\/blogs.univ-tlse2.fr\/madrid\/wp-json\/wp\/v2\/pages\/22"}],"wp:attachment":[{"href":"https:\/\/blogs.univ-tlse2.fr\/madrid\/wp-json\/wp\/v2\/media?parent=24"}],"curies":[{"name":"wp","href":"https:\/\/api.w.org\/{rel}","templated":true}]}}