 {"id":257,"date":"2014-06-12T10:43:04","date_gmt":"2014-06-12T09:43:04","guid":{"rendered":"https:\/\/blogs.univ-tlse2.fr\/madrid\/?page_id=257"},"modified":"2015-03-12T21:25:21","modified_gmt":"2015-03-12T20:25:21","slug":"f-a-q","status":"publish","type":"page","link":"https:\/\/blogs.univ-tlse2.fr\/madrid\/f-a-q\/","title":{"rendered":"F.A.Q."},"content":{"rendered":"<p><em>Est-ce que la bourse de Mobilit\u00e9 de la R\u00e9gion et ma Bourse du Crous sont cumulables?<\/em><\/p>\n<pre>Oui, vous pouvez cumuler les deux.<\/pre>\n<p><em>Si je fais ma troisi\u00e8me ann\u00e9e au CEUM, est-ce que je peux pourrai dans l&rsquo;avenir postuler \u00e0 une Bourse Erasmus?<\/em><\/p>\n<pre style=\"padding-left: 30px\">Oui, bien entendu. L'ann\u00e9e que vous passez au CEUM est un inscription \u00e0 l'UT2J. Vous pourrez parfaitement demander un mobilit\u00e9 Erasmus en L2 ou en M1.<\/pre>\n<p><em>Est-ce que je suis oblig\u00e9e de choisir les options propos\u00e9es par le CEUM?<\/em><\/p>\n<pre style=\"padding-left: 30px\">Non. Vous pouvez \u00e9galement prendre\u00a0les options en LEA comme en LLCE propos\u00e9es par l'Universit\u00e9 par le SED. Que ce soit une autre langue, un module FLE, etc... En revanche, vous devrez passer le partiels \u00e0 Toulouse. En g\u00e9n\u00e9ral les \u00e9tudiants inscrita en SED passent le contr\u00f4le terminal en juin pour \u00e9viter les aller-retours.<\/pre>\n<p><em>Je suis en LEA, est-ce que je dois faire obligatoirement mon stage en Espagne?<\/em><\/p>\n<pre style=\"padding-left: 30px\">Il est vivement recommand\u00e9 de faire le stage de troisi\u00e8me ann\u00e9e pour les LEA en Espagne. Cela vous permet de parfaire votre espagnol et c'est sans aucun doute un plus sur votre CV.<\/pre>\n<p><em>Les examens se d\u00e9roulent \u00e0 Madrid ou \u00e0 Toulouse?<\/em><\/p>\n<pre style=\"padding-left: 30px\">Les premi\u00e8res sessions du premier et du deuxi\u00e8me semestre se d\u00e9roulent \u00e0 Madrid. Par-contre la deuxi\u00e8me session \u00e0 lieu \u00e0 Toulouse.<\/pre>\n<p><em>Si je ne suis pas de l&rsquo;UT2J, est-ce que je peux m&rsquo;inscrire au CEUM?<\/em><\/p>\n<pre style=\"padding-left: 30px\">Oui. Si vous avez valid\u00e9 votre L2, il vous suffit de transmettre votre dossier \u00e0 l'Universit\u00e9 de Toulouse. Vous pouvez contacter Mme Castella pour plus de pr\u00e9cisions.<\/pre>\n<p><em>L&rsquo;ann\u00e9e au CEUM est-elle payante?<\/em><\/p>\n<pre>Non. Vous devez acquitter vos frais d'inscription\u00a0\u00e0 l'UT2J.<\/pre>\n<p><em>Est-ce que je peux faire un seul semestre au CEUM?<\/em><\/p>\n<pre>Non. Vous vous engagez pour une ann\u00e9e universitaire.<\/pre>\n","protected":false},"excerpt":{"rendered":"<p>Est-ce que la bourse de Mobilit\u00e9 de la R\u00e9gion et ma Bourse du Crous sont cumulables? Oui, vous pouvez cumuler les deux. Si je fais ma troisi\u00e8me ann\u00e9e au CEUM, est-ce que je peux pourrai dans l&rsquo;avenir postuler \u00e0 une Bourse Erasmus? Oui, bien entendu. L&rsquo;ann\u00e9e que vous passez au CEUM est un inscription \u00e0 &hellip; <a href=\"https:\/\/blogs.univ-tlse2.fr\/madrid\/f-a-q\/\" class=\"more-link\">Continuer la lecture de <span class=\"screen-reader-text\">F.A.Q.<\/span> <span class=\"meta-nav\">&rarr;<\/span><\/a><\/p>\n","protected":false},"author":236,"featured_media":0,"parent":0,"menu_order":0,"comment_status":"closed","ping_status":"open","template":"","meta":{"footnotes":""},"class_list":["post-257","page","type-page","status-publish","hentry"],"_links":{"self":[{"href":"https:\/\/blogs.univ-tlse2.fr\/madrid\/wp-json\/wp\/v2\/pages\/257","targetHints":{"allow":["GET"]}}],"collection":[{"href":"https:\/\/blogs.univ-tlse2.fr\/madrid\/wp-json\/wp\/v2\/pages"}],"about":[{"href":"https:\/\/blogs.univ-tlse2.fr\/madrid\/wp-json\/wp\/v2\/types\/page"}],"author":[{"embeddable":true,"href":"https:\/\/blogs.univ-tlse2.fr\/madrid\/wp-json\/wp\/v2\/users\/236"}],"replies":[{"embeddable":true,"href":"https:\/\/blogs.univ-tlse2.fr\/madrid\/wp-json\/wp\/v2\/comments?post=257"}],"version-history":[{"count":6,"href":"https:\/\/blogs.univ-tlse2.fr\/madrid\/wp-json\/wp\/v2\/pages\/257\/revisions"}],"predecessor-version":[{"id":403,"href":"https:\/\/blogs.univ-tlse2.fr\/madrid\/wp-json\/wp\/v2\/pages\/257\/revisions\/403"}],"wp:attachment":[{"href":"https:\/\/blogs.univ-tlse2.fr\/madrid\/wp-json\/wp\/v2\/media?parent=257"}],"curies":[{"name":"wp","href":"https:\/\/api.w.org\/{rel}","templated":true}]}}