 {"id":445,"date":"2015-12-17T12:52:01","date_gmt":"2015-12-17T11:52:01","guid":{"rendered":"https:\/\/blogs.univ-tlse2.fr\/madrid\/?page_id=445"},"modified":"2015-12-17T12:55:31","modified_gmt":"2015-12-17T11:55:31","slug":"le-ceum","status":"publish","type":"page","link":"https:\/\/blogs.univ-tlse2.fr\/madrid\/","title":{"rendered":"Le CEUM"},"content":{"rendered":"<h2 style=\"text-align: center\">Une ann\u00e9e universitaire de Licence 3 en immersion compl\u00e8te \u00e0 Madrid<\/h2>\n<h2 style=\"text-align: center\">Le CEUM &#8211; Centre d\u2019\u00c9tudes Universitaires de Madrid<\/h2>\n<p>Le Centre d\u2019\u00c9tudes Universitaires de Madrid (CEUM) est une antenne universitaire du D\u00e9partement d\u2019\u00c9tudes Hispaniques et Hispano-am\u00e9ricaines de l\u2019Universit\u00e9 Toulouse-Jean Jaur\u00e8s.<\/p>\n<p>Il s\u2019adresse aux \u00e9tudiants d\u00e9j\u00e0 titulaires des deux premi\u00e8res ann\u00e9es d\u2019Espagnol LLCE et LEA d\u2019une universit\u00e9 fran\u00e7aise.<\/p>\n<ul>\n<li>Le programme des \u00e9tudes est celui de l\u2019Universit\u00e9 de Toulouse-Jean Jaur\u00e8s et le dipl\u00f4me qui sanctionne cette ann\u00e9e de Licence 3 LLCE ou LEA est le m\u00eame qu\u2019\u00e0 Toulouse. Les \u00e9tudiants sont inscrits en contr\u00f4le continu et donc soumis aux m\u00eames modalit\u00e9s d\u2019\u00e9valuation que les \u00e9tudiants de Toulouse. Les examens de la premi\u00e8re session se d\u00e9roulent \u00e0 Madrid ; la deuxi\u00e8me session a lieu \u00e0 Toulouse.<\/li>\n<li>Les \u00e9tudiants profitent ainsi d\u2019une exp\u00e9rience \u00e0 l\u2019\u00e9tranger sans aucun probl\u00e8me d\u2019\u00e9quivalence et sans perdre les avantages d\u2019un \u00e9tudiant en France (S\u00e9curit\u00e9 Sociale, mutuelles, bourses, etc\u2026).<\/li>\n<li>Au terme de leur s\u00e9jour, les \u00e9tudiants du CEUM auront donc la double formation th\u00e9orique et pratique, propre au cursus. Ils auront ainsi pu profiter d\u2019une exp\u00e9rience \u00e0 l\u2019\u00e9tranger sans perdre les avantages d\u2019\u00eatre \u00e9tudiant en France.<\/li>\n<li>Les cours sont dispens\u00e9s dans les locaux de l\u2019Institut Fran\u00e7ais de Madrid (IFM), calle Marqu\u00e9s de la Ensenada.<\/li>\n<\/ul>\n<p>Les \u00e9tudiants inscrits au C.E.U.M. b\u00e9n\u00e9ficient \u00e0 l\u2019IFM des services et avantages suivants :<\/p>\n<ul>\n<li>Effectifs r\u00e9duits<\/li>\n<li>Acc\u00e8s wifi gratuit, adh\u00e9sion \u00e0 la M\u00e9diath\u00e8que de l\u2019Institut Fran\u00e7ais de Madrid et au service de pr\u00eat de livres gr\u00e2ce au fonds propre du Centre<\/li>\n<li>Une convention sign\u00e9e entre l\u2019Institut Fran\u00e7ais de Madrid et l\u2019Universit\u00e9 de Toulouse-Jean Jaur\u00e8s permet \u00e0 deux \u00e9tudiants de dispenser des heures de monitorat<\/li>\n<\/ul>\n<p>Pour de plus amples informations au sujet des licences L3 LEA et LLCE du CEUM, merci de prendre contact avec la direction du CEUM : <strong><a href=\"&#x6d;a&#x69;&#108;&#x74;&#x6f;:&#x72;&#101;&#x73;&#x70;c&#x65;&#117;&#x6d;&#x40;u&#x6e;&#105;&#x76;&#x2d;t&#x6c;&#115;&#x65;&#x32;&#46;&#x66;&#114;\">&#114;e&#x73;p&#x63;e&#x75;&#109;&#x40;&#117;n&#x69;v&#x2d;t&#x6c;s&#x65;&#50;&#x2e;&#102;r<\/a><\/strong> Les \u00e9tudiants du CEUM sont \u00e9tudiants de droit de l\u2019Universit\u00e9 Jean Jaur\u00e8s. Cette inscription vaudra validation du s\u00e9jour.<\/p>\n","protected":false},"excerpt":{"rendered":"<p>Une ann\u00e9e universitaire de Licence 3 en immersion compl\u00e8te \u00e0 Madrid Le CEUM &#8211; Centre d\u2019\u00c9tudes Universitaires de Madrid Le Centre d\u2019\u00c9tudes Universitaires de Madrid (CEUM) est une antenne universitaire du D\u00e9partement d\u2019\u00c9tudes Hispaniques et Hispano-am\u00e9ricaines de l\u2019Universit\u00e9 Toulouse-Jean Jaur\u00e8s. Il s\u2019adresse aux \u00e9tudiants d\u00e9j\u00e0 titulaires des deux premi\u00e8res ann\u00e9es d\u2019Espagnol LLCE et LEA d\u2019une &hellip; <a href=\"https:\/\/blogs.univ-tlse2.fr\/madrid\/\" class=\"more-link\">Continuer la lecture de <span class=\"screen-reader-text\">Le CEUM<\/span> <span class=\"meta-nav\">&rarr;<\/span><\/a><\/p>\n","protected":false},"author":294,"featured_media":0,"parent":0,"menu_order":0,"comment_status":"closed","ping_status":"closed","template":"","meta":{"footnotes":""},"class_list":["post-445","page","type-page","status-publish","hentry"],"_links":{"self":[{"href":"https:\/\/blogs.univ-tlse2.fr\/madrid\/wp-json\/wp\/v2\/pages\/445","targetHints":{"allow":["GET"]}}],"collection":[{"href":"https:\/\/blogs.univ-tlse2.fr\/madrid\/wp-json\/wp\/v2\/pages"}],"about":[{"href":"https:\/\/blogs.univ-tlse2.fr\/madrid\/wp-json\/wp\/v2\/types\/page"}],"author":[{"embeddable":true,"href":"https:\/\/blogs.univ-tlse2.fr\/madrid\/wp-json\/wp\/v2\/users\/294"}],"replies":[{"embeddable":true,"href":"https:\/\/blogs.univ-tlse2.fr\/madrid\/wp-json\/wp\/v2\/comments?post=445"}],"version-history":[{"count":3,"href":"https:\/\/blogs.univ-tlse2.fr\/madrid\/wp-json\/wp\/v2\/pages\/445\/revisions"}],"predecessor-version":[{"id":449,"href":"https:\/\/blogs.univ-tlse2.fr\/madrid\/wp-json\/wp\/v2\/pages\/445\/revisions\/449"}],"wp:attachment":[{"href":"https:\/\/blogs.univ-tlse2.fr\/madrid\/wp-json\/wp\/v2\/media?parent=445"}],"curies":[{"name":"wp","href":"https:\/\/api.w.org\/{rel}","templated":true}]}}