 {"id":453,"date":"2015-12-17T13:29:06","date_gmt":"2015-12-17T12:29:06","guid":{"rendered":"https:\/\/blogs.univ-tlse2.fr\/madrid\/?page_id=453"},"modified":"2016-04-29T07:21:07","modified_gmt":"2016-04-29T06:21:07","slug":"emploi-du-temps-lea-2015-2016","status":"publish","type":"page","link":"https:\/\/blogs.univ-tlse2.fr\/madrid\/emploi-du-temps-lea-2015-2016\/","title":{"rendered":"Emplois du temps LEA 2015-2016"},"content":{"rendered":"<p style=\"text-align: center\"><strong>Emploi du temps des cours LEA du 1er semestre<\/strong><\/p>\n<p style=\"text-align: center\"><a href=\"https:\/\/blogs.univ-tlse2.fr\/madrid\/files\/2015\/12\/EDT-LEA-1-semestre.jpg\" target=\"_blank\"><img loading=\"lazy\" decoding=\"async\" class=\"alignnone size-medium wp-image-465\" src=\"https:\/\/blogs.univ-tlse2.fr\/madrid\/files\/2015\/12\/EDT-LEA-1-semestre-300x212.jpg\" alt=\"EDT LEA 1 semestre\" width=\"300\" height=\"212\" srcset=\"https:\/\/blogs.univ-tlse2.fr\/madrid\/files\/2015\/12\/EDT-LEA-1-semestre-300x212.jpg 300w, https:\/\/blogs.univ-tlse2.fr\/madrid\/files\/2015\/12\/EDT-LEA-1-semestre-1024x724.jpg 1024w, https:\/\/blogs.univ-tlse2.fr\/madrid\/files\/2015\/12\/EDT-LEA-1-semestre.jpg 1754w\" sizes=\"auto, (max-width: 300px) 100vw, 300px\" \/><\/a><\/p>\n<p style=\"text-align: center\"><a href=\"https:\/\/blogs.univ-tlse2.fr\/madrid\/files\/2015\/12\/EDT-LEA-1-semestre.pdf\" target=\"_blank\">T\u00e9l\u00e9charger l&#8217;emploi du temps LEA 1er semestre au format pdf ici<\/a><\/p>\n<hr \/>\n<p style=\"text-align: center\"><strong>Emploi du temps des cours LEA du 2\u00e8me semestre<\/strong><\/p>\n<p style=\"text-align: center\"><a href=\"https:\/\/blogs.univ-tlse2.fr\/madrid\/files\/2015\/12\/EDT-LEA-2-semestre.jpg\" target=\"_blank\"><img loading=\"lazy\" decoding=\"async\" class=\"alignnone size-medium wp-image-468\" src=\"https:\/\/blogs.univ-tlse2.fr\/madrid\/files\/2015\/12\/EDT-LEA-2-semestre-300x212.jpg\" alt=\"EDT LEA 2 semestre\" width=\"300\" height=\"212\" srcset=\"https:\/\/blogs.univ-tlse2.fr\/madrid\/files\/2015\/12\/EDT-LEA-2-semestre-300x212.jpg 300w, https:\/\/blogs.univ-tlse2.fr\/madrid\/files\/2015\/12\/EDT-LEA-2-semestre-1024x724.jpg 1024w, https:\/\/blogs.univ-tlse2.fr\/madrid\/files\/2015\/12\/EDT-LEA-2-semestre.jpg 1754w\" sizes=\"auto, (max-width: 300px) 100vw, 300px\" \/><\/a><\/p>\n<p style=\"text-align: center\"><a href=\"https:\/\/blogs.univ-tlse2.fr\/madrid\/files\/2015\/12\/EDT-LEA-2-semestre.pdf\" target=\"_blank\">T\u00e9l\u00e9charger l&#8217;emploi du temps LEA 2\u00e8me semestre au format pdf ici<\/a><\/p>\n<hr \/>\n<p style=\"text-align: center\"><strong>Emploi du temps des examens LEA du 1er semestre<\/strong><a href=\"https:\/\/blogs.univ-tlse2.fr\/madrid\/files\/2015\/12\/EDT-EXAMENS-LEA-1-semestre.pdf\" target=\"_blank\"><img loading=\"lazy\" decoding=\"async\" class=\"aligncenter wp-image-455 size-medium\" src=\"https:\/\/blogs.univ-tlse2.fr\/madrid\/files\/2015\/12\/EDT-EXAMENS-LEA-1-semestre-300x212.jpg\" alt=\"EDT EXAMENS LEA 1 semestre\" width=\"300\" height=\"212\" srcset=\"https:\/\/blogs.univ-tlse2.fr\/madrid\/files\/2015\/12\/EDT-EXAMENS-LEA-1-semestre-300x212.jpg 300w, https:\/\/blogs.univ-tlse2.fr\/madrid\/files\/2015\/12\/EDT-EXAMENS-LEA-1-semestre-1024x724.jpg 1024w, https:\/\/blogs.univ-tlse2.fr\/madrid\/files\/2015\/12\/EDT-EXAMENS-LEA-1-semestre.jpg 1754w\" sizes=\"auto, (max-width: 300px) 100vw, 300px\" \/><\/a><\/p>\n<p style=\"text-align: center\"><a href=\"https:\/\/blogs.univ-tlse2.fr\/madrid\/files\/2015\/12\/EDT-EXAMENS-LEA-1-semestre.pdf\" target=\"_blank\">T\u00e9l\u00e9charger l&#8217;emploi du temps des examens LEA 1er semestre au format pdf ici<\/a><\/p>\n<hr \/>\n<p style=\"text-align: center\"><strong>Emploi du temps des examens LEA du 2\u00e8me semestre<\/strong><\/p>\n<p style=\"text-align: center\"><a href=\"https:\/\/blogs.univ-tlse2.fr\/madrid\/files\/2015\/12\/EDT-EXAMENS-2nd-SEMESTRE-LEA-16032016.jpg\" rel=\"attachment wp-att-528\"><img loading=\"lazy\" decoding=\"async\" class=\"alignnone size-medium wp-image-528\" src=\"https:\/\/blogs.univ-tlse2.fr\/madrid\/files\/2015\/12\/EDT-EXAMENS-2nd-SEMESTRE-LEA-16032016-300x212.jpg\" alt=\"EDT EXAMENS 2nd SEMESTRE LEA 16032016\" width=\"300\" height=\"212\" srcset=\"https:\/\/blogs.univ-tlse2.fr\/madrid\/files\/2015\/12\/EDT-EXAMENS-2nd-SEMESTRE-LEA-16032016-300x212.jpg 300w, https:\/\/blogs.univ-tlse2.fr\/madrid\/files\/2015\/12\/EDT-EXAMENS-2nd-SEMESTRE-LEA-16032016-768x543.jpg 768w, https:\/\/blogs.univ-tlse2.fr\/madrid\/files\/2015\/12\/EDT-EXAMENS-2nd-SEMESTRE-LEA-16032016-1024x724.jpg 1024w, https:\/\/blogs.univ-tlse2.fr\/madrid\/files\/2015\/12\/EDT-EXAMENS-2nd-SEMESTRE-LEA-16032016.jpg 1754w\" sizes=\"auto, (max-width: 300px) 100vw, 300px\" \/><\/a><\/p>\n<p style=\"text-align: center\"><a href=\"https:\/\/blogs.univ-tlse2.fr\/madrid\/files\/2015\/12\/EDT-EXAMENS-2nd-SEMESTRE-LEA-16032016.pdf\" rel=\"\">EDT EXAMENS 2nd SEMESTRE LEA<\/a><\/p>\n<hr \/>\n<p style=\"text-align: center\">\n","protected":false},"excerpt":{"rendered":"<p>Emploi du temps des cours LEA du 1er semestre T\u00e9l\u00e9charger l&#8217;emploi du temps LEA 1er semestre au format pdf ici Emploi du temps des cours LEA du 2\u00e8me semestre T\u00e9l\u00e9charger l&#8217;emploi du temps LEA 2\u00e8me semestre au format pdf ici Emploi du temps des examens LEA du 1er semestre T\u00e9l\u00e9charger l&#8217;emploi du temps des examens &hellip; <a href=\"https:\/\/blogs.univ-tlse2.fr\/madrid\/emploi-du-temps-lea-2015-2016\/\" class=\"more-link\">Continuer la lecture de <span class=\"screen-reader-text\">Emplois du temps LEA 2015-2016<\/span> <span class=\"meta-nav\">&rarr;<\/span><\/a><\/p>\n","protected":false},"author":294,"featured_media":0,"parent":0,"menu_order":0,"comment_status":"closed","ping_status":"closed","template":"","meta":{"footnotes":""},"class_list":["post-453","page","type-page","status-publish","hentry"],"_links":{"self":[{"href":"https:\/\/blogs.univ-tlse2.fr\/madrid\/wp-json\/wp\/v2\/pages\/453","targetHints":{"allow":["GET"]}}],"collection":[{"href":"https:\/\/blogs.univ-tlse2.fr\/madrid\/wp-json\/wp\/v2\/pages"}],"about":[{"href":"https:\/\/blogs.univ-tlse2.fr\/madrid\/wp-json\/wp\/v2\/types\/page"}],"author":[{"embeddable":true,"href":"https:\/\/blogs.univ-tlse2.fr\/madrid\/wp-json\/wp\/v2\/users\/294"}],"replies":[{"embeddable":true,"href":"https:\/\/blogs.univ-tlse2.fr\/madrid\/wp-json\/wp\/v2\/comments?post=453"}],"version-history":[{"count":7,"href":"https:\/\/blogs.univ-tlse2.fr\/madrid\/wp-json\/wp\/v2\/pages\/453\/revisions"}],"predecessor-version":[{"id":530,"href":"https:\/\/blogs.univ-tlse2.fr\/madrid\/wp-json\/wp\/v2\/pages\/453\/revisions\/530"}],"wp:attachment":[{"href":"https:\/\/blogs.univ-tlse2.fr\/madrid\/wp-json\/wp\/v2\/media?parent=453"}],"curies":[{"name":"wp","href":"https:\/\/api.w.org\/{rel}","templated":true}]}}