 {"id":460,"date":"2015-12-17T13:34:49","date_gmt":"2015-12-17T12:34:49","guid":{"rendered":"https:\/\/blogs.univ-tlse2.fr\/madrid\/?page_id=460"},"modified":"2016-04-29T07:27:29","modified_gmt":"2016-04-29T06:27:29","slug":"emplois-du-temps-llce-2015-2016","status":"publish","type":"page","link":"https:\/\/blogs.univ-tlse2.fr\/madrid\/emplois-du-temps-llce-2015-2016\/","title":{"rendered":"Emplois du temps LLCE 2015-2016"},"content":{"rendered":"<p style=\"text-align: center\"><strong>Emploi du temps des cours LLCE du 1er semestre<\/strong><\/p>\n<p style=\"text-align: center\"><a href=\"https:\/\/blogs.univ-tlse2.fr\/madrid\/files\/2015\/12\/EDT-LLCE-1-semestre.jpg\" target=\"_blank\"><img loading=\"lazy\" decoding=\"async\" class=\"alignnone size-medium wp-image-472\" src=\"https:\/\/blogs.univ-tlse2.fr\/madrid\/files\/2015\/12\/EDT-LLCE-1-semestre-300x212.jpg\" alt=\"EDT LLCE 1 semestre\" width=\"300\" height=\"212\" srcset=\"https:\/\/blogs.univ-tlse2.fr\/madrid\/files\/2015\/12\/EDT-LLCE-1-semestre-300x212.jpg 300w, https:\/\/blogs.univ-tlse2.fr\/madrid\/files\/2015\/12\/EDT-LLCE-1-semestre-1024x724.jpg 1024w, https:\/\/blogs.univ-tlse2.fr\/madrid\/files\/2015\/12\/EDT-LLCE-1-semestre.jpg 1754w\" sizes=\"auto, (max-width: 300px) 100vw, 300px\" \/><\/a><\/p>\n<p style=\"text-align: center\"><a href=\"https:\/\/blogs.univ-tlse2.fr\/madrid\/files\/2015\/12\/EDT-LLCE-1-semestre.pdf\" target=\"_blank\">T\u00e9l\u00e9charger l&#8217;emploi du temps LLCE 1er semestre au format pdf ici<\/a><\/p>\n<hr \/>\n<p style=\"text-align: center\"><strong>Emploi du temps des cours LLCE du 2\u00e8me semestre<\/strong><\/p>\n<p style=\"text-align: center\"><a href=\"https:\/\/blogs.univ-tlse2.fr\/madrid\/files\/2015\/12\/EDT-LICENCE-LLCE-2semestre-15-16-v07042016-avec-salles.pdf\" rel=\"attachment wp-att-517\"><img loading=\"lazy\" decoding=\"async\" class=\"alignnone size-medium wp-image-517\" src=\"https:\/\/blogs.univ-tlse2.fr\/madrid\/files\/2015\/12\/EDT-LICENCE-LLCE-2semestre-15-16-v07042016-avec-salles-e1460365308174-300x212.jpg\" alt=\"EDT LICENCE LLCE 2semestre 15-16 v07042016 avec salles\" width=\"300\" height=\"212\" srcset=\"https:\/\/blogs.univ-tlse2.fr\/madrid\/files\/2015\/12\/EDT-LICENCE-LLCE-2semestre-15-16-v07042016-avec-salles-e1460365308174-300x212.jpg 300w, https:\/\/blogs.univ-tlse2.fr\/madrid\/files\/2015\/12\/EDT-LICENCE-LLCE-2semestre-15-16-v07042016-avec-salles-e1460365308174-768x543.jpg 768w, https:\/\/blogs.univ-tlse2.fr\/madrid\/files\/2015\/12\/EDT-LICENCE-LLCE-2semestre-15-16-v07042016-avec-salles-e1460365308174-1024x724.jpg 1024w, https:\/\/blogs.univ-tlse2.fr\/madrid\/files\/2015\/12\/EDT-LICENCE-LLCE-2semestre-15-16-v07042016-avec-salles-e1460365308174.jpg 1754w\" sizes=\"auto, (max-width: 300px) 100vw, 300px\" \/><\/a><\/p>\n<p style=\"text-align: center\"><a href=\"https:\/\/blogs.univ-tlse2.fr\/madrid\/files\/2015\/12\/EDT-LICENCE-LLCE-2semestre-15-16-v07042016-avec-salles.pdf\" target=\"_blank\">T\u00e9l\u00e9charger l&#8217;emploi du temps LLCE 2\u00e8me semestre au format pdf ici<\/a><\/p>\n<hr \/>\n<p style=\"text-align: center\"><strong>Emploi du temps des examens LLCE du 1er semestre<\/strong><\/p>\n<p style=\"text-align: center\"><a href=\"https:\/\/blogs.univ-tlse2.fr\/madrid\/files\/2015\/12\/EDT-EXAMENS-LLCE-1-semestre.jpg\" target=\"_blank\"><img loading=\"lazy\" decoding=\"async\" class=\"alignnone size-medium wp-image-461\" src=\"https:\/\/blogs.univ-tlse2.fr\/madrid\/files\/2015\/12\/EDT-EXAMENS-LLCE-1-semestre-300x212.jpg\" alt=\"EDT EXAMENS LLCE 1 semestre\" width=\"300\" height=\"212\" srcset=\"https:\/\/blogs.univ-tlse2.fr\/madrid\/files\/2015\/12\/EDT-EXAMENS-LLCE-1-semestre-300x212.jpg 300w, https:\/\/blogs.univ-tlse2.fr\/madrid\/files\/2015\/12\/EDT-EXAMENS-LLCE-1-semestre-1024x724.jpg 1024w, https:\/\/blogs.univ-tlse2.fr\/madrid\/files\/2015\/12\/EDT-EXAMENS-LLCE-1-semestre.jpg 1754w\" sizes=\"auto, (max-width: 300px) 100vw, 300px\" \/><\/a><\/p>\n<p style=\"text-align: center\"><a href=\"https:\/\/blogs.univ-tlse2.fr\/madrid\/files\/2015\/12\/EDT-EXAMENS-LLCE-1-semestre1.pdf\" target=\"_blank\">T\u00e9l\u00e9charger l&#8217;emploi du temps des examens LLCE 1er semestre au format pdf ici<\/a><\/p>\n<hr \/>\n<p style=\"text-align: center\"><strong>Emploi du temps des examens LLCE du 2\u00e8me semestre<\/strong><\/p>\n<p style=\"text-align: center\"><a href=\"https:\/\/blogs.univ-tlse2.fr\/madrid\/files\/2015\/12\/EDT-LICENCE-LLCE-2semestre-15-16-v07042016-avec-salles-1.jpg\" rel=\"attachment wp-att-531\"><img loading=\"lazy\" decoding=\"async\" class=\"alignnone wp-image-531 size-medium\" src=\"https:\/\/blogs.univ-tlse2.fr\/madrid\/files\/2015\/12\/EDT-LICENCE-LLCE-2semestre-15-16-v07042016-avec-salles-1-e1461910982198-300x212.jpg\" alt=\"EDT LICENCE LLCE  2semestre 15-16 v07042016 avec salles\" width=\"300\" height=\"212\" srcset=\"https:\/\/blogs.univ-tlse2.fr\/madrid\/files\/2015\/12\/EDT-LICENCE-LLCE-2semestre-15-16-v07042016-avec-salles-1-e1461910982198-300x212.jpg 300w, https:\/\/blogs.univ-tlse2.fr\/madrid\/files\/2015\/12\/EDT-LICENCE-LLCE-2semestre-15-16-v07042016-avec-salles-1-e1461910982198-768x543.jpg 768w, https:\/\/blogs.univ-tlse2.fr\/madrid\/files\/2015\/12\/EDT-LICENCE-LLCE-2semestre-15-16-v07042016-avec-salles-1-e1461910982198-1024x724.jpg 1024w, https:\/\/blogs.univ-tlse2.fr\/madrid\/files\/2015\/12\/EDT-LICENCE-LLCE-2semestre-15-16-v07042016-avec-salles-1-e1461910982198.jpg 1754w\" sizes=\"auto, (max-width: 300px) 100vw, 300px\" \/><\/a><\/p>\n<p style=\"text-align: center\"><a href=\"https:\/\/blogs.univ-tlse2.fr\/madrid\/files\/2015\/12\/EDT-LICENCE-LLCE-2semestre-15-16-v07042016-avec-salles-1.pdf\" rel=\"\">EDT LICENCE LLCE 2semestre 15-16<\/a><\/p>\n","protected":false},"excerpt":{"rendered":"<p>Emploi du temps des cours LLCE du 1er semestre T\u00e9l\u00e9charger l&#8217;emploi du temps LLCE 1er semestre au format pdf ici Emploi du temps des cours LLCE du 2\u00e8me semestre T\u00e9l\u00e9charger l&#8217;emploi du temps LLCE 2\u00e8me semestre au format pdf ici Emploi du temps des examens LLCE du 1er semestre T\u00e9l\u00e9charger l&#8217;emploi du temps des examens &hellip; <a href=\"https:\/\/blogs.univ-tlse2.fr\/madrid\/emplois-du-temps-llce-2015-2016\/\" class=\"more-link\">Continuer la lecture de <span class=\"screen-reader-text\">Emplois du temps LLCE 2015-2016<\/span> <span class=\"meta-nav\">&rarr;<\/span><\/a><\/p>\n","protected":false},"author":294,"featured_media":0,"parent":0,"menu_order":0,"comment_status":"closed","ping_status":"closed","template":"","meta":{"footnotes":""},"class_list":["post-460","page","type-page","status-publish","hentry"],"_links":{"self":[{"href":"https:\/\/blogs.univ-tlse2.fr\/madrid\/wp-json\/wp\/v2\/pages\/460","targetHints":{"allow":["GET"]}}],"collection":[{"href":"https:\/\/blogs.univ-tlse2.fr\/madrid\/wp-json\/wp\/v2\/pages"}],"about":[{"href":"https:\/\/blogs.univ-tlse2.fr\/madrid\/wp-json\/wp\/v2\/types\/page"}],"author":[{"embeddable":true,"href":"https:\/\/blogs.univ-tlse2.fr\/madrid\/wp-json\/wp\/v2\/users\/294"}],"replies":[{"embeddable":true,"href":"https:\/\/blogs.univ-tlse2.fr\/madrid\/wp-json\/wp\/v2\/comments?post=460"}],"version-history":[{"count":7,"href":"https:\/\/blogs.univ-tlse2.fr\/madrid\/wp-json\/wp\/v2\/pages\/460\/revisions"}],"predecessor-version":[{"id":533,"href":"https:\/\/blogs.univ-tlse2.fr\/madrid\/wp-json\/wp\/v2\/pages\/460\/revisions\/533"}],"wp:attachment":[{"href":"https:\/\/blogs.univ-tlse2.fr\/madrid\/wp-json\/wp\/v2\/media?parent=460"}],"curies":[{"name":"wp","href":"https:\/\/api.w.org\/{rel}","templated":true}]}}