 {"id":483,"date":"2015-12-17T14:11:10","date_gmt":"2015-12-17T13:11:10","guid":{"rendered":"https:\/\/blogs.univ-tlse2.fr\/madrid\/?page_id=483"},"modified":"2016-02-24T14:03:49","modified_gmt":"2016-02-24T13:03:49","slug":"calendriers-universitaires-lea-et-llce-2015-2016","status":"publish","type":"page","link":"https:\/\/blogs.univ-tlse2.fr\/madrid\/calendriers-universitaires-lea-et-llce-2015-2016\/","title":{"rendered":"Calendriers universitaires LEA et LLCE 2015-2016"},"content":{"rendered":"<p><span style=\"font-size: medium\"><span lang=\"fr-FR\"><b>CEUM &#8211; UNIVERSIT\u00c9 TOULOUSE-JEAN JAUR\u00c8S<\/b><\/span><\/span><\/p>\n<p align=\"CENTER\"><span style=\"font-family: Arial,sans-serif\"><span style=\"font-size: large\"><span lang=\"fr-FR\"><b>Calendrier universitaire 2015-2016<\/b><\/span><\/span><\/span><\/p>\n<p lang=\"fr-FR\" align=\"CENTER\"><span style=\"font-family: Arial,sans-serif\"><span style=\"font-size: large\"><span lang=\"fr-FR\"><b>LLCE<\/b><\/span><\/span><\/span><\/p>\n<ul>\n<li><span style=\"font-size: large\"><span lang=\"fr-FR\"><u><b>1 <\/b><\/u><\/span><\/span><sup><span style=\"font-size: large\"><span lang=\"fr-FR\"><u><b>er<\/b><\/u><\/span><\/span><\/sup><span style=\"font-size: large\"><span lang=\"fr-FR\"><u><b> semestre : du 21 septembre 2015 au 17 janvier 2016<\/b><\/u><\/span><\/span><\/li>\n<\/ul>\n<p><span style=\"font-size: medium\"><span lang=\"fr-FR\">R\u00e9union p\u00e9dagogique (date \u00e0 d\u00e9terminer)<\/span><\/span><\/p>\n<p><span style=\"font-size: medium\"><span lang=\"fr-FR\">21 septembre 2015: R\u00e9union de rentr\u00e9e (\u00e9tudiants)<\/span><\/span><\/p>\n<p><span style=\"font-size: medium\"><span lang=\"fr-FR\"><b>Suspension des activit\u00e9s p\u00e9dagogiques \/ Fiestas. <\/b><\/span><\/span><span style=\"font-size: medium\"><b>Vacaciones.<\/b><\/span><\/p>\n<ul>\n<li><span style=\"font-size: medium\">12 octobre 2015: Fiesta nacional espa\u00f1ola<\/span><\/li>\n<\/ul>\n<p><span style=\"font-size: medium\"><span lang=\"fr-FR\">Vacances: du 24 octobre 2015 au soir au 2 novembre 2015 au matin<\/span><\/span><\/p>\n<ul>\n<li><span style=\"font-size: medium\"><span lang=\"fr-FR\">8 d\u00e9cembre 2015: F\u00eate national espagnole<\/span><\/span><\/li>\n<li><span style=\"font-size: medium\"><span lang=\"fr-FR\">Vacances No\u00ebl: du 18 d\u00e9cembre 2015 au soir au 6 janvier 2016<\/span><\/span><\/li>\n<\/ul>\n<p><span style=\"font-size: medium\"><span lang=\"fr-FR\"><b>Examens Semestre 1 \/ session 1 \u00e0 Madrid CEUM<\/b><\/span><\/span><\/p>\n<ul>\n<li><span style=\"font-size: medium\"><span lang=\"fr-FR\">du 8 janvier<\/span><\/span><span style=\"font-size: medium\"><span lang=\"fr-FR\"> 2016 au 15 janvier 2016 <\/span><\/span><\/li>\n<\/ul>\n<ul>\n<li><span style=\"font-size: large\"><span lang=\"fr-FR\"><u><b>2\u00e8me semestre : du 18 janvier 2016 au 17 mai 2016<\/b><\/u><\/span><\/span><\/li>\n<\/ul>\n<p><span style=\"font-size: medium\"><span lang=\"fr-FR\"><b>Suspension des activit\u00e9s p\u00e9dagogiques \/ Vacaciones : <\/b><\/span><\/span><\/p>\n<ul>\n<li><span style=\"font-size: medium\"><span lang=\"fr-FR\">Du 5 f\u00e9vrier au soir au 15 f\u00e9vrier au matin <\/span><\/span><span style=\"font-size: small\"><span lang=\"fr-FR\"><i>(= Vacances du Lyc\u00e9e Fran\u00e7ais Madrid)<\/i><\/span><\/span><\/li>\n<\/ul>\n<p><span style=\"font-size: small\"><span lang=\"fr-FR\"><i>[\u00c0 Toulouse: du 27 f\u00e9vrier 2016 au soir au 07 mars 2016 au matin]<\/i><\/span><\/span><\/p>\n<ul>\n<li><span style=\"font-size: medium\"><span lang=\"fr-FR\">Du 18 mars 2016 au soir au 4 avril 2016 au matin <\/span><\/span><span style=\"font-size: small\"><span lang=\"fr-FR\"><i>(Semana Santa)<\/i><\/span><\/span><\/li>\n<\/ul>\n<p><span style=\"font-size: small\"><span lang=\"fr-FR\"><i> [\u00c0 Toulouse: du 16 avril 2016 au soir au 02 mai 2016 au matin] <\/i><\/span><\/span><\/p>\n<p><span style=\"font-size: large\"><span lang=\"fr-FR\"><b>Examens Semestre 2 \/ session 1 \u00e0 MADRID <\/b><\/span><\/span><\/p>\n<ul>\n<li><span style=\"font-size: medium\"><span lang=\"fr-FR\">Du 3 mai 2016 au 17 mai 2016 <\/span><\/span><span style=\"font-size: small\"><span lang=\"fr-FR\"><i>(2 mai f\u00e9ri\u00e9 \u00e0 Madrid)<\/i><\/span><\/span><\/li>\n<\/ul>\n<p><span style=\"font-size: large\"><span lang=\"fr-FR\"><b>Session 2 \u00e0 TOULOUSE (semestres 1 et 2 \u2013 contr\u00f4le continu et contr\u00f4le terminal) <\/b><\/span><\/span><\/p>\n<ul>\n<li><span style=\"font-size: medium\"><span lang=\"fr-FR\"><b>Dispositif de soutien<\/b><\/span><\/span><span style=\"font-size: medium\"><span lang=\"fr-FR\"> semestre 1 : du 30 mai 2016 au 03 juin 2016 <\/span><\/span><\/li>\n<li><span style=\"font-size: medium\"><span lang=\"fr-FR\"><b>Dispositif de soutien<\/b><\/span><\/span><span style=\"font-size: medium\"><span lang=\"fr-FR\"> semestre 2 : du 06 juin 2016 au 10 juin 2016<\/span><\/span><\/li>\n<\/ul>\n<p><span style=\"font-size: medium\"><span lang=\"fr-FR\"><b>Examens \u00e9crits : <\/b><\/span><\/span><\/p>\n<ul>\n<li><span style=\"font-size: medium\"><span lang=\"fr-FR\">du 13 juin 2016 au 25 juin 2016<\/span><\/span><\/li>\n<\/ul>\n<hr \/>\n<p align=\"CENTER\"><span style=\"font-family: Arial,sans-serif\"><span style=\"font-size: large\"><span lang=\"fr-FR\"><b>Calendrier universitaire 2015-2016<\/b><\/span><\/span><\/span><\/p>\n<p lang=\"fr-FR\" align=\"CENTER\"><span style=\"font-family: Arial,sans-serif\"><span style=\"font-size: large\"><span lang=\"fr-FR\"><b>LEA<\/b><\/span><\/span><\/span><\/p>\n<ul>\n<li><span style=\"font-size: large\"><span lang=\"fr-FR\"><u><b>1 <\/b><\/u><\/span><\/span><sup><span style=\"font-size: large\"><span lang=\"fr-FR\"><u><b>er<\/b><\/u><\/span><\/span><\/sup><span style=\"font-size: large\"><span lang=\"fr-FR\"><u><b> semestre: du 21 septembre 2015 au 17 janvier 2016<\/b><\/u><\/span><\/span><\/li>\n<\/ul>\n<p><span style=\"font-size: medium\"><span lang=\"fr-FR\">R\u00e9union p\u00e9dagogique (\u00e0 d\u00e9terminer)<\/span><\/span><\/p>\n<p><span style=\"font-size: medium\"><span lang=\"fr-FR\">21 septembre 2015: R\u00e9union de rentr\u00e9e (\u00e9tudiants)<\/span><\/span><\/p>\n<p><span style=\"font-size: medium\"><span lang=\"fr-FR\"><b>Suspension des activit\u00e9s p\u00e9dagogiques \/ Fiestas Vacaciones<\/b><\/span><\/span><\/p>\n<ul>\n<li><span style=\"font-size: medium\">12 octobre 2015: Fiesta nacional espa\u00f1ola<\/span><\/li>\n<\/ul>\n<p><span style=\"font-size: medium\"><span lang=\"fr-FR\">Vacances: du 24 octobre 2015 au soir au 2 novembre 2015 au matin<\/span><\/span><\/p>\n<ul>\n<li><span style=\"font-size: medium\"><span lang=\"fr-FR\">8 d\u00e9cembre 2015: F\u00eate national espagnole<\/span><\/span><\/li>\n<li><span style=\"font-size: medium\"><span lang=\"fr-FR\">Vacances No\u00ebl: du 18 d\u00e9cembre 2015 au soir au 6 janvier 2016<\/span><\/span><\/li>\n<\/ul>\n<p><span style=\"font-size: medium\"><span lang=\"fr-FR\"><b>Examens Semestre 1 \/ session 1 \u00e0 Madrid CEUM<\/b><\/span><\/span><\/p>\n<ul>\n<li><span style=\"font-size: medium\"><span lang=\"fr-FR\">Du 8 janvier<\/span><\/span><span style=\"font-size: medium\"><span lang=\"fr-FR\"> 2016 au 15 janvier 2016 <\/span><\/span><\/li>\n<\/ul>\n<ul>\n<li><span style=\"font-size: large\"><span lang=\"fr-FR\"><u><b>2\u00e8me semestre : du 18 janvier 2016 au 10 juin 2016<\/b><\/u><\/span><\/span><\/li>\n<\/ul>\n<p><span style=\"font-size: medium\"><span lang=\"fr-FR\"><b>Suspension des activit\u00e9s p\u00e9dagogiques \/ Vacaciones : <\/b><\/span><\/span><\/p>\n<ul>\n<li><span style=\"font-size: medium\"><span lang=\"fr-FR\">Du 5 f\u00e9vrier au soir au 15 f\u00e9vrier au matin <\/span><\/span><span style=\"font-size: small\"><span lang=\"fr-FR\"><i>(=Vacances du Lyc\u00e9e Fran\u00e7ais Madrid)<\/i><\/span><\/span><\/li>\n<\/ul>\n<p><span style=\"font-size: small\"><span lang=\"fr-FR\"><i>[\u00c0 Toulouse: du 27 f\u00e9vrier 2016 au soir au 07 mars 2016 au matin]<\/i><\/span><\/span><\/p>\n<ul>\n<li><span style=\"font-size: medium\"><span lang=\"fr-FR\">Du 18 mars 2016 au soir au 4 avril 2016 au matin (Semana Santa)<\/span><\/span><\/li>\n<\/ul>\n<p><span style=\"font-size: small\"><span lang=\"fr-FR\"><i> [\u00c0 Toulouse: du 16 avril 2016 au soir au 02 mai 2016 au matin] <\/i><\/span><\/span><\/p>\n<p><span style=\"font-size: large\"><span lang=\"fr-FR\"><b>Examens Semestre 2 \/ session 1 \u00e0 Madrid <\/b><\/span><\/span><\/p>\n<ul>\n<li><span style=\"font-size: medium\"><span lang=\"fr-FR\">Du mercredi 13 avril 2016 au vendredi 15 avril 2016<\/span><\/span><\/li>\n<\/ul>\n<p><span style=\"font-size: medium\"><span lang=\"fr-FR\">Stage : huit semaines minimum (18 avril au 10 juin 2016)<\/span><\/span><\/p>\n<ul>\n<li><span style=\"font-size: medium\"><span lang=\"fr-FR\">Remise rapport de stage: du 4 juin 2016 au 10 juin 2016<\/span><\/span><\/li>\n<\/ul>\n<p><span style=\"font-size: large\"><span lang=\"fr-FR\"><b>Examens \u00e9crits session 2 \u00e0 Toulouse: <\/b><\/span><\/span><\/p>\n<ul>\n<li><span style=\"font-size: medium\"><span lang=\"fr-FR\">du 13 juin 2016 au 25 juin 2016<\/span><\/span><\/li>\n<\/ul>\n<hr \/>\n<p style=\"text-align: center\"><a href=\"https:\/\/blogs.univ-tlse2.fr\/madrid\/files\/2015\/12\/CEUM-Calendrier-2015-2016-17122015-officiel.pdf\" target=\"_blank\">T\u00e9l\u00e9charger les Calendriers universitaires LEA et LLCE 2015-2016 au format pdf ici.<\/a><\/p>\n","protected":false},"excerpt":{"rendered":"<p>CEUM &#8211; UNIVERSIT\u00c9 TOULOUSE-JEAN JAUR\u00c8S Calendrier universitaire 2015-2016 LLCE 1 er semestre : du 21 septembre 2015 au 17 janvier 2016 R\u00e9union p\u00e9dagogique (date \u00e0 d\u00e9terminer) 21 septembre 2015: R\u00e9union de rentr\u00e9e (\u00e9tudiants) Suspension des activit\u00e9s p\u00e9dagogiques \/ Fiestas. Vacaciones. 12 octobre 2015: Fiesta nacional espa\u00f1ola Vacances: du 24 octobre 2015 au soir au 2 &hellip; <a href=\"https:\/\/blogs.univ-tlse2.fr\/madrid\/calendriers-universitaires-lea-et-llce-2015-2016\/\" class=\"more-link\">Continuer la lecture de <span class=\"screen-reader-text\">Calendriers universitaires LEA et LLCE 2015-2016<\/span> <span class=\"meta-nav\">&rarr;<\/span><\/a><\/p>\n","protected":false},"author":294,"featured_media":0,"parent":0,"menu_order":0,"comment_status":"closed","ping_status":"closed","template":"","meta":{"footnotes":""},"class_list":["post-483","page","type-page","status-publish","hentry"],"_links":{"self":[{"href":"https:\/\/blogs.univ-tlse2.fr\/madrid\/wp-json\/wp\/v2\/pages\/483","targetHints":{"allow":["GET"]}}],"collection":[{"href":"https:\/\/blogs.univ-tlse2.fr\/madrid\/wp-json\/wp\/v2\/pages"}],"about":[{"href":"https:\/\/blogs.univ-tlse2.fr\/madrid\/wp-json\/wp\/v2\/types\/page"}],"author":[{"embeddable":true,"href":"https:\/\/blogs.univ-tlse2.fr\/madrid\/wp-json\/wp\/v2\/users\/294"}],"replies":[{"embeddable":true,"href":"https:\/\/blogs.univ-tlse2.fr\/madrid\/wp-json\/wp\/v2\/comments?post=483"}],"version-history":[{"count":5,"href":"https:\/\/blogs.univ-tlse2.fr\/madrid\/wp-json\/wp\/v2\/pages\/483\/revisions"}],"predecessor-version":[{"id":487,"href":"https:\/\/blogs.univ-tlse2.fr\/madrid\/wp-json\/wp\/v2\/pages\/483\/revisions\/487"}],"wp:attachment":[{"href":"https:\/\/blogs.univ-tlse2.fr\/madrid\/wp-json\/wp\/v2\/media?parent=483"}],"curies":[{"name":"wp","href":"https:\/\/api.w.org\/{rel}","templated":true}]}}