 {"id":22,"date":"2019-12-09T11:45:05","date_gmt":"2019-12-09T10:45:05","guid":{"rendered":"https:\/\/blogs.univ-tlse2.fr\/master-creation-numerique\/?page_id=22"},"modified":"2020-06-02T10:26:41","modified_gmt":"2020-06-02T08:26:41","slug":"page-daccueil","status":"publish","type":"page","link":"https:\/\/blogs.univ-tlse2.fr\/master-creation-numerique\/","title":{"rendered":"Master Cr\u00e9ation Num\u00e9rique"},"content":{"rendered":"\n\n\n\n<div class=\"wp-block-columns is-layout-flex wp-container-core-columns-is-layout-9d6595d7 wp-block-columns-is-layout-flex\">\n<div class=\"wp-block-column is-layout-flow wp-block-column-is-layout-flow\" style=\"flex-basis:15%\"><\/div>\n\n\n\n<div class=\"wp-block-column is-layout-flow wp-block-column-is-layout-flow\" style=\"flex-basis:70%\">\n<div style=\"height:46px\" aria-hidden=\"true\" class=\"wp-block-spacer\"><\/div>\n\n\n\n<p>Le master Cr\u00e9ation num\u00e9rique est une <strong>formation dipl\u00f4mante<\/strong> (niveau\u00a01, certifi\u00e9 RNCP) de <strong>sp\u00e9cialistes dans les domaines de la cr\u00e9ation num\u00e9rique et des technologies innovantes<\/strong>.<\/p>\n<\/div>\n\n\n\n<div class=\"wp-block-column is-layout-flow wp-block-column-is-layout-flow\" style=\"flex-basis:15%\"><\/div>\n<\/div>\n\n\n\n<div class=\"wp-block-columns is-layout-flex wp-container-core-columns-is-layout-9d6595d7 wp-block-columns-is-layout-flex\">\n<div class=\"wp-block-column is-layout-flow wp-block-column-is-layout-flow\" style=\"flex-basis:15%\"><\/div>\n\n\n\n<div class=\"wp-block-column is-layout-flow wp-block-column-is-layout-flow\" style=\"flex-basis:70%\">\n<p>Il permet le d\u00e9veloppement de <strong>pratiques innovantes<\/strong>, en relation avec les probl\u00e9matiques contemporaines, et anticipe sur les <strong>m\u00e9tiers \u00e9mergents<\/strong> dans les domaines de l\u2019art, de l\u2019industrie, de la recherche et du d\u00e9veloppement. Le master Cr\u00e9ation Num\u00e9rique s\u2019inscrit dans une d\u00e9marche de <strong>cr\u00e9ation &#8211; recherche &#8211; profession<\/strong> qui articule&nbsp;une formation universitaire, scientifique, artistique et technique, d\u2019\u00e9changes avec des <strong>professionnels<\/strong> ainsi qu\u2019une pratique de <strong>stage<\/strong> au sein d\u2019entreprises ou d\u2019institutions.<\/p>\n<\/div>\n\n\n\n<div class=\"wp-block-column is-layout-flow wp-block-column-is-layout-flow\" style=\"flex-basis:15%\"><\/div>\n<\/div>\n\n\n\n<div style=\"height:50px\" aria-hidden=\"true\" class=\"wp-block-spacer\"><\/div>\n\n\n\n<hr class=\"wp-block-separator has-text-color has-background is-style-default\" style=\"background-color:#d91a1a;color:#d91a1a\" \/>\n\n\n\n<div style=\"height:50px\" aria-hidden=\"true\" class=\"wp-block-spacer\"><\/div>\n\n\n\n<div class=\"wp-block-columns is-layout-flex wp-container-core-columns-is-layout-9d6595d7 wp-block-columns-is-layout-flex\">\n<div class=\"wp-block-column is-layout-flow wp-block-column-is-layout-flow\" style=\"flex-basis:33.33%\">\n<h4 class=\"wp-block-heading\">Les derni\u00e8res actualit\u00e9s<\/h4>\n<\/div>\n\n\n\n<div class=\"wp-block-column is-layout-flow wp-block-column-is-layout-flow\" style=\"flex-basis:66.66%\"><ul class=\"wp-block-latest-posts__list has-dates wp-block-latest-posts\"><li><a class=\"wp-block-latest-posts__post-title\" href=\"https:\/\/blogs.univ-tlse2.fr\/master-creation-numerique\/2020\/06\/02\/candidatures-pour-lannee-2020-2021\/\">Candidatures pour l&rsquo;ann\u00e9e 2020-2021<\/a><time datetime=\"2020-06-02T10:05:04+02:00\" class=\"wp-block-latest-posts__post-date\">2 juin 2020<\/time><div class=\"wp-block-latest-posts__post-excerpt\">Les candidatures pour l&rsquo;ann\u00e9e 2020-2021 sont ouvertes jusqu&rsquo;au 15 juin 2020 (date limite). Les objectifs de la formation sont de permettre le d\u00e9veloppement de pratiques&hellip;\r\n <p> <a class=\"more-link\" href=\"https:\/\/blogs.univ-tlse2.fr\/master-creation-numerique\/2020\/06\/02\/candidatures-pour-lannee-2020-2021\/\">Lire la suite<\/a><\/p><\/div><\/li>\n<\/ul><\/div>\n<\/div>\n","protected":false},"excerpt":{"rendered":"<p>Le master Cr\u00e9ation num\u00e9rique est une formation dipl\u00f4mante (niveau\u00a01, certifi\u00e9 RNCP) de sp\u00e9cialistes dans les domaines de la cr\u00e9ation num\u00e9rique et des technologies innovantes. Il permet le d\u00e9veloppement de pratiques innovantes, en relation avec les probl\u00e9matiques contemporaines, et anticipe sur les m\u00e9tiers \u00e9mergents dans les domaines de l\u2019art, de l\u2019industrie, de la recherche et du d\u00e9veloppement. Le master Cr\u00e9ation Num\u00e9rique s\u2019inscrit dans une d\u00e9marche de cr\u00e9ation &#8211; recherche &#8211; profession qui articule&nbsp;une formation universitaire, scientifique, artistique et technique, d\u2019\u00e9changes avec des professionnels ainsi qu\u2019une pratique de stage au sein d\u2019entreprises ou d\u2019institutions. Les derni\u00e8res actualit\u00e9s<\/p>\n","protected":false},"author":739,"featured_media":0,"parent":0,"menu_order":0,"comment_status":"closed","ping_status":"closed","template":"","meta":{"_vp_format_video_url":"","_vp_image_focal_point":[],"footnotes":""},"class_list":["post-22","page","type-page","status-publish"],"_links":{"self":[{"href":"https:\/\/blogs.univ-tlse2.fr\/master-creation-numerique\/wp-json\/wp\/v2\/pages\/22","targetHints":{"allow":["GET"]}}],"collection":[{"href":"https:\/\/blogs.univ-tlse2.fr\/master-creation-numerique\/wp-json\/wp\/v2\/pages"}],"about":[{"href":"https:\/\/blogs.univ-tlse2.fr\/master-creation-numerique\/wp-json\/wp\/v2\/types\/page"}],"author":[{"embeddable":true,"href":"https:\/\/blogs.univ-tlse2.fr\/master-creation-numerique\/wp-json\/wp\/v2\/users\/739"}],"replies":[{"embeddable":true,"href":"https:\/\/blogs.univ-tlse2.fr\/master-creation-numerique\/wp-json\/wp\/v2\/comments?post=22"}],"version-history":[{"count":24,"href":"https:\/\/blogs.univ-tlse2.fr\/master-creation-numerique\/wp-json\/wp\/v2\/pages\/22\/revisions"}],"predecessor-version":[{"id":961,"href":"https:\/\/blogs.univ-tlse2.fr\/master-creation-numerique\/wp-json\/wp\/v2\/pages\/22\/revisions\/961"}],"wp:attachment":[{"href":"https:\/\/blogs.univ-tlse2.fr\/master-creation-numerique\/wp-json\/wp\/v2\/media?parent=22"}],"curies":[{"name":"wp","href":"https:\/\/api.w.org\/{rel}","templated":true}]}}