 {"id":25,"date":"2020-01-15T10:08:08","date_gmt":"2020-01-15T09:08:08","guid":{"rendered":"https:\/\/blogs.univ-tlse2.fr\/master-creation-numerique\/?page_id=25"},"modified":"2020-02-27T10:54:16","modified_gmt":"2020-02-27T09:54:16","slug":"a-propos","status":"publish","type":"page","link":"https:\/\/blogs.univ-tlse2.fr\/master-creation-numerique\/a-propos\/","title":{"rendered":"\u00c0 propos"},"content":{"rendered":"\n<div class=\"wp-block-columns is-layout-flex wp-container-core-columns-is-layout-9d6595d7 wp-block-columns-is-layout-flex\">\n<div class=\"wp-block-column is-layout-flow wp-block-column-is-layout-flow\" style=\"flex-basis:35%\">\n<p class=\"has-medium-font-size\">Le master Cr\u00e9ation num\u00e9rique est une formation dipl\u00f4mante <strong>(niveau&nbsp;1)<\/strong>  de sp\u00e9cialistes dans les domaines de la cr\u00e9ation num\u00e9rique et des technologies innovantes. <\/p>\n<\/div>\n\n\n\n<div class=\"wp-block-column is-layout-flow wp-block-column-is-layout-flow\" style=\"flex-basis:65%\"><\/div>\n<\/div>\n\n\n\n<div class=\"wp-block-columns is-layout-flex wp-container-core-columns-is-layout-9d6595d7 wp-block-columns-is-layout-flex\">\n<div class=\"wp-block-column is-layout-flow wp-block-column-is-layout-flow\" style=\"flex-basis:33.33%\">\n<h4 class=\"wp-block-heading\">La formation<\/h4>\n<\/div>\n\n\n\n<div class=\"wp-block-column is-layout-flow wp-block-column-is-layout-flow\" style=\"flex-basis:66.66%\">\n<p>Elle a lieu de septembre \u00e0 juin avec un enseignement semestrialis\u00e9. Une p\u00e9riode de formation \u00e0 l\u2019universit\u00e9 (enseignements, ateliers, workshop et projets personnels) de septembre \u00e0 janvier. Une p\u00e9riode de stage en milieu professionnel de trois mois \u00e0 temps plein (f\u00e9vrier \u00e0 d\u00e9but mai). Un retour \u00e0 l\u2019universit\u00e9 en mai pour la finalisation des projets, l\u2019\u00e9laboration du m\u00e9moire et pour la pr\u00e9paration de la soutenance (fin juin).<\/p>\n\n\n\n<p>Le master Cr\u00e9ation Num\u00e9rique s\u2019inscrit dans une d\u00e9marche de cr\u00e9ation &#8211; recherche &#8211; profession qui s&rsquo;articule&nbsp;en trois parties. Une partie sur la formation universitaire, scientifique, artistique et technique. La seconde sur des \u00e9changes avec des professionnels. Et pour finir, la troisi\u00e8me, sous pratique de stage au sein d\u2019entreprises ou d\u2019institutions.<\/p>\n\n\n\n<p>Le Master propose des enseignements fondamentaux, de recherche, m\u00e9thodologiques, technologiques et des enseignements centr\u00e9s sur la pratique du projet. Il propose des cours en imagerie num\u00e9rique&nbsp;2D, 3D, 3D temps r\u00e9el, montage virtuel, int\u00e9gration multim\u00e9dia, gestion d\u2019\u00e9v\u00e8nements interactifs en temps r\u00e9el, technologies capteurs, informatique, \u00e9lectronique, et en son. Il int\u00e8gre la pratique du son en amont des projets et est ouvert aux pratiques de l\u2019image, in situ ou \u00e0 distance via r\u00e9seau, de l\u2019objet, du produit, de l\u2019installation, du spectacle vivant.<\/p>\n\n\n\n<p>Les \u00e9tudiants participent \u00e0 de nombreuses expositions au cours de l&rsquo;ann\u00e9e comme <strong><a href=\"https:\/\/www.fetedelascience.fr\/\">la F\u00eate de la science<\/a><\/strong>, <a href=\"https:\/\/www.festival-des-arts-numeriques.fr\/\"><strong>le Festival des Arts Num\u00e9riques (FAN)<\/strong><\/a>, <a href=\"https:\/\/nuitdeschercheurs-france.eu\/wakka.php?wiki=ToulousE2\"><strong>La Nuit des Chercheurs<\/strong><\/a>,  <strong><a href=\"https:\/\/artilect.fr\/fab14-festival\/\">Fablab Festival<\/a><\/strong> et <em><strong><a href=\"https:\/\/www.instagram.com\/topographiesutopiques\/?hl=fr\">Topographies Utopiques.<\/a><\/strong><\/em><\/p>\n<\/div>\n<\/div>\n\n\n\n<div class=\"wp-block-columns is-layout-flex wp-container-core-columns-is-layout-9d6595d7 wp-block-columns-is-layout-flex\">\n<div class=\"wp-block-column is-layout-flow wp-block-column-is-layout-flow\" style=\"flex-basis:33.33%\">\n<h4 class=\"wp-block-heading\">Les d\u00e9bouch\u00e9s<\/h4>\n<\/div>\n\n\n\n<div class=\"wp-block-column is-layout-flow wp-block-column-is-layout-flow\" style=\"flex-basis:66.66%\">\n<p>Les \u00e9tudiants int\u00e8grent les m\u00e9tiers de la gestion de projets multim\u00e9dia&nbsp;comme chef de projets multim\u00e9dia, responsable du d\u00e9veloppement multim\u00e9dia&nbsp;; directeur de production\u2026 La cr\u00e9ation num\u00e9rique&nbsp;tel que plasticien, concepteur multim\u00e9dia, concepteur r\u00e9alisateur, designer d\u2019interactivit\u00e9, auteur sc\u00e9nariste, concepteur de jeux, graphiste d\u2019interface, infographiste multim\u00e9dia, directeur artistique, r\u00e9dacteur sc\u00e9nariste multim\u00e9dia&#8230;<\/p>\n\n\n\n<p>Les \u00e9tudiants peuvent \u00e9galement poursuivre vers un <strong>doctorat<\/strong> sous r\u00e9serve d\u2019acceptation du dossier&nbsp;; ils peuvent avoir acc\u00e8s aux m\u00e9tiers de l\u2019enseignement et de la recherche (recherche scientifique et artistique, recherche et d\u00e9veloppement industriel).<\/p>\n\n\n\n<p>Plus de renseignements sur le site de l&rsquo;Universit\u00e9 Toulouse Jean Jaur\u00e8s : <strong><a href=\"https:\/\/www.univ-tlse2.fr\/accueil\/navigation\/formation-insertion\/decouvrir-nos-formations\/mention-creation-numerique-435329.kjsp\">MASTER Cr\u00e9ation num\u00e9rique<\/a><\/strong><\/p>\n\n\n\n<p><\/p>\n<\/div>\n<\/div>\n\n\n\n<p class=\"has-text-color has-vivid-red-color\"><br><\/p>\n","protected":false},"excerpt":{"rendered":"<p>Le master Cr\u00e9ation num\u00e9rique est une formation dipl\u00f4mante (niveau&nbsp;1) de sp\u00e9cialistes dans les domaines de la cr\u00e9ation num\u00e9rique et des technologies innovantes. La formation Elle a lieu de septembre \u00e0 juin avec un enseignement semestrialis\u00e9. Une p\u00e9riode de formation \u00e0 l\u2019universit\u00e9 (enseignements, ateliers, workshop et projets personnels) de septembre \u00e0 janvier. Une p\u00e9riode de stage en milieu professionnel de trois mois \u00e0 temps plein (f\u00e9vrier \u00e0 d\u00e9but mai). Un retour \u00e0 l\u2019universit\u00e9 en mai pour la finalisation des projets, l\u2019\u00e9laboration du m\u00e9moire et pour la pr\u00e9paration de la soutenance (fin juin). Le master Cr\u00e9ation Num\u00e9rique s\u2019inscrit dans une d\u00e9marche de cr\u00e9ation &#8211; recherche &#8211; profession qui s&rsquo;articule&nbsp;en trois parties. Une partie sur la formation universitaire, scientifique, artistique et technique. La seconde sur des \u00e9changes avec des professionnels. Et pour finir, la troisi\u00e8me, sous pratique de stage au sein d\u2019entreprises ou d\u2019institutions. Le Master propose des enseignements fondamentaux, de recherche, m\u00e9thodologiques,&hellip;<\/p>\n<p> <a class=\"more-link\" href=\"https:\/\/blogs.univ-tlse2.fr\/master-creation-numerique\/a-propos\/\">Lire la suite<\/a><\/p>\n","protected":false},"author":739,"featured_media":0,"parent":0,"menu_order":0,"comment_status":"closed","ping_status":"closed","template":"","meta":{"_vp_format_video_url":"","_vp_image_focal_point":[],"footnotes":""},"class_list":["post-25","page","type-page","status-publish"],"_links":{"self":[{"href":"https:\/\/blogs.univ-tlse2.fr\/master-creation-numerique\/wp-json\/wp\/v2\/pages\/25","targetHints":{"allow":["GET"]}}],"collection":[{"href":"https:\/\/blogs.univ-tlse2.fr\/master-creation-numerique\/wp-json\/wp\/v2\/pages"}],"about":[{"href":"https:\/\/blogs.univ-tlse2.fr\/master-creation-numerique\/wp-json\/wp\/v2\/types\/page"}],"author":[{"embeddable":true,"href":"https:\/\/blogs.univ-tlse2.fr\/master-creation-numerique\/wp-json\/wp\/v2\/users\/739"}],"replies":[{"embeddable":true,"href":"https:\/\/blogs.univ-tlse2.fr\/master-creation-numerique\/wp-json\/wp\/v2\/comments?post=25"}],"version-history":[{"count":31,"href":"https:\/\/blogs.univ-tlse2.fr\/master-creation-numerique\/wp-json\/wp\/v2\/pages\/25\/revisions"}],"predecessor-version":[{"id":795,"href":"https:\/\/blogs.univ-tlse2.fr\/master-creation-numerique\/wp-json\/wp\/v2\/pages\/25\/revisions\/795"}],"wp:attachment":[{"href":"https:\/\/blogs.univ-tlse2.fr\/master-creation-numerique\/wp-json\/wp\/v2\/media?parent=25"}],"curies":[{"name":"wp","href":"https:\/\/api.w.org\/{rel}","templated":true}]}}