 {"id":1010,"date":"2017-10-30T17:11:05","date_gmt":"2017-10-30T16:11:05","guid":{"rendered":"https:\/\/blogs.univ-tlse2.fr\/master-ethiquedusoin\/?page_id=1010"},"modified":"2020-12-04T13:23:28","modified_gmt":"2020-12-04T12:23:28","slug":"modalites-devaluation","status":"publish","type":"page","link":"https:\/\/blogs.univ-tlse2.fr\/master-ethiquedusoin\/modalites-devaluation\/","title":{"rendered":"Modalit\u00e9s d&rsquo;\u00e9valuation"},"content":{"rendered":"<h3 style=\"text-align: center\"><strong>MASTER 1<\/strong><\/h3>\n<ul>\n<li>EPISTEMOLOGIE DE LA MEDECINE ET DE LA BIOLOGIE (UT2) PH40701V<\/li>\n<\/ul>\n<p style=\"text-align: justify\">Chaque \u00e9tudiant.e choisit de travailler sur un th\u00e8me abord\u00e9 pendant le cours que ce soit l&rsquo;une ou l&rsquo;autre partie du cours. Le dossier fera au maximum 5 pages avec une bibliographie en annexe, Times 12 justifi\u00e9, interligne 1,5.<\/p>\n<p style=\"text-align: justify\">Choisir et d\u00e9finir une probl\u00e9matique issue du cours et la traiter en argumentant sur la base de sources scientifiques.\u00a0 La r\u00e9flexion doit \u00eatre pr\u00e9sent\u00e9e dans une introduction et terminer par une conclusion qui insiste sur les enjeux du probl\u00e8me trait\u00e9.<\/p>\n<p style=\"text-align: justify\"><strong>Dossier \u00e0 d\u00e9poser <span style=\"text-decoration: underline\">au plus tard la semaine du 4 janvier<\/span> sur le google drive du dipl\u00f4me (acc\u00e8s par la partie membres du Blog) et par email \u00e0 l&rsquo;enseignant <span style=\"text-decoration: underline\">au format PDF uniquement<\/span><\/strong>.<\/p>\n<ul>\n<li>HISTOIRE DE LA M\u00c9DECINE (UT3) PH40702V<\/li>\n<\/ul>\n<p>Oral sur une question\u00a0: 10 min pr\u00e9paration, 20 min d\u2019expos\u00e9.<\/p>\n<ul>\n<li>LIBERT\u00c9S FONDAMENTALES (UT1) PH40703V<\/li>\n<\/ul>\n<p style=\"text-align: justify\">Oral final. Sans pr\u00e9paration.<\/p>\n<ul style=\"text-align: justify\">\n<li>PHILOSOPHIE DE LA VIE (UT2) PH40705V<\/li>\n<\/ul>\n<p style=\"text-align: justify\">Un seul dossier r\u00e9dig\u00e9 sur un th\u00e8me abord\u00e9 pendant l&rsquo;une ou l&rsquo;autre partie du cours, soit sur le cours de M. Miravete soit sur le<span style=\"font-weight: 600\">\u00a0<\/span>cours de M. Montebello, recourant \u00e0 la litt\u00e9rature scientifique afin de proposer un d\u00e9veloppement approfondi sur le th\u00e8me choisi. Maximum 6 pages.<strong> A d\u00e9poser la <span style=\"text-decoration: underline\">deuxi\u00e8me\u00a0semaine de janvier<\/span> sur le google drive du dipl\u00f4me (acc\u00e8s par la partie membres du Blog) et par email \u00e0 l&rsquo;enseignant\u00a0<span style=\"text-decoration: underline\">au format PDF uniquement<\/span>.<\/strong><\/p>\n<ul style=\"text-align: justify\">\n<li>METHODOLOGIE APPLIQUEE (m\u00e9decine et biologie) (UT2) PH40704V<\/li>\n<\/ul>\n<p style=\"text-align: justify\">Au contr\u00f4le continu\u00a0: 2 oraux pendant les cours (un sur chaque partie du cours).<\/p>\n<p style=\"text-align: justify\">Au SED\u00a0: dossier pr\u00e9sent\u00e9 \u00e0 l&rsquo;oral. Chaque \u00e9tudiant-e choisit de travailler <span style=\"text-decoration: underline\">sur l&rsquo;une <strong>ou<\/strong> l&rsquo;autre partie du cours (m\u00e9decine ou biologie)<\/span>. Soit pour la biologie, le choix se fait entre les trois textes propos\u00e9s (le dossier est une analyse de l&rsquo;article), soit pour la m\u00e9decine, le dossier est une analyse d&rsquo;un cas de strat\u00e9gie de survie existentielle. Dans les deux cas, le dossier \u00e9crit fera environ 5 pages. Merci de noter que :<\/p>\n<ul>\n<li style=\"text-align: justify\">Le d\u00e9p\u00f4t du dossier au format \u00e9lectronique se fait le jour m\u00eame de l&rsquo;oral. <strong>sur le google drive du dipl\u00f4me (acc\u00e8s par la partie membres du Blog) et par email \u00e0 l&rsquo;enseignant\u00a0<span style=\"text-decoration: underline\">au format PDF uniquement.<\/span><\/strong><\/li>\n<li style=\"text-align: justify\">L&rsquo;oral dure 15 minutes au total (pr\u00e9sentation + discussion).<\/li>\n<li style=\"text-align: justify\"><strong>La date de l\u2019oral SED est fix\u00e9e au matin du vendredi 11 d\u00e9cembre sur Zoom. Il appartient \u00e0 la promotion et \u00e0 ses d\u00e9l\u00e9gu\u00e9s d&rsquo;organiser un ordre de passage.<\/strong> Il est \u00e0 noter qu&rsquo;aucun retard ne sera admis et vaudra pour une absence.<\/li>\n<\/ul>\n<p>MISE EN SITUATION PRATIQUE 1 PH40801V<\/p>\n<p style=\"text-align: justify\">Soutenance sur dossier pr\u00e9par\u00e9 en groupe\u00a0: sur une situation clinique qui sera transmise trois semaines avant la date de la pr\u00e9sentation. Jury compos\u00e9 des trois responsables de la formation.\u00a0<strong>Voir les d\u00e9tails concernant <a href=\"https:\/\/blogs.univ-tlse2.fr\/master-ethiquedusoin\/mise-en-situation-pratique-i-ph40801v\/\">cette \u00e9preuve dans les pr\u00e9sentations des enseignements<\/a>.\u00a0<\/strong><\/p>\n<ul>\n<li>DROIT ET RISQUE (UT1) PH40802V<\/li>\n<\/ul>\n<p>Court \u00e9crit final et expos\u00e9 oral.<\/p>\n<ul>\n<li>PROCR\u00c9ATION ET VIE COMMEN\u00c7ANTE (UT3) PH40803V<\/li>\n<\/ul>\n<p>Oral\u00a0: 20 min pr\u00e9paration suivies de 20 min soutenance<\/p>\n<ul>\n<li>\u00c9THIQUE DU SOIN ET FIN DE VIE (UT3) PH40804V<\/li>\n<\/ul>\n<p>Ecrit de 2h\u00a0: analyse d\u2019un cas clinique<\/p>\n<h3 style=\"text-align: center\"><strong>MASTER 2<\/strong><\/h3>\n<ul>\n<li>MISE EN SITUATION PRATIQUE II PH40901V<\/li>\n<\/ul>\n<p>Soutenance dossier pr\u00e9par\u00e9 en groupe\u00a0: sur une situation que sera donn\u00e9e trois semaines avant la date de la pr\u00e9sentation. Jury compos\u00e9 des trois responsables de la formation. <strong>Voir les d\u00e9tails concernant cette \u00e9preuve dans les pr\u00e9sentations des enseignements.<\/strong><\/p>\n<p><strong>Date de l&rsquo;\u00e9preuve fix\u00e9e au Mardi 9 f\u00e9vrier 2020 de 10h \u00e0 14h.<\/strong><\/p>\n<ul>\n<li>DROIT DE LA SANT\u00c9 (UT1) PH40902V<\/li>\n<\/ul>\n<p>Oral terminal.<\/p>\n<ul>\n<li>EPISTEMOLOGIE DE LA BIOLOGIE CONTEMPORAINE (UT2) PH40903V<\/li>\n<\/ul>\n<p style=\"text-align: justify\">Dossier : chaque \u00e9tudiant choisira un th\u00e8me <strong><span style=\"text-decoration: underline\">en lien avec le cours<\/span><\/strong>. Le dossier doit \u00eatre compos\u00e9 de 4 \u00e0 6 pages (bibliographie non incluse), il doit \u00eatre r\u00e9dig\u00e9 en Times 12, interligne 1,5, justifi\u00e9. Une norme de citation bibliographique (APA, CHICAGO, ISO-690&#8230;) doit \u00eatre choisie et <span style=\"text-decoration: underline\">respect\u00e9e dans l\u2019int\u00e9gralit\u00e9 du dossier<\/span>.<\/p>\n<p>A d\u00e9poser la <span style=\"text-decoration: underline\">deuxi\u00e8me\u00a0<\/span><span style=\"text-decoration: underline\">semaine de janvier<\/span>. <strong>D\u00e9p\u00f4t\u00a0sur le google drive du dipl\u00f4me (acc\u00e8s par la partie membres du Blog) et par email \u00e0 l&rsquo;enseignant <span style=\"text-decoration: underline\">au format PDF uniquement<\/span><\/strong>.<\/p>\n<ul>\n<li>ETHIQUE ET VIE (UT2) PH40904V<\/li>\n<\/ul>\n<p style=\"text-align: justify\">Contr\u00f4le continu\u00a0: 1 Dossier th\u00e9matique (maximum 5 pages) portant sur l&rsquo;une ou l&rsquo;autre partie du cours. A d\u00e9poser <span style=\"text-decoration: underline\"><strong>au format PDF uniquement<\/strong><\/span>\u00a0<strong>le 10 d\u00e9cembre au plus tard sur le google drive du dipl\u00f4me (acc\u00e8s par la partie membres du Blog) et par email \u00e0 l&rsquo;enseignant.e<\/strong>.<\/p>\n<p style=\"text-align: justify\">SED\u00a0: Dossier pr\u00e9sent\u00e9 \u00e0 l&rsquo;oral\u00a0: chaque \u00e9tudiant-e choisit un cas d\u2019usage m\u00e9dical des images qui suscite un questionnement \u00e9thique. Plut\u00f4t que de puiser dans le cours, le cas doit \u00eatre choisi parmi des usages qui n\u2019y sont pas abord\u00e9s. Dans le dossier, apr\u00e8s avoir pr\u00e9sent\u00e9 le cas choisi, une analyse des questionnements li\u00e9s \u00e0 ce cas devra \u00eatre men\u00e9e, mettant en \u00e9vidence les tensions \u00e9thiques qui le traversent. Le dossier sera limit\u00e9 \u00e0 5 pages et l\u2019oral durera 15 minutes au total (pr\u00e9sentation + discussion).<\/p>\n<p style=\"text-align: justify\"><strong>L&rsquo;oral aura lieu le matin du 10 d\u00e9cembre. L&rsquo;ordre de passage est fix\u00e9 par les d\u00e9l\u00e9gu\u00e9s de promotion. <\/strong>Il est \u00e0 noter qu&rsquo;aucun retard ne sera admis et vaudra pour une absence.<\/p>\n<ul style=\"text-align: justify\">\n<li>PHILOSOPHIE DE LA SANTE (UT2) PH40905V<\/li>\n<\/ul>\n<p>M\u00eame \u00e9preuve pour les personnes inscrites au pr\u00e9sentiel et au SED :<\/p>\n<p style=\"text-align: justify\">Oral pr\u00e9par\u00e9 : choisir un extrait de texte ou d\u2019article (environ 20 lignes) en lien avec le cours et pr\u00e9parer sa pr\u00e9sentation (introduction et analyse). L\u2019oral durera <strong>15 minutes <\/strong>(10 minutes de pr\u00e9sentation et 5 minutes de discussion). Le jour de l&rsquo;oral, pr\u00e9voir un exemplaire papier du texte \u00e0 destination de l&rsquo;enseignant.e.<\/p>\n<p style=\"text-align: justify\"><strong>La date de l\u2019oral est le 7 janvier. L&rsquo;ordre de passage est fix\u00e9 par les d\u00e9l\u00e9gu\u00e9s de promotion. <\/strong>Il est \u00e0 noter qu&rsquo;aucun retard ne sera admis et vaudra pour une absence.<\/p>\n<ul>\n<li style=\"text-align: justify\">BIO\u00c9THIQUES ET LIBERT\u00c9S (UT1) PH40112V<\/li>\n<\/ul>\n<p>Expos\u00e9 oral.<\/p>\n<ul>\n<li>SANT\u00c9 PUBLIQUE ET IN\u00c9GALIT\u00c9S DE SANT\u00c9 (UT1) PH40114V<\/li>\n<\/ul>\n<p>Ecrit terminal.<\/p>\n<h4 style=\"text-align: justify\"><span style=\"color: #333333;font-size: 1.125rem;font-weight: 800;text-align: justify\">Dans le cadre du M2, veuillez noter qu\u2019il n\u2019y a <\/span><u style=\"color: #333333;font-size: 1.125rem;font-weight: 800;text-align: justify\">pas de seconde session d\u2019examen<\/u><span style=\"color: #333333;font-size: 1.125rem;font-weight: 800;text-align: justify\"> et que les notes\u00a0<\/span><span style=\"text-decoration: underline\">ne se compensent pas entre elles<\/span><span style=\"color: #333333;font-size: 1.125rem;font-weight: 800;text-align: justify\">\u00a0: ainsi la moyenne g\u00e9n\u00e9rale du semestre ou de l&rsquo;ann\u00e9e n&rsquo;a pas de valeur quant \u00e0 l&rsquo;obtention du dipl\u00f4me ; c&rsquo;est uniquement la r\u00e9ussite de chaque UE, ind\u00e9pendamment, qui permet la validation du dipl\u00f4me.<\/span><\/h4>\n<h4 style=\"text-align: justify\">Dans le cas o\u00f9 le r\u00e9sultat pour une UE serait en dessous de la moyenne (10\/20), la commission p\u00e9dagogique se r\u00e9unira afin d&rsquo;\u00e9valuer, au vu des autres r\u00e9sultats, si elle accorde ou non la validation du dipl\u00f4me.<\/h4>\n","protected":false},"excerpt":{"rendered":"<p>MASTER 1 EPISTEMOLOGIE DE LA MEDECINE ET DE LA BIOLOGIE (UT2) PH40701V Chaque \u00e9tudiant.e choisit de travailler sur un th\u00e8me abord\u00e9 pendant le cours que ce soit l&rsquo;une ou l&rsquo;autre partie du cours. Le dossier fera au maximum 5 pages avec une bibliographie en annexe, Times 12 justifi\u00e9, interligne 1,5. Choisir et d\u00e9finir une probl\u00e9matique &hellip; <\/p>\n<p class=\"link-more\"><a href=\"https:\/\/blogs.univ-tlse2.fr\/master-ethiquedusoin\/modalites-devaluation\/\" class=\"more-link\">Continuer la lecture<span class=\"screen-reader-text\"> de &laquo;&nbsp;Modalit\u00e9s d&rsquo;\u00e9valuation&nbsp;&raquo;<\/span><\/a><\/p>\n","protected":false},"author":405,"featured_media":0,"parent":0,"menu_order":0,"comment_status":"closed","ping_status":"closed","template":"","meta":{"footnotes":"","_links_to":"","_links_to_target":""},"class_list":["post-1010","page","type-page","status-publish","hentry"],"_links":{"self":[{"href":"https:\/\/blogs.univ-tlse2.fr\/master-ethiquedusoin\/wp-json\/wp\/v2\/pages\/1010","targetHints":{"allow":["GET"]}}],"collection":[{"href":"https:\/\/blogs.univ-tlse2.fr\/master-ethiquedusoin\/wp-json\/wp\/v2\/pages"}],"about":[{"href":"https:\/\/blogs.univ-tlse2.fr\/master-ethiquedusoin\/wp-json\/wp\/v2\/types\/page"}],"author":[{"embeddable":true,"href":"https:\/\/blogs.univ-tlse2.fr\/master-ethiquedusoin\/wp-json\/wp\/v2\/users\/405"}],"replies":[{"embeddable":true,"href":"https:\/\/blogs.univ-tlse2.fr\/master-ethiquedusoin\/wp-json\/wp\/v2\/comments?post=1010"}],"version-history":[{"count":28,"href":"https:\/\/blogs.univ-tlse2.fr\/master-ethiquedusoin\/wp-json\/wp\/v2\/pages\/1010\/revisions"}],"predecessor-version":[{"id":1818,"href":"https:\/\/blogs.univ-tlse2.fr\/master-ethiquedusoin\/wp-json\/wp\/v2\/pages\/1010\/revisions\/1818"}],"wp:attachment":[{"href":"https:\/\/blogs.univ-tlse2.fr\/master-ethiquedusoin\/wp-json\/wp\/v2\/media?parent=1010"}],"curies":[{"name":"wp","href":"https:\/\/api.w.org\/{rel}","templated":true}]}}