 {"id":110,"date":"2017-05-24T12:59:25","date_gmt":"2017-05-24T10:59:25","guid":{"rendered":"https:\/\/blogs.univ-tlse2.fr\/master-ethiquedusoin\/?page_id=110"},"modified":"2025-03-17T09:56:58","modified_gmt":"2025-03-17T08:56:58","slug":"presentation","status":"publish","type":"page","link":"https:\/\/blogs.univ-tlse2.fr\/master-ethiquedusoin\/presentation\/","title":{"rendered":"Pr\u00e9sentation de la formation"},"content":{"rendered":"\n<p>Le Master \u00c9thique du soin et recherche (philosophie, m\u00e9decine, droit) est un dipl\u00f4me cohabilit\u00e9 par trois&nbsp;universit\u00e9s toulousaines : l&rsquo;UT2-Jean Jaur\u00e8s (D\u00e9partement de Philosophie), l\u2019UT3-Paul Sabatier (Facult\u00e9 de M\u00e9decine de Rangueil) et l\u2019UT1-Capitole (Facult\u00e9 de Droit).<\/p>\n\n\n\n<p><a href=\"https:\/\/blogs.univ-tlse2.fr\/master-ethiquedusoin\/files\/2022\/03\/Catalogue-Master-2021-2025-ethique.pdf\">Acc\u00e9der \u00e0 la plaquette de pr\u00e9sentation.<\/a><\/p>\n\n\n\n<p>&nbsp;<\/p>\n\n\n\n<p><iframe loading=\"lazy\" src=\"https:\/\/prismes.univ-toulouse.fr\/player.php?code=4Lr76h04&amp;width=100%&amp;height=100%\" width=\"768px\" height=\"432px\" frameborder=\"0\"><\/iframe><\/p>\n\n\n\n<p>L&rsquo;association&nbsp;des trois disciplines &#8211; la philosophie, le droit et la m\u00e9decine &#8211; nous permet d&rsquo;offrir une formation riche d&rsquo;enseignements sp\u00e9cifiques, au service de la r\u00e9flexion \u00e9thique.<\/p>\n\n\n\n<p>L&rsquo;enjeu est de&nbsp;d\u00e9velopper une capacit\u00e9 de r\u00e9flexion, de diagnostic et d\u2019intervention dans les domaines de l\u2019\u00e9thique m\u00e9dicale, des pratiques de soin, et plus g\u00e9n\u00e9ralement des probl\u00e8mes normatifs soulev\u00e9s par le d\u00e9veloppement des nouvelles potentialit\u00e9s scientifiques et techniques d\u2019intervention sur le vivant.<\/p>\n\n\n\n<p>La formation repose sur un socle de r\u00e9flexions philosophiques associant la longue dur\u00e9e de sa tradition et la structuration la plus&nbsp;actuelle&nbsp;des d\u00e9bats bio\u00e9thiques, inform\u00e9s sur le plan scientifique, technologique, juridique, sociologique et politique.<\/p>\n\n\n\n<p>La sp\u00e9cialit\u00e9 \u00e9thique s\u2019appuie de fa\u00e7on privil\u00e9gi\u00e9e sur le secteur hospitalier, mobilisant des m\u00e9decins et professeurs de m\u00e9decine, et int\u00e9grant \u00e0 sa formation des stages en milieu m\u00e9dical.<\/p>\n\n\n\n<p>\u21d2 Les enseignements peuvent \u00eatre suivis en cours pr\u00e9sentiels ou \u00eatre dispens\u00e9s dans le cadre du Service d&rsquo;Enseignement \u00e0 Distance (SED). \u00c0&nbsp;l\u2019exception des modules, d\u2019une dur\u00e9e de 3 jours, organis\u00e9s par la facult\u00e9 de m\u00e9decine, qui imposent une pr\u00e9sence obligatoire et des \u00e9preuves de Mises en Situation pratiques (une demi-journ\u00e9e par ann\u00e9e de dipl\u00f4me).<\/p>\n\n\n\n<p>\u21d2 Le Master&nbsp;\u00c9thique du soin et recherche est accessible en formation initiale et en <a href=\"http:\/\/www.univ-tlse2.fr\/accueil\/formation-insertion\/formation-continue\/la-reprise-d-etudes-dans-des-diplomes-de-formation-initiale-443838.kjsp?RH=1370426584095\">formation continue<\/a>.<\/p>\n\n\n<div class=\"wp-block-image\">\n<figure class=\"aligncenter\"><a href=\"http:\/\/www.ut-capitole.fr\/formations\/nos-diplomes\/masters\/master-m2-ethique-parcours-ethique-du-soin-et-recherche-philosophie-medecine-et-droit--567545.kjsp\"><img loading=\"lazy\" decoding=\"async\" width=\"150\" height=\"150\" src=\"https:\/\/blogs.univ-tlse2.fr\/master-ethiquedusoin\/wp-content\/blogs.dir\/201\/files\/2017\/12\/1200px-Universit\u00e9_Toulouse_1_logo.svg_-150x150.png\" alt=\"\" class=\"wp-image-1072\" srcset=\"https:\/\/blogs.univ-tlse2.fr\/master-ethiquedusoin\/files\/2017\/12\/1200px-Universit\u00e9_Toulouse_1_logo.svg_-150x150.png 150w, https:\/\/blogs.univ-tlse2.fr\/master-ethiquedusoin\/files\/2017\/12\/1200px-Universit\u00e9_Toulouse_1_logo.svg_-300x300.png 300w, https:\/\/blogs.univ-tlse2.fr\/master-ethiquedusoin\/files\/2017\/12\/1200px-Universit\u00e9_Toulouse_1_logo.svg_-768x768.png 768w, https:\/\/blogs.univ-tlse2.fr\/master-ethiquedusoin\/files\/2017\/12\/1200px-Universit\u00e9_Toulouse_1_logo.svg_-1024x1024.png 1024w, https:\/\/blogs.univ-tlse2.fr\/master-ethiquedusoin\/files\/2017\/12\/1200px-Universit\u00e9_Toulouse_1_logo.svg_-600x600.png 600w, https:\/\/blogs.univ-tlse2.fr\/master-ethiquedusoin\/files\/2017\/12\/1200px-Universit\u00e9_Toulouse_1_logo.svg_.png 1200w, https:\/\/blogs.univ-tlse2.fr\/master-ethiquedusoin\/files\/2017\/12\/1200px-Universit\u00e9_Toulouse_1_logo.svg_-100x100.png 100w\" sizes=\"auto, (max-width: 150px) 100vw, 150px\" \/><\/a><\/figure>\n<\/div>\n\n\n<p><\/p>\n\n\n<div class=\"wp-block-image\">\n<figure class=\"aligncenter\"><a href=\"http:\/\/philosophie.univ-tlse2.fr\"><img loading=\"lazy\" decoding=\"async\" width=\"300\" height=\"72\" src=\"https:\/\/blogs.univ-tlse2.fr\/master-ethiquedusoin\/wp-content\/blogs.dir\/201\/files\/2017\/12\/logo-ut2j-texte-noir_1434615963206-png-300x72.png\" alt=\"\" class=\"wp-image-1069\" \/><\/a><\/figure>\n<\/div>\n\n\n<p><\/p>\n\n\n<div class=\"wp-block-image\">\n<figure class=\"aligncenter\"><a href=\"http:\/\/www.univ-tlse3.fr\/master-mention-ethique-2016-2021-619684.kjsp?RH=1454074064222\"><img loading=\"lazy\" decoding=\"async\" width=\"300\" height=\"101\" src=\"https:\/\/blogs.univ-tlse2.fr\/master-ethiquedusoin\/wp-content\/blogs.dir\/201\/files\/2017\/12\/Logo_UT3-300x101.jpg\" alt=\"\" class=\"wp-image-1073\" srcset=\"https:\/\/blogs.univ-tlse2.fr\/master-ethiquedusoin\/files\/2017\/12\/Logo_UT3-300x101.jpg 300w, https:\/\/blogs.univ-tlse2.fr\/master-ethiquedusoin\/files\/2017\/12\/Logo_UT3-768x259.jpg 768w, https:\/\/blogs.univ-tlse2.fr\/master-ethiquedusoin\/files\/2017\/12\/Logo_UT3-1024x345.jpg 1024w, https:\/\/blogs.univ-tlse2.fr\/master-ethiquedusoin\/files\/2017\/12\/Logo_UT3-600x202.jpg 600w\" sizes=\"auto, (max-width: 300px) 100vw, 300px\" \/><\/a><\/figure>\n<\/div>\n\n\n<p><\/p>\n","protected":false},"excerpt":{"rendered":"<p>Le Master \u00c9thique du soin et recherche (philosophie, m\u00e9decine, droit) est un dipl\u00f4me cohabilit\u00e9 par trois&nbsp;universit\u00e9s toulousaines : l&rsquo;UT2-Jean Jaur\u00e8s (D\u00e9partement de Philosophie), l\u2019UT3-Paul Sabatier (Facult\u00e9 de M\u00e9decine de Rangueil) et l\u2019UT1-Capitole (Facult\u00e9 de Droit). Acc\u00e9der \u00e0 la plaquette de pr\u00e9sentation. &nbsp; L&rsquo;association&nbsp;des trois disciplines &#8211; la philosophie, le droit et la m\u00e9decine &#8211; nous &hellip; <\/p>\n<p class=\"link-more\"><a href=\"https:\/\/blogs.univ-tlse2.fr\/master-ethiquedusoin\/presentation\/\" class=\"more-link\">Continuer la lecture<span class=\"screen-reader-text\"> de &laquo;&nbsp;Pr\u00e9sentation de la formation&nbsp;&raquo;<\/span><\/a><\/p>\n","protected":false},"author":405,"featured_media":0,"parent":0,"menu_order":0,"comment_status":"closed","ping_status":"closed","template":"","meta":{"footnotes":"","_links_to":"","_links_to_target":""},"class_list":["post-110","page","type-page","status-publish","hentry"],"_links":{"self":[{"href":"https:\/\/blogs.univ-tlse2.fr\/master-ethiquedusoin\/wp-json\/wp\/v2\/pages\/110","targetHints":{"allow":["GET"]}}],"collection":[{"href":"https:\/\/blogs.univ-tlse2.fr\/master-ethiquedusoin\/wp-json\/wp\/v2\/pages"}],"about":[{"href":"https:\/\/blogs.univ-tlse2.fr\/master-ethiquedusoin\/wp-json\/wp\/v2\/types\/page"}],"author":[{"embeddable":true,"href":"https:\/\/blogs.univ-tlse2.fr\/master-ethiquedusoin\/wp-json\/wp\/v2\/users\/405"}],"replies":[{"embeddable":true,"href":"https:\/\/blogs.univ-tlse2.fr\/master-ethiquedusoin\/wp-json\/wp\/v2\/comments?post=110"}],"version-history":[{"count":23,"href":"https:\/\/blogs.univ-tlse2.fr\/master-ethiquedusoin\/wp-json\/wp\/v2\/pages\/110\/revisions"}],"predecessor-version":[{"id":2517,"href":"https:\/\/blogs.univ-tlse2.fr\/master-ethiquedusoin\/wp-json\/wp\/v2\/pages\/110\/revisions\/2517"}],"wp:attachment":[{"href":"https:\/\/blogs.univ-tlse2.fr\/master-ethiquedusoin\/wp-json\/wp\/v2\/media?parent=110"}],"curies":[{"name":"wp","href":"https:\/\/api.w.org\/{rel}","templated":true}]}}