 {"id":115,"date":"2017-05-24T13:06:05","date_gmt":"2017-05-24T11:06:05","guid":{"rendered":"https:\/\/blogs.univ-tlse2.fr\/master-ethiquedusoin\/?page_id=115"},"modified":"2017-09-30T19:57:01","modified_gmt":"2017-09-30T17:57:01","slug":"debouches","status":"publish","type":"page","link":"https:\/\/blogs.univ-tlse2.fr\/master-ethiquedusoin\/debouches\/","title":{"rendered":"D\u00e9bouch\u00e9s"},"content":{"rendered":"<p style=\"text-align: justify\">Le parcours propos\u00e9 par le Master \u00c9thique du soin et recherche a pour objectif de former et de d\u00e9velopper une\u00a0comp\u00e9tence transdisciplinaire pour les questions sociales, \u00e9thiques et politiques li\u00e9es au vivant, \u00e0 la m\u00e9decine, la philosophie et le droit. Les comp\u00e9tences acquises peuvent \u00eatre recherch\u00e9es dans des domaines vari\u00e9s comme par exemple : la sant\u00e9 publique, les h\u00f4pitaux et secteurs actifs de soins, l&rsquo;environnement, le milieu industriel, la m\u00e9diation, la mise en place de la qualit\u00e9, l&rsquo;aide \u00e0 la d\u00e9cision politique, l&rsquo;enseignement.<\/p>\n<p style=\"text-align: justify\">Une des particularit\u00e9s de ce Master est d&rsquo;accueillir une majorit\u00e9 d&rsquo;\u00e9tudiant-e-s qui sont d\u00e9j\u00e0 ins\u00e9r\u00e9-e-s, en formation ou en profession, dans les m\u00e9tiers de la sant\u00e9.<\/p>\n<p style=\"text-align: justify\">Une autre partie des \u00e9tudiant-e-s est d\u00e9j\u00e0 dipl\u00f4m\u00e9 au niveau Master et choisissent ainsi de compl\u00e9ter leur formation avec un\u00a0dipl\u00f4me en \u00e9thique.<\/p>\n<p style=\"text-align: justify\">En effet, la valorisation professionnelle de cette formation\u00a0passe par la mobilisation de comp\u00e9tences compl\u00e9mentaires dans l&rsquo;une des trois disciplines (philosophie, sant\u00e9, droit).<\/p>\n<p style=\"text-align: justify\">Les \u00e9tudiant-e-s titulaires du Master \u00c9thique du soin et recherche ont la possibilit\u00e9 de poursuivre leur parcours universitaire en s&rsquo;inscrivant en doctorat d&rsquo;\u00e9thique, de bio\u00e9thique, de droit ou de philosophie. Un tel doctorat peut, de plus, \u00eatre co-dirig\u00e9 afin de poursuivre la transdisciplinarit\u00e9 propre aux recherches en \u00e9thique.<\/p>\n<p style=\"text-align: justify\">Les concours de la fonction publique en\u00a0philosophie (notamment l&rsquo;agr\u00e9gation et le CAPES) et en\u00a0droit sont ouverts aux titulaires du Master \u00c9thique du soin et recherche. Cependant ce dipl\u00f4me n&rsquo;est\u00a0pas un parcours d\u00e9di\u00e9 \u00e0 la pr\u00e9paration de ces concours.<\/p>\n","protected":false},"excerpt":{"rendered":"<p>Le parcours propos\u00e9 par le Master \u00c9thique du soin et recherche a pour objectif de former et de d\u00e9velopper une\u00a0comp\u00e9tence transdisciplinaire pour les questions sociales, \u00e9thiques et politiques li\u00e9es au vivant, \u00e0 la m\u00e9decine, la philosophie et le droit. Les comp\u00e9tences acquises peuvent \u00eatre recherch\u00e9es dans des domaines vari\u00e9s comme par exemple : la sant\u00e9 &hellip; <\/p>\n<p class=\"link-more\"><a href=\"https:\/\/blogs.univ-tlse2.fr\/master-ethiquedusoin\/debouches\/\" class=\"more-link\">Continuer la lecture<span class=\"screen-reader-text\"> de &laquo;&nbsp;D\u00e9bouch\u00e9s&nbsp;&raquo;<\/span><\/a><\/p>\n","protected":false},"author":405,"featured_media":0,"parent":0,"menu_order":0,"comment_status":"closed","ping_status":"closed","template":"","meta":{"footnotes":"","_links_to":"","_links_to_target":""},"class_list":["post-115","page","type-page","status-publish","hentry"],"_links":{"self":[{"href":"https:\/\/blogs.univ-tlse2.fr\/master-ethiquedusoin\/wp-json\/wp\/v2\/pages\/115","targetHints":{"allow":["GET"]}}],"collection":[{"href":"https:\/\/blogs.univ-tlse2.fr\/master-ethiquedusoin\/wp-json\/wp\/v2\/pages"}],"about":[{"href":"https:\/\/blogs.univ-tlse2.fr\/master-ethiquedusoin\/wp-json\/wp\/v2\/types\/page"}],"author":[{"embeddable":true,"href":"https:\/\/blogs.univ-tlse2.fr\/master-ethiquedusoin\/wp-json\/wp\/v2\/users\/405"}],"replies":[{"embeddable":true,"href":"https:\/\/blogs.univ-tlse2.fr\/master-ethiquedusoin\/wp-json\/wp\/v2\/comments?post=115"}],"version-history":[{"count":7,"href":"https:\/\/blogs.univ-tlse2.fr\/master-ethiquedusoin\/wp-json\/wp\/v2\/pages\/115\/revisions"}],"predecessor-version":[{"id":934,"href":"https:\/\/blogs.univ-tlse2.fr\/master-ethiquedusoin\/wp-json\/wp\/v2\/pages\/115\/revisions\/934"}],"wp:attachment":[{"href":"https:\/\/blogs.univ-tlse2.fr\/master-ethiquedusoin\/wp-json\/wp\/v2\/media?parent=115"}],"curies":[{"name":"wp","href":"https:\/\/api.w.org\/{rel}","templated":true}]}}