 {"id":153,"date":"2017-05-25T10:37:51","date_gmt":"2017-05-25T08:37:51","guid":{"rendered":"https:\/\/blogs.univ-tlse2.fr\/master-ethiquedusoin\/?page_id=153"},"modified":"2024-08-27T13:47:46","modified_gmt":"2024-08-27T11:47:46","slug":"equipe-pedagogique","status":"publish","type":"page","link":"https:\/\/blogs.univ-tlse2.fr\/master-ethiquedusoin\/equipe-pedagogique\/","title":{"rendered":"Equipe p\u00e9dagogique"},"content":{"rendered":"\n<h2 class=\"wp-block-heading\"><strong><a href=\"https:\/\/univ-tlse2.academia.edu\/FloraBastiani\">Bastiani Flora<\/a>,&nbsp;UT2<\/strong><\/h2>\n\n\n\n<div class=\"wp-block-group\"><div class=\"wp-block-group__inner-container is-layout-constrained wp-block-group-is-layout-constrained\">\n<ul class=\"wp-block-list\">\n<li>Initiation \u00e0 la recherche UE705<\/li>\n<\/ul>\n\n\n\n<ul class=\"wp-block-list\">\n<li>Initiation \u00e0 la recherche UE805<\/li>\n<\/ul>\n\n\n\n<ul class=\"wp-block-list\">\n<li>Questions d&rsquo;\u00e9thique contemporaines UE903<\/li>\n<\/ul>\n\n\n\n<ul class=\"wp-block-list\">\n<li>Histoire de la notion d&rsquo;\u00e9thique 2 UE904<\/li>\n<\/ul>\n<\/div><\/div>\n\n\n\n<h2 class=\"wp-block-heading\"><strong><a href=\"http:\/\/www.ut-capitole.fr\/m-xavier-bioy--413828.kjsp\">Bioy Xavier<\/a>, UT1<\/strong><\/h2>\n\n\n\n<ul class=\"wp-block-list\">\n<li>Droits des libert\u00e9s fondamentales UE702<\/li>\n<\/ul>\n\n\n\n<ul class=\"wp-block-list\">\n<li>Droit et risque UE802<\/li>\n<\/ul>\n\n\n\n<ul class=\"wp-block-list\">\n<li>Bio\u00e9thique et libert\u00e9s UE1002<\/li>\n<\/ul>\n\n\n\n<h2 class=\"wp-block-heading\"><strong>Bujan Louis, UT3<\/strong><\/h2>\n\n\n\n<ul class=\"wp-block-list\">\n<li>Procr\u00e9ation et vie commen\u00e7ante UE803<\/li>\n<\/ul>\n\n\n\n<h2 class=\"wp-block-heading\"><strong>Fontan Emilie, UT3<\/strong><\/h2>\n\n\n\n<ul class=\"wp-block-list\">\n<li>Ethique du soin et fin de vie UE804<\/li>\n<\/ul>\n\n\n\n<h2 class=\"wp-block-heading\"><strong>Hamel Olivier, UT3<\/strong><\/h2>\n\n\n\n<ul class=\"wp-block-list\">\n<li>Gestion du risque en milieu de soin et sant\u00e9 publique UE1003<\/li>\n\n\n\n<li>Histoire de la m\u00e9decine UE703<\/li>\n<\/ul>\n\n\n\n<h2 class=\"wp-block-heading\"><strong>Jolivet \u00c9ric, TSM<\/strong><\/h2>\n\n\n\n<ul class=\"wp-block-list\">\n<li>Initiation au management en sant\u00e9 UE805<\/li>\n<\/ul>\n\n\n\n<ul class=\"wp-block-list\"><\/ul>\n\n\n\n<ul class=\"wp-block-list\"><\/ul>\n\n\n\n<h2 class=\"wp-block-heading\"><strong><a href=\"https:\/\/univ-tlse2.academia.edu\/PaulAntoineMiquel\">Miquel Paul-Antoine<\/a>, UT2<\/strong><\/h2>\n\n\n\n<ul class=\"wp-block-list\">\n<li>\u00c9pist\u00e9mologie : m\u00e9decine et sciences du vivant 1 UE701<\/li>\n<\/ul>\n\n\n\n<h2 class=\"wp-block-heading\"><strong>Mirav\u00e8te S\u00e9bastien, UT2<\/strong><\/h2>\n\n\n\n<ul class=\"wp-block-list\">\n<li>Questions d&rsquo;\u00e9thique contemporaines UE903<\/li>\n<\/ul>\n\n\n\n<h2 class=\"wp-block-heading\"><strong>Mouze L\u00e9titia, UT2<\/strong><\/h2>\n\n\n\n<ul class=\"wp-block-list\">\n<li>Histoire de la notion d&rsquo;\u00e9thique 1 UE704<\/li>\n<\/ul>\n\n\n\n<h2 class=\"wp-block-heading\"><strong><a href=\"https:\/\/philosophie.univ-tlse2.fr\/accueil-philosophie\/departement\/francois-ottmann\">Ottmann Fran\u00e7ois<\/a>, UT2<\/strong><\/h2>\n\n\n\n<ul class=\"wp-block-list\">\n<li>Histoire de la notion d&rsquo;\u00e9thique 1 UE704<\/li>\n<\/ul>\n\n\n\n<h2 class=\"wp-block-heading\"><strong><a href=\"http:\/\/www.ut-capitole.fr\/mme-isabelle-poirot-mazeres--106917.kjsp\">Poirot-Maz\u00e8res Isabelle<\/a>, UT1<\/strong><\/h2>\n\n\n\n<ul class=\"wp-block-list\">\n<li>Droit de la sant\u00e9 UE902<\/li>\n<\/ul>\n\n\n\n<h2 class=\"wp-block-heading\"><strong>Rial-Sebbag Emmanuelle, UT3<\/strong><\/h2>\n\n\n\n<ul class=\"wp-block-list\">\n<li>\u00c9thique de la recherche biom\u00e9dicale UE906<\/li>\n<\/ul>\n\n\n\n<h2 class=\"wp-block-heading\"><strong>Serban Claudia, UT2<\/strong><\/h2>\n\n\n\n<ul class=\"wp-block-list\">\n<li>Questions d&rsquo;\u00e9thique contemporaines UE903<\/li>\n<\/ul>\n\n\n\n<h2 class=\"wp-block-heading\"><strong>Tom\u00e0s R\u00e9gis, UT2<\/strong><\/h2>\n\n\n\n<ul class=\"wp-block-list\">\n<li>Histoire de la notion d&rsquo;\u00e9thique 1 UE704<\/li>\n<\/ul>\n\n\n\n<h2 class=\"wp-block-heading\"><strong><a href=\"https:\/\/univ-tlse2.academia.edu\/CharlesWolfe\">Wolfe Charles<\/a>, UT2<\/strong><\/h2>\n\n\n\n<ul class=\"wp-block-list\">\n<li>Initiation \u00e0 la recherche UE705<\/li>\n<\/ul>\n\n\n\n<ul class=\"wp-block-list\">\n<li>\u00c9pist\u00e9mologie : m\u00e9decine et sciences du vivant 2 UE901<\/li>\n<\/ul>\n\n\n\n<div class=\"wp-block-group\"><div class=\"wp-block-group__inner-container is-layout-constrained wp-block-group-is-layout-constrained\"><\/div><\/div>\n","protected":false},"excerpt":{"rendered":"<p>Bastiani Flora,&nbsp;UT2 Bioy Xavier, UT1 Bujan Louis, UT3 Fontan Emilie, UT3 Hamel Olivier, UT3 Jolivet \u00c9ric, TSM Miquel Paul-Antoine, UT2 Mirav\u00e8te S\u00e9bastien, UT2 Mouze L\u00e9titia, UT2 Ottmann Fran\u00e7ois, UT2 Poirot-Maz\u00e8res Isabelle, UT1 Rial-Sebbag Emmanuelle, UT3 Serban Claudia, UT2 Tom\u00e0s R\u00e9gis, UT2 Wolfe Charles, UT2<\/p>\n","protected":false},"author":405,"featured_media":0,"parent":0,"menu_order":0,"comment_status":"closed","ping_status":"closed","template":"","meta":{"footnotes":"","_links_to":"","_links_to_target":""},"class_list":["post-153","page","type-page","status-publish","hentry"],"_links":{"self":[{"href":"https:\/\/blogs.univ-tlse2.fr\/master-ethiquedusoin\/wp-json\/wp\/v2\/pages\/153","targetHints":{"allow":["GET"]}}],"collection":[{"href":"https:\/\/blogs.univ-tlse2.fr\/master-ethiquedusoin\/wp-json\/wp\/v2\/pages"}],"about":[{"href":"https:\/\/blogs.univ-tlse2.fr\/master-ethiquedusoin\/wp-json\/wp\/v2\/types\/page"}],"author":[{"embeddable":true,"href":"https:\/\/blogs.univ-tlse2.fr\/master-ethiquedusoin\/wp-json\/wp\/v2\/users\/405"}],"replies":[{"embeddable":true,"href":"https:\/\/blogs.univ-tlse2.fr\/master-ethiquedusoin\/wp-json\/wp\/v2\/comments?post=153"}],"version-history":[{"count":14,"href":"https:\/\/blogs.univ-tlse2.fr\/master-ethiquedusoin\/wp-json\/wp\/v2\/pages\/153\/revisions"}],"predecessor-version":[{"id":2447,"href":"https:\/\/blogs.univ-tlse2.fr\/master-ethiquedusoin\/wp-json\/wp\/v2\/pages\/153\/revisions\/2447"}],"wp:attachment":[{"href":"https:\/\/blogs.univ-tlse2.fr\/master-ethiquedusoin\/wp-json\/wp\/v2\/media?parent=153"}],"curies":[{"name":"wp","href":"https:\/\/api.w.org\/{rel}","templated":true}]}}