 {"id":165,"date":"2017-05-25T16:13:03","date_gmt":"2017-05-25T14:13:03","guid":{"rendered":"https:\/\/blogs.univ-tlse2.fr\/master-ethiquedusoin\/?page_id=165"},"modified":"2017-05-25T23:43:22","modified_gmt":"2017-05-25T21:43:22","slug":"mooc-methodologie-de-la-recherche","status":"publish","type":"page","link":"https:\/\/blogs.univ-tlse2.fr\/master-ethiquedusoin\/mooc-methodologie-de-la-recherche\/","title":{"rendered":"M\u00e9thodologie de la recherche"},"content":{"rendered":"<p><a href=\"https:\/\/www.youtube.com\/watch?v=VskW7Qrn9II\">https:\/\/www.youtube.com\/watch?v=VskW7Qrn9II<\/a><\/p>\n<p><iframe loading=\"lazy\" title=\"10 Cl\u00e9s pour R\u00e9ussir une Pr\u00e9sentation PowerPoint - (Tuto Office)\" width=\"525\" height=\"295\" src=\"https:\/\/www.youtube.com\/embed\/JPLF2xtgc40?feature=oembed\" frameborder=\"0\" allow=\"accelerometer; autoplay; clipboard-write; encrypted-media; gyroscope; picture-in-picture; web-share\" referrerpolicy=\"strict-origin-when-cross-origin\" allowfullscreen><\/iframe><\/p>\n<p><iframe loading=\"lazy\" title=\"Les ressources sur internet :  proprie\u0301te\u0301 intellectuelle et plagiat\" width=\"525\" height=\"295\" src=\"https:\/\/www.youtube.com\/embed\/GMqfZZJqb-c?feature=oembed\" frameborder=\"0\" allow=\"accelerometer; autoplay; clipboard-write; encrypted-media; gyroscope; picture-in-picture; web-share\" referrerpolicy=\"strict-origin-when-cross-origin\" allowfullscreen><\/iframe><\/p>\n<p><iframe loading=\"lazy\" title=\"Assieds-toi et \u00e9cris Ta th\u00e8se ! Trucs pratiques pour la r\u00e9daction scientifique\" width=\"525\" height=\"295\" src=\"https:\/\/www.youtube.com\/embed\/qbQ02vJkXQw?feature=oembed\" frameborder=\"0\" allow=\"accelerometer; autoplay; clipboard-write; encrypted-media; gyroscope; picture-in-picture; web-share\" referrerpolicy=\"strict-origin-when-cross-origin\" allowfullscreen><\/iframe><\/p>\n","protected":false},"excerpt":{"rendered":"","protected":false},"author":405,"featured_media":0,"parent":0,"menu_order":0,"comment_status":"closed","ping_status":"closed","template":"","meta":{"footnotes":"","_links_to":"","_links_to_target":""},"class_list":["post-165","page","type-page","status-publish","hentry"],"_links":{"self":[{"href":"https:\/\/blogs.univ-tlse2.fr\/master-ethiquedusoin\/wp-json\/wp\/v2\/pages\/165","targetHints":{"allow":["GET"]}}],"collection":[{"href":"https:\/\/blogs.univ-tlse2.fr\/master-ethiquedusoin\/wp-json\/wp\/v2\/pages"}],"about":[{"href":"https:\/\/blogs.univ-tlse2.fr\/master-ethiquedusoin\/wp-json\/wp\/v2\/types\/page"}],"author":[{"embeddable":true,"href":"https:\/\/blogs.univ-tlse2.fr\/master-ethiquedusoin\/wp-json\/wp\/v2\/users\/405"}],"replies":[{"embeddable":true,"href":"https:\/\/blogs.univ-tlse2.fr\/master-ethiquedusoin\/wp-json\/wp\/v2\/comments?post=165"}],"version-history":[{"count":5,"href":"https:\/\/blogs.univ-tlse2.fr\/master-ethiquedusoin\/wp-json\/wp\/v2\/pages\/165\/revisions"}],"predecessor-version":[{"id":208,"href":"https:\/\/blogs.univ-tlse2.fr\/master-ethiquedusoin\/wp-json\/wp\/v2\/pages\/165\/revisions\/208"}],"wp:attachment":[{"href":"https:\/\/blogs.univ-tlse2.fr\/master-ethiquedusoin\/wp-json\/wp\/v2\/media?parent=165"}],"curies":[{"name":"wp","href":"https:\/\/api.w.org\/{rel}","templated":true}]}}