 {"id":1898,"date":"2021-07-13T19:56:20","date_gmt":"2021-07-13T17:56:20","guid":{"rendered":"https:\/\/blogs.univ-tlse2.fr\/master-ethiquedusoin\/?page_id=1898"},"modified":"2024-08-25T09:28:00","modified_gmt":"2024-08-25T07:28:00","slug":"initiation-a-la-recherche-et-au-management-de-la-sante-ut2-ue805","status":"publish","type":"page","link":"https:\/\/blogs.univ-tlse2.fr\/master-ethiquedusoin\/master-1\/initiation-a-la-recherche-et-au-management-de-la-sante-ut2-ue805\/","title":{"rendered":"Initiation \u00e0 la recherche et au management de la sant\u00e9 (UT2) UE805"},"content":{"rendered":"<p>Pr\u00e9sentiel : BASTIANI\/JOLIVET\/LARTIGUET\/COUARRAZE<\/p>\n<p>SED : BASTIANI (uniquement la partie initiation \u00e0 la recherche)<\/p>\n<p>Volume horaire pr\u00e9sentiel : 30h enseignements + ateliers collaboratifs<\/p>\n<p style=\"text-align: justify\">Cette unit\u00e9 d&rsquo;enseignement au pr\u00e9sentiel est constitu\u00e9e de deux parties : une partie sur le management de la sant\u00e9 qui se tiendra sous forme de s\u00e9minaire de cinq jours au mois de janvier ; et une deuxi\u00e8me partie qui consistera dans l&rsquo;accompagnement dans des projets li\u00e9s \u00e0 l&rsquo;activit\u00e9 de recherche au travers notamment des diff\u00e9rents ateliers collaboratifs.<\/p>\n<p><strong>Management de la sant\u00e9\u00a0<\/strong><strong>:\u00a0<\/strong><\/p>\n<p>Uniquement pour les \u00e9tudiants du pr\u00e9sentiel : lors du s\u00e9minaire une simulation \u00e0 l&rsquo;audit en groupe vous sera propos\u00e9e. Vous serez \u00e9valu\u00e9 sur le dossier et la pr\u00e9sentation qui en sera faite.<\/p>\n<p><strong>Initiation \u00e0 la recherche :<\/strong><\/p>\n<p style=\"text-align: justify\">Ce cours propose une initiation au travail du chercheur et engage donc chaque \u00e9tudiant.e \u00e0 entreprendre des d\u00e9marches actives \u00e0 la fois vers le travail de r\u00e9flexion en vue du m\u00e9moire de Master et plus largement dans la perspective d\u2019une inscription dans la dynamique et l\u2019animation de la recherche.\u00a0L\u2019enjeu est de faciliter l\u2019entr\u00e9e dans la d\u00e9marche de la recherche en mettant \u00e0 disposition des outils et un accompagnement invitant et valorisant les initiatives \u00e9tudiantes personnelles ou en groupe.<\/p>\n<p style=\"text-align: justify\">L\u2019examen consiste \u00e0 produire et pr\u00e9senter une production scientifique au choix :<\/p>\n<ul>\n<li style=\"text-align: justify\">un compte rendu d\u2019ouvrage de moins de trois ans (faire valider son choix d&rsquo;ouvrage par l&rsquo;enseignant) ;<\/li>\n<li style=\"text-align: justify\">un poster scientifique\u00a0;<\/li>\n<li style=\"text-align: justify\">l\u2019organisation scientifique d\u2019une manifestation scientifique (conf\u00e9rence, table ronde, journ\u00e9e d&rsquo;\u00e9tude, colloque) ;<\/li>\n<li style=\"text-align: justify\">une contribution scientifique (orale ou \u00e9crite).<\/li>\n<\/ul>\n<p style=\"text-align: justify\">Des ateliers en ligne ou mixtes accueilleront \u00e0 la fois les personnes du distanciel et du pr\u00e9sentiel. <span style=\"text-decoration: underline\">Le contr\u00f4le de connaissance est identique pour \u00e9tudiant.e.s du SED et du pr\u00e9sentiel<\/span> de sorte que les travaux de groupe sont accept\u00e9s pour les trois derniers types de propositions (poster, organisation d\u2019une manifestation scientifique et contribution).<\/p>\n<p style=\"text-align: justify\">\u00c0 noter\u00a0: Les travaux soumis au titre de l\u2019examen doivent avoir donn\u00e9 lieu \u00e0 une d\u00e9marche concr\u00e8te effective (soumission effective de compte rendu, d\u2019article, de poster, de <em>proposal<\/em> \u00e0 une revue ou un comit\u00e9 de lecture\u00a0; organisation effective de manifestation scientifique).<\/p>\n<p style=\"text-align: justify\">Lors de la pr\u00e9sentation orale, chaque candidat.e ou groupe devra pr\u00e9senter sa production en retra\u00e7ant sa d\u00e9marche, la raison de ses choix initiaux, les contraintes, les difficult\u00e9s rencontr\u00e9es et les retours au moment de la r\u00e9alisation.<\/p>\n","protected":false},"excerpt":{"rendered":"<p>Pr\u00e9sentiel : BASTIANI\/JOLIVET\/LARTIGUET\/COUARRAZE SED : BASTIANI (uniquement la partie initiation \u00e0 la recherche) Volume horaire pr\u00e9sentiel : 30h enseignements + ateliers collaboratifs Cette unit\u00e9 d&rsquo;enseignement au pr\u00e9sentiel est constitu\u00e9e de deux parties : une partie sur le management de la sant\u00e9 qui se tiendra sous forme de s\u00e9minaire de cinq jours au mois de janvier &hellip; <\/p>\n<p class=\"link-more\"><a href=\"https:\/\/blogs.univ-tlse2.fr\/master-ethiquedusoin\/master-1\/initiation-a-la-recherche-et-au-management-de-la-sante-ut2-ue805\/\" class=\"more-link\">Continuer la lecture<span class=\"screen-reader-text\"> de &laquo;&nbsp;Initiation \u00e0 la recherche et au management de la sant\u00e9 (UT2) UE805&nbsp;&raquo;<\/span><\/a><\/p>\n","protected":false},"author":405,"featured_media":0,"parent":275,"menu_order":4,"comment_status":"closed","ping_status":"closed","template":"","meta":{"footnotes":"","_links_to":"","_links_to_target":""},"class_list":["post-1898","page","type-page","status-publish","hentry"],"_links":{"self":[{"href":"https:\/\/blogs.univ-tlse2.fr\/master-ethiquedusoin\/wp-json\/wp\/v2\/pages\/1898","targetHints":{"allow":["GET"]}}],"collection":[{"href":"https:\/\/blogs.univ-tlse2.fr\/master-ethiquedusoin\/wp-json\/wp\/v2\/pages"}],"about":[{"href":"https:\/\/blogs.univ-tlse2.fr\/master-ethiquedusoin\/wp-json\/wp\/v2\/types\/page"}],"author":[{"embeddable":true,"href":"https:\/\/blogs.univ-tlse2.fr\/master-ethiquedusoin\/wp-json\/wp\/v2\/users\/405"}],"replies":[{"embeddable":true,"href":"https:\/\/blogs.univ-tlse2.fr\/master-ethiquedusoin\/wp-json\/wp\/v2\/comments?post=1898"}],"version-history":[{"count":4,"href":"https:\/\/blogs.univ-tlse2.fr\/master-ethiquedusoin\/wp-json\/wp\/v2\/pages\/1898\/revisions"}],"predecessor-version":[{"id":2429,"href":"https:\/\/blogs.univ-tlse2.fr\/master-ethiquedusoin\/wp-json\/wp\/v2\/pages\/1898\/revisions\/2429"}],"up":[{"embeddable":true,"href":"https:\/\/blogs.univ-tlse2.fr\/master-ethiquedusoin\/wp-json\/wp\/v2\/pages\/275"}],"wp:attachment":[{"href":"https:\/\/blogs.univ-tlse2.fr\/master-ethiquedusoin\/wp-json\/wp\/v2\/media?parent=1898"}],"curies":[{"name":"wp","href":"https:\/\/api.w.org\/{rel}","templated":true}]}}