 {"id":1934,"date":"2021-07-14T12:07:48","date_gmt":"2021-07-14T10:07:48","guid":{"rendered":"https:\/\/blogs.univ-tlse2.fr\/master-ethiquedusoin\/?page_id=1934"},"modified":"2024-08-25T19:01:47","modified_gmt":"2024-08-25T17:01:47","slug":"manifestations-scientifiques","status":"publish","type":"page","link":"https:\/\/blogs.univ-tlse2.fr\/master-ethiquedusoin\/manifestations-scientifiques\/","title":{"rendered":"Manifestations scientifiques"},"content":{"rendered":"<p style=\"text-align: justify\">Les \u00e9tudiants du Master \u00c9thique sont incit\u00e9s, \u00e0 travers les diff\u00e9rents temps d&rsquo;ateliers collaboratifs, \u00e0 construire des projets de manifestation scientifique qu&rsquo;ils mettront en oeuvre.<\/p>\n<p style=\"text-align: justify\">Il s&rsquo;agit \u00e0 chaque fois d&rsquo;un projet de groupe pour lequel il faut notamment choisir un th\u00e8me, r\u00e9diger un argumentaire, adresser des invitations aux chercheurs, concevoir un programme, une affiche, faire de la diffusion et organiser mat\u00e9riellement la journ\u00e9e (introduire les s\u00e9ances, g\u00e9rer la captation vid\u00e9o, les temps de pause et la restauration&#8230;). Ces projets permettent d&rsquo;appr\u00e9hender la recherche et sa diffusion de mani\u00e8re pratique, et de se familiariser avec le milieu de la recherche.<\/p>\n<p style=\"text-align: justify\">Habituellement une journ\u00e9e d&rsquo;\u00e9tude ou s\u00e9minaire de recherche se tient durant chaque semestre.<\/p>\n<p><a href=\"https:\/\/www.canal-u.tv\/chaines\/ut2j\/la-vulnerabilite-en-sante-penser-le-corps-et-le-temps-du-soin\">Colloque \u00ab\u00a0La vuln\u00e9rabilit\u00e9 en sant\u00e9 : penser le corps et le temps du soin\u00a0\u00bb, mars 2024<\/a><\/p>\n<p>Journ\u00e9e d&rsquo;\u00e9tude \u00ab\u00a0La v\u00e9rit\u00e9 est-elle toujours bonne \u00e0 dire dans le soin ?\u00a0\u00bb, mai 2023<\/p>\n<p>Journ\u00e9e d&rsquo;\u00e9tude \u00ab\u00a0Repr\u00e9sentation et stigmates de la maladie psychique\u00a0\u00bb, d\u00e9cembre 2022.<\/p>\n<p style=\"text-align: justify\"><a href=\"https:\/\/blogs.univ-tlse2.fr\/master-ethiquedusoin\/2021\/01\/29\/seminaire-des-etudiants-du-master-relatif-a-la-recherche-sur-lembryon\/\">S\u00e9minaire relatif \u00e0 la recherche sur l&#8217;embryon, mars 2021<\/a><\/p>\n<p style=\"text-align: justify\"><a href=\"https:\/\/blogs.univ-tlse2.fr\/master-ethiquedusoin\/2020\/11\/22\/seminaire-de-recherche-mort-pandemie-changements-de-perceptions-collectifs-et-individuels\/\">S\u00e9minaire de recherche \u00ab\u00a0Mort et Pand\u00e9mie : changements de perception\u00a0\u00bb, novembre-d\u00e9cembre 2020<\/a><\/p>\n<p style=\"text-align: justify\"><a href=\"https:\/\/blogs.univ-tlse2.fr\/master-ethiquedusoin\/2019\/11\/01\/contention-les-enjeux-ethiques-dans-la-relation-de-soin\/\">Journ\u00e9e d&rsquo;\u00e9tude \u00ab\u00a0Contention : les enjeux \u00e9thiques dans la relation de soin\u00a0\u00bb, novembre 2019<\/a><\/p>\n<p style=\"text-align: justify\"><a href=\"https:\/\/blogs.univ-tlse2.fr\/master-ethiquedusoin\/2019\/05\/08\/journee-detude-organisme-et-milieu-une-question-de-relation\/\">Journ\u00e9e d&rsquo;\u00e9tude \u00ab\u00a0Privation de libert\u00e9 et relation de soin\u00a0\u00bb, d\u00e9cembre 2018<\/a><\/p>\n<p style=\"text-align: justify\"><a href=\"https:\/\/blogs.univ-tlse2.fr\/master-ethiquedusoin\/2018\/05\/28\/lepigenetique-aujourdhui-que-devient-la-petite-soeur-sans-gene\/\">Journ\u00e9e d&rsquo;\u00e9tude \u00ab\u00a0L&rsquo;\u00e9pig\u00e9n\u00e9tique aujourd&rsquo;hui : que devient la petite soeur sans g\u00e8ne ?\u00a0\u00bb, juin 2018<\/a><\/p>\n<p><a href=\"https:\/\/blogs.univ-tlse2.fr\/master-ethiquedusoin\/2017\/10\/28\/presentation-de-martin-winckler\/\">Conf\u00e9rence de Martin Winckler avec Coline Gineste, octobre 2017<\/a><\/p>\n","protected":false},"excerpt":{"rendered":"<p>Les \u00e9tudiants du Master \u00c9thique sont incit\u00e9s, \u00e0 travers les diff\u00e9rents temps d&rsquo;ateliers collaboratifs, \u00e0 construire des projets de manifestation scientifique qu&rsquo;ils mettront en oeuvre. Il s&rsquo;agit \u00e0 chaque fois d&rsquo;un projet de groupe pour lequel il faut notamment choisir un th\u00e8me, r\u00e9diger un argumentaire, adresser des invitations aux chercheurs, concevoir un programme, une affiche, &hellip; <\/p>\n<p class=\"link-more\"><a href=\"https:\/\/blogs.univ-tlse2.fr\/master-ethiquedusoin\/manifestations-scientifiques\/\" class=\"more-link\">Continuer la lecture<span class=\"screen-reader-text\"> de &laquo;&nbsp;Manifestations scientifiques&nbsp;&raquo;<\/span><\/a><\/p>\n","protected":false},"author":405,"featured_media":0,"parent":0,"menu_order":0,"comment_status":"closed","ping_status":"closed","template":"","meta":{"footnotes":"","_links_to":"","_links_to_target":""},"class_list":["post-1934","page","type-page","status-publish","hentry"],"_links":{"self":[{"href":"https:\/\/blogs.univ-tlse2.fr\/master-ethiquedusoin\/wp-json\/wp\/v2\/pages\/1934","targetHints":{"allow":["GET"]}}],"collection":[{"href":"https:\/\/blogs.univ-tlse2.fr\/master-ethiquedusoin\/wp-json\/wp\/v2\/pages"}],"about":[{"href":"https:\/\/blogs.univ-tlse2.fr\/master-ethiquedusoin\/wp-json\/wp\/v2\/types\/page"}],"author":[{"embeddable":true,"href":"https:\/\/blogs.univ-tlse2.fr\/master-ethiquedusoin\/wp-json\/wp\/v2\/users\/405"}],"replies":[{"embeddable":true,"href":"https:\/\/blogs.univ-tlse2.fr\/master-ethiquedusoin\/wp-json\/wp\/v2\/comments?post=1934"}],"version-history":[{"count":4,"href":"https:\/\/blogs.univ-tlse2.fr\/master-ethiquedusoin\/wp-json\/wp\/v2\/pages\/1934\/revisions"}],"predecessor-version":[{"id":2444,"href":"https:\/\/blogs.univ-tlse2.fr\/master-ethiquedusoin\/wp-json\/wp\/v2\/pages\/1934\/revisions\/2444"}],"wp:attachment":[{"href":"https:\/\/blogs.univ-tlse2.fr\/master-ethiquedusoin\/wp-json\/wp\/v2\/media?parent=1934"}],"curies":[{"name":"wp","href":"https:\/\/api.w.org\/{rel}","templated":true}]}}