 {"id":2253,"date":"2023-09-07T17:55:20","date_gmt":"2023-09-07T15:55:20","guid":{"rendered":"https:\/\/blogs.univ-tlse2.fr\/master-ethiquedusoin\/?page_id=2253"},"modified":"2026-02-05T09:28:28","modified_gmt":"2026-02-05T08:28:28","slug":"enseignement-a-distance","status":"publish","type":"page","link":"https:\/\/blogs.univ-tlse2.fr\/master-ethiquedusoin\/enseignement-a-distance\/","title":{"rendered":"Enseignement \u00e0 distance (SED)"},"content":{"rendered":"<p style=\"text-align: justify\">Le master \u00e9thique du soin est ouvert au service d&rsquo;enseignement \u00e0 distance (SED). Ceci permet d&rsquo;obtenir des supports de cours \u00e9crits afin d&rsquo;\u00e9tudier en toute autonomie en ne pr\u00e9sentant les examens qu&rsquo;\u00e0 la fin de chaque semestre <strong><span style=\"text-decoration: underline\"><em>\u00e0 l&rsquo;exception des enseignements en Sant\u00e9 qui ont toujours lieu en pr\u00e9sentiel<\/em><\/span><\/strong>.<\/p>\n<p style=\"text-align: justify\">La pr\u00e9sence des inscrits au SED est obligatoire :<\/p>\n<ul>\n<li style=\"text-align: justify\">Lors des enseignements en sant\u00e9 : pour chaque ann\u00e9e du dipl\u00f4me trois s\u00e9minaires de deux \u00e0 trois jours (voir emploi du temps).<\/li>\n<li style=\"text-align: justify\">Lors des \u00e9preuves de mises en situation pratique : pour chaque ann\u00e9e du dipl\u00f4me une demi-journ\u00e9e.<\/li>\n<li>Lors des examens de philosophie, g\u00e9n\u00e9ralement regroup\u00e9s avec les s\u00e9minaires de sant\u00e9.<\/li>\n<li>En fonction de l&rsquo;option de M1 choisie : un examen \u00e0 chaque semestre et\/ou un examen de seconde session au mois de juin l&rsquo;ann\u00e9e du M1.<\/li>\n<li style=\"text-align: justify\">Lors de la soutenance du m\u00e9moire : \u00e0 la fin du mois de juin de l&rsquo;ann\u00e9e du M2.<\/li>\n<\/ul>\n<p><strong>En raison des usages frauduleux des outils num\u00e9riques observ\u00e9s, il ne sera d\u00e9sormais plus possible de pr\u00e9senter les oraux en distanciel. De m\u00eame, les dossiers seront progressivement tous remplac\u00e9s par des devoirs sur table sur site en temps limit\u00e9. Les examens seront regroup\u00e9s sur les semaines des s\u00e9minaires de sant\u00e9, afin de limiter le nombre de d\u00e9placements \u00e0 pr\u00e9voir.<\/strong><\/p>\n<p style=\"text-align: justify\">L&rsquo;inscription au SED dispense de l&rsquo;assiduit\u00e9 en cours (hors sant\u00e9) mais ceux-ci restent ouverts aux personnes qui souhaitent y assister. Il ne sera cependant pas possible de participer aux expos\u00e9s ou travaux not\u00e9s qui sont r\u00e9serv\u00e9s au contr\u00f4le continu.<\/p>\n<p style=\"text-align: justify\">Des ateliers sont r\u00e9guli\u00e8rement organis\u00e9s en ligne afin de permettre aux \u00e9tudiants du SED de rencontrer les \u00e9tudiants du contr\u00f4le continu, de partager leurs questions ou leurs difficult\u00e9s concernant les enseignements, et de pr\u00e9voir et organiser les travaux de groupe et les projets de groupe (notamment pour l&rsquo;UE Initiation \u00e0 la recherche (semestre 2 du M1).<\/p>\n<p style=\"text-align: justify\">En d\u00e9but d&rsquo;ann\u00e9e universitaire, les promotions sont invit\u00e9es \u00e0 d\u00e9signer chacune deux d\u00e9l\u00e9gu\u00e9s : un pour le contr\u00f4le continu et un pour le SED. Ainsi les pr\u00e9occupations des \u00e9tudiants du SED sont relay\u00e9es aupr\u00e8s des responsables p\u00e9dagogiques ou des enseignants par les d\u00e9l\u00e9gu\u00e9s. Cependant nous restons tous attentifs aux questions et demandes individuelles.<\/p>\n<p><strong>Inscription :\u00a0<\/strong><\/p>\n<p style=\"text-align: justify\">Les modalit\u00e9s de s\u00e9lections sont communes \u00e0 l&rsquo;ensemble des candidat.e.s. Les \u00e9tudiant.e.s qui souhaitent s&rsquo;inscrire au SED s&rsquo;inscrivent en premier lieu dans leur \u00e9tablissement de r\u00e9f\u00e9rence, en fonction de leur formation initiale (UPS pour sant\u00e9, UT1 pour le droit et les sciences sociales, UT2 pour la philosophie et les sciences humaines). Une fois l&rsquo;inscription principale valid\u00e9e, une inscription secondaire \u00e0 UT2 doit \u00eatre r\u00e9alis\u00e9e afin de valider l&rsquo;inscription au SED (ce service est g\u00e9r\u00e9 exclusivement par UT2).<\/p>\n<p><strong>D\u00e9roulement :<\/strong><\/p>\n<p>Lors de l&rsquo;inscription secondaire \u00e0 UT2, des codes permettant d&rsquo;acc\u00e9der \u00e0 l&rsquo;ENT UT2 sont transmis. D\u00e8s la rentr\u00e9e, depuis l&rsquo;ENT, un acc\u00e8s \u00e0 IRIS est ouvert o\u00f9 chacun des cours SED est accessible, comprenant le support \u00e9crit du cours. \u00a0Au mois de novembre, les m\u00eames supports \u00e9crits sont adress\u00e9s au format papier par courrier postal.<\/p>\n","protected":false},"excerpt":{"rendered":"<p>Le master \u00e9thique du soin est ouvert au service d&rsquo;enseignement \u00e0 distance (SED). Ceci permet d&rsquo;obtenir des supports de cours \u00e9crits afin d&rsquo;\u00e9tudier en toute autonomie en ne pr\u00e9sentant les examens qu&rsquo;\u00e0 la fin de chaque semestre \u00e0 l&rsquo;exception des enseignements en Sant\u00e9 qui ont toujours lieu en pr\u00e9sentiel. La pr\u00e9sence des inscrits au SED &hellip; <\/p>\n<p class=\"link-more\"><a href=\"https:\/\/blogs.univ-tlse2.fr\/master-ethiquedusoin\/enseignement-a-distance\/\" class=\"more-link\">Continuer la lecture<span class=\"screen-reader-text\"> de &laquo;&nbsp;Enseignement \u00e0 distance (SED)&nbsp;&raquo;<\/span><\/a><\/p>\n","protected":false},"author":405,"featured_media":0,"parent":0,"menu_order":0,"comment_status":"closed","ping_status":"closed","template":"","meta":{"footnotes":"","_links_to":"","_links_to_target":""},"class_list":["post-2253","page","type-page","status-publish","hentry"],"_links":{"self":[{"href":"https:\/\/blogs.univ-tlse2.fr\/master-ethiquedusoin\/wp-json\/wp\/v2\/pages\/2253","targetHints":{"allow":["GET"]}}],"collection":[{"href":"https:\/\/blogs.univ-tlse2.fr\/master-ethiquedusoin\/wp-json\/wp\/v2\/pages"}],"about":[{"href":"https:\/\/blogs.univ-tlse2.fr\/master-ethiquedusoin\/wp-json\/wp\/v2\/types\/page"}],"author":[{"embeddable":true,"href":"https:\/\/blogs.univ-tlse2.fr\/master-ethiquedusoin\/wp-json\/wp\/v2\/users\/405"}],"replies":[{"embeddable":true,"href":"https:\/\/blogs.univ-tlse2.fr\/master-ethiquedusoin\/wp-json\/wp\/v2\/comments?post=2253"}],"version-history":[{"count":11,"href":"https:\/\/blogs.univ-tlse2.fr\/master-ethiquedusoin\/wp-json\/wp\/v2\/pages\/2253\/revisions"}],"predecessor-version":[{"id":2622,"href":"https:\/\/blogs.univ-tlse2.fr\/master-ethiquedusoin\/wp-json\/wp\/v2\/pages\/2253\/revisions\/2622"}],"wp:attachment":[{"href":"https:\/\/blogs.univ-tlse2.fr\/master-ethiquedusoin\/wp-json\/wp\/v2\/media?parent=2253"}],"curies":[{"name":"wp","href":"https:\/\/api.w.org\/{rel}","templated":true}]}}