 {"id":230,"date":"2017-05-27T10:57:50","date_gmt":"2017-05-27T08:57:50","guid":{"rendered":"https:\/\/blogs.univ-tlse2.fr\/master-ethiquedusoin\/?page_id=230"},"modified":"2025-03-21T15:56:09","modified_gmt":"2025-03-21T14:56:09","slug":"stage","status":"publish","type":"page","link":"https:\/\/blogs.univ-tlse2.fr\/master-ethiquedusoin\/stage\/","title":{"rendered":"Stage"},"content":{"rendered":"<h4><em>Convention<\/em><\/h4>\n<p style=\"text-align: justify\">Le stage, d&rsquo;une dur\u00e9e minimale de 50h, est \u00e0 effectu\u00e9 dans un milieu m\u00e9dical. Avant toute d\u00e9marche, chaque \u00e9tudiant-e s&rsquo;adressera \u00e0 Olivier Hamel afin soit de solliciter son aide dans la recherche d&rsquo;un terrain de stage, soit de lui soumettre un projet.<\/p>\n<ul>\n<li style=\"list-style-type: none\">\n<ul>\n<li><a href=\"https:\/\/blogs.univ-tlse2.fr\/master-ethiquedusoin\/files\/2022\/09\/Terrains-de-STAGES-M2-Ethique-sept-2022.pdf\">Liste propositions de terrains de stage<\/a><\/li>\n<li><a href=\"https:\/\/blogs.univ-tlse2.fr\/master-ethiquedusoin\/files\/2020\/10\/Procedure-STAGE-CHU-M2-Ethique-2020-21.pdf\">Proc\u00e9dure Stage au CHU de Toulouse<\/a><\/li>\n<\/ul>\n<\/li>\n<\/ul>\n<p style=\"text-align: justify\">Une fois recueilli l&rsquo;accord du service qui accueillera le stage, chaque \u00e9tudiant-e devra rencontrer son tuteur de stage afin de lui faire signer (et tamponner) une convention.<\/p>\n<p style=\"text-align: justify\">La convention <strong>en trois exemplaires\u00a0<\/strong>doit \u00eatre \u00e9tablie entre l&rsquo;\u00e9tablissement d&rsquo;inscription principale de l&rsquo;\u00e9tudiant-e et l&rsquo;organisme d&rsquo;accueil du stage.<\/p>\n<ul>\n<li style=\"list-style-type: none\">\n<ul>\n<li style=\"text-align: justify;padding-left: 30px\"><a href=\"https:\/\/blogs.univ-tlse2.fr\/master-ethiquedusoin\/files\/2025\/03\/2024-2025-Convention-_Etudiant-inscript.pdf\">La convention de stage UT2J est \u00e0 t\u00e9l\u00e9charger ici<\/a><\/li>\n<li style=\"text-align: justify;padding-left: 30px\"><a href=\"https:\/\/blogs.univ-tlse2.fr\/master-ethiquedusoin\/files\/2018\/11\/attestation-de-fin-de-stage-.pdf\">L&rsquo;attestation de fin de stage UT2J est \u00e0 t\u00e9l\u00e9charger ici<\/a><\/li>\n<li style=\"text-align: justify;padding-left: 30px\">La convention de stage pour les \u00e9tudiants inscrits \u00e0 l&rsquo;UPS s&rsquo;adresser \u00e0 :<\/li>\n<\/ul>\n<\/li>\n<\/ul>\n<p style=\"padding-left: 30px;text-align: center\">Gestionnaire des Masters Sant\u00e9 &#8211;\u00a0&#x61;&#109;edr&#x61;&#x31;&#x33;&#64;adm&#x2e;&#x75;&#x70;&#115;-tl&#x73;&#x65;&#x2e;&#102;r, 0562889019<br \/>\nFacult\u00e9 de m\u00e9decine Rangueil,\u00a0b\u00e2timent administratif,<br \/>\n<span style=\"font-size: 1rem\">1<\/span><sup>er<\/sup><span style=\"font-size: 1rem\"> \u00e9tage,\u00a0scolarit\u00e9 3<sup>\u00e8me<\/sup> cycle (<span style=\"font-size: 1rem\">sur la mezzanine \u00e0 droite).<\/span><\/span><\/p>\n<p style=\"text-align: justify\">Une fois la convention sign\u00e9e par le tuteur et tamponn\u00e9e par le service qui l&rsquo;accueillera, l&rsquo;\u00e9tudiant-e devra se tourner vers le service des conventions du lieu de stage &#8211; si le stage se d\u00e9roule au CHU de Toulouse, il s&rsquo;agit du <a href=\"https:\/\/www.chu-toulouse.fr\/-stages-hospitaliers-\">service stage du PREFMS<\/a>, <a href=\"https:\/\/www.chu-toulouse.fr\/IMG\/pdf\/imprime_demande_stage_hospitalier_chu_toulouse_20190613.pdf\">consulter document<\/a>.<\/p>\n<p style=\"text-align: justify\">La convention doit \u00eatre accompagn\u00e9e d&rsquo;une attestation d&rsquo;assurance en responsabilit\u00e9 civile et d&rsquo;un certificat m\u00e9dical d&rsquo;aptitude et de vaccination.<\/p>\n<p style=\"text-align: justify\">Lorsque le service des conventions du lieu de stage a approuv\u00e9 la convention, celle-ci est \u00e0 retourner au secr\u00e9tariat de l&rsquo;\u00e9tablissement d&rsquo;inscription (secr\u00e9tariat de philosophie pour l&rsquo;UT2, de droit pour UT1, Mme Blazy pour l&rsquo;UPS).<\/p>\n<div class=\"page\" title=\"Page 1\">\n<div class=\"layoutArea\">\n<div class=\"column\">\n<p><strong><em>Nature du stage :<\/em> <\/strong>Stage d\u2019observation en milieu de soin.\u00a0Le lieu de stage sera \u00e0 d\u00e9finir avec le Pr Hamel (UT3)<\/p>\n<p><em><strong>Dur\u00e9e :<\/strong> <\/em>50 heures minimum, modalit\u00e9s suivant lieu de stage<br \/>\nModalit\u00e9s variables, \u00e0 d\u00e9finir avec le Pr Hamel et l\u2019\u00e9quipe accueillant le stagiaire.<\/p>\n<p><em><strong>P\u00e9riode :<\/strong><\/em> deuxi\u00e8me semestre en g\u00e9n\u00e9ral mais possible de le faire plus pr\u00e9cocement si compatible avec le planning des cours.<\/p>\n<p><em style=\"font-size: 1rem;font-weight: 800\">D\u00e9roulement et rapport<\/em><\/p>\n<\/div>\n<\/div>\n<\/div>\n<p style=\"text-align: justify\">Durant son stage, le stagiaire est suivi par l\u2019\u00e9quipe accueillante et le Pr Hamel si besoin. Selon le contexte dans le lequel vous allez faire ce stage, il faut que vous vous documentiez et lisiez des articles et textes en rapport avec les probl\u00e8mes sp\u00e9cifiques propres au service (p\u00e9diatrie, soins palliatifs, comit\u00e9 d&rsquo;\u00e9thique, etc.). Vos lectures et les enseignements que vous avez re\u00e7us devraient vous permettre d\u2019enrichir votre r\u00e9flexion.<\/p>\n<p style=\"text-align: justify\">L&rsquo;objectif est de comprendre et analyser les questions \u00e9thiques qui peuvent se posent dans la pratique sur le terrain du soin ou des syst\u00e8mes de sant\u00e9.<\/p>\n<p><span style=\"font-size: 1rem\">Le rapport de stage (20 pages maximum) est un dossier qui rend compte :<\/span><\/p>\n<ol>\n<li><span style=\"font-size: 1rem\">d&rsquo;une situation de soin choisie<\/span><\/li>\n<li><span style=\"font-size: 1rem\">des questions et probl\u00e8mes divers qu&rsquo;elle suscite<\/span><\/li>\n<li><span style=\"font-size: 1rem\">des voies de r\u00e9flexion que l\u2019\u00e9tudiant.e propose pour y r\u00e9pondre ou les r\u00e9soudre. <\/span><\/li>\n<\/ol>\n<p style=\"text-align: justify\">Le rapport de stage est \u00e0 faire lire, en premier lieu, \u00e0 l\u2019\u00e9quipe qui vous a encadr\u00e9 sur le\u00a0terrain avant sa finalisation. Deux exemplaires papiers devront \u00eatre d\u00e9pos\u00e9s : 1) \u00e9quipe d\u2019accueil, 2) Pr Hamel.<\/p>\n<p style=\"text-align: justify\">+ Une version PDF sera adress\u00e9e dans un email unique aux trois responsables et aux trois secr\u00e9tariats.<\/p>\n<p style=\"text-align: justify\">La date limite de d\u00e9p\u00f4t du rapport est indiqu\u00e9e \u00e0 la fin du tableau d&#8217;emploi du temps des M2.<\/p>\n","protected":false},"excerpt":{"rendered":"<p>Convention Le stage, d&rsquo;une dur\u00e9e minimale de 50h, est \u00e0 effectu\u00e9 dans un milieu m\u00e9dical. Avant toute d\u00e9marche, chaque \u00e9tudiant-e s&rsquo;adressera \u00e0 Olivier Hamel afin soit de solliciter son aide dans la recherche d&rsquo;un terrain de stage, soit de lui soumettre un projet. Liste propositions de terrains de stage Proc\u00e9dure Stage au CHU de Toulouse &hellip; <\/p>\n<p class=\"link-more\"><a href=\"https:\/\/blogs.univ-tlse2.fr\/master-ethiquedusoin\/stage\/\" class=\"more-link\">Continuer la lecture<span class=\"screen-reader-text\"> de &laquo;&nbsp;Stage&nbsp;&raquo;<\/span><\/a><\/p>\n","protected":false},"author":405,"featured_media":0,"parent":0,"menu_order":0,"comment_status":"closed","ping_status":"closed","template":"","meta":{"footnotes":"","_links_to":"","_links_to_target":""},"class_list":["post-230","page","type-page","status-publish","hentry"],"_links":{"self":[{"href":"https:\/\/blogs.univ-tlse2.fr\/master-ethiquedusoin\/wp-json\/wp\/v2\/pages\/230","targetHints":{"allow":["GET"]}}],"collection":[{"href":"https:\/\/blogs.univ-tlse2.fr\/master-ethiquedusoin\/wp-json\/wp\/v2\/pages"}],"about":[{"href":"https:\/\/blogs.univ-tlse2.fr\/master-ethiquedusoin\/wp-json\/wp\/v2\/types\/page"}],"author":[{"embeddable":true,"href":"https:\/\/blogs.univ-tlse2.fr\/master-ethiquedusoin\/wp-json\/wp\/v2\/users\/405"}],"replies":[{"embeddable":true,"href":"https:\/\/blogs.univ-tlse2.fr\/master-ethiquedusoin\/wp-json\/wp\/v2\/comments?post=230"}],"version-history":[{"count":35,"href":"https:\/\/blogs.univ-tlse2.fr\/master-ethiquedusoin\/wp-json\/wp\/v2\/pages\/230\/revisions"}],"predecessor-version":[{"id":2523,"href":"https:\/\/blogs.univ-tlse2.fr\/master-ethiquedusoin\/wp-json\/wp\/v2\/pages\/230\/revisions\/2523"}],"wp:attachment":[{"href":"https:\/\/blogs.univ-tlse2.fr\/master-ethiquedusoin\/wp-json\/wp\/v2\/media?parent=230"}],"curies":[{"name":"wp","href":"https:\/\/api.w.org\/{rel}","templated":true}]}}