 {"id":484,"date":"2017-06-23T22:13:17","date_gmt":"2017-06-23T20:13:17","guid":{"rendered":"https:\/\/blogs.univ-tlse2.fr\/master-ethiquedusoin\/?page_id=484"},"modified":"2021-07-13T19:07:21","modified_gmt":"2021-07-13T17:07:21","slug":"enjeux-de-sante-publique-ph40703v","status":"publish","type":"page","link":"https:\/\/blogs.univ-tlse2.fr\/master-ethiquedusoin\/enjeux-de-sante-publique-ph40703v\/","title":{"rendered":"Droit des libert\u00e9s fondamentales (UT1) UE702"},"content":{"rendered":"<p>BIOY<\/p>\n<p>Contenu non renseign\u00e9<\/p>\n\n\n<p><strong>Modalit\u00e9 de contr\u00f4le des connaissances <\/strong><\/p>\n\n\n\n<p>Oral individuel not\u00e9 sur 20.<\/p>\n","protected":false},"excerpt":{"rendered":"<p>BIOY Contenu non renseign\u00e9 Modalit\u00e9 de contr\u00f4le des connaissances Oral individuel not\u00e9 sur 20.<\/p>\n","protected":false},"author":405,"featured_media":0,"parent":0,"menu_order":0,"comment_status":"closed","ping_status":"closed","template":"","meta":{"footnotes":"","_links_to":"","_links_to_target":""},"class_list":["post-484","page","type-page","status-publish","hentry"],"_links":{"self":[{"href":"https:\/\/blogs.univ-tlse2.fr\/master-ethiquedusoin\/wp-json\/wp\/v2\/pages\/484","targetHints":{"allow":["GET"]}}],"collection":[{"href":"https:\/\/blogs.univ-tlse2.fr\/master-ethiquedusoin\/wp-json\/wp\/v2\/pages"}],"about":[{"href":"https:\/\/blogs.univ-tlse2.fr\/master-ethiquedusoin\/wp-json\/wp\/v2\/types\/page"}],"author":[{"embeddable":true,"href":"https:\/\/blogs.univ-tlse2.fr\/master-ethiquedusoin\/wp-json\/wp\/v2\/users\/405"}],"replies":[{"embeddable":true,"href":"https:\/\/blogs.univ-tlse2.fr\/master-ethiquedusoin\/wp-json\/wp\/v2\/comments?post=484"}],"version-history":[{"count":7,"href":"https:\/\/blogs.univ-tlse2.fr\/master-ethiquedusoin\/wp-json\/wp\/v2\/pages\/484\/revisions"}],"predecessor-version":[{"id":1878,"href":"https:\/\/blogs.univ-tlse2.fr\/master-ethiquedusoin\/wp-json\/wp\/v2\/pages\/484\/revisions\/1878"}],"wp:attachment":[{"href":"https:\/\/blogs.univ-tlse2.fr\/master-ethiquedusoin\/wp-json\/wp\/v2\/media?parent=484"}],"curies":[{"name":"wp","href":"https:\/\/api.w.org\/{rel}","templated":true}]}}