 {"id":487,"date":"2017-06-23T22:18:28","date_gmt":"2017-06-23T20:18:28","guid":{"rendered":"https:\/\/blogs.univ-tlse2.fr\/master-ethiquedusoin\/?page_id=487"},"modified":"2021-07-13T19:04:38","modified_gmt":"2021-07-13T17:04:38","slug":"histoire-de-la-medecine-ph40702v","status":"publish","type":"page","link":"https:\/\/blogs.univ-tlse2.fr\/master-ethiquedusoin\/histoire-de-la-medecine-ph40702v\/","title":{"rendered":"Histoire de la m\u00e9decine UE703 (UPS)"},"content":{"rendered":"<p>BUJAN<\/p>\n<p>Volume horaire pr\u00e9sentiel : 25h r\u00e9parties sur trois journ\u00e9es de s\u00e9minaire.<\/p>\n<p><em>Contenu non renseign\u00e9<\/em><\/p>\n\n\n<p><strong>Modalit\u00e9 de contr\u00f4le des connaissances<\/strong><\/p>\n\n\n\n<p>Dossier individuel<\/p>\n","protected":false},"excerpt":{"rendered":"<p>BUJAN Volume horaire pr\u00e9sentiel : 25h r\u00e9parties sur trois journ\u00e9es de s\u00e9minaire. Contenu non renseign\u00e9 Modalit\u00e9 de contr\u00f4le des connaissances Dossier individuel<\/p>\n","protected":false},"author":405,"featured_media":0,"parent":0,"menu_order":0,"comment_status":"closed","ping_status":"closed","template":"","meta":{"footnotes":"","_links_to":"","_links_to_target":""},"class_list":["post-487","page","type-page","status-publish","hentry"],"_links":{"self":[{"href":"https:\/\/blogs.univ-tlse2.fr\/master-ethiquedusoin\/wp-json\/wp\/v2\/pages\/487","targetHints":{"allow":["GET"]}}],"collection":[{"href":"https:\/\/blogs.univ-tlse2.fr\/master-ethiquedusoin\/wp-json\/wp\/v2\/pages"}],"about":[{"href":"https:\/\/blogs.univ-tlse2.fr\/master-ethiquedusoin\/wp-json\/wp\/v2\/types\/page"}],"author":[{"embeddable":true,"href":"https:\/\/blogs.univ-tlse2.fr\/master-ethiquedusoin\/wp-json\/wp\/v2\/users\/405"}],"replies":[{"embeddable":true,"href":"https:\/\/blogs.univ-tlse2.fr\/master-ethiquedusoin\/wp-json\/wp\/v2\/comments?post=487"}],"version-history":[{"count":2,"href":"https:\/\/blogs.univ-tlse2.fr\/master-ethiquedusoin\/wp-json\/wp\/v2\/pages\/487\/revisions"}],"predecessor-version":[{"id":1875,"href":"https:\/\/blogs.univ-tlse2.fr\/master-ethiquedusoin\/wp-json\/wp\/v2\/pages\/487\/revisions\/1875"}],"wp:attachment":[{"href":"https:\/\/blogs.univ-tlse2.fr\/master-ethiquedusoin\/wp-json\/wp\/v2\/media?parent=487"}],"curies":[{"name":"wp","href":"https:\/\/api.w.org\/{rel}","templated":true}]}}