 {"id":490,"date":"2017-06-23T22:21:17","date_gmt":"2017-06-23T20:21:17","guid":{"rendered":"https:\/\/blogs.univ-tlse2.fr\/master-ethiquedusoin\/?page_id=490"},"modified":"2024-08-25T08:54:23","modified_gmt":"2024-08-25T06:54:23","slug":"epistemologie-de-la-medecine-et-de-la-biologie-ph40701v","status":"publish","type":"page","link":"https:\/\/blogs.univ-tlse2.fr\/master-ethiquedusoin\/epistemologie-de-la-medecine-et-de-la-biologie-ph40701v\/","title":{"rendered":"Epist\u00e9mologie : m\u00e9decine et sciences du vivant (UT2) UE701"},"content":{"rendered":"<p style=\"text-align: justify\">MIQUEL<\/p>\n<p>Volume horaire pr\u00e9sentiel : 48h.<\/p>\n<p style=\"text-align: justify\">Cours identique pour l&rsquo;enseignement \u00e0 distance SED.<\/p>\n<p><strong>Descriptif :<\/strong><\/p>\n<p style=\"text-align: justify\">Ce cours va se focaliser sur la question de la relation entre les sciences et la philosophie. L\u2019id\u00e9e directrice est de tenter de comprendre et de formuler la diff\u00e9rence entre \u00ab\u00a0philosophie des sciences\u00a0\u00bb et \u00ab\u00a0philosopher avec les sciences\u00a0\u00bb, dans le contexte de la biologie et des sciences du vivant. Elle fait de la philosophie une discipline qui est h\u00e9t\u00e9ronome, au sens o\u00f9 elle ne trouve son champ et son domaine qu\u2019\u00e0 travers l\u2019activit\u00e9 d\u2019autres disciplines. Cela suppose inversement que tout mode d\u2019activit\u00e9 scientifique ne peut se constituer dans son episteme et les objets qu\u2019il d\u00e9finit, qu\u2019\u00e0 travers des \u00e9l\u00e9ments m\u00e9ta-th\u00e9oriques et m\u00e9ta-ontologiques qui la nourrissent. La philosophie se construit dans et par ces \u00e9l\u00e9ments, mais elle engage en m\u00eame temps une r\u00e9flexion critique par rapport \u00e0 eux, \u00e0 travers laquelle elle constitue ce que nous nommerons des sch\u00e8mes conceptuels, et une vision articul\u00e9e du r\u00e9el. Nous allons faire une typologie de ces sch\u00e8mes, et montrer en quel sens ils sont \u00e0 l\u2019\u0153uvre dans les sciences du vivant. Pour finir nous nous focaliserons sur l\u2019un d\u2019entre eux\u00a0: le sch\u00e8me de l\u2019individuation biologique. Nous questionnerons \u00e0 travers lui ce qui fait l\u2019identit\u00e9 d\u2019un syst\u00e8me biologique et en quoi il se distingue d\u2019un syst\u00e8me physique.<\/p>\n<p style=\"text-align: justify\"><em>Bibliographie en cours d&rsquo;actualisation<\/em><\/p>\n<p><strong>Modalit\u00e9s d&rsquo;\u00e9valuation :<\/strong><\/p>\n<p><strong>CC :\u00a0<\/strong>les \u00e9tudiant.e.s inscrits au contr\u00f4le continu (pr\u00e9sentiel) ont la possibilit\u00e9 de pr\u00e9senter un ou deux travaux interm\u00e9diaires (modalit\u00e9s et d\u00e9lais \u00e0 pr\u00e9ciser avec l&rsquo;enseignant) en plus du dossier terminal. Ces travaux sont volontaires et non-obligatoires.<\/p>\n<p style=\"text-align: justify\"><strong>Dossier terminal (CC et SED) :<\/strong> chaque \u00e9tudiant.e (contr\u00f4le continue et enseignement \u00e0 distance) choisira un th\u00e8me <strong>en lien avec le cours <\/strong>et r\u00e9digera un dossier individuel. Il s&rsquo;agit de choisir et d\u00e9finir une probl\u00e9matique issue du cours et la traiter en argumentant sur la base de sources scientifiques.\u00a0 La r\u00e9flexion doit \u00eatre pr\u00e9sent\u00e9e dans une introduction, d\u00e9velopp\u00e9e et synth\u00e9tis\u00e9e dans une conclusion qui insiste sur les enjeux du probl\u00e8me trait\u00e9. Le dossier doit \u00eatre compos\u00e9 de 6 pages maximum hors bibliographie, r\u00e9dig\u00e9es en Times 12, interligne 1,5, justifi\u00e9. Une norme de citation bibliographique (APA, CHICAGO, ISO-690\u2026) doit \u00eatre choisie et respect\u00e9e dans l\u2019int\u00e9gralit\u00e9 du dossier pour les notes de bas de page ainsi que pour la bibliographie finale.<\/p>\n<p>Dossier \u00e0 d\u00e9poser la premi\u00e8re semaine de janvier. <strong>D\u00e9p\u00f4t\u00a0sur le google drive du dipl\u00f4me (acc\u00e8s par la partie membres du Blog) <span style=\"text-decoration: underline\">et<\/span> par email \u00e0 l\u2019enseignant au format PDF uniquement<\/strong>.<\/p>\n\n\n<p><\/p>\n","protected":false},"excerpt":{"rendered":"<p>MIQUEL Volume horaire pr\u00e9sentiel : 48h. Cours identique pour l&rsquo;enseignement \u00e0 distance SED. Descriptif : Ce cours va se focaliser sur la question de la relation entre les sciences et la philosophie. L\u2019id\u00e9e directrice est de tenter de comprendre et de formuler la diff\u00e9rence entre \u00ab\u00a0philosophie des sciences\u00a0\u00bb et \u00ab\u00a0philosopher avec les sciences\u00a0\u00bb, dans le &hellip; <\/p>\n<p class=\"link-more\"><a href=\"https:\/\/blogs.univ-tlse2.fr\/master-ethiquedusoin\/epistemologie-de-la-medecine-et-de-la-biologie-ph40701v\/\" class=\"more-link\">Continuer la lecture<span class=\"screen-reader-text\"> de &laquo;&nbsp;Epist\u00e9mologie : m\u00e9decine et sciences du vivant (UT2) UE701&nbsp;&raquo;<\/span><\/a><\/p>\n","protected":false},"author":405,"featured_media":0,"parent":0,"menu_order":0,"comment_status":"closed","ping_status":"closed","template":"","meta":{"footnotes":"","_links_to":"","_links_to_target":""},"class_list":["post-490","page","type-page","status-publish","hentry"],"_links":{"self":[{"href":"https:\/\/blogs.univ-tlse2.fr\/master-ethiquedusoin\/wp-json\/wp\/v2\/pages\/490","targetHints":{"allow":["GET"]}}],"collection":[{"href":"https:\/\/blogs.univ-tlse2.fr\/master-ethiquedusoin\/wp-json\/wp\/v2\/pages"}],"about":[{"href":"https:\/\/blogs.univ-tlse2.fr\/master-ethiquedusoin\/wp-json\/wp\/v2\/types\/page"}],"author":[{"embeddable":true,"href":"https:\/\/blogs.univ-tlse2.fr\/master-ethiquedusoin\/wp-json\/wp\/v2\/users\/405"}],"replies":[{"embeddable":true,"href":"https:\/\/blogs.univ-tlse2.fr\/master-ethiquedusoin\/wp-json\/wp\/v2\/comments?post=490"}],"version-history":[{"count":10,"href":"https:\/\/blogs.univ-tlse2.fr\/master-ethiquedusoin\/wp-json\/wp\/v2\/pages\/490\/revisions"}],"predecessor-version":[{"id":2419,"href":"https:\/\/blogs.univ-tlse2.fr\/master-ethiquedusoin\/wp-json\/wp\/v2\/pages\/490\/revisions\/2419"}],"wp:attachment":[{"href":"https:\/\/blogs.univ-tlse2.fr\/master-ethiquedusoin\/wp-json\/wp\/v2\/media?parent=490"}],"curies":[{"name":"wp","href":"https:\/\/api.w.org\/{rel}","templated":true}]}}