 {"id":530,"date":"2017-06-24T14:27:45","date_gmt":"2017-06-24T12:27:45","guid":{"rendered":"https:\/\/blogs.univ-tlse2.fr\/master-ethiquedusoin\/?page_id=530"},"modified":"2024-08-25T09:18:43","modified_gmt":"2024-08-25T07:18:43","slug":"procreation-et-vie-commencante-ph40803v","status":"publish","type":"page","link":"https:\/\/blogs.univ-tlse2.fr\/master-ethiquedusoin\/procreation-et-vie-commencante-ph40803v\/","title":{"rendered":"Procr\u00e9ation et vie commen\u00e7ante (UPS) UE803"},"content":{"rendered":"\n<p>Contenu \u00e0 pr\u00e9ciser<\/p>\n\n\n\n<p>Modalit\u00e9s d&rsquo;\u00e9valuation identiques pour les \u00e9tudiants du pr\u00e9sentiel et du distanciel : oral.<\/p>\n","protected":false},"excerpt":{"rendered":"<p>Contenu \u00e0 pr\u00e9ciser Modalit\u00e9s d&rsquo;\u00e9valuation identiques pour les \u00e9tudiants du pr\u00e9sentiel et du distanciel : oral.<\/p>\n","protected":false},"author":405,"featured_media":0,"parent":0,"menu_order":0,"comment_status":"closed","ping_status":"closed","template":"","meta":{"footnotes":"","_links_to":"","_links_to_target":""},"class_list":["post-530","page","type-page","status-publish","hentry"],"_links":{"self":[{"href":"https:\/\/blogs.univ-tlse2.fr\/master-ethiquedusoin\/wp-json\/wp\/v2\/pages\/530","targetHints":{"allow":["GET"]}}],"collection":[{"href":"https:\/\/blogs.univ-tlse2.fr\/master-ethiquedusoin\/wp-json\/wp\/v2\/pages"}],"about":[{"href":"https:\/\/blogs.univ-tlse2.fr\/master-ethiquedusoin\/wp-json\/wp\/v2\/types\/page"}],"author":[{"embeddable":true,"href":"https:\/\/blogs.univ-tlse2.fr\/master-ethiquedusoin\/wp-json\/wp\/v2\/users\/405"}],"replies":[{"embeddable":true,"href":"https:\/\/blogs.univ-tlse2.fr\/master-ethiquedusoin\/wp-json\/wp\/v2\/comments?post=530"}],"version-history":[{"count":4,"href":"https:\/\/blogs.univ-tlse2.fr\/master-ethiquedusoin\/wp-json\/wp\/v2\/pages\/530\/revisions"}],"predecessor-version":[{"id":2426,"href":"https:\/\/blogs.univ-tlse2.fr\/master-ethiquedusoin\/wp-json\/wp\/v2\/pages\/530\/revisions\/2426"}],"wp:attachment":[{"href":"https:\/\/blogs.univ-tlse2.fr\/master-ethiquedusoin\/wp-json\/wp\/v2\/media?parent=530"}],"curies":[{"name":"wp","href":"https:\/\/api.w.org\/{rel}","templated":true}]}}