 {"id":534,"date":"2017-06-24T14:35:48","date_gmt":"2017-06-24T12:35:48","guid":{"rendered":"https:\/\/blogs.univ-tlse2.fr\/master-ethiquedusoin\/?page_id=534"},"modified":"2024-08-25T09:20:16","modified_gmt":"2024-08-25T07:20:16","slug":"ethique-du-soin-et-fin-de-vie-ph40804v","status":"publish","type":"page","link":"https:\/\/blogs.univ-tlse2.fr\/master-ethiquedusoin\/ethique-du-soin-et-fin-de-vie-ph40804v\/","title":{"rendered":"Ethique du soin et fin de vie (UPS) UE804"},"content":{"rendered":"<p>Emilie Fontan<\/p>\n<p>Contenu \u00e0 pr\u00e9ciser<\/p>\n<p>Modalit\u00e9s d&rsquo;\u00e9valuation identiques pour les \u00e9tudiants du pr\u00e9sentiel et du distanciel : \u00e9crit terminal.<\/p>\n","protected":false},"excerpt":{"rendered":"<p>Emilie Fontan Contenu \u00e0 pr\u00e9ciser Modalit\u00e9s d&rsquo;\u00e9valuation identiques pour les \u00e9tudiants du pr\u00e9sentiel et du distanciel : \u00e9crit terminal.<\/p>\n","protected":false},"author":405,"featured_media":0,"parent":0,"menu_order":0,"comment_status":"closed","ping_status":"closed","template":"","meta":{"footnotes":"","_links_to":"","_links_to_target":""},"class_list":["post-534","page","type-page","status-publish","hentry"],"_links":{"self":[{"href":"https:\/\/blogs.univ-tlse2.fr\/master-ethiquedusoin\/wp-json\/wp\/v2\/pages\/534","targetHints":{"allow":["GET"]}}],"collection":[{"href":"https:\/\/blogs.univ-tlse2.fr\/master-ethiquedusoin\/wp-json\/wp\/v2\/pages"}],"about":[{"href":"https:\/\/blogs.univ-tlse2.fr\/master-ethiquedusoin\/wp-json\/wp\/v2\/types\/page"}],"author":[{"embeddable":true,"href":"https:\/\/blogs.univ-tlse2.fr\/master-ethiquedusoin\/wp-json\/wp\/v2\/users\/405"}],"replies":[{"embeddable":true,"href":"https:\/\/blogs.univ-tlse2.fr\/master-ethiquedusoin\/wp-json\/wp\/v2\/comments?post=534"}],"version-history":[{"count":3,"href":"https:\/\/blogs.univ-tlse2.fr\/master-ethiquedusoin\/wp-json\/wp\/v2\/pages\/534\/revisions"}],"predecessor-version":[{"id":2427,"href":"https:\/\/blogs.univ-tlse2.fr\/master-ethiquedusoin\/wp-json\/wp\/v2\/pages\/534\/revisions\/2427"}],"wp:attachment":[{"href":"https:\/\/blogs.univ-tlse2.fr\/master-ethiquedusoin\/wp-json\/wp\/v2\/media?parent=534"}],"curies":[{"name":"wp","href":"https:\/\/api.w.org\/{rel}","templated":true}]}}