 {"id":553,"date":"2017-06-24T14:48:42","date_gmt":"2017-06-24T12:48:42","guid":{"rendered":"https:\/\/blogs.univ-tlse2.fr\/master-ethiquedusoin\/?page_id=553"},"modified":"2025-09-15T15:57:25","modified_gmt":"2025-09-15T13:57:25","slug":"ethique-et-vie-ph40904v","status":"publish","type":"page","link":"https:\/\/blogs.univ-tlse2.fr\/master-ethiquedusoin\/ethique-et-vie-ph40904v\/","title":{"rendered":"Questions d&rsquo;\u00e9thique contemporaines UE903"},"content":{"rendered":"<p>BASTIANI\/TOMAS\/SERBAN<\/p>\n<p>En pr\u00e9sentiel, cette unit\u00e9 d&rsquo;enseignement est assur\u00e9e en pr\u00e9sentiel en trois parties. Chacun des deux enseignants exposera une r\u00e9flexion sur une question particuli\u00e8re de la philosophie contemporaine.\u00a0<\/p>\n<p>Le cours du SED est diff\u00e9rent de celui du pr\u00e9sentiel. Voir plus bas le descriptif pour le SED.<strong>\u00a0<\/strong><\/p>\n<p><strong>1. Le ph\u00e9nom\u00e8ne de l&rsquo;ensemble dans les soins critiques, Flora Bastiani<\/strong><\/p>\n<p style=\"text-align: justify\">La relations entre sujet est souvent abord\u00e9e en philosophie \u00e0 partir d&rsquo;une logique de la s\u00e9paration : consid\u00e9rant que le sujet doit d&rsquo;abord \u00eatre s\u00e9par\u00e9 pour pouvoir entrer en relation avec un autre sujet. Dans le cadre de ce cours, nous nous int\u00e9resserons \u00e0 la situation particuli\u00e8re de la relation de soin dans les services de soins critiques, notamment en r\u00e9animation. Nous interrogerons ainsi la possibilit\u00e9 d&rsquo;une relation dans des circonstances o\u00f9 l&rsquo;un des sujets (le patient) se trouve plong\u00e9 dans un \u00e9tat de coma artificiel et ne correspond ainsi plus aux attendus habituels pos\u00e9s par la d\u00e9finition de la subjectivit\u00e9. Le sujet plong\u00e9 dans le coma est encore un sujet ? Est-il possible d&rsquo;entrer en relation avec lui ? Et quel type de relation peut se nouer entre le soignant et le patient sur la base d&rsquo;un soin hautement technique ? Ces questions seront abord\u00e9es \u00e0 partir de l&rsquo;analyse de verbatims de soignants de services de soins critiques.\u00a0<\/p>\n<p>Bibliographie pr\u00e9cis\u00e9e en cours.<\/p>\n<p><strong>2. Prendre soin : Foucault et l&rsquo;h\u00f4pital, R\u00e9gis Tomas<\/strong><\/p>\n<p style=\"text-align: justify\">Il est g\u00e9n\u00e9ralement admis que les h\u00f4pitaux ont pour objectif essentiel de soigner les individus, c&rsquo;est-\u00e0-dire pour le dire bri\u00e8vement de gu\u00e9rir les malades. Mais est-ce que cela a toujours \u00e9t\u00e9 le cas ? Les travaux de Foucault nous invitent \u00e0 nous interroger sur les <em>structures<\/em> \u00e9conomiques, sociales et id\u00e9elles \u00e0 l&rsquo;origine de l&rsquo;h\u00f4pital moderne. Nous \u00e9tudierons certaines th\u00e8ses de Foucault sur ce sujet et nous les comparerons avec certaines id\u00e9es fondamentales de l&rsquo;anthropologie sociale (L\u00e9vi-Strauss, Bourdieu, etc.).<\/p>\n<p style=\"text-align: justify\">Bibliographie pr\u00e9cis\u00e9e en cours.\u00a0<\/p>\n<p><strong>3. Claudia Serban<\/strong><\/p>\n<p>Contenu \u00e0 pr\u00e9ciser.<\/p>\n<p><strong>=&gt; Cours du SED, <\/strong><strong>Repr\u00e9sentation et l\u2019image dans les soins, Flora Bastiani<\/strong><\/p>\n<p style=\"text-align: justify\">La question de la repr\u00e9sentation croise la question \u00e9thique d\u00e8s lors qu\u2019elle constitue un filtre de perception pour le soignant. Notre point de d\u00e9part n\u2019est donc pas une pure relation, une relation hors monde mais il s\u2019agira ici de se pencher sur cette relation naturelle c\u2019est-\u00e0-dire la relation \u00e0 autrui telle que nous l\u2019exp\u00e9rimentons spontan\u00e9ment sans la questionner. L\u2019enjeu sera donc de questionner ce qui est habituellement non-questionn\u00e9, dans le but de mettre au jour ce qui se trouve au fondement de rapport \u00e0 autrui. Notre th\u00e8se est que l\u2019image &#8211; ou la repr\u00e9sentation &#8211; intervient comme un interm\u00e9diaire non seulement entre autrui et moi, mais \u00e9galement entre moi et moi, et qu\u2019en identifiant cet interm\u00e9diaire porteur de la relation, il devient possible de l\u2019utiliser dans la clinique. Il est \u00e0 pr\u00e9ciser que la plupart des r\u00e9f\u00e9rences ici exploit\u00e9es se r\u00e9f\u00e9rent au domaine de la psychiatrie (Didi-Huberman, Maldiney, Pankow, Szondi par exemple), cependant la sc\u00e8ne psychiatrique n\u2019est prise que comme un cas des relations soignant-soignant et soignant-soign\u00e9, et les analyses que nous proposerons ne doivent pas \u00eatre entendues comme relevant seulement de cette sph\u00e8re particuli\u00e8re. Le projet est bien de s\u2019int\u00e9resser au statut de l\u2019image dans la relation de soin, mais \u00e9galement \u00e0 ses usages possibles.<\/p>\n<p>Bibliographie :<\/p>\n<ul>\n<li>Georges Didi-Huberman, <em>Invention de l\u2019hyst\u00e9rie<\/em><\/li>\n<li>Henri Maldiney, <em>Regard parole espace ; Penser l\u2019homme et la folie<\/em><\/li>\n<li>Gisela Pankow, <em>L\u2019homme et sa psychose<\/em><\/li>\n<\/ul>\n<p><strong>Modalit\u00e9 de contr\u00f4le des connaissances<\/strong><\/p>\n<p><span style=\"text-decoration: underline\">Pr\u00e9sentiel :<\/span><\/p>\n<p style=\"text-align: justify\">Note de TD : \u00a0r\u00e9alisation d&rsquo;un podcast audio ou vid\u00e9o de 15-20 minutes, seul ou en groupe (3 maximum) consacr\u00e9 \u00e0 une question d&rsquo;\u00e9thique contemporaine (pas forc\u00e9ment celles abord\u00e9es en cours). \u00c0 d\u00e9poser au plus tard le vendredi 17h de la troisi\u00e8me semaine de janvier. La Maison de l\u2019Image et du Num\u00e9rique (MIN) pourra apporter son aide technique (anticiper les rendez-vous avec les techniciens et la r\u00e9servation des installations).<\/p>\n<p style=\"text-align: justify\">Note terminale : 1 Dossier th\u00e9matique (maximum 5 pages) portant sur l\u2019une ou l\u2019autre partie du cours <strong>au choix<\/strong>. A d\u00e9poser au format PDF uniquement, la premi\u00e8re semaine de janvier sur le google drive du dipl\u00f4me (acc\u00e8s par la partie membres du Blog) et par email \u00e0 l\u2019enseignant.e. Merci de noter que :<\/p>\n<ul>\n<li style=\"text-align: justify\">Le dossier sera limit\u00e9 \u00e0 5 pages hors bibliographie, times 12, interligne 1,5.<\/li>\n<li style=\"text-align: justify\">Une norme de citation bibliographique (APA, CHICAGO, ISO-690\u2026) doit \u00eatre choisie et respect\u00e9e dans l\u2019int\u00e9gralit\u00e9 du dossier.<\/li>\n<li>La bibliographie doit comporter au minimum toutes les r\u00e9f\u00e9rences mobilis\u00e9es dans le dossier.<\/li>\n<li>Le dossier doit \u00eatre d\u00e9pos\u00e9 au format PDF.<\/li>\n<li>Aucun retard de d\u00e9p\u00f4t ne sera admis.<\/li>\n<\/ul>\n<p style=\"text-align: justify\"><span style=\"text-decoration: underline\">SED\u00a0:<\/span> Dossier pr\u00e9sent\u00e9 \u00e0 l\u2019oral : chaque \u00e9tudiant-e choisit un cas d\u2019usage m\u00e9dical des images qui suscite un questionnement \u00e9thique. Le cas doit \u00eatre choisi parmi des usages qui ne sont pas abord\u00e9s dans le cours. Dans le dossier, apr\u00e8s avoir pr\u00e9sent\u00e9 le cas choisi, une analyse des questionnements li\u00e9s \u00e0 ce cas devra \u00eatre men\u00e9e, mettant en \u00e9vidence les tensions \u00e9thiques qui le traversent. Merci de noter que :<\/p>\n<ul>\n<li style=\"text-align: justify\">Le dossier sera limit\u00e9 \u00e0 5 pages hors bibliographie, times 12, interligne 1,5.<\/li>\n<li style=\"text-align: justify\">Une norme de citation bibliographique (APA, CHICAGO, ISO-690\u2026) doit \u00eatre choisie et respect\u00e9e dans l\u2019int\u00e9gralit\u00e9 du dossier.<\/li>\n<li>La bibliographie doit comporter au minimum toutes les r\u00e9f\u00e9rences mobilis\u00e9es dans le dossier.<\/li>\n<li style=\"text-align: justify\">La remise du dossier se fait <span style=\"text-decoration: underline\">le jour m\u00eame de l&rsquo;oral<\/span> au format PDF uniquement sur le google drive du dipl\u00f4me (acc\u00e8s par la partie membres du Blog) et par email \u00e0 l\u2019enseignant.e.<\/li>\n<li style=\"text-align: justify\">L&rsquo;oral se d\u00e9roulera sur Zoom<\/li>\n<li style=\"text-align: justify\">L\u2019oral durera 15 minutes au total (10 min pr\u00e9sentation + 5 min discussion).<\/li>\n<li style=\"text-align: justify\">La date d&rsquo;oral et l\u2019ordre de passage seront fix\u00e9s en concertation avec les d\u00e9l\u00e9gu\u00e9s de promotion.<\/li>\n<li style=\"text-align: justify\">Aucun retard \u00e0 l&rsquo;oral ne sera admis et vaudra pour une absence.<\/li>\n<li style=\"text-align: justify\">Seul.e.s les \u00e9tudiant.e.s ayant pr\u00e9sent\u00e9 les deux \u00e9tapes de l&rsquo;\u00e9valuation (\u00e9crit+oral) seront not\u00e9.e.s.<\/li>\n<\/ul>\n\n\n<p><\/p>\n","protected":false},"excerpt":{"rendered":"<p>BASTIANI\/TOMAS\/SERBAN En pr\u00e9sentiel, cette unit\u00e9 d&rsquo;enseignement est assur\u00e9e en pr\u00e9sentiel en trois parties. Chacun des deux enseignants exposera une r\u00e9flexion sur une question particuli\u00e8re de la philosophie contemporaine.\u00a0 Le cours du SED est diff\u00e9rent de celui du pr\u00e9sentiel. Voir plus bas le descriptif pour le SED.\u00a0 1. Le ph\u00e9nom\u00e8ne de l&rsquo;ensemble dans les soins critiques, &hellip; <\/p>\n<p class=\"link-more\"><a href=\"https:\/\/blogs.univ-tlse2.fr\/master-ethiquedusoin\/ethique-et-vie-ph40904v\/\" class=\"more-link\">Continuer la lecture<span class=\"screen-reader-text\"> de &laquo;&nbsp;Questions d&rsquo;\u00e9thique contemporaines UE903&nbsp;&raquo;<\/span><\/a><\/p>\n","protected":false},"author":405,"featured_media":0,"parent":0,"menu_order":0,"comment_status":"closed","ping_status":"closed","template":"","meta":{"footnotes":"","_links_to":"","_links_to_target":""},"class_list":["post-553","page","type-page","status-publish","hentry"],"_links":{"self":[{"href":"https:\/\/blogs.univ-tlse2.fr\/master-ethiquedusoin\/wp-json\/wp\/v2\/pages\/553","targetHints":{"allow":["GET"]}}],"collection":[{"href":"https:\/\/blogs.univ-tlse2.fr\/master-ethiquedusoin\/wp-json\/wp\/v2\/pages"}],"about":[{"href":"https:\/\/blogs.univ-tlse2.fr\/master-ethiquedusoin\/wp-json\/wp\/v2\/types\/page"}],"author":[{"embeddable":true,"href":"https:\/\/blogs.univ-tlse2.fr\/master-ethiquedusoin\/wp-json\/wp\/v2\/users\/405"}],"replies":[{"embeddable":true,"href":"https:\/\/blogs.univ-tlse2.fr\/master-ethiquedusoin\/wp-json\/wp\/v2\/comments?post=553"}],"version-history":[{"count":13,"href":"https:\/\/blogs.univ-tlse2.fr\/master-ethiquedusoin\/wp-json\/wp\/v2\/pages\/553\/revisions"}],"predecessor-version":[{"id":2577,"href":"https:\/\/blogs.univ-tlse2.fr\/master-ethiquedusoin\/wp-json\/wp\/v2\/pages\/553\/revisions\/2577"}],"wp:attachment":[{"href":"https:\/\/blogs.univ-tlse2.fr\/master-ethiquedusoin\/wp-json\/wp\/v2\/media?parent=553"}],"curies":[{"name":"wp","href":"https:\/\/api.w.org\/{rel}","templated":true}]}}