 {"id":560,"date":"2017-06-24T14:58:13","date_gmt":"2017-06-24T12:58:13","guid":{"rendered":"https:\/\/blogs.univ-tlse2.fr\/master-ethiquedusoin\/?page_id=560"},"modified":"2024-08-25T18:49:18","modified_gmt":"2024-08-25T16:49:18","slug":"bioethique-et-liberte-ph40112v","status":"publish","type":"page","link":"https:\/\/blogs.univ-tlse2.fr\/master-ethiquedusoin\/bioethique-et-liberte-ph40112v\/","title":{"rendered":"Bio\u00e9thique et libert\u00e9s (UT1) UE1002"},"content":{"rendered":"<p>BIOY<\/p>\n<p>Volume horaire pr\u00e9sentiel : 25h<\/p>\n<p><strong>Descriptif<\/strong><\/p>\n<p style=\"text-align: justify\">Le biodroit traduit en normes juridiques les choix de soci\u00e9t\u00e9 effectu\u00e9s dans le domaine de l\u2019\u00e9thique biom\u00e9dicale.<\/p>\n<p style=\"text-align: justify\">Apr\u00e8s une introduction qui clarifie les notions d\u2019\u00e9thique, de morale, de droit et de d\u00e9ontologie, le cours d\u00e9crit le temps, les moyens et les concepts de ce processus par lequel le droit saisit la bio\u00e9thique, les enjeux politiques de l\u2019intervention de l\u2019Etat, ainsi que les usages du droit face aux d\u00e9fis biotechnologiques.<\/p>\n<p style=\"text-align: justify\">Partant des manifestations du \u00ab\u00a0biopouvoir\u00a0\u00bb, il d\u00e9crit les institutions (internationales, europ\u00e9ennes et fran\u00e7aises) qui d\u00e9cident ou proposent en cette mati\u00e8re (comme les comit\u00e9s d\u2019\u00e9thique). Sont \u00e9tudi\u00e9s ensuite les b\u00e9n\u00e9ficiaires de la protection du droit (l\u2019embryon, la personne humaine et l\u2019humanit\u00e9 elle-m\u00eame), les principales normes qui r\u00e9gissent l\u2019assistance m\u00e9dicale \u00e0 la procr\u00e9ation, la recherche biom\u00e9dicale, le don d\u2019organes et d\u2019\u00e9l\u00e9ments du corps humain, la g\u00e9n\u00e9tique, les neurosciences\u2026 Face aux d\u00e9fis d\u2019une r\u00e9gulation publique tr\u00e8s \u00e9volutive des usages du corps humain, le droit convoque ses grandes notions, la dignit\u00e9, la libert\u00e9, la solidarit\u00e9.<\/p>\n<p><strong>Modalit\u00e9s d&rsquo;\u00e9valuation<\/strong><\/p>\n<p><strong>Pr\u00e9sentiel : <\/strong>Expos\u00e9 oral + devoir sur table<\/p>\n<p><strong>Distanciel (SED) :\u00a0<\/strong>dossier<\/p>\n","protected":false},"excerpt":{"rendered":"<p>BIOY Volume horaire pr\u00e9sentiel : 25h Descriptif Le biodroit traduit en normes juridiques les choix de soci\u00e9t\u00e9 effectu\u00e9s dans le domaine de l\u2019\u00e9thique biom\u00e9dicale. Apr\u00e8s une introduction qui clarifie les notions d\u2019\u00e9thique, de morale, de droit et de d\u00e9ontologie, le cours d\u00e9crit le temps, les moyens et les concepts de ce processus par lequel le &hellip; <\/p>\n<p class=\"link-more\"><a href=\"https:\/\/blogs.univ-tlse2.fr\/master-ethiquedusoin\/bioethique-et-liberte-ph40112v\/\" class=\"more-link\">Continuer la lecture<span class=\"screen-reader-text\"> de &laquo;&nbsp;Bio\u00e9thique et libert\u00e9s (UT1) UE1002&nbsp;&raquo;<\/span><\/a><\/p>\n","protected":false},"author":405,"featured_media":0,"parent":0,"menu_order":0,"comment_status":"closed","ping_status":"closed","template":"","meta":{"footnotes":"","_links_to":"","_links_to_target":""},"class_list":["post-560","page","type-page","status-publish","hentry"],"_links":{"self":[{"href":"https:\/\/blogs.univ-tlse2.fr\/master-ethiquedusoin\/wp-json\/wp\/v2\/pages\/560","targetHints":{"allow":["GET"]}}],"collection":[{"href":"https:\/\/blogs.univ-tlse2.fr\/master-ethiquedusoin\/wp-json\/wp\/v2\/pages"}],"about":[{"href":"https:\/\/blogs.univ-tlse2.fr\/master-ethiquedusoin\/wp-json\/wp\/v2\/types\/page"}],"author":[{"embeddable":true,"href":"https:\/\/blogs.univ-tlse2.fr\/master-ethiquedusoin\/wp-json\/wp\/v2\/users\/405"}],"replies":[{"embeddable":true,"href":"https:\/\/blogs.univ-tlse2.fr\/master-ethiquedusoin\/wp-json\/wp\/v2\/comments?post=560"}],"version-history":[{"count":6,"href":"https:\/\/blogs.univ-tlse2.fr\/master-ethiquedusoin\/wp-json\/wp\/v2\/pages\/560\/revisions"}],"predecessor-version":[{"id":2437,"href":"https:\/\/blogs.univ-tlse2.fr\/master-ethiquedusoin\/wp-json\/wp\/v2\/pages\/560\/revisions\/2437"}],"wp:attachment":[{"href":"https:\/\/blogs.univ-tlse2.fr\/master-ethiquedusoin\/wp-json\/wp\/v2\/media?parent=560"}],"curies":[{"name":"wp","href":"https:\/\/api.w.org\/{rel}","templated":true}]}}