 {"id":564,"date":"2017-06-24T15:24:49","date_gmt":"2017-06-24T13:24:49","guid":{"rendered":"https:\/\/blogs.univ-tlse2.fr\/master-ethiquedusoin\/?page_id=564"},"modified":"2021-07-14T11:31:08","modified_gmt":"2021-07-14T09:31:08","slug":"sante-publique-et-inegalites-de-sante-ph40114v","status":"publish","type":"page","link":"https:\/\/blogs.univ-tlse2.fr\/master-ethiquedusoin\/sante-publique-et-inegalites-de-sante-ph40114v\/","title":{"rendered":"Gestion du risque en milieu de soin et sant\u00e9 publique (UPS) UE1003"},"content":{"rendered":"<p>LANG<\/p>\n<p>Volume horaire pr\u00e9sentiel : 25h r\u00e9parties sur 3 journ\u00e9es<\/p>\n<p>Contenu non communiqu\u00e9<\/p>\n","protected":false},"excerpt":{"rendered":"<p>LANG Volume horaire pr\u00e9sentiel : 25h r\u00e9parties sur 3 journ\u00e9es Contenu non communiqu\u00e9<\/p>\n","protected":false},"author":405,"featured_media":0,"parent":0,"menu_order":0,"comment_status":"closed","ping_status":"closed","template":"","meta":{"footnotes":"","_links_to":"","_links_to_target":""},"class_list":["post-564","page","type-page","status-publish","hentry"],"_links":{"self":[{"href":"https:\/\/blogs.univ-tlse2.fr\/master-ethiquedusoin\/wp-json\/wp\/v2\/pages\/564","targetHints":{"allow":["GET"]}}],"collection":[{"href":"https:\/\/blogs.univ-tlse2.fr\/master-ethiquedusoin\/wp-json\/wp\/v2\/pages"}],"about":[{"href":"https:\/\/blogs.univ-tlse2.fr\/master-ethiquedusoin\/wp-json\/wp\/v2\/types\/page"}],"author":[{"embeddable":true,"href":"https:\/\/blogs.univ-tlse2.fr\/master-ethiquedusoin\/wp-json\/wp\/v2\/users\/405"}],"replies":[{"embeddable":true,"href":"https:\/\/blogs.univ-tlse2.fr\/master-ethiquedusoin\/wp-json\/wp\/v2\/comments?post=564"}],"version-history":[{"count":2,"href":"https:\/\/blogs.univ-tlse2.fr\/master-ethiquedusoin\/wp-json\/wp\/v2\/pages\/564\/revisions"}],"predecessor-version":[{"id":1928,"href":"https:\/\/blogs.univ-tlse2.fr\/master-ethiquedusoin\/wp-json\/wp\/v2\/pages\/564\/revisions\/1928"}],"wp:attachment":[{"href":"https:\/\/blogs.univ-tlse2.fr\/master-ethiquedusoin\/wp-json\/wp\/v2\/media?parent=564"}],"curies":[{"name":"wp","href":"https:\/\/api.w.org\/{rel}","templated":true}]}}