 {"id":83,"date":"2017-05-22T07:50:39","date_gmt":"2017-05-22T05:50:39","guid":{"rendered":"https:\/\/blogs.univ-tlse2.fr\/master-ethiquedusoin\/?page_id=83"},"modified":"2021-07-13T20:24:53","modified_gmt":"2021-07-13T18:24:53","slug":"deroulement","status":"publish","type":"page","link":"https:\/\/blogs.univ-tlse2.fr\/master-ethiquedusoin\/deroulement\/","title":{"rendered":"D\u00e9roulement"},"content":{"rendered":"<p style=\"text-align: justify\">La formation est articul\u00e9e sur deux ann\u00e9es compos\u00e9es chacune de deux semestres. Les unit\u00e9s d&rsquo;enseignements (UE) donnent droit \u00e0 des cr\u00e9dits (ECTS).<\/p>\n<p style=\"text-align: justify\">En plus des heures de cours, les \u00e9tudiant-e-s ont un stage \u00e0 effectuer en secteur de soin ou apparent\u00e9 et un m\u00e9moire de recherche \u00e0 r\u00e9diger. L&rsquo;orientation vers la recherche est marqu\u00e9e par la participation \u00e0\u00a0plusieurs conf\u00e9rences et master-class int\u00e9gr\u00e9es au\u00a0parcours. Le m\u00e9moire de recherche est dirig\u00e9 en codirection par deux enseignant-e-s de deux sp\u00e9cialit\u00e9s du Master en fonction du th\u00e8me.<\/p>\n<h3 style=\"text-align: justify\"><strong>Premi\u00e8re ann\u00e9e &#8211; M1<\/strong><\/h3>\n<p><strong>60 ECTS, 290 heures de cours<\/strong><\/p>\n<p style=\"text-align: justify\"><em>Semestre 1 : 30 ECTS<\/em><\/p>\n<ul>\n<li>Epist\u00e9mologie : m\u00e9decine et sciences du vivant 1 (UT2)<\/li>\n<li>Histoire de la m\u00e9decine (UT3)<\/li>\n<li>Droit des libert\u00e9s fondamentales (UT1)<\/li>\n<li>Histoire de la notion d&rsquo;\u00e9thique 1 (UT2)<\/li>\n<li>Initiation \u00e0 la recherche (UT2)<\/li>\n<li>Option<\/li>\n<\/ul>\n<p style=\"text-align: justify\"><em>Semestre 2\u00a0: 30 ECTS<\/em><\/p>\n<ul>\n<li style=\"text-align: justify\">Mise en situation pratique 1<\/li>\n<li style=\"text-align: justify\">Droit et risque (UT1)<\/li>\n<li style=\"text-align: justify\">Procr\u00e9ation et vie commen\u00e7ante (UT3)<\/li>\n<li style=\"text-align: justify\">\u00c9thique du soin et fin de vie (UT3)<\/li>\n<li>Initiation \u00e0 la recherche et au management en sant\u00e9 (UT2)<\/li>\n<li style=\"text-align: justify\">Option<\/li>\n<\/ul>\n<h3><strong>Deuxi\u00e8me ann\u00e9e &#8211; M2<\/strong><\/h3>\n<p><strong>60 ECTS, 177 heures de cours\u00a0<\/strong><\/p>\n<p><em>Semestre 3\u00a0: 30 ECTS<\/em><\/p>\n<ul>\n<li>Mise en situation pratique 2<\/li>\n<li>Droit de la sant\u00e9 (UT1)<\/li>\n<li>Epist\u00e9mologie : m\u00e9decine et sciences du vivant 2 (UT2)<\/li>\n<li>Questions d&rsquo;\u00e9thique contemporaines<\/li>\n<li>Histoire de la notion d&rsquo;\u00e9thique 2 (UT2)<\/li>\n<li>\u00c9thique de la recherche biom\u00e9dicale (UT3)<\/li>\n<\/ul>\n<p><em>Semestre 4\u00a0: 30 ECTS<\/em><\/p>\n<ul>\n<li><a href=\"https:\/\/blogs.univ-tlse2.fr\/master-ethiquedusoin\/memoire\/\">M\u00e9moire<\/a><\/li>\n<li>Bio\u00e9thique et libert\u00e9s (UT1)<\/li>\n<li><a href=\"https:\/\/blogs.univ-tlse2.fr\/master-ethiquedusoin\/stage\/\">Stage en milieu m\u00e9dical<\/a> (UT3)<\/li>\n<li>Sant\u00e9 publique et in\u00e9galit\u00e9s de sant\u00e9 &#8211; gestion des risques (UT3)<\/li>\n<\/ul>\n<h4 style=\"text-align: justify\">Organisation g\u00e9n\u00e9rale<\/h4>\n<p style=\"text-align: justify\">Les cours en pr\u00e9sentiels sont d\u00e9livr\u00e9s dans les locaux de chaque facult\u00e9 sp\u00e9cialiste.<\/p>\n<p style=\"text-align: justify\">Le <a href=\"https:\/\/blogs.univ-tlse2.fr\/master-ethiquedusoin\/stage\/\">stage d&rsquo;observation<\/a> se d\u00e9roule en milieu m\u00e9dical, habituellement en coh\u00e9rence avec le projet de recherche de chaque \u00e9tudiant-e au cours du quatri\u00e8me semestre. Il aboutit sur un rapport de stage \u00e9crit.<\/p>\n<p style=\"text-align: justify\">Les deux ann\u00e9es du Master se concluent par\u00a0la r\u00e9daction et la soutenance\u00a0d&rsquo;un <a href=\"https:\/\/blogs.univ-tlse2.fr\/master-ethiquedusoin\/memoire\/\">m\u00e9moire de recherche<\/a>.<\/p>\n<p style=\"text-align: justify\">\u21d2 Il existe deux sessions d&rsquo;examens en M1 (en contr\u00f4le continu pour chaque semestre et en rattrapage au mois de juin) mais une seule session en M2.<\/p>\n","protected":false},"excerpt":{"rendered":"<p>La formation est articul\u00e9e sur deux ann\u00e9es compos\u00e9es chacune de deux semestres. Les unit\u00e9s d&rsquo;enseignements (UE) donnent droit \u00e0 des cr\u00e9dits (ECTS). En plus des heures de cours, les \u00e9tudiant-e-s ont un stage \u00e0 effectuer en secteur de soin ou apparent\u00e9 et un m\u00e9moire de recherche \u00e0 r\u00e9diger. L&rsquo;orientation vers la recherche est marqu\u00e9e par &hellip; <\/p>\n<p class=\"link-more\"><a href=\"https:\/\/blogs.univ-tlse2.fr\/master-ethiquedusoin\/deroulement\/\" class=\"more-link\">Continuer la lecture<span class=\"screen-reader-text\"> de &laquo;&nbsp;D\u00e9roulement&nbsp;&raquo;<\/span><\/a><\/p>\n","protected":false},"author":405,"featured_media":0,"parent":0,"menu_order":0,"comment_status":"closed","ping_status":"closed","template":"","meta":{"footnotes":"","_links_to":"","_links_to_target":""},"class_list":["post-83","page","type-page","status-publish","hentry"],"_links":{"self":[{"href":"https:\/\/blogs.univ-tlse2.fr\/master-ethiquedusoin\/wp-json\/wp\/v2\/pages\/83","targetHints":{"allow":["GET"]}}],"collection":[{"href":"https:\/\/blogs.univ-tlse2.fr\/master-ethiquedusoin\/wp-json\/wp\/v2\/pages"}],"about":[{"href":"https:\/\/blogs.univ-tlse2.fr\/master-ethiquedusoin\/wp-json\/wp\/v2\/types\/page"}],"author":[{"embeddable":true,"href":"https:\/\/blogs.univ-tlse2.fr\/master-ethiquedusoin\/wp-json\/wp\/v2\/users\/405"}],"replies":[{"embeddable":true,"href":"https:\/\/blogs.univ-tlse2.fr\/master-ethiquedusoin\/wp-json\/wp\/v2\/comments?post=83"}],"version-history":[{"count":20,"href":"https:\/\/blogs.univ-tlse2.fr\/master-ethiquedusoin\/wp-json\/wp\/v2\/pages\/83\/revisions"}],"predecessor-version":[{"id":1907,"href":"https:\/\/blogs.univ-tlse2.fr\/master-ethiquedusoin\/wp-json\/wp\/v2\/pages\/83\/revisions\/1907"}],"wp:attachment":[{"href":"https:\/\/blogs.univ-tlse2.fr\/master-ethiquedusoin\/wp-json\/wp\/v2\/media?parent=83"}],"curies":[{"name":"wp","href":"https:\/\/api.w.org\/{rel}","templated":true}]}}