 {"id":86,"date":"2017-05-22T07:53:46","date_gmt":"2017-05-22T05:53:46","guid":{"rendered":"https:\/\/blogs.univ-tlse2.fr\/master-ethiquedusoin\/?page_id=86"},"modified":"2026-02-05T09:40:28","modified_gmt":"2026-02-05T08:40:28","slug":"responsables-pedagogiques","status":"publish","type":"page","link":"https:\/\/blogs.univ-tlse2.fr\/master-ethiquedusoin\/responsables-pedagogiques\/","title":{"rendered":"Responsables p\u00e9dagogiques"},"content":{"rendered":"\n<div class=\"wp-block-cover aligncenter has-custom-content-position is-position-bottom-center wp-duotone-unset-1\"><img loading=\"lazy\" decoding=\"async\" width=\"1024\" height=\"683\" class=\"wp-block-cover__image-background wp-image-2287\" alt=\"\" src=\"https:\/\/blogs.univ-tlse2.fr\/master-ethiquedusoin\/files\/2023\/09\/Master-Enseignant-1024x683.jpeg\" data-object-fit=\"cover\" srcset=\"https:\/\/blogs.univ-tlse2.fr\/master-ethiquedusoin\/files\/2023\/09\/Master-Enseignant-1024x683.jpeg 1024w, https:\/\/blogs.univ-tlse2.fr\/master-ethiquedusoin\/files\/2023\/09\/Master-Enseignant-300x200.jpeg 300w, https:\/\/blogs.univ-tlse2.fr\/master-ethiquedusoin\/files\/2023\/09\/Master-Enseignant-768x512.jpeg 768w, https:\/\/blogs.univ-tlse2.fr\/master-ethiquedusoin\/files\/2023\/09\/Master-Enseignant-600x400.jpeg 600w, https:\/\/blogs.univ-tlse2.fr\/master-ethiquedusoin\/files\/2023\/09\/Master-Enseignant-1536x1025.jpeg 1536w, https:\/\/blogs.univ-tlse2.fr\/master-ethiquedusoin\/files\/2023\/09\/Master-Enseignant-2048x1366.jpeg 2048w, https:\/\/blogs.univ-tlse2.fr\/master-ethiquedusoin\/files\/2023\/09\/Master-Enseignant-272x182.jpeg 272w\" sizes=\"auto, (max-width: 767px) 89vw, (max-width: 1000px) 54vw, (max-width: 1071px) 543px, 580px\" \/><span aria-hidden=\"true\" class=\"wp-block-cover__background has-background-dim\"><\/span><div class=\"wp-block-cover__inner-container is-layout-flow wp-block-cover-is-layout-flow\">\n<p class=\"has-text-align-center has-large-font-size\">Rentr\u00e9e 2023<\/p>\n<\/div><\/div>\n\n\n\n<p><\/p>\n\n\n\n<div class=\"wp-block-media-text alignwide is-stacked-on-mobile\"><figure class=\"wp-block-media-text__media\"><img loading=\"lazy\" decoding=\"async\" width=\"683\" height=\"1024\" src=\"https:\/\/blogs.univ-tlse2.fr\/master-ethiquedusoin\/files\/2023\/09\/Colin-Unal-Flora-COLOR-4280-683x1024.jpeg\" alt=\"\" class=\"wp-image-2290 size-full\" srcset=\"https:\/\/blogs.univ-tlse2.fr\/master-ethiquedusoin\/files\/2023\/09\/Colin-Unal-Flora-COLOR-4280-683x1024.jpeg 683w, https:\/\/blogs.univ-tlse2.fr\/master-ethiquedusoin\/files\/2023\/09\/Colin-Unal-Flora-COLOR-4280-200x300.jpeg 200w, https:\/\/blogs.univ-tlse2.fr\/master-ethiquedusoin\/files\/2023\/09\/Colin-Unal-Flora-COLOR-4280-768x1152.jpeg 768w, https:\/\/blogs.univ-tlse2.fr\/master-ethiquedusoin\/files\/2023\/09\/Colin-Unal-Flora-COLOR-4280-600x900.jpeg 600w, https:\/\/blogs.univ-tlse2.fr\/master-ethiquedusoin\/files\/2023\/09\/Colin-Unal-Flora-COLOR-4280-1024x1536.jpeg 1024w, https:\/\/blogs.univ-tlse2.fr\/master-ethiquedusoin\/files\/2023\/09\/Colin-Unal-Flora-COLOR-4280-1365x2048.jpeg 1365w, https:\/\/blogs.univ-tlse2.fr\/master-ethiquedusoin\/files\/2023\/09\/Colin-Unal-Flora-COLOR-4280-scaled.jpeg 1707w\" sizes=\"auto, (max-width: 683px) 100vw, 683px\" \/><\/figure><div class=\"wp-block-media-text__content\">\n<p><strong><a href=\"https:\/\/univ-tlse2.academia.edu\/FloraBastiani\">Flora Bastiani<\/a><\/strong><\/p>\n\n\n\n<p>Philosophie, UT2 Jean Jaur\u00e8s<\/p>\n\n\n\n<p>Bureau : GA 215 (Gai Savoir)<\/p>\n\n\n\n<p>f&#108;&#x6f;ra&#x2e;&#x62;a&#115;&#x74;&#x69;a&#110;&#x69;&#64;u&#x6e;&#x69;v&#45;&#x74;&#x6c;s&#101;&#x32;&#46;f&#x72;<\/p>\n<\/div><\/div>\n\n\n\n<div class=\"wp-block-media-text alignwide is-stacked-on-mobile\"><figure class=\"wp-block-media-text__media\"><img loading=\"lazy\" decoding=\"async\" width=\"683\" height=\"1024\" src=\"https:\/\/blogs.univ-tlse2.fr\/master-ethiquedusoin\/files\/2023\/09\/arton103-683x1024.jpg\" alt=\"\" class=\"wp-image-2289 size-full\" srcset=\"https:\/\/blogs.univ-tlse2.fr\/master-ethiquedusoin\/files\/2023\/09\/arton103-683x1024.jpg 683w, https:\/\/blogs.univ-tlse2.fr\/master-ethiquedusoin\/files\/2023\/09\/arton103-200x300.jpg 200w, https:\/\/blogs.univ-tlse2.fr\/master-ethiquedusoin\/files\/2023\/09\/arton103-768x1152.jpg 768w, https:\/\/blogs.univ-tlse2.fr\/master-ethiquedusoin\/files\/2023\/09\/arton103-600x900.jpg 600w, https:\/\/blogs.univ-tlse2.fr\/master-ethiquedusoin\/files\/2023\/09\/arton103.jpg 800w\" sizes=\"auto, (max-width: 683px) 100vw, 683px\" \/><\/figure><div class=\"wp-block-media-text__content\">\n<p><strong><a href=\"https:\/\/www.ut-capitole.fr\/accueil\/m-xavier-bioy\">Xavier Bioy<\/a><\/strong><\/p>\n\n\n\n<p>Droit public,&nbsp;UT Capitole<\/p>\n\n\n\n<p>Bureau : AR 171 (Arsenal)<\/p>\n\n\n\n<p><br \/>xavier&#46;bioy&#64;ut-capitole&#46;fr<br \/><\/p>\n<\/div><\/div>\n\n\n\n<div class=\"wp-block-media-text alignwide is-stacked-on-mobile\"><figure class=\"wp-block-media-text__media\"><img loading=\"lazy\" decoding=\"async\" width=\"500\" height=\"500\" src=\"https:\/\/blogs.univ-tlse2.fr\/master-ethiquedusoin\/files\/2023\/09\/1530357893829.jpeg\" alt=\"\" class=\"wp-image-2288 size-full\" srcset=\"https:\/\/blogs.univ-tlse2.fr\/master-ethiquedusoin\/files\/2023\/09\/1530357893829.jpeg 500w, https:\/\/blogs.univ-tlse2.fr\/master-ethiquedusoin\/files\/2023\/09\/1530357893829-300x300.jpeg 300w, https:\/\/blogs.univ-tlse2.fr\/master-ethiquedusoin\/files\/2023\/09\/1530357893829-150x150.jpeg 150w, https:\/\/blogs.univ-tlse2.fr\/master-ethiquedusoin\/files\/2023\/09\/1530357893829-100x100.jpeg 100w\" sizes=\"auto, (max-width: 500px) 100vw, 500px\" \/><\/figure><div class=\"wp-block-media-text__content\">\n<p><strong>Olivier Hamel<\/strong><\/p>\n\n\n\n<p>Sant\u00e9, UT3 Paul Sabatier<\/p>\n\n\n\n<p>Bureau : H\u00f4tel Dieu Saint-Jacques<\/p>\n\n\n\n<p>olivier&#46;&#104;&#97;&#109;&#x65;&#x6c;&#x40;&#x75;&#x6e;&#x69;&#x76;&#x2d;&#x74;lse3&#46;fr<\/p>\n<\/div><\/div>\n\n\n\n<div class=\"wp-block-media-text alignwide is-stacked-on-mobile\"><figure class=\"wp-block-media-text__media\"><img loading=\"lazy\" decoding=\"async\" width=\"714\" height=\"1024\" src=\"https:\/\/blogs.univ-tlse2.fr\/master-ethiquedusoin\/files\/2018\/09\/IMG_1792-714x1024.jpeg\" alt=\"\" class=\"wp-image-1316 size-full\" srcset=\"https:\/\/blogs.univ-tlse2.fr\/master-ethiquedusoin\/files\/2018\/09\/IMG_1792-714x1024.jpeg 714w, https:\/\/blogs.univ-tlse2.fr\/master-ethiquedusoin\/files\/2018\/09\/IMG_1792-209x300.jpeg 209w, https:\/\/blogs.univ-tlse2.fr\/master-ethiquedusoin\/files\/2018\/09\/IMG_1792-768x1101.jpeg 768w, https:\/\/blogs.univ-tlse2.fr\/master-ethiquedusoin\/files\/2018\/09\/IMG_1792-600x860.jpeg 600w\" sizes=\"auto, (max-width: 714px) 100vw, 714px\" \/><\/figure><div class=\"wp-block-media-text__content\">\n<p>Rentr\u00e9e 2020 :<\/p>\n\n\n\n<p>Flora Bastiani, Xavier bioy et Louis Bujan.<\/p>\n\n\n\n<p><strong>Louis Bujan<\/strong>, M\u00e9decine et Biologie du d\u00e9veloppement et de la reproduction, a \u00e9t\u00e9 responsable p\u00e9dagogique du Master \u00c9thique jusqu&rsquo;en juin 2022.<\/p>\n<\/div><\/div>\n","protected":false},"excerpt":{"rendered":"<p>Flora Bastiani Philosophie, UT2 Jean Jaur\u00e8s Bureau : GA 215 (Gai Savoir) &#102;&#x6c;o&#x72;a&#46;&#x62;a&#x73;t&#105;&#x61;n&#x69;&#64;&#x75;&#x6e;i&#x76;-&#x74;l&#115;&#x65;2&#x2e;f&#114; Xavier Bioy Droit public,&nbsp;UT Capitole Bureau : AR 171 (Arsenal) &#120;&#x61;v&#x69;&#x65;&#114;&#x2e;b&#x69;&#x6f;&#121;&#x40;u&#x74;&#x2d;&#99;&#x61;p&#x69;&#x74;&#111;&#x6c;e&#x2e;&#x66;&#114; Olivier Hamel Sant\u00e9, UT3 Paul Sabatier Bureau : H\u00f4tel Dieu Saint-Jacques &#x6f;&#x6c;&#x69;&#x76;&#105;er&#46;h&#x61;&#x6d;&#x65;&#x6c;&#64;univ&#x2d;&#x74;&#x6c;&#x73;&#101;3&#46;fr Rentr\u00e9e 2020 : Flora Bastiani, Xavier bioy et Louis Bujan. Louis Bujan, M\u00e9decine et Biologie du d\u00e9veloppement et de &hellip; <\/p>\n<p class=\"link-more\"><a href=\"https:\/\/blogs.univ-tlse2.fr\/master-ethiquedusoin\/responsables-pedagogiques\/\" class=\"more-link\">Continuer la lecture<span class=\"screen-reader-text\"> de &laquo;&nbsp;Responsables p\u00e9dagogiques&nbsp;&raquo;<\/span><\/a><\/p>\n","protected":false},"author":405,"featured_media":0,"parent":0,"menu_order":0,"comment_status":"closed","ping_status":"closed","template":"","meta":{"footnotes":"","_links_to":"","_links_to_target":""},"class_list":["post-86","page","type-page","status-publish","hentry"],"_links":{"self":[{"href":"https:\/\/blogs.univ-tlse2.fr\/master-ethiquedusoin\/wp-json\/wp\/v2\/pages\/86","targetHints":{"allow":["GET"]}}],"collection":[{"href":"https:\/\/blogs.univ-tlse2.fr\/master-ethiquedusoin\/wp-json\/wp\/v2\/pages"}],"about":[{"href":"https:\/\/blogs.univ-tlse2.fr\/master-ethiquedusoin\/wp-json\/wp\/v2\/types\/page"}],"author":[{"embeddable":true,"href":"https:\/\/blogs.univ-tlse2.fr\/master-ethiquedusoin\/wp-json\/wp\/v2\/users\/405"}],"replies":[{"embeddable":true,"href":"https:\/\/blogs.univ-tlse2.fr\/master-ethiquedusoin\/wp-json\/wp\/v2\/comments?post=86"}],"version-history":[{"count":17,"href":"https:\/\/blogs.univ-tlse2.fr\/master-ethiquedusoin\/wp-json\/wp\/v2\/pages\/86\/revisions"}],"predecessor-version":[{"id":2626,"href":"https:\/\/blogs.univ-tlse2.fr\/master-ethiquedusoin\/wp-json\/wp\/v2\/pages\/86\/revisions\/2626"}],"wp:attachment":[{"href":"https:\/\/blogs.univ-tlse2.fr\/master-ethiquedusoin\/wp-json\/wp\/v2\/media?parent=86"}],"curies":[{"name":"wp","href":"https:\/\/api.w.org\/{rel}","templated":true}]}}