 {"id":89,"date":"2017-05-22T07:54:30","date_gmt":"2017-05-22T05:54:30","guid":{"rendered":"https:\/\/blogs.univ-tlse2.fr\/master-ethiquedusoin\/?page_id=89"},"modified":"2026-02-10T13:55:36","modified_gmt":"2026-02-10T12:55:36","slug":"responsables-administratifs","status":"publish","type":"page","link":"https:\/\/blogs.univ-tlse2.fr\/master-ethiquedusoin\/responsables-administratifs\/","title":{"rendered":"Administration"},"content":{"rendered":"\n<div class=\"wp-block-cover is-light has-custom-content-position is-position-bottom-center\" style=\"min-height:557px;aspect-ratio:unset;\"><img loading=\"lazy\" decoding=\"async\" width=\"747\" height=\"1024\" class=\"wp-block-cover__image-background wp-image-2591 size-large\" alt=\"\" src=\"https:\/\/blogs.univ-tlse2.fr\/master-ethiquedusoin\/files\/2025\/09\/MES7-747x1024.jpg\" style=\"object-position:55% 3%\" data-object-fit=\"cover\" data-object-position=\"55% 3%\" srcset=\"https:\/\/blogs.univ-tlse2.fr\/master-ethiquedusoin\/files\/2025\/09\/MES7-747x1024.jpg 747w, https:\/\/blogs.univ-tlse2.fr\/master-ethiquedusoin\/files\/2025\/09\/MES7-219x300.jpg 219w, https:\/\/blogs.univ-tlse2.fr\/master-ethiquedusoin\/files\/2025\/09\/MES7-768x1052.jpg 768w, https:\/\/blogs.univ-tlse2.fr\/master-ethiquedusoin\/files\/2025\/09\/MES7-600x822.jpg 600w, https:\/\/blogs.univ-tlse2.fr\/master-ethiquedusoin\/files\/2025\/09\/MES7-1121x1536.jpg 1121w, https:\/\/blogs.univ-tlse2.fr\/master-ethiquedusoin\/files\/2025\/09\/MES7-1494x2048.jpg 1494w, https:\/\/blogs.univ-tlse2.fr\/master-ethiquedusoin\/files\/2025\/09\/MES7-scaled.jpg 1868w\" sizes=\"auto, (max-width: 706px) 89vw, (max-width: 767px) 82vw, 740px\" \/><span aria-hidden=\"true\" class=\"wp-block-cover__background has-background-dim\" style=\"background-color:#95908a\"><\/span><div class=\"wp-block-cover__inner-container is-layout-flow wp-block-cover-is-layout-flow\">\n<p><\/p>\n\n\n\n<p><\/p>\n\n\n\n<p><\/p>\n\n\n\n<p><\/p>\n\n\n\n<p><\/p>\n\n\n\n<p><\/p>\n\n\n\n<p class=\"has-text-align-center has-white-color has-text-color has-large-font-size\">Rentr\u00e9e 2025<\/p>\n\n\n\n<p class=\"has-text-align-center has-white-color has-text-color has-medium-font-size\">Marie-Christine Delrieu, Noah Delplas, Manon Andr\u00e9<\/p>\n<\/div><\/div>\n\n\n\n<p><\/p>\n\n\n\n<p class=\"has-text-align-center\"><strong>Philosophie : UT2 Jean Jaur\u00e8s<\/strong><\/p>\n\n\n\n<p><strong>Marie-Christine Delrieu<\/strong>, D\u00e9partement Philosophie, UT2 Jean Jaur\u00e8s,<br \/>Bureau : GA 069 (B\u00e2timent Gai Savoir)<br \/>&#x4d;&#x61;&#114;ie&#x2d;&#x43;&#x68;&#114;is&#x74;&#x69;&#x6e;&#101;&#46;d&#x65;&#x6c;&#x72;&#105;eu&#x40;&#x75;&#x6e;&#105;v-&#x74;&#x6c;&#x73;e2&#46;&#x66;&#x72;&nbsp;\u2013 Tel : 0561504422<\/p>\n\n\n\n<p class=\"has-text-align-center\"><strong>Sant\u00e9 : UT &#8211; Ex-Paul Sabatier<\/strong><\/p>\n\n\n\n<p><strong>Dylan Dunal<\/strong>, Facult\u00e9 de sant\u00e9, UT3 \u00a0Paul Sabatier<br \/>Bureau :\u00a0D\u00e9partement de M\u00e9decine, Ma\u00efeutique et Param\u00e9dical (all\u00e9es J. Guesde).<br \/>&#x73;&#97;n&#x74;&#101;&#46;&#x6d;&#x6d;p&#x2e;&#x6d;&#97;s&#x74;&#101;r&#x65;&#x74;h&#x69;&#x71;&#117;e&#x40;&#117;t&#x6f;&#x75;l&#x6f;&#x75;&#115;e&#x2e;&#102;r\u00a0\u2013 Tel : 0561145929<\/p>\n\n\n\n<p class=\"has-text-align-center\"><strong>Droit : UT1 \u00c9cole de droit<\/strong> <strong>&#8211; Ex-Capitole<\/strong><\/p>\n\n\n\n<p><strong>Cindy Diaz<\/strong>, Droit, b\u00e2timent Arsenal, UT1 \u00c9cole de droit.<br \/>Bureau : AR118 ter (B\u00e2timent principal)<br \/>&#99;&#x69;n&#x64;y&#x32;&#46;&#x64;i&#x61;z&#64;&#x75;&#116;&#x2d;c&#x61;p&#x69;t&#x6f;l&#x65;&#46;&#102;&#x72; &#8211; Tel : 0561633583<\/p>\n\n\n\n<p><\/p>\n","protected":false},"excerpt":{"rendered":"<p>Philosophie : UT2 Jean Jaur\u00e8s Marie-Christine Delrieu, D\u00e9partement Philosophie, UT2 Jean Jaur\u00e8s,Bureau : GA 069 (B\u00e2timent Gai Savoir)&#x4d;a&#x72;&#x69;e&#x2d;&#67;h&#x72;&#105;s&#x74;&#105;n&#x65;&#46;d&#x65;l&#x72;&#x69;e&#x75;&#x40;u&#x6e;&#105;v&#x2d;&#116;l&#x73;&#101;2&#x2e;&#102;r&nbsp;\u2013 Tel : 0561504422 Sant\u00e9 : UT &#8211; Ex-Paul Sabatier Dylan Dunal, Facult\u00e9 de sant\u00e9, UT3 \u00a0Paul SabatierBureau :\u00a0D\u00e9partement de M\u00e9decine, Ma\u00efeutique et Param\u00e9dical (all\u00e9es J. Guesde).s&#x61;n&#116;&#x65;&#46;&#109;&#x6d;p&#46;&#x6d;a&#115;&#x74;e&#x72;&#x65;t&#x68;&#x69;q&#x75;e&#64;&#x75;t&#111;&#x75;l&#111;&#x75;s&#101;&#x2e;f&#x72;\u00a0\u2013 Tel : 0561145929 Droit : UT1 \u00c9cole de droit &#8211; Ex-Capitole &hellip; <\/p>\n<p class=\"link-more\"><a href=\"https:\/\/blogs.univ-tlse2.fr\/master-ethiquedusoin\/responsables-administratifs\/\" class=\"more-link\">Continuer la lecture<span class=\"screen-reader-text\"> de &laquo;&nbsp;Administration&nbsp;&raquo;<\/span><\/a><\/p>\n","protected":false},"author":405,"featured_media":0,"parent":0,"menu_order":0,"comment_status":"closed","ping_status":"closed","template":"","meta":{"footnotes":"","_links_to":"","_links_to_target":""},"class_list":["post-89","page","type-page","status-publish","hentry"],"_links":{"self":[{"href":"https:\/\/blogs.univ-tlse2.fr\/master-ethiquedusoin\/wp-json\/wp\/v2\/pages\/89","targetHints":{"allow":["GET"]}}],"collection":[{"href":"https:\/\/blogs.univ-tlse2.fr\/master-ethiquedusoin\/wp-json\/wp\/v2\/pages"}],"about":[{"href":"https:\/\/blogs.univ-tlse2.fr\/master-ethiquedusoin\/wp-json\/wp\/v2\/types\/page"}],"author":[{"embeddable":true,"href":"https:\/\/blogs.univ-tlse2.fr\/master-ethiquedusoin\/wp-json\/wp\/v2\/users\/405"}],"replies":[{"embeddable":true,"href":"https:\/\/blogs.univ-tlse2.fr\/master-ethiquedusoin\/wp-json\/wp\/v2\/comments?post=89"}],"version-history":[{"count":22,"href":"https:\/\/blogs.univ-tlse2.fr\/master-ethiquedusoin\/wp-json\/wp\/v2\/pages\/89\/revisions"}],"predecessor-version":[{"id":2631,"href":"https:\/\/blogs.univ-tlse2.fr\/master-ethiquedusoin\/wp-json\/wp\/v2\/pages\/89\/revisions\/2631"}],"wp:attachment":[{"href":"https:\/\/blogs.univ-tlse2.fr\/master-ethiquedusoin\/wp-json\/wp\/v2\/media?parent=89"}],"curies":[{"name":"wp","href":"https:\/\/api.w.org\/{rel}","templated":true}]}}