 {"id":92,"date":"2017-05-22T07:55:03","date_gmt":"2017-05-22T05:55:03","guid":{"rendered":"https:\/\/blogs.univ-tlse2.fr\/master-ethiquedusoin\/?page_id=92"},"modified":"2024-02-27T11:56:35","modified_gmt":"2024-02-27T10:56:35","slug":"conditions-dadmission","status":"publish","type":"page","link":"https:\/\/blogs.univ-tlse2.fr\/master-ethiquedusoin\/conditions-dadmission\/","title":{"rendered":"Conditions d&rsquo;admission"},"content":{"rendered":"<pre style=\"padding-left: 80px;text-align: justify\"><b style=\"color: #993300\"><i>Les dossiers sont <\/i><\/b><strong><em style=\"color: #993300\"><span style=\"color: #993300\">\u00e0 verser \nsur la plateforme <\/span><\/em><em><span style=\"color: #993300\">nationale MonMaster \naupr\u00e8s de l'\u00e9tablissement correspondant \n\u00e0 la sp\u00e9cialit\u00e9 de la formation ant\u00e9rieure \n(droit et sciences sociales \u00e0 UTC, \nsciences humaines \u00e0 UT2, sant\u00e9 et \nsciences \u00e0 UT3).\n\nLes candidat.e.s retenu.e.s disposeront \nd'un d\u00e9lai ferme de 3 jours pour confirmer \nleur admission. Au-del\u00e0, les places \nnon confirm\u00e9es seront propos\u00e9es aux \ncandidat.e.s sur liste d'attente \n(dans l'ordre du rang d'attente).<\/span><\/em><\/strong><\/pre>\n<h1 style=\"text-align: center\"><em>Conditions d&rsquo;admission<\/em><\/h1>\n<p><strong>Entr\u00e9e en Master 1<\/strong><\/p>\n<p style=\"text-align: justify\">Tou-te-s les candidat-e-s \u00e0 l&rsquo;entr\u00e9e en Master 1 \u00c9thique du soin et recherche doivent d\u00e9poser un dossier de candidature sur la plateforme nationale Mon Master. <span style=\"text-decoration: underline\">Aucun dossier ne sera \u00e9tudi\u00e9 en dehors du calendrier national<\/span>.<\/p>\n<p style=\"text-align: justify\"><span style=\"color: #993300\">Chaque \u00e9tudiant.e pr\u00e9sente sa candidature en ligne aupr\u00e8s de la composante correspondant \u00e0 sa formation initiale :<\/span> UT2 re\u00e7oit les candidatures des personnes ayant une formation en philosophie\/sciences humaines ; UT1, des candidatures avec un cursus en droit\/sciences sociales ; et UPS, des personnes ayant un parcours corps de sant\u00e9\/\u00e9tudes de sant\u00e9\/sciences.<\/p>\n<p style=\"text-align: justify\">Chacune des compostantes (philosophie, droit, m\u00e9decine) recrute 9 candidat.e.s pour former des promotions de 27 personnes (sans distinction pr\u00e9sentiel\/distanciel).<\/p>\n<p style=\"text-align: justify\">Les personnes titulaires d&rsquo;une licence de philosophie (ou sciences humaines), d&rsquo;une licence de droit, ou d&rsquo;une 4\u00e8me ann\u00e9e de m\u00e9decine sont admissibles sur dossier en Master 1, de m\u00eame que les personnes titulaires d&rsquo;un autre dipl\u00f4me de niveau Bac+3 en lien avec le Master \u00c9thique du soin et de la recherche. \u00c0 noter : une proc\u00e9dure de demande de validation d&rsquo;aquis ne dispense pas du d\u00e9p\u00f4t de dossier sur Mon Master.<\/p>\n<p style=\"text-align: justify\">Le dossier de candidature est compos\u00e9 des justificatifs de dipl\u00f4mes (relev\u00e9s de notes) mais \u00e9galement d&rsquo;une lettre de motivation mentionnant les int\u00e9r\u00eats de recherche et d&rsquo;un C.V.<\/p>\n<p style=\"text-align: justify\">Les dossiers sont examin\u00e9s par une commission p\u00e9dagogique qui \u00e9tudie les candidatures notamment \u00e0 l&rsquo;aune de deux crit\u00e8res : une formation en lien avec une ou plusieurs des trois disciplines du Master (philosophie, droit, sant\u00e9) ; un fort int\u00e9r\u00eat th\u00e9orique et professionnel pour les questions d&rsquo;\u00e9thique du soin.<\/p>\n<p style=\"text-align: justify\">Un entretien peut \u00eatre propos\u00e9 au candidat \u00e0 la suite de l&rsquo;examen de son dossier. Il peut \u00e9galement \u00eatre plac\u00e9 momentan\u00e9ment sur liste d&rsquo;attente.<\/p>\n<p style=\"text-align: justify\"><em>Toute d\u00e9cision d&rsquo;admission d&rsquo;un-e candidat-e est soumise \u00e0 l&rsquo;avis de la commission p\u00e9dagogique.\u00a0<\/em><\/p>\n<p style=\"text-align: justify\"><strong>Entr\u00e9e en Master 2<\/strong><\/p>\n<p style=\"text-align: justify\">L&rsquo;entr\u00e9e en Master 2\u00a0\u00c9thique du soin et recherche est g\u00e9n\u00e9ralement r\u00e9serv\u00e9e aux titulaires du Master 1 de la m\u00eame sp\u00e9cialit\u00e9.<\/p>\n<p style=\"text-align: justify\">Il est possible de demander exceptionnellement une entr\u00e9e directe en soumettant un dossier justifiant cette requ\u00eate \u00e0 la commission p\u00e9dagogique d&rsquo;admission.<\/p>\n<p style=\"text-align: justify\"><strong>\u21d2<\/strong> En M2, chaque \u00e9tudiant-e s&rsquo;inscrit aupr\u00e8s de l&rsquo;une des trois composantes du Master suivant sa formation initiale ou professionnelle : juridique, \u00e0 l&rsquo;UT1-Capitole ; corps de sant\u00e9-scientifiques, \u00e0 l&rsquo;UT3-Paul Sabatier ; philosophie-sciences humaines, \u00e0 l&rsquo;UT2-Jean Jaur\u00e8s.<\/p>\n<p><strong>Redoublement<\/strong><\/p>\n<p style=\"text-align: justify\">Aucun redoublement n&rsquo;est admis par avance : chaque demande de redoublement devra faire l&rsquo;objet d&rsquo;une demande motiv\u00e9e, adress\u00e9e \u00e0 la commission p\u00e9dagogique dans la semaine qui pr\u00e9c\u00e8de la commission p\u00e9dagogique de fin d&rsquo;ann\u00e9e (informations aupr\u00e8s des secr\u00e9tariats). <span style=\"text-decoration: underline\">L&rsquo;engagement de cette d\u00e9marche appartient \u00e0 l&rsquo;\u00e9tudiant.e seul.e<\/span> qui souhaite en faire la demande.<\/p>\n","protected":false},"excerpt":{"rendered":"<p>Les dossiers sont \u00e0 verser sur la plateforme nationale MonMaster aupr\u00e8s de l&rsquo;\u00e9tablissement correspondant \u00e0 la sp\u00e9cialit\u00e9 de la formation ant\u00e9rieure (droit et sciences sociales \u00e0 UTC, sciences humaines \u00e0 UT2, sant\u00e9 et sciences \u00e0 UT3). Les candidat.e.s retenu.e.s disposeront d&rsquo;un d\u00e9lai ferme de 3 jours pour confirmer leur admission. Au-del\u00e0, les places non confirm\u00e9es &hellip; <\/p>\n<p class=\"link-more\"><a href=\"https:\/\/blogs.univ-tlse2.fr\/master-ethiquedusoin\/conditions-dadmission\/\" class=\"more-link\">Continuer la lecture<span class=\"screen-reader-text\"> de &laquo;&nbsp;Conditions d&rsquo;admission&nbsp;&raquo;<\/span><\/a><\/p>\n","protected":false},"author":405,"featured_media":0,"parent":0,"menu_order":0,"comment_status":"closed","ping_status":"closed","template":"","meta":{"footnotes":"","_links_to":"","_links_to_target":""},"class_list":["post-92","page","type-page","status-publish","hentry"],"_links":{"self":[{"href":"https:\/\/blogs.univ-tlse2.fr\/master-ethiquedusoin\/wp-json\/wp\/v2\/pages\/92","targetHints":{"allow":["GET"]}}],"collection":[{"href":"https:\/\/blogs.univ-tlse2.fr\/master-ethiquedusoin\/wp-json\/wp\/v2\/pages"}],"about":[{"href":"https:\/\/blogs.univ-tlse2.fr\/master-ethiquedusoin\/wp-json\/wp\/v2\/types\/page"}],"author":[{"embeddable":true,"href":"https:\/\/blogs.univ-tlse2.fr\/master-ethiquedusoin\/wp-json\/wp\/v2\/users\/405"}],"replies":[{"embeddable":true,"href":"https:\/\/blogs.univ-tlse2.fr\/master-ethiquedusoin\/wp-json\/wp\/v2\/comments?post=92"}],"version-history":[{"count":47,"href":"https:\/\/blogs.univ-tlse2.fr\/master-ethiquedusoin\/wp-json\/wp\/v2\/pages\/92\/revisions"}],"predecessor-version":[{"id":2346,"href":"https:\/\/blogs.univ-tlse2.fr\/master-ethiquedusoin\/wp-json\/wp\/v2\/pages\/92\/revisions\/2346"}],"wp:attachment":[{"href":"https:\/\/blogs.univ-tlse2.fr\/master-ethiquedusoin\/wp-json\/wp\/v2\/media?parent=92"}],"curies":[{"name":"wp","href":"https:\/\/api.w.org\/{rel}","templated":true}]}}