 {"id":926,"date":"2017-09-29T10:45:13","date_gmt":"2017-09-29T08:45:13","guid":{"rendered":"https:\/\/blogs.univ-tlse2.fr\/master-ethiquedusoin\/?page_id=926"},"modified":"2024-08-25T18:56:31","modified_gmt":"2024-08-25T16:56:31","slug":"masterclass","status":"publish","type":"page","link":"https:\/\/blogs.univ-tlse2.fr\/master-ethiquedusoin\/masterclass\/","title":{"rendered":"MasterClass"},"content":{"rendered":"<p style=\"text-align: justify\">En plus des diff\u00e9rentes conf\u00e9rences auxquelles sont invit\u00e9-e-s les \u00e9tudiant-e-s durant les deux ann\u00e9es du Master Ethique du Soin et Recherche, chaque ann\u00e9e universitaire inclut au moins deux MasterClass dans l&#8217;emploi du temps.<\/p>\n<p style=\"text-align: justify\"><em>Une MasterClass, c&rsquo;est quoi ?\u00a0<\/em><\/p>\n<p style=\"text-align: justify\">Une personne, reconnue pour son expertise dans un domaine li\u00e9 aux grands th\u00e8mes du Master est invit\u00e9e \u00e0 partager deux heures avec les seul-e-s \u00e9tudiant-e-s de la formation. Cette rencontre constitue une occasion pour ouvrir des discussions approfondies relatives aux int\u00e9r\u00eats de chacun-e et notamment aux vis\u00e9es de recherche.<\/p>\n<p style=\"text-align: justify\">Afin que chacun-e b\u00e9n\u00e9ficie au mieux de ce dispositif, ces rencontres devront \u00eatre pr\u00e9par\u00e9es par des lectures et des r\u00e9flexions en amont. De plus, le choix des invit\u00e9-e-s est laiss\u00e9 \u00e0 la proposition des \u00e9tudiant-e-s qui pourront ainsi devenir les organisatrice-<span style=\"font-size: 1rem\">eur-<\/span><span style=\"font-size: 1rem\">s de ces moments.<\/span><\/p>\n<p style=\"text-align: justify\">Selon la disponibilit\u00e9 des invit\u00e9-e-s, les MasterClass seront suivies dans la m\u00eame journ\u00e9e d&rsquo;une pr\u00e9sentation ouverte \u00e0 tou-te-s, \u00e9tudiant-e-s et non \u00e9tudiant-e-s.<\/p>\n<p><a href=\"https:\/\/blogs.univ-tlse2.fr\/master-ethiquedusoin\/2017\/10\/28\/masterclass-avec-martin-winckler\/\">Martin Winckler, le 20 octobre 2017<\/a><\/p>\n<p><a href=\"https:\/\/blogs.univ-tlse2.fr\/master-ethiquedusoin\/2018\/02\/15\/masterclass-avec-yasuhiko-murakami\/\">Yasuhiko Murakami, le 14 f\u00e9vrier 2018<\/a><\/p>\n<p><a href=\"https:\/\/blogs.univ-tlse2.fr\/master-ethiquedusoin\/2018\/05\/29\/masterclass-avec-baptiste-beaulieu-compte-rendu-et-photo\/\">Baptiste Beaulieu, le 7 mars 2018<\/a><\/p>\n<p><a href=\"https:\/\/blogs.univ-tlse2.fr\/master-ethiquedusoin\/2018\/03\/12\/images-de-la-masterclass-avec-anne-marie-savard\/\">Anne-Marie Savard, le 12 mars 2018<\/a><\/p>\n<p>Audrey Dussutour, 11 d\u00e9cembre 2018<\/p>\n<p>Louis-Philippe Lampron, 19 novembre 2018<\/p>\n<p>Etienne Danchin, le 28 novembre 2019<\/p>\n<p>Yasuhiko Murakami, le 28 avril 2020<\/p>\n<p>Yasuhiko Murakami, 20 septembre 2022<\/p>\n<p>Anne-Marie Savard, 21 mai 2024<\/p>\n","protected":false},"excerpt":{"rendered":"<p>En plus des diff\u00e9rentes conf\u00e9rences auxquelles sont invit\u00e9-e-s les \u00e9tudiant-e-s durant les deux ann\u00e9es du Master Ethique du Soin et Recherche, chaque ann\u00e9e universitaire inclut au moins deux MasterClass dans l&#8217;emploi du temps. Une MasterClass, c&rsquo;est quoi ?\u00a0 Une personne, reconnue pour son expertise dans un domaine li\u00e9 aux grands th\u00e8mes du Master est invit\u00e9e &hellip; <\/p>\n<p class=\"link-more\"><a href=\"https:\/\/blogs.univ-tlse2.fr\/master-ethiquedusoin\/masterclass\/\" class=\"more-link\">Continuer la lecture<span class=\"screen-reader-text\"> de &laquo;&nbsp;MasterClass&nbsp;&raquo;<\/span><\/a><\/p>\n","protected":false},"author":405,"featured_media":0,"parent":0,"menu_order":0,"comment_status":"closed","ping_status":"closed","template":"","meta":{"footnotes":"","_links_to":"","_links_to_target":""},"class_list":["post-926","page","type-page","status-publish","hentry"],"_links":{"self":[{"href":"https:\/\/blogs.univ-tlse2.fr\/master-ethiquedusoin\/wp-json\/wp\/v2\/pages\/926","targetHints":{"allow":["GET"]}}],"collection":[{"href":"https:\/\/blogs.univ-tlse2.fr\/master-ethiquedusoin\/wp-json\/wp\/v2\/pages"}],"about":[{"href":"https:\/\/blogs.univ-tlse2.fr\/master-ethiquedusoin\/wp-json\/wp\/v2\/types\/page"}],"author":[{"embeddable":true,"href":"https:\/\/blogs.univ-tlse2.fr\/master-ethiquedusoin\/wp-json\/wp\/v2\/users\/405"}],"replies":[{"embeddable":true,"href":"https:\/\/blogs.univ-tlse2.fr\/master-ethiquedusoin\/wp-json\/wp\/v2\/comments?post=926"}],"version-history":[{"count":13,"href":"https:\/\/blogs.univ-tlse2.fr\/master-ethiquedusoin\/wp-json\/wp\/v2\/pages\/926\/revisions"}],"predecessor-version":[{"id":2441,"href":"https:\/\/blogs.univ-tlse2.fr\/master-ethiquedusoin\/wp-json\/wp\/v2\/pages\/926\/revisions\/2441"}],"wp:attachment":[{"href":"https:\/\/blogs.univ-tlse2.fr\/master-ethiquedusoin\/wp-json\/wp\/v2\/media?parent=926"}],"curies":[{"name":"wp","href":"https:\/\/api.w.org\/{rel}","templated":true}]}}