 {"id":137,"date":"2020-05-05T11:59:57","date_gmt":"2020-05-05T09:59:57","guid":{"rendered":"https:\/\/blogs.univ-tlse2.fr\/master-gaed\/?page_id=137"},"modified":"2021-04-14T14:26:17","modified_gmt":"2021-04-14T12:26:17","slug":"706-2","status":"publish","type":"page","link":"https:\/\/blogs.univ-tlse2.fr\/master-gaed\/706-2\/","title":{"rendered":"UE 706 &#8211; GAED"},"content":{"rendered":"\n<p><strong>Anglais en environnement et territoire niveau 1<\/strong><\/p>\n\n\n\n<p>Responsable p\u00e9dagogique :\u00a0<a href=\"http:\/\/w3.geode.univ-tlse2.fr\/permanents\/chapron.php\" target=\"_blank\" rel=\"noreferrer noopener\"> Emmanuel Chapron<\/a><\/p>\n\n\n\n<p><strong>Objectifs<\/strong><\/p>\n\n\n\n<p>Les objectifs de cette UE visent \u00e0 d\u00e9velopper la compr\u00e9hension orale et \u00e9crite de l\u2019anglais scientifique appliqu\u00e9 \u00e0 l\u2019\u00e9tude des changements environnementaux et territoriaux en liens avec le changement climatique. Dans le cadre de cette UE les \u00e9tudiants se familiariseront avec\u00a0 la r\u00e9alisation de pr\u00e9sentations orales et dans la recherche d\u2019article\u00a0 scientifique disponible dans la litt\u00e9rature internationale en \u00ab\u00a0open access\u201d. Dans le cadre de cette UE les \u00e9tudiants seront accompagn\u00e9s pour\u00a0 acqu\u00e9rir et am\u00e9liorer leurs connaissances pratiques et\u00a0 th\u00e9oriques en Anglais scientifique.<\/p>\n\n\n\n<p><strong>Contenus<\/strong><\/p>\n\n\n\n<p>Exercices de pr\u00e9sentation de cartes, de paysages et d\u2019\u00e9tudes environnementales. Expos\u00e9s synth\u00e9tiques de grandes questions en liens avec la gestion des territoires dans le contexte du changement climatique en cours (usages de l\u2019eau et\u00a0 des sols, am\u00e9nagements des territoires).<\/p>\n\n\n\n<p><strong>Indications bibliographiques<\/strong><\/p>\n\n\n\n<p>-Duram L.A. (2018) Environmental Geogrpahy. People and the Envirronment, ABC-CLIO, LLC 318 p<\/p>\n\n\n\n<p>&#8211; Quinn J.A. and Woodward S.L.(2015) Earth\u2019s Landscape. An encyclopedia of the world\u2019s geographic features, 2 volumes ,&nbsp; ABC-CLIO, Greenwood, 877 p<\/p>\n\n\n\n<p>&#8211; Johansen B.E. (2017) Climate change. An encyclopedia of science, society and solutionsd. ,&nbsp; ABC-CLIO, Greenwood, 1180 p, 3 volumes<\/p>\n","protected":false},"excerpt":{"rendered":"<p>Anglais en environnement et territoire niveau 1 Responsable p\u00e9dagogique :\u00a0 Emmanuel Chapron Objectifs Les objectifs de cette UE visent \u00e0 d\u00e9velopper la compr\u00e9hension orale et \u00e9crite de l\u2019anglais scientifique appliqu\u00e9 \u00e0 l\u2019\u00e9tude des changements environnementaux et territoriaux en liens avec le changement climatique. Dans le cadre de cette UE les \u00e9tudiants se familiariseront avec\u00a0 la [&hellip;]<\/p>\n","protected":false},"author":840,"featured_media":0,"parent":0,"menu_order":0,"comment_status":"closed","ping_status":"closed","template":"","meta":{"footnotes":""},"class_list":["post-137","page","type-page","status-publish","hentry"],"_links":{"self":[{"href":"https:\/\/blogs.univ-tlse2.fr\/master-gaed\/wp-json\/wp\/v2\/pages\/137","targetHints":{"allow":["GET"]}}],"collection":[{"href":"https:\/\/blogs.univ-tlse2.fr\/master-gaed\/wp-json\/wp\/v2\/pages"}],"about":[{"href":"https:\/\/blogs.univ-tlse2.fr\/master-gaed\/wp-json\/wp\/v2\/types\/page"}],"author":[{"embeddable":true,"href":"https:\/\/blogs.univ-tlse2.fr\/master-gaed\/wp-json\/wp\/v2\/users\/840"}],"replies":[{"embeddable":true,"href":"https:\/\/blogs.univ-tlse2.fr\/master-gaed\/wp-json\/wp\/v2\/comments?post=137"}],"version-history":[{"count":5,"href":"https:\/\/blogs.univ-tlse2.fr\/master-gaed\/wp-json\/wp\/v2\/pages\/137\/revisions"}],"predecessor-version":[{"id":537,"href":"https:\/\/blogs.univ-tlse2.fr\/master-gaed\/wp-json\/wp\/v2\/pages\/137\/revisions\/537"}],"wp:attachment":[{"href":"https:\/\/blogs.univ-tlse2.fr\/master-gaed\/wp-json\/wp\/v2\/media?parent=137"}],"curies":[{"name":"wp","href":"https:\/\/api.w.org\/{rel}","templated":true}]}}