 {"id":155,"date":"2020-05-05T13:38:15","date_gmt":"2020-05-05T11:38:15","guid":{"rendered":"https:\/\/blogs.univ-tlse2.fr\/master-gaed\/?page_id=155"},"modified":"2021-04-13T10:52:33","modified_gmt":"2021-04-13T08:52:33","slug":"ue-903","status":"publish","type":"page","link":"https:\/\/blogs.univ-tlse2.fr\/master-gaed\/ue-903\/","title":{"rendered":"UE 903 &#8211; GAED"},"content":{"rendered":"\n<p><strong><strong>Mod\u00e9liser et simuler les transformations environnementales<\/strong><\/strong><\/p>\n\n\n\n<p>Responsable p\u00e9dagogique : <a href=\"http:\/\/w3.geode.univ-tlse2.fr\/permanents\/paegelow.php\" target=\"_blank\" rel=\"noreferrer noopener\">Martin Paegelow<\/a><\/p>\n\n\n\n<p><strong>Objectifs<\/strong><\/p>\n\n\n\n<ul class=\"wp-block-list\"><li>\u0090\u00c9tablir une strat\u00e9gie de mod\u00e9lisation et savoir la mettre en \u0153uvre<\/li><li>Formaliser la repr\u00e9sentation de syst\u00e8mes socio-\u00e9cologiques par des sch\u00e9matisations compr\u00e9hensibles, dites UML<\/li><li>Conna\u00eetre les approches de la mod\u00e9lisation spatio-temporelle prospective appliqu\u00e9es aux dynamiques environnementales, process-based et pattern-based<\/li><li>Savoir retracer les changements spatio-temporels<\/li><li>\u00catre en mesure de mesurer l\u2019impact de variables explicatives de ces changements<\/li><li>Comprendre les notions d\u2019\u00e9mergence et d\u2019interactions<\/li><\/ul>\n\n\n\n<p>Apprendre les m\u00e9thodes et techniques utilis\u00e9es en mod\u00e9lisation statistique appliqu\u00e9e \u00e0 la mod\u00e9lisation probabiliste et \u00e0 la g\u00e9o-prospective. S\u2019appuyant sur les diverses manifestations des changements environnementaux et paysagers, les objectifs de cette UE consistent en l\u2019introduction des approches et m\u00e9thodes pour retracer et caract\u00e9riser les dynamiques, pour les mod\u00e9liser et fonder des simulations prospectives. Sont abord\u00e9es les m\u00e9thodes de mod\u00e9lisation \u00ab\u00a0<em>pattern<\/em>\u00a0\u00bb mais aussi les outils individus-centr\u00e9s (automates cellulaires et multi-agents) orient\u00e9s plut\u00f4t \u00ab\u00a0<em>process<\/em>\u00a0\u00bb.<\/p>\n\n\n\n<p><strong>Contenus<\/strong><\/p>\n\n\n\n<p>Cette UE propose une mise en \u0153uvre concr\u00e8te de deux d\u00e9marches de mod\u00e9lisation pour aboutir \u00e0 des formes d\u2019exploration des dynamiques territoriales. Le cours pr\u00e9sente les principales techniques et outils de la mod\u00e9lisation.<\/p>\n\n\n\n<p>Sur la base d\u2019une connaissance des trajectoires spatio-temporels pass\u00e9s, cette UE pr\u00e9sente les diff\u00e9rentes m\u00e9thodes en termes de mod\u00e9lisation spatio-temporelle, notamment l\u2019approche \u00ab\u00a0pattern-based\u00a0\u00bb partant de cartes et autres documents spatialis\u00e9s afin, ensuite, de s\u2019interroger sur le pourquoi des distributions et dynamiques observ\u00e9es. L\u2019autre approche passe par la mod\u00e9lisation process-based, o\u00f9 la programmation de r\u00e8gles de fonctionnement d\u2019entit\u00e9s agissantes, simples, ensembles combin\u00e9es, permet de faire appara\u00eetre des dynamiques complexes. Adapt\u00e9es aux territoires, ces approches \u00ab\u00a0process-based\u00a0\u00bb\u00a0 individus-centr\u00e9es (automates cellulaires, multi-agents) permettent de combiner fonctionnement individuel et familial, interactions sociales et dynamiques territoriales pour reconstituer l\u2019\u00e9volution de territoires et de leurs populations.<\/p>\n\n\n\n<p><strong>Indications bibliographiques<\/strong><\/p>\n\n\n\n<ul class=\"wp-block-list\"><li>Camacho Olmedo M.T., Paegelow M., Mas J.F., Escobar F. (eds), 2018, Geomatic Appoaches for modeling Land Change Scenarios. A review and Comparison of Modeling Techniques. In: Springer: Lecture Notes in Geoinformation and Cartography. 525p. ISBN 978-3-319-60801-3<\/li><li>Houet T, Aguejdad R, Doukari O, Battaia G, Clarke K, (2016) Description and validation of a \u201cnon path-dependent\u201d model for projecting contrasting urban growth futures. Cybergeo, document 759, January 6 2016, <a href=\"http:\/\/cybergeo.revues.org\/27397\">http:\/\/cybergeo.revues.org\/27397<\/a><\/li><li>Paegelow M., Camacho Olmedo M.T., Mas J.F., Houet T., 2014, Benchmarking of LUCC modelling tools by various validation techniques and error analysis. Cybergeo, document 701, mis en ligne le 22 d\u00e9cembre 2014,. URL : http:\/\/cybergeo.revues.org\u00a0<\/li><li>Amblard, F., Phan, D., 2006. Mod\u00e9lisation et simulations multi-agents\u00a0: application pour les sciences de l\u2019Homme et de la Soci\u00e9t\u00e9, Lavoisier. Hermes, Paris, France.<\/li><li>Saqalli, M., Bielders, C.L., Defourny, P., G\u00e9rard, B., 2010. Simulating rural environmentally and socio-economically constrained multi-activity and multi-decision societies in a low-data context: a challenge through empirical agent-based modeling. JASSS 13. <a href=\"https:\/\/doi.org\/10.18564\/jasss.1547\">https:\/\/doi.org\/10.18564\/jasss.1547<\/a><\/li><li>Saqalli, M., Vander Linden, M., 2019. Introducing qualitative and social science factors in archaeological modelling., Simulating the Past books Series. Springer Editions, New York, USA.<\/li><\/ul>\n","protected":false},"excerpt":{"rendered":"<p>Mod\u00e9liser et simuler les transformations environnementales Responsable p\u00e9dagogique : Martin Paegelow Objectifs \u0090\u00c9tablir une strat\u00e9gie de mod\u00e9lisation et savoir la mettre en \u0153uvre Formaliser la repr\u00e9sentation de syst\u00e8mes socio-\u00e9cologiques par des sch\u00e9matisations compr\u00e9hensibles, dites UML Conna\u00eetre les approches de la mod\u00e9lisation spatio-temporelle prospective appliqu\u00e9es aux dynamiques environnementales, process-based et pattern-based Savoir retracer les changements spatio-temporels [&hellip;]<\/p>\n","protected":false},"author":840,"featured_media":0,"parent":0,"menu_order":0,"comment_status":"closed","ping_status":"closed","template":"","meta":{"footnotes":""},"class_list":["post-155","page","type-page","status-publish","hentry"],"_links":{"self":[{"href":"https:\/\/blogs.univ-tlse2.fr\/master-gaed\/wp-json\/wp\/v2\/pages\/155","targetHints":{"allow":["GET"]}}],"collection":[{"href":"https:\/\/blogs.univ-tlse2.fr\/master-gaed\/wp-json\/wp\/v2\/pages"}],"about":[{"href":"https:\/\/blogs.univ-tlse2.fr\/master-gaed\/wp-json\/wp\/v2\/types\/page"}],"author":[{"embeddable":true,"href":"https:\/\/blogs.univ-tlse2.fr\/master-gaed\/wp-json\/wp\/v2\/users\/840"}],"replies":[{"embeddable":true,"href":"https:\/\/blogs.univ-tlse2.fr\/master-gaed\/wp-json\/wp\/v2\/comments?post=155"}],"version-history":[{"count":3,"href":"https:\/\/blogs.univ-tlse2.fr\/master-gaed\/wp-json\/wp\/v2\/pages\/155\/revisions"}],"predecessor-version":[{"id":449,"href":"https:\/\/blogs.univ-tlse2.fr\/master-gaed\/wp-json\/wp\/v2\/pages\/155\/revisions\/449"}],"wp:attachment":[{"href":"https:\/\/blogs.univ-tlse2.fr\/master-gaed\/wp-json\/wp\/v2\/media?parent=155"}],"curies":[{"name":"wp","href":"https:\/\/api.w.org\/{rel}","templated":true}]}}