 {"id":158,"date":"2020-05-05T13:40:30","date_gmt":"2020-05-05T11:40:30","guid":{"rendered":"https:\/\/blogs.univ-tlse2.fr\/master-gaed\/?page_id=158"},"modified":"2021-04-13T14:53:22","modified_gmt":"2021-04-13T12:53:22","slug":"ue-904","status":"publish","type":"page","link":"https:\/\/blogs.univ-tlse2.fr\/master-gaed\/ue-904\/","title":{"rendered":"UE 904 &#8211; GEMO"},"content":{"rendered":"\n<p><strong>Actualit\u00e9s de la recherche, questions vives et \u00e9mergentes<\/strong><\/p>\n\n\n\n<p>Responsable p\u00e9dagogique : <a href=\"http:\/\/w3.geode.univ-tlse2.fr\/permanents\/mazier.php\" target=\"_blank\" rel=\"noreferrer noopener\">Florence MAZIER<\/a><\/p>\n\n\n\n<p><strong>Objectifs<\/strong><\/p>\n\n\n\n<p>L\u2019objectif de l\u2019UE 904 est de familiariser les \u00e9tudiants avec le monde de la recherche en les confrontant aux probl\u00e9matiques \u00e9mergentes scientifiques. Il s\u2019agit d\u2019amener les \u00e9tudiants \u00e0 d\u00e9battre avec les chercheurs autour de questions vives en g\u00e9ographie de l\u2019environnement et du paysage. Dans le parcours GEMO, cette UE sera principalement centr\u00e9e sur le socio-\u00e9cosyst\u00e8me montagnard et les enjeux qui le concernent. Ces enjeux seront abord\u00e9s au travers de la diversit\u00e9 disciplinaire des interventions, et permettront de faire le lien entre le monde de la recherche et des autres acteurs des territoires, de l\u2019am\u00e9nagement et de l\u2019environnement<\/p>\n\n\n\n<p><strong>Comp\u00e9tences vis\u00e9es<\/strong><\/p>\n\n\n\n<ul class=\"wp-block-list\"><li>D\u00e9couvrir des chercheurs et leurs recherches actuelles<\/li><li>\u00c9changer, \u00e9couter et argumenter sur des exemples concrets.<\/li><li>Participer \u00e0 des \u00e9v\u00e8nements scientifiques en lien avec la recherche<\/li><li>Am\u00e9liorer l\u2019oral sur un sujet au choix.<\/li><\/ul>\n\n\n\n<p><strong>Contenus<\/strong><\/p>\n\n\n\n<p>A d\u00e9finir chaque ann\u00e9e, en fonction des programmes de recherche en cours. Des intervenants seront invit\u00e9s en fonction de l\u2019actualit\u00e9 scientifique li\u00e9es aux questions environnementales (intervenants ext\u00e9rieurs ou du laboratoire). Trois th\u00e9matiques contemporaines de recherche seront abord\u00e9es par les chercheurs\u00a0:<\/p>\n\n\n\n<ul class=\"wp-block-list\"><li>Gestion de la montagne_usages et conflits d&rsquo;usage (patrimonialisation, ours et pastoralisme, pollution lumineuse\u2026)<\/li><li>H\u00e9ritage des pratiques anciennes sur les soci\u00e9t\u00e9s et l\u2019environnement montagnards (pastoralisme, pisciculture, extraction mini\u00e8re\u2026)<\/li><li>Changements climatiques et effets sur les soci\u00e9t\u00e9s et l\u2019environnement montagnards (eau potable, cycle du carbone, risque crues\u2026)<\/li><\/ul>\n","protected":false},"excerpt":{"rendered":"<p>Actualit\u00e9s de la recherche, questions vives et \u00e9mergentes Responsable p\u00e9dagogique : Florence MAZIER Objectifs L\u2019objectif de l\u2019UE 904 est de familiariser les \u00e9tudiants avec le monde de la recherche en les confrontant aux probl\u00e9matiques \u00e9mergentes scientifiques. Il s\u2019agit d\u2019amener les \u00e9tudiants \u00e0 d\u00e9battre avec les chercheurs autour de questions vives en g\u00e9ographie de l\u2019environnement et [&hellip;]<\/p>\n","protected":false},"author":840,"featured_media":0,"parent":0,"menu_order":0,"comment_status":"closed","ping_status":"closed","template":"","meta":{"footnotes":""},"class_list":["post-158","page","type-page","status-publish","hentry"],"_links":{"self":[{"href":"https:\/\/blogs.univ-tlse2.fr\/master-gaed\/wp-json\/wp\/v2\/pages\/158","targetHints":{"allow":["GET"]}}],"collection":[{"href":"https:\/\/blogs.univ-tlse2.fr\/master-gaed\/wp-json\/wp\/v2\/pages"}],"about":[{"href":"https:\/\/blogs.univ-tlse2.fr\/master-gaed\/wp-json\/wp\/v2\/types\/page"}],"author":[{"embeddable":true,"href":"https:\/\/blogs.univ-tlse2.fr\/master-gaed\/wp-json\/wp\/v2\/users\/840"}],"replies":[{"embeddable":true,"href":"https:\/\/blogs.univ-tlse2.fr\/master-gaed\/wp-json\/wp\/v2\/comments?post=158"}],"version-history":[{"count":3,"href":"https:\/\/blogs.univ-tlse2.fr\/master-gaed\/wp-json\/wp\/v2\/pages\/158\/revisions"}],"predecessor-version":[{"id":469,"href":"https:\/\/blogs.univ-tlse2.fr\/master-gaed\/wp-json\/wp\/v2\/pages\/158\/revisions\/469"}],"wp:attachment":[{"href":"https:\/\/blogs.univ-tlse2.fr\/master-gaed\/wp-json\/wp\/v2\/media?parent=158"}],"curies":[{"name":"wp","href":"https:\/\/api.w.org\/{rel}","templated":true}]}}