 {"id":217,"date":"2020-05-06T16:58:03","date_gmt":"2020-05-06T14:58:03","guid":{"rendered":"https:\/\/blogs.univ-tlse2.fr\/master-gaed\/?page_id=217"},"modified":"2021-04-13T10:46:01","modified_gmt":"2021-04-13T08:46:01","slug":"ue-805-dynem","status":"publish","type":"page","link":"https:\/\/blogs.univ-tlse2.fr\/master-gaed\/ue-805-dynem\/","title":{"rendered":"UE 805 &#8211; GAED"},"content":{"rendered":"\n<p><strong>Outils de gestion de l&rsquo;environnement<\/strong><\/p>\n\n\n\n<p>Responsable p\u00e9dagogique : <a href=\"http:\/\/w3.geode.univ-tlse2.fr\/permanents\/peltier.php\" target=\"_blank\" rel=\"noreferrer noopener\">Anne Peltier<\/a><\/p>\n\n\n\n<p><strong>Objectifs :<\/strong> L\u2019objectif de cette UE est de recenser les politiques publiques environnementales et surtout de r\u00e9fl\u00e9chir aux modalit\u00e9s de leur mise en \u0153uvre. Il s\u2019agit 1\/ de pr\u00e9senter aux \u00e9tudiants les outils r\u00e9glementaires de gestion de l\u2019environnement, 2\/ de mener une r\u00e9flexion sur les freins et les leviers \u00e0 la mise en \u0153uvre de ces dispositifs r\u00e9glementaires. Dans cet objectif d\u2019articulation entre le droit et sa mise en \u0153uvre, les cours sont assur\u00e9s par des enseignants-chercheurs mais aussi par des professionnels.<\/p>\n\n\n\n<p><strong>Comp\u00e9tences vis\u00e9es :<\/strong> Comprendre la r\u00e9glementation qui s\u2019applique \u00e0 la gestion de l\u2019environnement. Conna\u00eetre les principaux outils r\u00e9glementaires de gestion de l\u2019environnement Etre capable de mener une r\u00e9flexion sur les difficult\u00e9s de mise en \u0153uvre de la r\u00e9glementation<\/p>\n\n\n\n<p><strong>Contenus : <\/strong>Le cours est organis\u00e9 en deux parties. La premi\u00e8re \u00e9voque de mani\u00e8re transversale un certain nombre d\u2019outils de gestion de l\u2019environnement&nbsp;: prise en compte de l\u2019environnement dans l\u2019am\u00e9nagement, \u00e9valuation environnementale, \u00e9tude d\u2019impact, gestion contractuelle de l\u2019environnement\u2026 La deuxi\u00e8me partie porte sur des approches sectorielles de l\u2019environnement&nbsp;: d\u00e9chets, inondations, gestion des cours d\u2019eau, \u00e9nergies renouvelables, habitat, paysage\u2026<\/p>\n\n\n\n<p><strong>Indications bibliographiques :<\/strong><\/p>\n\n\n\n<p>LASLAZ L., GAUCHON C., DUVAL M.&nbsp;&amp; HERITIER S., dir., 2014, <em>Les espaces prot\u00e9g\u00e9s. Entre conflits et acceptation<\/em>, Belin, coll. \u00ab&nbsp;Mappemonde&nbsp;\u00bb, 432 pages.<\/p>\n\n\n\n<p>ROMI R., 2010, Droit et administration de l\u2019environnement, 7e \u00e9dition, Lextenso \u00e9ditions. &#8211; VINET F., 2010, <em>Le risque inondation, diagnostic et gestion<\/em>, Lavoisier, 318p.<\/p>\n\n\n\n<p><\/p>\n","protected":false},"excerpt":{"rendered":"<p>Outils de gestion de l&rsquo;environnement Responsable p\u00e9dagogique : Anne Peltier Objectifs : L\u2019objectif de cette UE est de recenser les politiques publiques environnementales et surtout de r\u00e9fl\u00e9chir aux modalit\u00e9s de leur mise en \u0153uvre. Il s\u2019agit 1\/ de pr\u00e9senter aux \u00e9tudiants les outils r\u00e9glementaires de gestion de l\u2019environnement, 2\/ de mener une r\u00e9flexion sur les [&hellip;]<\/p>\n","protected":false},"author":840,"featured_media":0,"parent":0,"menu_order":0,"comment_status":"closed","ping_status":"closed","template":"","meta":{"footnotes":""},"class_list":["post-217","page","type-page","status-publish","hentry"],"_links":{"self":[{"href":"https:\/\/blogs.univ-tlse2.fr\/master-gaed\/wp-json\/wp\/v2\/pages\/217","targetHints":{"allow":["GET"]}}],"collection":[{"href":"https:\/\/blogs.univ-tlse2.fr\/master-gaed\/wp-json\/wp\/v2\/pages"}],"about":[{"href":"https:\/\/blogs.univ-tlse2.fr\/master-gaed\/wp-json\/wp\/v2\/types\/page"}],"author":[{"embeddable":true,"href":"https:\/\/blogs.univ-tlse2.fr\/master-gaed\/wp-json\/wp\/v2\/users\/840"}],"replies":[{"embeddable":true,"href":"https:\/\/blogs.univ-tlse2.fr\/master-gaed\/wp-json\/wp\/v2\/comments?post=217"}],"version-history":[{"count":4,"href":"https:\/\/blogs.univ-tlse2.fr\/master-gaed\/wp-json\/wp\/v2\/pages\/217\/revisions"}],"predecessor-version":[{"id":447,"href":"https:\/\/blogs.univ-tlse2.fr\/master-gaed\/wp-json\/wp\/v2\/pages\/217\/revisions\/447"}],"wp:attachment":[{"href":"https:\/\/blogs.univ-tlse2.fr\/master-gaed\/wp-json\/wp\/v2\/media?parent=217"}],"curies":[{"name":"wp","href":"https:\/\/api.w.org\/{rel}","templated":true}]}}