 {"id":223,"date":"2020-05-06T18:04:22","date_gmt":"2020-05-06T16:04:22","guid":{"rendered":"https:\/\/blogs.univ-tlse2.fr\/master-gaed\/?page_id=223"},"modified":"2021-04-13T10:43:46","modified_gmt":"2021-04-13T08:43:46","slug":"ue-802-gaed","status":"publish","type":"page","link":"https:\/\/blogs.univ-tlse2.fr\/master-gaed\/ue-802-gaed\/","title":{"rendered":"UE 802 &#8211; GAED"},"content":{"rendered":"\n<p class=\"has-text-align-center\"><strong>Traitement de l\u2019information g\u00e9ographique num\u00e9rique<\/strong> (75h &#8211; 6 ECTS)<\/p>\n\n\n\n<p>Responsable p\u00e9dagogique : <a href=\"http:\/\/w3.geode.univ-tlse2.fr\/permanents\/barcet.php\" data-type=\"URL\" data-id=\"http:\/\/w3.geode.univ-tlse2.fr\/permanents\/barcet.php\" target=\"_blank\" rel=\"noreferrer noopener\">Hugues Barcet<\/a><\/p>\n\n\n\n<p><strong>Objectifs<\/strong> :<\/p>\n\n\n\n<p>Ce module vise d\u2019abord \u00e0 consolider les acquis concernant le traitement des donn\u00e9es num\u00e9riques spatialis\u00e9es et \u00e0 explorer de nouvelles connaissances dans un domaine en constante \u00e9volution. Les s\u00e9ances se d\u00e9roulent dans une salle informatique et sont bas\u00e9es sur un maximum d\u2019exercices et de mises en situation.<em><\/em><\/p>\n\n\n\n<p><strong>Contenus :<\/strong><\/p>\n\n\n\n<p><strong>Sources de donn\u00e9es g\u00e9ographiques disponibles sur le Web (2h)<\/strong><\/p>\n\n\n\n<ul class=\"wp-block-list\"><li>D\u00e9couvrir le contexte r\u00e9glementaire national sur l\u2019open data et l\u2019open research data<\/li><li>D\u00e9couvrir les principales licences d\u2019acc\u00e8s aux donn\u00e9es dont les licences ouvertes nationales et internationales<\/li><li>D\u00e9couvrir la diversit\u00e9 des sources de donn\u00e9es g\u00e9ographiques librement accessibles et gratuites essentiellement en France. Apprendre \u00e0 les s\u00e9lectionner en fonction de la probl\u00e9matique environnementale<\/li><li>Apprendre \u00e0 importer un flux de donn\u00e9es WMS\/WFS via QGIS depuis une source externe<\/li><li>Apprendre \u00e0 rechercher et \u00e0 t\u00e9l\u00e9charger des donn\u00e9es dans quelques portails de donn\u00e9es<\/li><li>D\u00e9couvrir des outils compl\u00e9mentaires utiles pour la visualisation de donn\u00e9es (geoportail.gouv.fr et applilcation \u00ab&nbsp;Remonter le temps&nbsp;\u00bb) et pour le g\u00e9ocodage d\u2019adresses<\/li><\/ul>\n\n\n\n<p><strong>SIG sous ArcGIS (25h)<\/strong><\/p>\n\n\n\n<ul class=\"wp-block-list\"><li>D\u00e9couverte de l\u2019environnement<\/li><li>Cartographie avanc\u00e9e (Atlas, gestion du temps \u2026.)<\/li><li>\u00c9dition<\/li><li>Connexion g\u00e9oservices<\/li><li>Requ\u00eates attributaires et spatiales<\/li><li>Jointures spatiale et attributaire<\/li><li>G\u00e9or\u00e9f\u00e9rencement d\u2019un raster<\/li><li>Principaux outils de g\u00e9otraitement vectoriel&nbsp;: d\u00e9coupage, intersection, agr\u00e9gation, fusion, tampon \u2026<\/li><li>Analyse spatiale raster&nbsp;: calculatrice raster, cartes de co\u00fbt, interpolations<\/li><li>Entit\u00e9s 3D, analyses de surface (calculs de pentes, calculs d\u2019orientation, intervisibilit\u00e9&#8230;<\/li><li>Utilisation des Mod\u00e8les Num\u00e9riques de Terrain et LIDAR<\/li><\/ul>\n\n\n\n<ul class=\"wp-block-list\"><li>ArcScene&nbsp;: visualisation statique et dynamique 3D.<\/li><\/ul>\n\n\n\n<p><strong>T\u00e9l\u00e9d\u00e9tection et traitement d\u2019image satellite (25h)<\/strong><\/p>\n\n\n\n<ul class=\"wp-block-list\"><li>Notions de base de la t\u00e9l\u00e9d\u00e9tection spatiale (REM, interactions atmosph\u00e8re, signatures spectrales, capteurs<\/li><li>Visualisation d\u2019image&nbsp;: \u00e9talement de la dynamique, compositions color\u00e9es et raisonnements radiom\u00e9triques<\/li><li>Cr\u00e9ation d\u2019indices et de filtres<\/li><li>Extraction de s\u00e9ries de signatures spectrales environnementales types en vue de classifications num\u00e9riques d\u2019images spatiales.<\/li><li>Interpr\u00e9tation visuelle d\u2019images satellite \u00e0 haute d\u00e9finition&nbsp;spatiale. Crit\u00e8res de la photo-interpr\u00e9tation appliqu\u00e9s aux images&nbsp;: teintes, structures, textures, formes, relations objets\u2026<\/li><li>Traitement num\u00e9rique d\u2019images satellites en fonction d\u2019objectifs th\u00e9matiques (Risques d\u2019inondations, d\u00e9forestations\u2026)<\/li><li>Classification non supervis\u00e9e \u00ab&nbsp;KMeans Clustering&nbsp;\u00bb<\/li><li>Classifications supervis\u00e9es<\/li><\/ul>\n\n\n\n<p><strong>Bases de donn\u00e9es spatiales (15h)<\/strong><\/p>\n\n\n\n<ul class=\"wp-block-list\"><li>D\u00e9couvrir les bases de donn\u00e9es et l&rsquo;int\u00e9r\u00eat de les utiliser dans les domaines de l&rsquo;environnement<\/li><li>Comprendre les sp\u00e9cificit\u00e9s d&rsquo;une base de donn\u00e9es spatiale et le format standard pour les g\u00e9om\u00e9tries vectorielles et matricielles<\/li><li>Apprendre \u00e0 se connecter et \u00e0 visualiser les contenus d\u2019une base de donn\u00e9es distante sous PostgreSQL\/PostGIS via les logiciels SIG&nbsp;ArcGIS et QGIS<\/li><li>Apprendre \u00e0 importer des donn\u00e9es spatiales dans une base de donn\u00e9es sous PostgreSQL\/PostGIS via QGIS<\/li><li>Apprendre les principales commandes et fonctions du langage SQL (Structured Query Language) qui est un langage permettant de communiquer avec une base de donn\u00e9es<\/li><li>Apprendre \u00e0 \u00e9crire et \u00e0 ex\u00e9cuter des requ\u00eates spatiales en langage SQL via l\u2019outil DBmanager de QGIS<\/li><li>Comprendre les probl\u00e8mes de performance des requ\u00eates spatiales et conna\u00eetre les moyens d&rsquo;am\u00e9liorer leur rapidit\u00e9 d&rsquo;ex\u00e9cution<\/li><\/ul>\n\n\n\n<p><strong>D\u00e9couverte du webmapping (8h)<\/strong><\/p>\n\n\n\n<ul class=\"wp-block-list\"><li>D\u00e9couvrir le webmapping ou cartographie en ligne avec ses grands principes et explorer de nombreux exemples<\/li><li>Apprendre \u00e0 g\u00e9n\u00e9rer une carte interactive via l\u2019extension qgis2web de QGIS (via les API javascript Leaflet, OpenLayers et\/ou Mapbox) et via l\u2019extension qgiscloud<\/li><li>D\u00e9couvrir les principes du web et d\u00e9velopper un premier site web \u00e0 l\u2019aide du triplet de langages HTML, CSS et javascript<\/li><\/ul>\n\n\n\n<p><strong>Indications bibliographiques :<\/strong><\/p>\n\n\n\n<ul class=\"wp-block-list\"><li>Corti P., Thomas J. Kraft, Stephen Vincent Mather, Bborie Park, 2014. <em>PostGIS Cookbook<\/em>. February 7, 2014. Print ISBN-13: 978-1-84951-866-6. Web ISBN-13: 978-1-84951-867-3, 484 p.<\/li><li>Marquez A., 2015. <em>PostGIS Essentials<\/em>. April 24, 2015. Web ISBN-13: 978-1-78439-315-1. Print ISBN-13: 978-1-78439-529-2, 196 p.<\/li><li>Obe Regina O. and Hsu S. Leo. 2015., Second Edition, Foreword by Paul Ramsey. April 2015. ISBN 9781617291395. 600 p.<\/li><li><a href=\"https:\/\/learn.arcgis.com\/fr\/projects\/get-started-with-arcmap\/\" target=\"_blank\" rel=\"noreferrer noopener\">https:\/\/learn.arcgis.com\/fr\/projects\/get-started-with-arcmap\/<\/a><\/li><li><a href=\"https:\/\/www.esrifrance.fr\/arcgis.aspx\" target=\"_blank\" rel=\"noreferrer noopener\">https:\/\/www.esrifrance.fr\/arcgis.aspx<\/a><\/li><li><a href=\"https:\/\/www.qgis.org\/fr\/site\/\" target=\"_blank\" rel=\"noreferrer noopener\">https:\/\/www.qgis.org\/fr\/site\/<\/a><\/li><li><a href=\"http:\/\/www.postgresqlfr.org\/\">http:\/\/www.postgresqlfr.org\/<\/a><\/li><li><a href=\"http:\/\/postgis.net\/docs\/\">http:\/\/postgis.net\/docs\/<\/a><\/li><li><a href=\"http:\/\/www.davidgis.fr\/documentation\/win32\/html\/index.html\">http:\/\/www.davidgis.fr\/documentation\/win32\/html\/index.html<\/a><\/li><li><a href=\"http:\/\/www.postgis.fr\/chrome\/site\/docs\/workshop-foss4g\/doc\/index.html\">http:\/\/www.postgis.fr\/chrome\/site\/docs\/workshop-foss4g\/doc\/index.html<\/a><\/li><li><a href=\"http:\/\/www.geographie.ens.fr\/IMG\/file\/kergomard\/Teledetection\/CTeledetection.pdf\">http:\/\/www.geographie.ens.fr\/IMG\/file\/kergomard\/Teledetection\/CTeledetection.pdf<\/a><\/li><li><a href=\"https:\/\/www.uved.fr\/fiche\/ressource\/suivi-de-lenvironnement-par-teledetection\">https:\/\/www.uved.fr\/fiche\/ressource\/suivi-de-lenvironnement-par-teledetection<\/a><\/li><li><a href=\"https:\/\/www.orfeo-toolbox.org\/CookBook\/\">https:\/\/www.orfeo-toolbox.org\/CookBook\/<\/a><\/li><\/ul>\n","protected":false},"excerpt":{"rendered":"<p>Traitement de l\u2019information g\u00e9ographique num\u00e9rique (75h &#8211; 6 ECTS) Responsable p\u00e9dagogique : Hugues Barcet Objectifs : Ce module vise d\u2019abord \u00e0 consolider les acquis concernant le traitement des donn\u00e9es num\u00e9riques spatialis\u00e9es et \u00e0 explorer de nouvelles connaissances dans un domaine en constante \u00e9volution. Les s\u00e9ances se d\u00e9roulent dans une salle informatique et sont bas\u00e9es sur [&hellip;]<\/p>\n","protected":false},"author":840,"featured_media":0,"parent":0,"menu_order":0,"comment_status":"closed","ping_status":"closed","template":"","meta":{"footnotes":""},"class_list":["post-223","page","type-page","status-publish","hentry"],"_links":{"self":[{"href":"https:\/\/blogs.univ-tlse2.fr\/master-gaed\/wp-json\/wp\/v2\/pages\/223","targetHints":{"allow":["GET"]}}],"collection":[{"href":"https:\/\/blogs.univ-tlse2.fr\/master-gaed\/wp-json\/wp\/v2\/pages"}],"about":[{"href":"https:\/\/blogs.univ-tlse2.fr\/master-gaed\/wp-json\/wp\/v2\/types\/page"}],"author":[{"embeddable":true,"href":"https:\/\/blogs.univ-tlse2.fr\/master-gaed\/wp-json\/wp\/v2\/users\/840"}],"replies":[{"embeddable":true,"href":"https:\/\/blogs.univ-tlse2.fr\/master-gaed\/wp-json\/wp\/v2\/comments?post=223"}],"version-history":[{"count":6,"href":"https:\/\/blogs.univ-tlse2.fr\/master-gaed\/wp-json\/wp\/v2\/pages\/223\/revisions"}],"predecessor-version":[{"id":444,"href":"https:\/\/blogs.univ-tlse2.fr\/master-gaed\/wp-json\/wp\/v2\/pages\/223\/revisions\/444"}],"wp:attachment":[{"href":"https:\/\/blogs.univ-tlse2.fr\/master-gaed\/wp-json\/wp\/v2\/media?parent=223"}],"curies":[{"name":"wp","href":"https:\/\/api.w.org\/{rel}","templated":true}]}}