 {"id":228,"date":"2020-05-06T18:08:52","date_gmt":"2020-05-06T16:08:52","guid":{"rendered":"https:\/\/blogs.univ-tlse2.fr\/master-gaed\/?page_id=228"},"modified":"2021-04-13T11:00:47","modified_gmt":"2021-04-13T09:00:47","slug":"ue-803-gaed","status":"publish","type":"page","link":"https:\/\/blogs.univ-tlse2.fr\/master-gaed\/ue-803-gaed\/","title":{"rendered":"UE 803 &#8211; GAED"},"content":{"rendered":"\n<p><strong>Action publique et territoires<\/strong><\/p>\n\n\n\n<p>Responsable p\u00e9dagogique : <a href=\"https:\/\/lisst.univ-tlse2.fr\/accueil\/hn-equipes-de-recherche\/dynamiques-rurales\/cecile-jebeili#\/\" target=\"_blank\" rel=\"noreferrer noopener\">C\u00e9cile Jebeili<\/a><\/p>\n\n\n\n<p><strong>Objectifs<\/strong><\/p>\n\n\n\n<p>L\u2019objectif de cet UE est de pr\u00e9senter aux \u00e9tudiants la fa\u00e7on dont l\u2019organisation territoriale fran\u00e7aise s\u2019est construite et a \u00e9volu\u00e9e dans notre pays, afin de mettre en lumi\u00e8re les diff\u00e9rents m\u00e9canismes qui participent de l\u2019autonomie locale et que l\u2019on retrouve dans tous les mod\u00e8les europ\u00e9ens, qu\u2019ils rel\u00e8vent de la d\u00e9centralisation, du f\u00e9d\u00e9ralisme ou du r\u00e9gionalisme.<\/p>\n\n\n\n<p>L\u2019\u00e9tude des r\u00e9formes \u00e0 l\u2019\u0153uvre, ainsi qu\u2019un travail conduit par les \u00e9tudiants sur diff\u00e9rentes comp\u00e9tences, politiques publiques ou questionnements propres aux collectivit\u00e9s territoriales et leurs groupements leur permettront de mieux saisir les enjeux et les probl\u00e9matiques li\u00e9s \u00e0 notre syst\u00e8me territorial.<\/p>\n\n\n\n<p><strong>Contenus<\/strong><\/p>\n\n\n\n<ul class=\"wp-block-list\"><li>L\u2019\u00e9tude de la formation, de l\u2019\u00e9volution et de l\u2019avenir des diff\u00e9rentes \u00e9chelles territoriales (du bloc local \u00e0 la r\u00e9gion en passant par le d\u00e9partement) de l\u2019Ancien r\u00e9gime \u00e0 nos jours interroge les diff\u00e9rents courants politiques et doctrinaux qui ont travaill\u00e9 la question territoriale.<\/li><li>En particulier, l\u2019\u00e9volution r\u00e9cente des communes nouvelles, de l\u2019intercommunalit\u00e9, des m\u00e9tropoles et des r\u00e9gions ainsi que la perp\u00e9tuelle remise en cause des niveaux d\u00e9partementaux et municipaux est \u00e0 replacer dans un contexte politique et historique qui permet de livrer un certain nombre de clefs de compr\u00e9hension notamment par rapport aux questions de territorialisation et de diff\u00e9renciations territoriales, aujourd\u2019hui d\u2019actualit\u00e9.<\/li><\/ul>\n\n\n\n<p><strong>Indications bibliographiques<\/strong><\/p>\n\n\n\n<ul class=\"wp-block-list\"><li>Christel Alvergne et Fran\u00e7ois Taulelle, Du local \u00e0 l\u2019Europe. Les nouvelles politiques d\u2019am\u00e9nagement du territoire, PUF, Collection Major, Paris, 2002.<\/li><li>Emmanuel Auber et Delphine Cervelle, Les collectivit\u00e9s territoriales, Armand Colin, Paris, 2015.<\/li><li>Jacques Baguenard, La d\u00e9centralisation, PUF, Coll. Que sais-je ?, Paris, 2013.<\/li><li>Laurent Carrou\u00e9 (Dir.), La France des 13 r\u00e9gions, Armand Colin, Cursus, Paris, 2017.<\/li><li>Xavier Desjardins, L\u2019am\u00e9nagement du territoire, Armand Colin, Cursus, Paris, 2017.<\/li><li>Xavier Desjardins et Isabelle G\u00e9neau de Lamarli\u00e8re, L\u2019am\u00e9nagement du territoire en France, La Documentation Fran\u00e7aise, Les \u00e9tudes, Paris, 2012.<\/li><li>Bertrand Faure, Droit des collectivit\u00e9s territoriales, Dalloz, coll. Pr\u00e9cis, 4\u00e8me \u00e9dition Paris, 2016.<\/li><li>GRIDAUH, Droit de l&rsquo;am\u00e9nagement, de l&rsquo;urbanisme, de l&rsquo;habitat, Editions Le Moniteur, Paris, 2015.<\/li><li>Catherine Guy, Am\u00e9nager les territoires. De la loi au contrat, PUR, Collection DIDACT G\u00e9ographie, Rennes, 2008.<\/li><li>Yves Jean, Martin Vanier, La France. Am\u00e9nager les territoires, Armand Colin, Collection U, Paris, 2009.<\/li><li>Yves Madiot, Renan Le Mestre, Am\u00e9nagement du territoire, Armand Colin, Collection U, Paris 2001.<\/li><li>Pierre Mazet, Am\u00e9nagement du territoire, Armand Colin, Collection Compact, Paris, 2000.<\/li><li>Pierre Merlin, L\u2019am\u00e9nagement du territoire en France, La documentation Fran\u00e7aise, collection Etudes, Paris, 2007.<\/li><li>J\u00e9r\u00f4me Monod, Philippe de Castelbajac, L&rsquo;am\u00e9nagement du territoire, PUF, Collection \u00ab Que sais-je ? \u00bb, Paris, 2012.<\/li><li>Magali Reghezza-Zitt, La France dans ses territoires, Armand Colin, Cursus, Paris, 2\u00e8me \u00e9d., 2017.<\/li><li>Charlotte Ruggeri, La France, G\u00e9ographie des territoires, Ellipses, Paris, 2017.<\/li><li>Philippe Subra, G\u00e9opolitique locale, Territoires, acteurs, conflits, Armand Colin, Cursus, Paris, 2016.<\/li><li>Michel Verpeaux, Droit des collectivit\u00e9s territoriales, PUF, Major, Paris, 3\u00e8me \u00e9dition, 2015.<\/li><li>Michel Verpeaux, Les collectivit\u00e9s territoriales, Dalloz, Coll. Connaissance du droit, Paris, 2015.<\/li><li>Emmanuel Vital-Durand, Les collectivit\u00e9s territoriales en France, Hachette sup\u00e9rieur, Les fondamentaux Droit, Paris, 2017.<\/li><\/ul>\n","protected":false},"excerpt":{"rendered":"<p>Action publique et territoires Responsable p\u00e9dagogique : C\u00e9cile Jebeili Objectifs L\u2019objectif de cet UE est de pr\u00e9senter aux \u00e9tudiants la fa\u00e7on dont l\u2019organisation territoriale fran\u00e7aise s\u2019est construite et a \u00e9volu\u00e9e dans notre pays, afin de mettre en lumi\u00e8re les diff\u00e9rents m\u00e9canismes qui participent de l\u2019autonomie locale et que l\u2019on retrouve dans tous les mod\u00e8les europ\u00e9ens, [&hellip;]<\/p>\n","protected":false},"author":840,"featured_media":0,"parent":0,"menu_order":0,"comment_status":"closed","ping_status":"closed","template":"","meta":{"footnotes":""},"class_list":["post-228","page","type-page","status-publish","hentry"],"_links":{"self":[{"href":"https:\/\/blogs.univ-tlse2.fr\/master-gaed\/wp-json\/wp\/v2\/pages\/228","targetHints":{"allow":["GET"]}}],"collection":[{"href":"https:\/\/blogs.univ-tlse2.fr\/master-gaed\/wp-json\/wp\/v2\/pages"}],"about":[{"href":"https:\/\/blogs.univ-tlse2.fr\/master-gaed\/wp-json\/wp\/v2\/types\/page"}],"author":[{"embeddable":true,"href":"https:\/\/blogs.univ-tlse2.fr\/master-gaed\/wp-json\/wp\/v2\/users\/840"}],"replies":[{"embeddable":true,"href":"https:\/\/blogs.univ-tlse2.fr\/master-gaed\/wp-json\/wp\/v2\/comments?post=228"}],"version-history":[{"count":2,"href":"https:\/\/blogs.univ-tlse2.fr\/master-gaed\/wp-json\/wp\/v2\/pages\/228\/revisions"}],"predecessor-version":[{"id":453,"href":"https:\/\/blogs.univ-tlse2.fr\/master-gaed\/wp-json\/wp\/v2\/pages\/228\/revisions\/453"}],"wp:attachment":[{"href":"https:\/\/blogs.univ-tlse2.fr\/master-gaed\/wp-json\/wp\/v2\/media?parent=228"}],"curies":[{"name":"wp","href":"https:\/\/api.w.org\/{rel}","templated":true}]}}