 {"id":236,"date":"2020-05-06T18:14:37","date_gmt":"2020-05-06T16:14:37","guid":{"rendered":"https:\/\/blogs.univ-tlse2.fr\/master-gaed\/?page_id=236"},"modified":"2021-04-13T14:33:26","modified_gmt":"2021-04-13T12:33:26","slug":"ue-801-dynem","status":"publish","type":"page","link":"https:\/\/blogs.univ-tlse2.fr\/master-gaed\/ue-801-dynem\/","title":{"rendered":"UE 801 &#8211; GEMO"},"content":{"rendered":"\n<p><strong>Stage professionnel ou recherche<\/strong><\/p>\n\n\n\n<p>Responsable p\u00e9dagogique : <a href=\"http:\/\/w3.geode.univ-tlse2.fr\/permanents\/peltier.php\" target=\"_blank\" rel=\"noreferrer noopener\">Anne PELTIER<\/a><\/p>\n\n\n\n<p><strong>Objectifs<\/strong><\/p>\n\n\n\n<p>Le stage a pour objectif de permettre \u00e0 l\u2019\u00e9tudiant.e de mener une v\u00e9ritable exp\u00e9rience professionnelle d\u2019au moins 7 semaines. Il a lieu en France ou \u00e0 l\u2019\u00e9tranger, dans une zone de montagne et en lien avec les objectifs du master. L\u2019\u00e9tudiant.e est le.la premier.e responsable de la recherche de la structure qui l\u2019accueillera en stage. Au cours de sa recherche, accompagn\u00e9 par l\u2019\u00e9quipe p\u00e9dagogique, il.elle recense les structures priv\u00e9es et publiques du domaine professionnel qui l\u2019int\u00e9resse, ce qui lui permet d\u2019en comprendre le syst\u00e8me d\u2019acteurs. La recherche du stage et l\u2019accomplissement de la mission lui permettent de gagner en autonomie, d\u2019apprendre \u00e0 organiser son travail et \u00e0 s\u2019int\u00e9grer dans une \u00e9quipe.<\/p>\n\n\n\n<p><strong>Contenus<\/strong><\/p>\n\n\n\n<p>A l\u2019issue de son stage, l\u2019\u00e9tudiant.e r\u00e9dige, sous la supervision des encadrants universitaires et professionnels, un m\u00e9moire exposant les missions r\u00e9alis\u00e9es avec un recul critique sur le travail r\u00e9alis\u00e9. Le m\u00e9moire fait l\u2019objet d\u2019une soutenance de 20 \u00e0 30mn devant au moins deux enseignant.e.s intervenant dans la formation.<\/p>\n","protected":false},"excerpt":{"rendered":"<p>Stage professionnel ou recherche Responsable p\u00e9dagogique : Anne PELTIER Objectifs Le stage a pour objectif de permettre \u00e0 l\u2019\u00e9tudiant.e de mener une v\u00e9ritable exp\u00e9rience professionnelle d\u2019au moins 7 semaines. Il a lieu en France ou \u00e0 l\u2019\u00e9tranger, dans une zone de montagne et en lien avec les objectifs du master. L\u2019\u00e9tudiant.e est le.la premier.e responsable [&hellip;]<\/p>\n","protected":false},"author":840,"featured_media":0,"parent":0,"menu_order":0,"comment_status":"closed","ping_status":"closed","template":"","meta":{"footnotes":""},"class_list":["post-236","page","type-page","status-publish","hentry"],"_links":{"self":[{"href":"https:\/\/blogs.univ-tlse2.fr\/master-gaed\/wp-json\/wp\/v2\/pages\/236","targetHints":{"allow":["GET"]}}],"collection":[{"href":"https:\/\/blogs.univ-tlse2.fr\/master-gaed\/wp-json\/wp\/v2\/pages"}],"about":[{"href":"https:\/\/blogs.univ-tlse2.fr\/master-gaed\/wp-json\/wp\/v2\/types\/page"}],"author":[{"embeddable":true,"href":"https:\/\/blogs.univ-tlse2.fr\/master-gaed\/wp-json\/wp\/v2\/users\/840"}],"replies":[{"embeddable":true,"href":"https:\/\/blogs.univ-tlse2.fr\/master-gaed\/wp-json\/wp\/v2\/comments?post=236"}],"version-history":[{"count":4,"href":"https:\/\/blogs.univ-tlse2.fr\/master-gaed\/wp-json\/wp\/v2\/pages\/236\/revisions"}],"predecessor-version":[{"id":463,"href":"https:\/\/blogs.univ-tlse2.fr\/master-gaed\/wp-json\/wp\/v2\/pages\/236\/revisions\/463"}],"wp:attachment":[{"href":"https:\/\/blogs.univ-tlse2.fr\/master-gaed\/wp-json\/wp\/v2\/media?parent=236"}],"curies":[{"name":"wp","href":"https:\/\/api.w.org\/{rel}","templated":true}]}}