 {"id":248,"date":"2020-05-07T17:27:08","date_gmt":"2020-05-07T15:27:08","guid":{"rendered":"https:\/\/blogs.univ-tlse2.fr\/master-gaed\/?page_id=248"},"modified":"2021-04-14T11:34:35","modified_gmt":"2021-04-14T09:34:35","slug":"ue-901-trent","status":"publish","type":"page","link":"https:\/\/blogs.univ-tlse2.fr\/master-gaed\/ue-901-trent\/","title":{"rendered":"UE 901 &#8211; TRENT"},"content":{"rendered":"\n<p><strong><strong>Syst\u00e8mes d\u2019acteurs\u00a0: th\u00e9ories et pratiques<\/strong><\/strong><\/p>\n\n\n\n<p>Responsable p\u00e9dagogique : <a href=\"http:\/\/w3.geode.univ-tlse2.fr\/permanents\/lea_sebastien.php\" target=\"_blank\" rel=\"noreferrer noopener\">L\u00e9a S\u00c9BASTIEN<\/a><\/p>\n\n\n\n<p><strong>Objectifs<\/strong><\/p>\n\n\n\n<p>L\u2019UE901 a comme objectifs de&nbsp;:<\/p>\n\n\n\n<ul class=\"wp-block-list\"><li>Comprendre le syst\u00e8me d\u2019acteurs de la transition \u00e0 diff\u00e9rentes \u00e9chelles<\/li><li>Ma\u00eetriser les notions et m\u00e9thodes d\u2019analyse des jeux d\u2019acteurs<\/li><li>Analyser les enjeux associ\u00e9s aux conflits environnementaux<\/li><li>\u00c9changer avec des acteurs de la transition en Occitanie<\/li><li>D\u00e9couvrir des lieux comme participant \u00e0 la transition des territoires<\/li><\/ul>\n\n\n\n<p><strong>Contenus<\/strong><\/p>\n\n\n\n<p>L\u2019UE fonctionne au-travers d\u2019une juxtaposition de cours, exercices, t\u00e9moignages d\u2019acteurs et sorties de terrain. Cette compl\u00e9mentarit\u00e9 p\u00e9dagogique permet aux \u00e9tudiant.es d\u2019acqu\u00e9rir des connaissances et comp\u00e9tences concernant:<\/p>\n\n\n\n<p>&#8211; les notions et m\u00e9thodes associ\u00e9es aux jeux d\u2019acteurs&nbsp;;<\/p>\n\n\n\n<p>&#8211; les acteurs et lieux de la transition\u00a0; &#8211; l\u2019analyse de conflits environnementaux et d\u2019am\u00e9nagement.<\/p>\n\n\n\n<p><strong>Indications bibliographiques<\/strong><\/p>\n\n\n\n<ul class=\"wp-block-list\"><li>S\u00e9bastien L., Milanesi J., Pelenc J., Grisoni, A. (2018) R\u00e9sister aux grands projets inutiles et impos\u00e9s \u2013 De Notre Dame des Landes \u00e0 Bure, Paris, Editions textuel, Collection \u00ab\u00a0Petite encyclop\u00e9die critique\u00a0\u00bb, 155\u00a0p. <\/li><li>Hopkins R. (2010) De la\u00a0d\u00e9pendance au p\u00e9trole \u00e0 la r\u00e9silience locale,\u00a0Manuel de transition, Ecosoci\u00e9t\u00e9, 216p.<\/li><\/ul>\n","protected":false},"excerpt":{"rendered":"<p>Syst\u00e8mes d\u2019acteurs\u00a0: th\u00e9ories et pratiques Responsable p\u00e9dagogique : L\u00e9a S\u00c9BASTIEN Objectifs L\u2019UE901 a comme objectifs de&nbsp;: Comprendre le syst\u00e8me d\u2019acteurs de la transition \u00e0 diff\u00e9rentes \u00e9chelles Ma\u00eetriser les notions et m\u00e9thodes d\u2019analyse des jeux d\u2019acteurs Analyser les enjeux associ\u00e9s aux conflits environnementaux \u00c9changer avec des acteurs de la transition en Occitanie D\u00e9couvrir des lieux comme [&hellip;]<\/p>\n","protected":false},"author":840,"featured_media":0,"parent":0,"menu_order":0,"comment_status":"closed","ping_status":"closed","template":"","meta":{"footnotes":""},"class_list":["post-248","page","type-page","status-publish","hentry"],"_links":{"self":[{"href":"https:\/\/blogs.univ-tlse2.fr\/master-gaed\/wp-json\/wp\/v2\/pages\/248","targetHints":{"allow":["GET"]}}],"collection":[{"href":"https:\/\/blogs.univ-tlse2.fr\/master-gaed\/wp-json\/wp\/v2\/pages"}],"about":[{"href":"https:\/\/blogs.univ-tlse2.fr\/master-gaed\/wp-json\/wp\/v2\/types\/page"}],"author":[{"embeddable":true,"href":"https:\/\/blogs.univ-tlse2.fr\/master-gaed\/wp-json\/wp\/v2\/users\/840"}],"replies":[{"embeddable":true,"href":"https:\/\/blogs.univ-tlse2.fr\/master-gaed\/wp-json\/wp\/v2\/comments?post=248"}],"version-history":[{"count":3,"href":"https:\/\/blogs.univ-tlse2.fr\/master-gaed\/wp-json\/wp\/v2\/pages\/248\/revisions"}],"predecessor-version":[{"id":511,"href":"https:\/\/blogs.univ-tlse2.fr\/master-gaed\/wp-json\/wp\/v2\/pages\/248\/revisions\/511"}],"wp:attachment":[{"href":"https:\/\/blogs.univ-tlse2.fr\/master-gaed\/wp-json\/wp\/v2\/media?parent=248"}],"curies":[{"name":"wp","href":"https:\/\/api.w.org\/{rel}","templated":true}]}}