 {"id":256,"date":"2020-05-07T17:36:05","date_gmt":"2020-05-07T15:36:05","guid":{"rendered":"https:\/\/blogs.univ-tlse2.fr\/master-gaed\/?page_id=256"},"modified":"2021-04-14T14:49:48","modified_gmt":"2021-04-14T12:49:48","slug":"ue-906-gaed","status":"publish","type":"page","link":"https:\/\/blogs.univ-tlse2.fr\/master-gaed\/ue-906-gaed\/","title":{"rendered":"UE 906 &#8211; GAED"},"content":{"rendered":"\n<p><strong>Anglais en environnement et territoire niveau 2<\/strong><\/p>\n\n\n\n<p>Responsable p\u00e9dagogique : <a href=\"http:\/\/w3.geode.univ-tlse2.fr\/permanents\/lea_sebastien.php\" target=\"_blank\" rel=\"noreferrer noopener\">L\u00e9a S\u00e9bastien<\/a><\/p>\n\n\n\n<p><strong>Objectifs<\/strong><\/p>\n\n\n\n<p>L\u2019UE 906 a comme objectifs de&nbsp;:<\/p>\n\n\n\n<ul class=\"wp-block-list\"><li>Consolider les acquis des \u00e9tudiant.es en anglais tant \u00e0 l\u2019\u00e9crit qu\u2019\u00e0 l\u2019oral<\/li><li>Faire d\u00e9couvrir le vocabulaire anglophone sp\u00e9cifique de la g\u00e9ographie<\/li><li>Ma\u00eetriser l\u2019usage de la langue anglaise dans le domaine scientifique<\/li><\/ul>\n\n\n\n<p><strong>Contenus <\/strong><\/p>\n\n\n\n<p>Cette UE s\u2019appuie sur des dispositifs de p\u00e9dagogie innovante (ex\u00a0: jeux de r\u00f4le, \u00e9criture collective, etc). L\u2019objectif est de diversifier les approches p\u00e9dagogiques afin de maximiser les apprentissages sous 4 angles\u00a0: \u00e9criture \/ lecture \/ \u00e9coute \/ parler. Dans la mesure du possible, les cours sont adapt\u00e9s au niveau de chacun.e.<\/p>\n\n\n\n<p><strong>Indications bibliographiques<\/strong><\/p>\n\n\n\n<ul class=\"wp-block-list\"><li>Dictionary of geography (2015) Oxford reference<\/li><li>Parkinson A. (2020) Why study geography\u00a0? Kindle edition<\/li><\/ul>\n","protected":false},"excerpt":{"rendered":"<p>Anglais en environnement et territoire niveau 2 Responsable p\u00e9dagogique : L\u00e9a S\u00e9bastien Objectifs L\u2019UE 906 a comme objectifs de&nbsp;: Consolider les acquis des \u00e9tudiant.es en anglais tant \u00e0 l\u2019\u00e9crit qu\u2019\u00e0 l\u2019oral Faire d\u00e9couvrir le vocabulaire anglophone sp\u00e9cifique de la g\u00e9ographie Ma\u00eetriser l\u2019usage de la langue anglaise dans le domaine scientifique Contenus Cette UE s\u2019appuie sur [&hellip;]<\/p>\n","protected":false},"author":840,"featured_media":0,"parent":0,"menu_order":0,"comment_status":"closed","ping_status":"closed","template":"","meta":{"footnotes":""},"class_list":["post-256","page","type-page","status-publish","hentry"],"_links":{"self":[{"href":"https:\/\/blogs.univ-tlse2.fr\/master-gaed\/wp-json\/wp\/v2\/pages\/256","targetHints":{"allow":["GET"]}}],"collection":[{"href":"https:\/\/blogs.univ-tlse2.fr\/master-gaed\/wp-json\/wp\/v2\/pages"}],"about":[{"href":"https:\/\/blogs.univ-tlse2.fr\/master-gaed\/wp-json\/wp\/v2\/types\/page"}],"author":[{"embeddable":true,"href":"https:\/\/blogs.univ-tlse2.fr\/master-gaed\/wp-json\/wp\/v2\/users\/840"}],"replies":[{"embeddable":true,"href":"https:\/\/blogs.univ-tlse2.fr\/master-gaed\/wp-json\/wp\/v2\/comments?post=256"}],"version-history":[{"count":3,"href":"https:\/\/blogs.univ-tlse2.fr\/master-gaed\/wp-json\/wp\/v2\/pages\/256\/revisions"}],"predecessor-version":[{"id":548,"href":"https:\/\/blogs.univ-tlse2.fr\/master-gaed\/wp-json\/wp\/v2\/pages\/256\/revisions\/548"}],"wp:attachment":[{"href":"https:\/\/blogs.univ-tlse2.fr\/master-gaed\/wp-json\/wp\/v2\/media?parent=256"}],"curies":[{"name":"wp","href":"https:\/\/api.w.org\/{rel}","templated":true}]}}