 {"id":285,"date":"2020-05-10T15:26:21","date_gmt":"2020-05-10T13:26:21","guid":{"rendered":"https:\/\/blogs.univ-tlse2.fr\/master-gaed\/?page_id=285"},"modified":"2021-04-14T11:50:20","modified_gmt":"2021-04-14T09:50:20","slug":"ue-904-trent","status":"publish","type":"page","link":"https:\/\/blogs.univ-tlse2.fr\/master-gaed\/ue-904-trent\/","title":{"rendered":"UE 904 &#8211; TRENT"},"content":{"rendered":"\n<p><strong>Actualit\u00e9s de la recherche, questions vives et \u00e9mergentes<\/strong><\/p>\n\n\n\n<p>Responsable p\u00e9dagogique : <a href=\"http:\/\/w3.geode.univ-tlse2.fr\/permanents\/guillerme.php\" target=\"_blank\" rel=\"noreferrer noopener\">Sylvie Guillerme<\/a><\/p>\n\n\n\n<p><strong>Objectifs<\/strong><\/p>\n\n\n\n<p>L\u2019objectif de l\u2019UE 904 est de familiariser les \u00e9tudiants avec le monde de la recherche en les confrontant aux probl\u00e9matiques \u00e9mergentes scientifiques. Il s\u2019agit d\u2019amener les \u00e9tudiants \u00e0 d\u00e9battre avec les chercheurs autour de questions vives en lien avec la g\u00e9ographie de l\u2019environnement, mais aussi d\u2019autres disciplines. Dans le parcours TRENT, cette UE sera principalement centr\u00e9e sur les transitions environnementales et les enjeux qui les concernent. Ces enjeux seront abord\u00e9s en valorisant la diversit\u00e9 disciplinaire des intervenants, afin de permettre aux \u00e9tudiants de faire le lien entre le monde des chercheurs et celui des autres acteurs des territoires, de l\u2019am\u00e9nagement et de l\u2019environnement.<\/p>\n\n\n\n<p><strong>Comp\u00e9tences vis\u00e9es<\/strong><\/p>\n\n\n\n<ul class=\"wp-block-list\"><li>D\u00e9couvrir des chercheurs, leur parcours et leurs recherches actuelles<\/li><li>\u00c9changer, \u00e9couter et argumenter sur des exemples concrets<\/li><li>Comprendre la diversit\u00e9 des approches et des enjeux de la recherche dans des contextes multi-acteurs<\/li><\/ul>\n\n\n\n<p><strong>Contenu<\/strong><\/p>\n\n\n\n<p>A d\u00e9finir chaque ann\u00e9e, en fonction des programmes de recherche en cours. Des intervenants seront invit\u00e9s en fonction de l\u2019actualit\u00e9 scientifique li\u00e9e \u00e0 la pluralit\u00e9 des questions concernant les transitions environnementales (intervenants ext\u00e9rieurs ou du laboratoire).<\/p>\n\n\n\n<p>Parmi les th\u00e9matiques de recherche qui pourront \u00eatre abord\u00e9es&nbsp;:<\/p>\n\n\n\n<ul class=\"wp-block-list\"><li>Activit\u00e9s anthropiques et changement climatique (effets sur les cours d\u2019eau, la ville, les soci\u00e9t\u00e9s, la for\u00eat\u2026)<\/li><li>Ecologie et transitions environnementales (\u00e9cologie des paysages, nouvelles \u00e9nergies, pollinisateurs\u2026)<\/li><li>Education au d\u00e9veloppement durable<\/li><li>Transition agricole (agro\u00e9cologie, recherche participative, gouvernance\u2026)<\/li><\/ul>\n","protected":false},"excerpt":{"rendered":"<p>Actualit\u00e9s de la recherche, questions vives et \u00e9mergentes Responsable p\u00e9dagogique : Sylvie Guillerme Objectifs L\u2019objectif de l\u2019UE 904 est de familiariser les \u00e9tudiants avec le monde de la recherche en les confrontant aux probl\u00e9matiques \u00e9mergentes scientifiques. Il s\u2019agit d\u2019amener les \u00e9tudiants \u00e0 d\u00e9battre avec les chercheurs autour de questions vives en lien avec la g\u00e9ographie [&hellip;]<\/p>\n","protected":false},"author":840,"featured_media":0,"parent":0,"menu_order":0,"comment_status":"closed","ping_status":"closed","template":"","meta":{"footnotes":""},"class_list":["post-285","page","type-page","status-publish","hentry"],"_links":{"self":[{"href":"https:\/\/blogs.univ-tlse2.fr\/master-gaed\/wp-json\/wp\/v2\/pages\/285","targetHints":{"allow":["GET"]}}],"collection":[{"href":"https:\/\/blogs.univ-tlse2.fr\/master-gaed\/wp-json\/wp\/v2\/pages"}],"about":[{"href":"https:\/\/blogs.univ-tlse2.fr\/master-gaed\/wp-json\/wp\/v2\/types\/page"}],"author":[{"embeddable":true,"href":"https:\/\/blogs.univ-tlse2.fr\/master-gaed\/wp-json\/wp\/v2\/users\/840"}],"replies":[{"embeddable":true,"href":"https:\/\/blogs.univ-tlse2.fr\/master-gaed\/wp-json\/wp\/v2\/comments?post=285"}],"version-history":[{"count":3,"href":"https:\/\/blogs.univ-tlse2.fr\/master-gaed\/wp-json\/wp\/v2\/pages\/285\/revisions"}],"predecessor-version":[{"id":517,"href":"https:\/\/blogs.univ-tlse2.fr\/master-gaed\/wp-json\/wp\/v2\/pages\/285\/revisions\/517"}],"wp:attachment":[{"href":"https:\/\/blogs.univ-tlse2.fr\/master-gaed\/wp-json\/wp\/v2\/media?parent=285"}],"curies":[{"name":"wp","href":"https:\/\/api.w.org\/{rel}","templated":true}]}}