 {"id":298,"date":"2020-05-10T15:40:55","date_gmt":"2020-05-10T13:40:55","guid":{"rendered":"https:\/\/blogs.univ-tlse2.fr\/master-gaed\/?page_id=298"},"modified":"2021-04-14T15:07:16","modified_gmt":"2021-04-14T13:07:16","slug":"ue-1003-gaed","status":"publish","type":"page","link":"https:\/\/blogs.univ-tlse2.fr\/master-gaed\/ue-1003-gaed\/","title":{"rendered":"UE 1003 &#8211; GAED"},"content":{"rendered":"\n<p><strong>Montage et conduite de projets<\/strong><\/p>\n\n\n\n<p>Responsable p\u00e9dagogique : <a href=\"http:\/\/w3.geode.univ-tlse2.fr\/permanents\/marc.php\" target=\"_blank\" rel=\"noreferrer noopener\">Daniel MARC<\/a><\/p>\n\n\n\n<p><strong>Objectifs<\/strong><\/p>\n\n\n\n<p>Comment mesurer l\u2019int\u00e9r\u00eat d\u2019un projet, le d\u00e9finir, \u00e9valuer sa coh\u00e9rence avec les autres projets et les savoirs faire internes, temporaliser et chiffrer le projet, pr\u00e9voir les rendus mais aussi les obligations d\u2019archivage. Voici quelques-unes des comp\u00e9tences que les \u00e9tudiants doivent acqu\u00e9rir. Une pr\u00e9sentation d\u2019outils de conduite de projet \u2013 ERP ou PGI \u2013 est r\u00e9alis\u00e9e.<\/p>\n\n\n\n<p><strong>Contenus <\/strong><\/p>\n\n\n\n<p>Le volet th\u00e9orique de cette UE permet de d\u00e9finir et comprendre les diff\u00e9rentes \u00e9tapes de la conduite de projet. Cela implique que les diff\u00e9rentes \u00e9tapes sont pr\u00e9sent\u00e9es et illustr\u00e9es avec des exemples pratiques. Le but est que les \u00e9tudiants acqui\u00e8rent les \u00e9l\u00e9ments de base pour s\u2019ins\u00e9rer plus facilement dans leur futur environnement professionnel.\u00a0<\/p>\n\n\n\n<p><strong>Indications bibliographiques<\/strong><\/p>\n\n\n\n<p>&#8211; Hougron, Thierry, Jean-Jacques Cousty. La conduite de projets : Les 126 r\u00e8gles pour piloter vos projets avec succ\u00e8s. Dunod, 3e \u00e9d , 2015. <\/p>\n\n\n\n<p>&#8211; Fernandez, Alain. Le chef de projet efficace : 12 bonnes pratiques pour un management humain. Editions Eyrolles, 2018.<\/p>\n","protected":false},"excerpt":{"rendered":"<p>Montage et conduite de projets Responsable p\u00e9dagogique : Daniel MARC Objectifs Comment mesurer l\u2019int\u00e9r\u00eat d\u2019un projet, le d\u00e9finir, \u00e9valuer sa coh\u00e9rence avec les autres projets et les savoirs faire internes, temporaliser et chiffrer le projet, pr\u00e9voir les rendus mais aussi les obligations d\u2019archivage. Voici quelques-unes des comp\u00e9tences que les \u00e9tudiants doivent acqu\u00e9rir. Une pr\u00e9sentation d\u2019outils [&hellip;]<\/p>\n","protected":false},"author":840,"featured_media":0,"parent":0,"menu_order":0,"comment_status":"closed","ping_status":"closed","template":"","meta":{"footnotes":""},"class_list":["post-298","page","type-page","status-publish","hentry"],"_links":{"self":[{"href":"https:\/\/blogs.univ-tlse2.fr\/master-gaed\/wp-json\/wp\/v2\/pages\/298","targetHints":{"allow":["GET"]}}],"collection":[{"href":"https:\/\/blogs.univ-tlse2.fr\/master-gaed\/wp-json\/wp\/v2\/pages"}],"about":[{"href":"https:\/\/blogs.univ-tlse2.fr\/master-gaed\/wp-json\/wp\/v2\/types\/page"}],"author":[{"embeddable":true,"href":"https:\/\/blogs.univ-tlse2.fr\/master-gaed\/wp-json\/wp\/v2\/users\/840"}],"replies":[{"embeddable":true,"href":"https:\/\/blogs.univ-tlse2.fr\/master-gaed\/wp-json\/wp\/v2\/comments?post=298"}],"version-history":[{"count":3,"href":"https:\/\/blogs.univ-tlse2.fr\/master-gaed\/wp-json\/wp\/v2\/pages\/298\/revisions"}],"predecessor-version":[{"id":558,"href":"https:\/\/blogs.univ-tlse2.fr\/master-gaed\/wp-json\/wp\/v2\/pages\/298\/revisions\/558"}],"wp:attachment":[{"href":"https:\/\/blogs.univ-tlse2.fr\/master-gaed\/wp-json\/wp\/v2\/media?parent=298"}],"curies":[{"name":"wp","href":"https:\/\/api.w.org\/{rel}","templated":true}]}}