 {"id":309,"date":"2020-05-10T15:51:47","date_gmt":"2020-05-10T13:51:47","guid":{"rendered":"https:\/\/blogs.univ-tlse2.fr\/master-gaed\/?page_id=309"},"modified":"2021-04-13T15:52:22","modified_gmt":"2021-04-13T13:52:22","slug":"ue-1001-dynem","status":"publish","type":"page","link":"https:\/\/blogs.univ-tlse2.fr\/master-gaed\/ue-1001-dynem\/","title":{"rendered":"UE 1001 &#8211; GEMO"},"content":{"rendered":"\n<p><strong>Stage professionnel ou recherche<\/strong><\/p>\n\n\n\n<p>Responsable p\u00e9dagogique : <a href=\"http:\/\/w3.geode.univ-tlse2.fr\/permanents\/antoine.php\" target=\"_blank\" rel=\"noreferrer noopener\">Jean-Marc ANTOINE<\/a><\/p>\n\n\n\n<p><strong>Objectifs<\/strong><\/p>\n\n\n\n<p>Le stage de M2 GEMO est obligatoire et doit durer au moins 4 mois. Le stage est une pi\u00e8ce essentielle de la construction du projet professionnel de l\u2019\u00e9tudiant et sa recherche doit faire l\u2019objet d\u2019une r\u00e9flexion plus globale de l\u2019\u00e9tudiant par rapport \u00e0 son cursus, les comp\u00e9tences acquises et celles restant \u00e0 acqu\u00e9rir dans le cadre d\u2019une projection professionnelle post-master ou d\u2019une poursuite en doctorat.<\/p>\n\n\n\n<p>Deux types de stage sont possibles, stage \u00ab\u00a0recherche\u00a0\u00bb ou \u00ab\u00a0professionnel\u00a0\u00bb. Il peut donc \u00eatre r\u00e9alis\u00e9 au sein de laboratoires de recherche universitaire ou d\u2019associations, d\u2019ONG, de services de l\u2019Etat, de collectivit\u00e9s territoriales, de bureaux d\u2019\u00e9tudes&#8230; Le stage peut se d\u00e9rouler sur la r\u00e9gion toulousaine, ailleurs en France ou \u00e0 l\u2019\u00e9tranger. Il revient \u00e0 l\u2019\u00e9tudiant, encadr\u00e9 par le responsable de l\u2019UE stage ou le r\u00e9f\u00e9rent p\u00e9dagogique, du stage, de prospecter les structures d\u2019accueil, r\u00e9pondre aux offres et, in fine, faire compl\u00e9ter et faire signer la convention de stage par l\u2019ensemble des parties. Les objectifs de l\u2019UE stage et du stage pour l\u2019\u00e9tudiant sont :<\/p>\n\n\n\n<ul class=\"wp-block-list\"><li>\u00e0 l\u2019amont du stage\u00a0: conduire un bilan crois\u00e9 des domaines d\u2019activit\u00e9 professionnelle ou de poursuite d\u2019\u00e9tudes envisag\u00e9s et des comp\u00e9tences acquises et restant \u00e0 acqu\u00e9rir, et d\u2019identifier les structures d\u2019accueil potentielles du stage\u00a0;<\/li><li>au cours du stage\u00a0: faire l\u2019apprentissage des postures professionnelles de base\u00a0: respect de la commande et des \u00e9ch\u00e9ances de travail, formalisation et qualit\u00e9 de restitution des missions sous toutes les formes (\u00e9crite, orale\u2026), positionnement dans un collectif professionnel\u2026<\/li><li>apr\u00e8s le stage\u00a0: restituer le travail et les missions men\u00e9s lors du stage devant un jury d\u2019enseignants du master et les promotions de M1 et M2 du master, sous forme \u00e9crite (rapport de stage ou m\u00e9moire de recherche) et orale (expos\u00e9 d\u2019une trentaine de minutes)\u00a0<\/li><\/ul>\n\n\n\n<p><strong>Contenus<\/strong><\/p>\n\n\n\n<ul class=\"wp-block-list\"><li>au moins trois s\u00e9ances de suivi de la recherche de stage avec un enseignant (octobre, d\u00e9cembre, f\u00e9vrier)<\/li><li>recherche du stage\u00a0; co-construction des missions d\u00e9finitives du stage par la structure d\u2019accueil, l\u2019\u00e9tudiant et l\u2019enseignant r\u00e9f\u00e9rent\u00a0; renseignement et signature de la convention de stage<\/li><li>r\u00e9alisation du stage en structure (4 mois minimum) avec suivi et RDV avec l\u2019enseignant r\u00e9f\u00e9rent \u00e0 la discr\u00e9tion de l\u2019\u00e9tudiant<\/li><li>r\u00e9daction d\u2019un rapport de stage ou d\u2019un m\u00e9moire de recherche (50 \u00e0 80 pages)<\/li><li>pr\u00e9sentation orale devant un jury universitaire des principaux \u00e9l\u00e9ments du stage (missions, probl\u00e9matisation, m\u00e9thodes, r\u00e9sultats), soit en juin, soit en septembre selon la dur\u00e9e du stage et les projets post-master de l\u2019\u00e9tudiant (candidature \u00e0 une bourse de doctorat par exemple<\/li><\/ul>\n","protected":false},"excerpt":{"rendered":"<p>Stage professionnel ou recherche Responsable p\u00e9dagogique : Jean-Marc ANTOINE Objectifs Le stage de M2 GEMO est obligatoire et doit durer au moins 4 mois. Le stage est une pi\u00e8ce essentielle de la construction du projet professionnel de l\u2019\u00e9tudiant et sa recherche doit faire l\u2019objet d\u2019une r\u00e9flexion plus globale de l\u2019\u00e9tudiant par rapport \u00e0 son cursus, [&hellip;]<\/p>\n","protected":false},"author":840,"featured_media":0,"parent":0,"menu_order":0,"comment_status":"closed","ping_status":"closed","template":"","meta":{"footnotes":""},"class_list":["post-309","page","type-page","status-publish","hentry"],"_links":{"self":[{"href":"https:\/\/blogs.univ-tlse2.fr\/master-gaed\/wp-json\/wp\/v2\/pages\/309","targetHints":{"allow":["GET"]}}],"collection":[{"href":"https:\/\/blogs.univ-tlse2.fr\/master-gaed\/wp-json\/wp\/v2\/pages"}],"about":[{"href":"https:\/\/blogs.univ-tlse2.fr\/master-gaed\/wp-json\/wp\/v2\/types\/page"}],"author":[{"embeddable":true,"href":"https:\/\/blogs.univ-tlse2.fr\/master-gaed\/wp-json\/wp\/v2\/users\/840"}],"replies":[{"embeddable":true,"href":"https:\/\/blogs.univ-tlse2.fr\/master-gaed\/wp-json\/wp\/v2\/comments?post=309"}],"version-history":[{"count":4,"href":"https:\/\/blogs.univ-tlse2.fr\/master-gaed\/wp-json\/wp\/v2\/pages\/309\/revisions"}],"predecessor-version":[{"id":482,"href":"https:\/\/blogs.univ-tlse2.fr\/master-gaed\/wp-json\/wp\/v2\/pages\/309\/revisions\/482"}],"wp:attachment":[{"href":"https:\/\/blogs.univ-tlse2.fr\/master-gaed\/wp-json\/wp\/v2\/media?parent=309"}],"curies":[{"name":"wp","href":"https:\/\/api.w.org\/{rel}","templated":true}]}}